{"id":4507,"date":"2025-04-22T14:21:03","date_gmt":"2025-04-22T14:21:03","guid":{"rendered":"https:\/\/shop.mamasugo.it\/prodotto\/mama-sugo-al-tartufo-pack-15x70g-requinte-e-sabor-italiano\/"},"modified":"2025-04-22T14:21:03","modified_gmt":"2025-04-22T14:21:03","slug":"mama-sugo-al-tartufo-pack-15x70g-requinte-e-sabor-italiano","status":"publish","type":"product","link":"https:\/\/shop.mamasugo.it\/pt-br\/prodotto\/mama-sugo-al-tartufo-pack-15x70g-requinte-e-sabor-italiano\/","title":{"rendered":"Mam\u00e0 Sugo al Tartufo \u2013 Pack 15x70g | Requinte e Sabor Italiano"},"content":{"rendered":"<h3 data-start=\"250\" data-end=\"340\"> <strong>Mam\u00e0 Sugo al Tartufo \u2013 Pack 3 Embalagens de 5x70g | Requinte e Sabor Italiano<\/strong><\/h3>\n<p data-start=\"342\" data-end=\"720\">Leve para a mesa o luxo da simplicidade com o <strong data-start=\"391\" data-end=\"415\">Mam\u00e0 Sugo al Tartufo<\/strong>, um condimento pronto para usar, pensado para quem ama os sabores intensos e refinados da cozinha italiana.<br data-start=\"518\" data-end=\"521\">Preparado com <strong data-start=\"535\" data-end=\"567\">passata de tomate italiano<\/strong>, <strong data-start=\"569\" data-end=\"586\">azeite de oliva<\/strong> e <strong data-start=\"589\" data-end=\"605\">trufa negra<\/strong>, este molho \u00e9 um verdadeiro concentrado de aroma e sabor, capaz de transformar cada prato em uma experi\u00eancia gourmet.<\/p>\n<p data-start=\"722\" data-end=\"935\">O <strong data-start=\"725\" data-end=\"749\">pack com 3 embalagens<\/strong>, cada uma contendo <strong>15 sach\u00eas de 70g<\/strong> <strong data-start=\"800\" data-end=\"830\">prontos para usar<\/strong>: perfeitos para a fam\u00edlia, para almo\u00e7os r\u00e1pidos ou para surpreender os h\u00f3spedes com pratos de sabor aut\u00eantico.<\/p>\n<hr data-start=\"937\" data-end=\"940\">\n<h3 data-start=\"942\" data-end=\"988\"> <strong>Por que escolher Mam\u00e0 Sugo al Tartufo<\/strong><\/h3>\n<p data-start=\"990\" data-end=\"1571\">\u2705 <strong data-start=\"992\" data-end=\"1019\">Sabor \u00fanico e refinado<\/strong> \u2013 A trufa real\u00e7a o sabor do tomate em uma mistura intensa e harmoniosa.<br data-start=\"1093\" data-end=\"1096\">\u2705 <strong data-start=\"1098\" data-end=\"1127\">100% ingredientes naturais<\/strong> \u2013 Sem conservantes, corantes ou aromas artificiais.<br data-start=\"1179\" data-end=\"1182\">\u2705 <strong data-start=\"1184\" data-end=\"1234\">Sem gl\u00faten, sem lactose, sem alerg\u00eanicos<\/strong> \u2013 Adequado para todos, mesmo para quem segue dietas espec\u00edficas.<br data-start=\"1289\" data-end=\"1292\">\u2705 <strong data-start=\"1294\" data-end=\"1326\">Formato monopor\u00e7\u00e3o pr\u00e1tico<\/strong> \u2013 5 sach\u00eas de 70g por embalagem, sempre frescos e prontos.<br data-start=\"1386\" data-end=\"1389\">\u2705 <strong data-start=\"1391\" data-end=\"1415\">Pack com 3 embalagens<\/strong> \u2013 15 por\u00e7\u00f5es no total: conveni\u00eancia e sabor em todos os momentos.<br data-start=\"1471\" data-end=\"1474\">\u2705 <strong data-start=\"1476\" data-end=\"1493\">Made in Italy<\/strong> \u2013 Ingredientes selecionados e processamento artesanal para a m\u00e1xima qualidade.<\/p>\n<hr data-start=\"1573\" data-end=\"1576\">\n<h3 data-start=\"1578\" data-end=\"1620\"> <strong>Ingredientes selecionados e genu\u00ednos<\/strong><\/h3>\n<p data-start=\"1622\" data-end=\"1717\">O <strong data-start=\"1625\" data-end=\"1649\">Mam\u00e0 Sugo al Tartufo<\/strong> nasce da combina\u00e7\u00e3o de ingredientes naturais de alta qualidade:<\/p>\n<ul data-start=\"1719\" data-end=\"2105\">\n<li data-start=\"1719\" data-end=\"1814\">\n<p data-start=\"1721\" data-end=\"1814\"><strong data-start=\"1721\" data-end=\"1752\">Polpa de tomate (69,8%)<\/strong> \u2013 Doce e aveludada, de tomates italianos amadurecidos ao sol.<\/p>\n<\/li>\n<li data-start=\"1815\" data-end=\"1870\">\n<p data-start=\"1817\" data-end=\"1870\"><strong data-start=\"1817\" data-end=\"1834\">Azeite de oliva<\/strong> \u2013 Para um sabor redondo e suave.<\/p>\n<\/li>\n<li data-start=\"1871\" data-end=\"1959\">\n<p data-start=\"1873\" data-end=\"1959\"><strong data-start=\"1873\" data-end=\"1889\">Trufa negra<\/strong> \u2013 Protagonista da receita, com um perfume intenso e inconfund\u00edvel.<\/p>\n<\/li>\n<li data-start=\"1960\" data-end=\"2060\">\n<p data-start=\"1962\" data-end=\"2060\"><strong data-start=\"1962\" data-end=\"1990\">Verduras e aromas naturais<\/strong> \u2013 Alho, cebola, cenoura, alho-por\u00f3 e especiarias para um sabor equilibrado.<\/p>\n<\/li>\n<li data-start=\"2061\" data-end=\"2105\">\n<p data-start=\"2063\" data-end=\"2105\"><strong data-start=\"2063\" data-end=\"2103\">Sem gl\u00faten, lactose ou alerg\u00eanicos<\/strong><\/p>\n<\/li>\n<\/ul>\n<p data-start=\"2107\" data-end=\"2225\">Cada sach\u00ea cont\u00e9m o sabor aut\u00eantico e o aroma da trufa sem cobrir a delicadeza do tomate italiano.<\/p>\n<hr data-start=\"2227\" data-end=\"2230\">\n<h3 data-start=\"2232\" data-end=\"2257\"> <strong>Como utiliz\u00e1-lo<\/strong><\/h3>\n<p data-start=\"2259\" data-end=\"2357\">O <strong data-start=\"2262\" data-end=\"2286\">Sugo al Tartufo Mam\u00e0<\/strong> \u00e9 perfeito para levar \u00e0 mesa um prato gourmet em poucos segundos:<\/p>\n<p data-start=\"2359\" data-end=\"2709\"> <strong data-start=\"2362\" data-end=\"2386\">Massa fresca ou seca<\/strong> \u2013 Talharim, fettuccine, nhoque ou trofie se tornam um prato de restaurante.<br data-start=\"2465\" data-end=\"2468\"> <strong data-start=\"2471\" data-end=\"2492\">Risotos e cereais<\/strong> \u2013 Ideal para enriquecer pratos com um aroma intenso.<br data-start=\"2551\" data-end=\"2554\"> <strong data-start=\"2557\" data-end=\"2586\">Pratos principais e acompanhamentos<\/strong> \u2013 Perfeito sobre ovos, carne, tofu ou legumes.<br data-start=\"2629\" data-end=\"2632\"> <strong data-start=\"2635\" data-end=\"2659\">Aperitivos e torradas<\/strong> \u2013 Para aperitivos elegantes ou finger foods gourmet.<\/p>\n<p data-start=\"2711\" data-end=\"2805\">Basta aquecer um sach\u00ea na panela ou no micro-ondas e o seu prato estar\u00e1 pronto para saborear.<\/p>\n<hr data-start=\"2807\" data-end=\"2810\">\n<h3 data-start=\"2812\" data-end=\"2856\"> <strong>Sem gl\u00faten, lactose e alerg\u00eanicos<\/strong><\/h3>\n<p data-start=\"2858\" data-end=\"3060\">O <strong data-start=\"2861\" data-end=\"2885\">Mam\u00e0 Sugo al Tartufo<\/strong> \u00e9 completamente <strong data-start=\"2902\" data-end=\"2919\">sem gl\u00faten<\/strong>, <strong data-start=\"2921\" data-end=\"2939\">sem lactose<\/strong> e <strong data-start=\"2942\" data-end=\"2971\">livre de alerg\u00eanicos comuns<\/strong>, pensado para todos aqueles que querem uma refei\u00e7\u00e3o saborosa e natural, sem concess\u00f5es.<\/p>\n<p data-start=\"3062\" data-end=\"3203\">As <strong data-start=\"3065\" data-end=\"3088\">monopor\u00e7\u00f5es de 70g<\/strong> garantem m\u00e1xima praticidade: abra apenas o que precisa e conserve o resto fresco at\u00e9 a pr\u00f3xima utiliza\u00e7\u00e3o.<\/p>\n<hr data-start=\"3205\" data-end=\"3208\">\n<h3 data-start=\"3210\" data-end=\"3264\"> <strong>Qualidade Mam\u00e0 \u2013 Tradi\u00e7\u00e3o e paix\u00e3o italiana<\/strong><\/h3>\n<p data-start=\"3266\" data-end=\"3595\">A marca <strong data-start=\"3275\" data-end=\"3283\">Mam\u00e0<\/strong> seleciona cuidadosamente cada ingrediente, trabalhando de acordo com a tradi\u00e7\u00e3o italiana para oferecer produtos da mais alta qualidade.<br data-start=\"3404\" data-end=\"3407\">O <strong data-start=\"3410\" data-end=\"3429\">Sugo al Tartufo<\/strong> \u00e9 um exemplo perfeito de como a cozinha gourmet pode encontrar a praticidade moderna: sabor intenso, aroma elegante e embalagem monopor\u00e7\u00e3o para cada ocasi\u00e3o.<\/p>\n<hr data-start=\"3597\" data-end=\"3600\">\n<h3 data-start=\"3602\" data-end=\"3624\"> <strong>Dados do produto<\/strong><\/h3>\n<ul data-start=\"3626\" data-end=\"3985\">\n<li data-start=\"3626\" data-end=\"3660\">\n<p data-start=\"3628\" data-end=\"3660\"><strong data-start=\"3628\" data-end=\"3637\">Nome:<\/strong> Molho de Trufas Mam\u00e0<\/p>\n<\/li>\n<li data-start=\"3661\" data-end=\"3716\">\n<p data-start=\"3663\" data-end=\"3716\"><strong data-start=\"3663\" data-end=\"3694\">Formato da embalagem individual:<\/strong> 5x70g (350g no total)<\/p>\n<\/li>\n<li data-start=\"3717\" data-end=\"3772\">\n<p data-start=\"3719\" data-end=\"3772\"><strong data-start=\"3719\" data-end=\"3735\">Pack total:<\/strong> 3 embalagens = 15 sach\u00eas (1.050g)<\/p>\n<\/li>\n<li data-start=\"3773\" data-end=\"3816\">\n<p data-start=\"3775\" data-end=\"3816\"><strong data-start=\"3775\" data-end=\"3814\">Sem gl\u00faten, lactose e alerg\u00eanicos<\/strong><\/p>\n<\/li>\n<li data-start=\"3817\" data-end=\"3864\">\n<p data-start=\"3819\" data-end=\"3864\"><strong data-start=\"3819\" data-end=\"3862\">Com passata de tomate e azeite de oliva<\/strong><\/p>\n<\/li>\n<li data-start=\"3865\" data-end=\"3888\">\n<p data-start=\"3867\" data-end=\"3888\"><strong data-start=\"3867\" data-end=\"3879\">Origem:<\/strong> It\u00e1lia<\/p>\n<\/li>\n<li data-start=\"3889\" data-end=\"3938\">\n<p data-start=\"3891\" data-end=\"3938\"><strong data-start=\"3891\" data-end=\"3909\">Conserva\u00e7\u00e3o:<\/strong> em local fresco e seco<\/p>\n<\/li>\n<li data-start=\"3939\" data-end=\"3985\">\n<p data-start=\"3941\" data-end=\"3985\"><strong data-start=\"3941\" data-end=\"3956\">Modo de uso:<\/strong> basta despejar<\/p>\n<\/li>\n<\/ul>\n<hr data-start=\"3987\" data-end=\"3990\">\n<h3 data-start=\"3992\" data-end=\"4035\"> <strong>Eleg\u00e2ncia e sabor em cada sach\u00ea<\/strong><\/h3>\n<p data-start=\"4037\" data-end=\"4299\">Com o <strong data-start=\"4044\" data-end=\"4096\">Mam\u00e0 Sugo al Tartufo \u2013 Pack 15 Pezzi Monoporzione<\/strong>, voc\u00ea transforma cada prato em uma experi\u00eancia gourmet, r\u00e1pida, pr\u00e1tica e com sabor aut\u00eantico.<br data-start=\"4185\" data-end=\"4188\">Um condimento natural, refinado e italiano que leva para a mesa toda a magia da trufa em poucos segundos.<\/p>\n<p data-start=\"4301\" data-end=\"4457\">  Ideal para quem ama a <strong data-start=\"4326\" data-end=\"4344\">cozinha gourmet<\/strong>, mas busca <strong data-start=\"4355\" data-end=\"4377\">conveni\u00eancia e qualidade<\/strong>.<br data-start=\"4378\" data-end=\"4381\">Abra e saboreie \u2014 com <strong data-start=\"4408\" data-end=\"4416\">Mam\u00e0<\/strong>, cada refei\u00e7\u00e3o se torna especial.  <\/p>\n","protected":false},"excerpt":{"rendered":"<p data-start=\"342\" data-end=\"720\">Leve para a mesa o luxo da simplicidade com o <strong data-start=\"391\" data-end=\"415\">Mam\u00e0 Sugo al Tartufo<\/strong>, um condimento pronto para usar, pensado para quem ama os sabores intensos e refinados da cozinha italiana.<br data-start=\"518\" data-end=\"521\">Preparado com <strong data-start=\"535\" data-end=\"567\">passata de tomate italiano<\/strong>, <strong data-start=\"569\" data-end=\"586\">azeite de oliva<\/strong> e <strong data-start=\"589\" data-end=\"605\">trufa negra<\/strong>, este molho \u00e9 um verdadeiro concentrado de aroma e sabor, capaz de transformar cada prato em uma experi\u00eancia gourmet.<\/p>\n<p data-start=\"722\" data-end=\"935\">O <strong data-start=\"725\" data-end=\"749\">pack com 3 embalagens<\/strong>, cada uma contendo <strong data-start=\"769\" data-end=\"789\">5 sach\u00eas de 70g<\/strong>, oferece <strong data-start=\"800\" data-end=\"830\">15 por\u00e7\u00f5es prontas para usar<\/strong>: perfeitas para a fam\u00edlia, para almo\u00e7os r\u00e1pidos ou para surpreender os h\u00f3spedes com pratos de sabor aut\u00eantico.<\/p>\n<p>Gra\u00e7as \u00e0 sua versatilidade, \u00e9 um condimento perfeito para muitos pratos t\u00edpicos da cozinha italiana, ideal para massas, polenta, risotos e bruschettas quentes. Sua consist\u00eancia aveludada e seu sabor envolvente o tornam uma <g id=\"gid_0\">escolha vers\u00e1til e deliciosa<\/g> para cada ocasi\u00e3o culin\u00e1ria. Experimente para adicionar um <strong>toque de eleg\u00e2ncia<\/strong> aos seus pratos sem esfor\u00e7o.  <\/p>\n","protected":false},"featured_media":4508,"template":"","meta":[],"product_brand":[],"product_cat":[105,101],"product_tag":[125,217,130,149],"class_list":{"0":"post-4507","1":"product","2":"type-product","3":"status-publish","4":"has-post-thumbnail","6":"product_cat-embalagem-com-3-unidades","7":"product_cat-molhos-prontos-mama","8":"product_tag-embalagem-com-3-unidades","9":"product_tag-molho-de-trufas","10":"product_tag-molhos-mama","11":"product_tag-molhos-prontos","13":"first","14":"instock","15":"taxable","16":"shipping-taxable","17":"purchasable","18":"product-type-simple"},"_links":{"self":[{"href":"https:\/\/shop.mamasugo.it\/pt-br\/wp-json\/wp\/v2\/product\/4507","targetHints":{"allow":["GET"]}}],"collection":[{"href":"https:\/\/shop.mamasugo.it\/pt-br\/wp-json\/wp\/v2\/product"}],"about":[{"href":"https:\/\/shop.mamasugo.it\/pt-br\/wp-json\/wp\/v2\/types\/product"}],"wp:featuredmedia":[{"embeddable":true,"href":"https:\/\/shop.mamasugo.it\/pt-br\/wp-json\/wp\/v2\/media\/4508"}],"wp:attachment":[{"href":"https:\/\/shop.mamasugo.it\/pt-br\/wp-json\/wp\/v2\/media?parent=4507"}],"wp:term":[{"taxonomy":"product_brand","embeddable":true,"href":"https:\/\/shop.mamasugo.it\/pt-br\/wp-json\/wp\/v2\/product_brand?post=4507"},{"taxonomy":"product_cat","embeddable":true,"href":"https:\/\/shop.mamasugo.it\/pt-br\/wp-json\/wp\/v2\/product_cat?post=4507"},{"taxonomy":"product_tag","embeddable":true,"href":"https:\/\/shop.mamasugo.it\/pt-br\/wp-json\/wp\/v2\/product_tag?post=4507"}],"curies":[{"name":"wp","href":"https:\/\/api.w.org\/{rel}","templated":true}]}}