{"id":4496,"date":"2025-11-05T16:18:52","date_gmt":"2025-11-05T16:18:52","guid":{"rendered":"https:\/\/shop.mamasugo.it\/prodotto\/crie-a-sua-caixa-de-5-pecas\/"},"modified":"2025-11-05T16:18:52","modified_gmt":"2025-11-05T16:18:52","slug":"crie-a-sua-caixa-de-5-pecas","status":"publish","type":"product","link":"https:\/\/shop.mamasugo.it\/pt-br\/prodotto\/crie-a-sua-caixa-de-5-pecas\/","title":{"rendered":"Crie a sua caixa de 5 pe\u00e7as"},"content":{"rendered":"<p data-start=\"1387\" data-end=\"1642\">Com a <strong data-start=\"1394\" data-end=\"1430\">Caixa Mam\u00e1 de 5 molhos em por\u00e7\u00e3o individual<\/strong>, voc\u00ea tem a liberdade de escolher at\u00e9 <strong data-start=\"1466\" data-end=\"1484\">cinco receitas<\/strong> entre as nossas propostas artesanais.<br data-start=\"1520\" data-end=\"1523\">Personalize a sua caixa e descubra o prazer de um molho pronto, genu\u00edno e rico em sabor, exatamente como feito em casa.<\/p>\n<p data-start=\"1644\" data-end=\"1825\">\u2705 Escolha at\u00e9 <strong data-start=\"1660\" data-end=\"1682\">5 sabores diferentes<\/strong><br data-start=\"1682\" data-end=\"1685\">\u2705 Perfeita para estoques semanais ou para fam\u00edlias<br data-start=\"1733\" data-end=\"1736\">\u2705 Ingredientes selecionados e cozimento lento<br data-start=\"1777\" data-end=\"1780\">\u2705 Prontos em poucos minutos, sem conservantes<\/p>\n<p data-start=\"1827\" data-end=\"1962\">Uma experi\u00eancia de sabor aut\u00eantica e sob medida: crie a sua combina\u00e7\u00e3o preferida e leve \u00e0 mesa todo o sabor da cozinha Mam\u00e1.<\/p>\n","protected":false},"excerpt":{"rendered":"<p>Monte a sua Caixa Mam\u00e1 de 5 molhos! Escolha at\u00e9 cinco sabores diferentes e crie a sua combina\u00e7\u00e3o. <\/p>\n","protected":false},"featured_media":4497,"template":"","meta":[],"product_brand":[],"product_cat":[104,101],"product_tag":[],"class_list":{"0":"post-4496","1":"product","2":"type-product","3":"status-publish","4":"has-post-thumbnail","6":"product_cat-crie-sua-caixa","7":"product_cat-molhos-prontos-mama","9":"first","10":"instock","11":"taxable","12":"shipping-taxable","13":"purchasable","14":"product-type-composite"},"_links":{"self":[{"href":"https:\/\/shop.mamasugo.it\/pt-br\/wp-json\/wp\/v2\/product\/4496","targetHints":{"allow":["GET"]}}],"collection":[{"href":"https:\/\/shop.mamasugo.it\/pt-br\/wp-json\/wp\/v2\/product"}],"about":[{"href":"https:\/\/shop.mamasugo.it\/pt-br\/wp-json\/wp\/v2\/types\/product"}],"wp:featuredmedia":[{"embeddable":true,"href":"https:\/\/shop.mamasugo.it\/pt-br\/wp-json\/wp\/v2\/media\/4497"}],"wp:attachment":[{"href":"https:\/\/shop.mamasugo.it\/pt-br\/wp-json\/wp\/v2\/media?parent=4496"}],"wp:term":[{"taxonomy":"product_brand","embeddable":true,"href":"https:\/\/shop.mamasugo.it\/pt-br\/wp-json\/wp\/v2\/product_brand?post=4496"},{"taxonomy":"product_cat","embeddable":true,"href":"https:\/\/shop.mamasugo.it\/pt-br\/wp-json\/wp\/v2\/product_cat?post=4496"},{"taxonomy":"product_tag","embeddable":true,"href":"https:\/\/shop.mamasugo.it\/pt-br\/wp-json\/wp\/v2\/product_tag?post=4496"}],"curies":[{"name":"wp","href":"https:\/\/api.w.org\/{rel}","templated":true}]}}