{"id":4427,"date":"2025-04-22T14:00:44","date_gmt":"2025-04-22T14:00:44","guid":{"rendered":"https:\/\/shop.mamasugo.it\/prodotto\/mama-sugo-al-basilico-monoporcao-5x70g-sabor-italiano-100-natural-e-sem-gluten\/"},"modified":"2025-04-22T14:00:44","modified_gmt":"2025-04-22T14:00:44","slug":"mama-sugo-al-basilico-monoporcao-5x70g-sabor-italiano-100-natural-e-sem-gluten","status":"publish","type":"product","link":"https:\/\/shop.mamasugo.it\/pt-br\/prodotto\/mama-sugo-al-basilico-monoporcao-5x70g-sabor-italiano-100-natural-e-sem-gluten\/","title":{"rendered":"Mam\u00e0 Sugo al Basilico Monopor\u00e7\u00e3o 5x70g | Sabor Italiano, 100% Natural e Sem Gl\u00faten"},"content":{"rendered":"<h3 data-start=\"265\" data-end=\"360\"><strong>Mam\u00e0 Sugo al Basilico Monopor\u00e7\u00e3o 5x70g \u2013 Sabor Italiano, 100% Natural e Sem Gl\u00faten<\/strong><\/h3>\n<p data-start=\"362\" data-end=\"717\">Descubra o <strong data-start=\"372\" data-end=\"397\">Mam\u00e0 Sugo al Basilico<\/strong>, o molho pronto que leva para a sua mesa todo o sabor da <strong data-start=\"469\" data-end=\"501\">cozinha italiana tradicional<\/strong> num formato c\u00f3modo e inteligente.<br data-start=\"538\" data-end=\"541\">Feito com <strong data-start=\"556\" data-end=\"596\">pur\u00ea de tomate italiano (69,8%)<\/strong>, <strong data-start=\"598\" data-end=\"615\">azeite de oliva<\/strong> e <strong data-start=\"618\" data-end=\"639\">manjeric\u00e3o natural<\/strong>, este molho \u00e9 perfeito para quem gosta de comer bem mesmo quando tem pouco tempo.<\/p>\n<p data-start=\"719\" data-end=\"951\">Cada embalagem cont\u00e9m <strong data-start=\"744\" data-end=\"778\">5 pr\u00e1ticas monopor\u00e7\u00f5es de 70g<\/strong>, ideais para uma massa r\u00e1pida, um prato leve ou uma receita criativa.<br data-start=\"848\" data-end=\"851\">Abra e saboreie: tem um molho perfumado, genu\u00edno e delicioso como feito em casa.<\/p>\n<hr data-start=\"953\" data-end=\"956\">\n<h3 data-start=\"958\" data-end=\"1003\">\u2764\ufe0f <strong>Por que voc\u00ea vai amar o Mam\u00e0 Sugo al Basilico<\/strong><\/h3>\n<p data-start=\"1005\" data-end=\"1651\">\u2705 <strong data-start=\"1007\" data-end=\"1035\">Sabor aut\u00eantico e fresco<\/strong> \u2013 Preparado com pur\u00ea de tomate italiano, ervas arom\u00e1ticas e azeite de manjeric\u00e3o para um aroma irresist\u00edvel.<br data-start=\"1146\" data-end=\"1149\">\u2705 <strong data-start=\"1151\" data-end=\"1168\">100% natural<\/strong> \u2013 Sem corantes, sem aromas artificiais e sem conservantes. Apenas ingredientes genu\u00ednos.<br data-start=\"1258\" data-end=\"1261\">\u2705 <g id=\"gid_2\">Adequado para todos<\/g> \u2013 Sem gl\u00faten, sem lactose, vegano e livre de al\u00e9rgenos. Perfeito para quem tem intoler\u00e2ncias ou segue uma dieta vegetal.<br data-start=\"1404\" data-end=\"1407\">\u2705 <strong data-start=\"1409\" data-end=\"1428\">Formato pr\u00e1tico<\/strong> \u2013 5 sach\u00eas monopor\u00e7\u00e3o de 70g, ideais para uma refei\u00e7\u00e3o r\u00e1pida, no escrit\u00f3rio, em viagem ou para evitar desperd\u00edcios.<br data-start=\"1535\" data-end=\"1538\">\u2705 <strong data-start=\"1540\" data-end=\"1557\">Made in Italy<\/strong> \u2013 Com todo o amor e a qualidade Mam\u00e0, sin\u00f4nimo de tradi\u00e7\u00e3o e paix\u00e3o pela boa mesa.  <\/p>\n<hr data-start=\"1653\" data-end=\"1656\">\n<h3 data-start=\"1658\" data-end=\"1711\"><strong>\u200d Ingredientes selecionados, receita equilibrada<\/strong><\/h3>\n<p data-start=\"1713\" data-end=\"1833\">Cada colher de Mam\u00e0 Sugo al Basilico \u00e9 um concentrado de simplicidade e sabor.<br data-start=\"1793\" data-end=\"1796\">Os ingredientes principais incluem:<\/p>\n<ul data-start=\"1835\" data-end=\"2095\">\n<li data-start=\"1835\" data-end=\"1870\">\n<p data-start=\"1837\" data-end=\"1870\"><strong data-start=\"1837\" data-end=\"1868\">Pur\u00ea de tomate (69,8%)<\/strong><\/p>\n<\/li>\n<li data-start=\"1871\" data-end=\"1928\">\n<p data-start=\"1873\" data-end=\"1928\"><strong data-start=\"1873\" data-end=\"1890\">Azeite de oliva<\/strong> e <strong data-start=\"1893\" data-end=\"1926\">azeite aromatizado com manjeric\u00e3o<\/strong><\/p>\n<\/li>\n<li data-start=\"1929\" data-end=\"1984\">\n<p data-start=\"1931\" data-end=\"1984\"><strong data-start=\"1931\" data-end=\"1982\">Alho, cebola, cenoura, alho-por\u00f3 e especiarias naturais<\/strong><\/p>\n<\/li>\n<li data-start=\"1985\" data-end=\"2056\">\n<p data-start=\"1987\" data-end=\"2056\"><strong data-start=\"1987\" data-end=\"2016\">Tomates secos em flocos<\/strong> e <strong data-start=\"2019\" data-end=\"2054\">aromas naturais de vegetais mistos<\/strong><\/p>\n<\/li>\n<li data-start=\"2057\" data-end=\"2095\">\n<p data-start=\"2059\" data-end=\"2095\"><strong data-start=\"2059\" data-end=\"2093\">Nenhum ingrediente artificial<\/strong><\/p>\n<\/li>\n<\/ul>\n<p data-start=\"2097\" data-end=\"2192\">O resultado? Um molho perfumado, equilibrado e aveludado, que tem gosto de casa e de sol italiano. <\/p>\n<hr data-start=\"2194\" data-end=\"2197\">\n<h3 data-start=\"2199\" data-end=\"2232\">\u2728 <strong>Perfeito para cada ocasi\u00e3o<\/strong><\/h3>\n<p data-start=\"2234\" data-end=\"2351\">O formato monopor\u00e7\u00e3o \u00e9 a solu\u00e7\u00e3o ideal para quem quer um molho sempre fresco e pronto para usar.<br data-start=\"2333\" data-end=\"2336\">\u00c9 perfeito para:<\/p>\n<p data-start=\"2353\" data-end=\"2763\"> <strong data-start=\"2356\" data-end=\"2376\">Um almo\u00e7o r\u00e1pido<\/strong> \u2013 Aque\u00e7a o molho e tempere a sua massa em menos de 2 minutos.<br data-start=\"2438\" data-end=\"2441\"> <strong data-start=\"2444\" data-end=\"2463\">Receitas leves<\/strong> \u2013 Adicione-o a vegetais, leguminosas ou cereais para um toque de sabor mediterr\u00e2neo.<br data-start=\"2541\" data-end=\"2544\"> <strong data-start=\"2547\" data-end=\"2574\">Em viagem ou no escrit\u00f3rio<\/strong> \u2013 Leve-o consigo para qualquer lugar, sem precisar de geladeira ou prepara\u00e7\u00f5es complicadas.<br data-start=\"2650\" data-end=\"2653\">\u200d\u200d <strong data-start=\"2662\" data-end=\"2691\">Por\u00e7\u00f5es certas para todos<\/strong> \u2013 Sem desperd\u00edcios, s\u00f3 sabor. Ideal para solteiros, fam\u00edlias ou estudantes. <\/p>\n<hr data-start=\"2765\" data-end=\"2768\">\n<h3 data-start=\"2770\" data-end=\"2812\"><strong>Sem gl\u00faten, lactose e alerg\u00eanicos<\/strong><\/h3>\n<p data-start=\"2814\" data-end=\"3051\">Mam\u00e0 pensa em todos: este molho \u00e9 <strong data-start=\"2848\" data-end=\"2877\">certificado sem gl\u00faten<\/strong>, <strong data-start=\"2879\" data-end=\"2897\">sem lactose<\/strong>, <strong data-start=\"2899\" data-end=\"2909\">vegano<\/strong> e <strong data-start=\"2912\" data-end=\"2938\">sem al\u00e9rgenos comuns<\/strong>.<br data-start=\"2939\" data-end=\"2942\">Um produto vers\u00e1til e seguro para quem procura alimentos bons, saud\u00e1veis e respeitosos de cada exig\u00eancia alimentar.<\/p>\n<hr data-start=\"3053\" data-end=\"3056\">\n<h3 data-start=\"3058\" data-end=\"3085\"><strong>Qualidade assinada Mam\u00e0<\/strong><\/h3>\n<p data-start=\"3087\" data-end=\"3444\">A marca <strong data-start=\"3098\" data-end=\"3106\">Mam\u00e0<\/strong> representa a tradi\u00e7\u00e3o italiana e o cuidado com os detalhes.<br data-start=\"3167\" data-end=\"3170\">Cada molho \u00e9 feito com <strong data-start=\"3197\" data-end=\"3228\">ingredientes de alta qualidade<\/strong>, seguindo receitas simples mas ricas em sabor, como as feitas em casa.<br data-start=\"3309\" data-end=\"3312\">Com Mam\u00e0, voc\u00ea leva para a mesa a autenticidade de um prato italiano pronto num instante, com a seguran\u00e7a de um produto saud\u00e1vel e certificado.<\/p>\n<hr data-start=\"3446\" data-end=\"3449\">\n<h3 data-start=\"3451\" data-end=\"3471\"><strong>Dados do produto<\/strong><\/h3>\n<ul data-start=\"3472\" data-end=\"3722\">\n<li data-start=\"3472\" data-end=\"3507\">\n<p data-start=\"3474\" data-end=\"3507\"><strong data-start=\"3474\" data-end=\"3483\">Nome:<\/strong> Mam\u00e0 Sugo al Basilico<\/p>\n<\/li>\n<li data-start=\"3508\" data-end=\"3555\">\n<p data-start=\"3510\" data-end=\"3555\"><strong data-start=\"3510\" data-end=\"3522\">Formato:<\/strong> 5x70g (peso l\u00edquido total 240g)<\/p>\n<\/li>\n<li data-start=\"3556\" data-end=\"3610\">\n<p data-start=\"3558\" data-end=\"3610\"><strong data-start=\"3558\" data-end=\"3608\">Sem gl\u00faten, sem lactose, sem al\u00e9rgenos<\/strong><\/p>\n<\/li>\n<li data-start=\"3611\" data-end=\"3648\">\n<p data-start=\"3613\" data-end=\"3648\"><strong data-start=\"3613\" data-end=\"3646\">Adequado para veganos e vegetarianos<\/strong><\/p>\n<\/li>\n<li data-start=\"3649\" data-end=\"3672\">\n<p data-start=\"3651\" data-end=\"3672\"><strong data-start=\"3651\" data-end=\"3663\">Origem:<\/strong> It\u00e1lia<\/p>\n<\/li>\n<li data-start=\"3673\" data-end=\"3722\">\n<p data-start=\"3675\" data-end=\"3722\"><strong data-start=\"3675\" data-end=\"3693\">Conserva\u00e7\u00e3o:<\/strong> em local fresco e seco<\/p>\n<\/li>\n<\/ul>\n<hr data-start=\"3724\" data-end=\"3727\">\n<h3 data-start=\"3729\" data-end=\"3768\"><strong>Saboreie a It\u00e1lia, onde quer que esteja<\/strong><\/h3>\n<p data-start=\"3770\" data-end=\"4010\">Com o <strong data-start=\"3777\" data-end=\"3815\">Mam\u00e0 Sugo al Basilico Monopor\u00e7\u00e3o<\/strong>, voc\u00ea pode levar o sabor da cozinha italiana para qualquer lugar: em casa, no trabalho ou em viagem.<br data-start=\"3902\" data-end=\"3905\">Um molho bom, genu\u00edno e pr\u00e1tico \u2014 perfeito para quem quer comer bem mesmo nos dias mais agitados.<\/p>\n<p data-start=\"4012\" data-end=\"4097\">Abra o sach\u00ea e saboreie o gosto da simplicidade assinada <strong data-start=\"4081\" data-end=\"4089\">Mam\u00e0<\/strong>.<\/p>\n","protected":false},"excerpt":{"rendered":"<p data-start=\"362\" data-end=\"717\">Descubra o <strong data-start=\"372\" data-end=\"397\">Mam\u00e0 Sugo al Basilico<\/strong>, o molho pronto que leva para a sua mesa todo o sabor da <strong data-start=\"469\" data-end=\"501\">cozinha italiana tradicional<\/strong> num formato c\u00f3modo e inteligente.<br data-start=\"538\" data-end=\"541\">Feito com <strong data-start=\"556\" data-end=\"596\">pur\u00ea de tomate italiano (69,8%)<\/strong>, <strong data-start=\"598\" data-end=\"615\">azeite de oliva<\/strong> e <strong data-start=\"618\" data-end=\"639\">manjeric\u00e3o natural<\/strong>, este molho \u00e9 perfeito para quem gosta de comer bem mesmo quando tem pouco tempo.<\/p>\n<p data-start=\"719\" data-end=\"951\">Cada embalagem cont\u00e9m <strong data-start=\"744\" data-end=\"778\">5 pr\u00e1ticas monopor\u00e7\u00f5es de 70g<\/strong>, ideais para uma massa r\u00e1pida, um prato leve ou uma receita criativa.<br data-start=\"848\" data-end=\"851\">Abra e saboreie: tem um molho perfumado, genu\u00edno e delicioso como feito em casa.<\/p>\n","protected":false},"featured_media":4379,"template":"","meta":[],"product_brand":[],"product_cat":[103,101],"product_tag":[215,216,160,155],"class_list":{"0":"post-4427","1":"product","2":"type-product","3":"status-publish","4":"has-post-thumbnail","6":"product_cat-embalagem-individual","7":"product_cat-molhos-prontos-mama","8":"product_tag-molho-de-manjericao","9":"product_tag-molho-de-manjericao-mama","10":"product_tag-molhos-prontos-2","11":"product_tag-molhos-prontos-mama-2","13":"first","14":"instock","15":"taxable","16":"shipping-taxable","17":"purchasable","18":"product-type-simple"},"_links":{"self":[{"href":"https:\/\/shop.mamasugo.it\/pt-br\/wp-json\/wp\/v2\/product\/4427","targetHints":{"allow":["GET"]}}],"collection":[{"href":"https:\/\/shop.mamasugo.it\/pt-br\/wp-json\/wp\/v2\/product"}],"about":[{"href":"https:\/\/shop.mamasugo.it\/pt-br\/wp-json\/wp\/v2\/types\/product"}],"wp:featuredmedia":[{"embeddable":true,"href":"https:\/\/shop.mamasugo.it\/pt-br\/wp-json\/wp\/v2\/media\/4379"}],"wp:attachment":[{"href":"https:\/\/shop.mamasugo.it\/pt-br\/wp-json\/wp\/v2\/media?parent=4427"}],"wp:term":[{"taxonomy":"product_brand","embeddable":true,"href":"https:\/\/shop.mamasugo.it\/pt-br\/wp-json\/wp\/v2\/product_brand?post=4427"},{"taxonomy":"product_cat","embeddable":true,"href":"https:\/\/shop.mamasugo.it\/pt-br\/wp-json\/wp\/v2\/product_cat?post=4427"},{"taxonomy":"product_tag","embeddable":true,"href":"https:\/\/shop.mamasugo.it\/pt-br\/wp-json\/wp\/v2\/product_tag?post=4427"}],"curies":[{"name":"wp","href":"https:\/\/api.w.org\/{rel}","templated":true}]}}