{"id":4318,"date":"2025-05-14T08:05:56","date_gmt":"2025-05-14T08:05:56","guid":{"rendered":"https:\/\/shop.mamasugo.it\/molho-de-manjericao\/"},"modified":"2025-11-18T09:18:46","modified_gmt":"2025-11-18T09:18:46","slug":"molho-de-manjericao","status":"publish","type":"page","link":"https:\/\/shop.mamasugo.it\/pt-br\/molho-de-manjericao\/","title":{"rendered":"Molho de manjeric\u00e3o"},"content":{"rendered":"\n\n\t<section class=\"section\" id=\"section_1303769908\">\n\t\t<div class=\"section-bg fill\" >\n\t\t\t<img loading=\"lazy\" decoding=\"async\" width=\"1600\" height=\"1600\" src=\"https:\/\/shop.mamasugo.it\/wp-content\/uploads\/2023\/10\/spaghetti-sugo-basilico.webp\" class=\"bg attachment-original size-original\" alt=\"\" \/>\t\t\t\t\t\t\n\t\t\t\n\n\t\t<\/div>\n\n\t\t\n\n\t\t<div class=\"section-content relative\">\n\t\t\t\n\n\t<div id=\"gap-936195502\" class=\"gap-element clearfix\" style=\"display:block; height:auto;\">\n\t\t\n<style>\n#gap-936195502 {\n  padding-top: 50px;\n}\n<\/style>\n\t<\/div>\n\t\n\n<div class=\"row align-middle align-center\"  id=\"row-1723065747\">\n\n\n\t<div id=\"col-1218949120\" class=\"col medium-8 small-12 large-8\"  >\n\t\t\t\t<div class=\"col-inner text-center\"  >\n\t\t\t\n\t\t\t\n\n\t<div id=\"text-71394373\" class=\"text\">\n\t\t\n\n<h1 style=\"text-align: center; text-shadow: 0em 0.1em 0.1em rgba(0, 0, 0, 0.4);\"><strong>O Molho de Manjeric\u00e3o Mam\u00e0: simplicidade que conquista<\/strong><\/h1>\n\t\t\n<style>\n#text-71394373 {\n  font-size: 2rem;\n  color: rgb(255, 255, 255);\n}\n#text-71394373 > * {\n  color: rgb(255, 255, 255);\n}\n<\/style>\n\t<\/div>\n\t\n\t<div id=\"gap-837917865\" class=\"gap-element clearfix\" style=\"display:block; height:auto;\">\n\t\t\n<style>\n#gap-837917865 {\n  padding-top: 10px;\n}\n<\/style>\n\t<\/div>\n\t\n\n\t<div id=\"text-2552098528\" class=\"text\">\n\t\t\n\n<p style=\"text-shadow: 0em 0.1em 0.1em rgba(0, 0, 0, 0.4);\"><strong>Tomate maduro e manjeric\u00e3o fresco em uma receita cl\u00e1ssica, pronta em poucos minutos. O sabor da culin\u00e1ria italiana, em uma pr\u00e1tica por\u00e7\u00e3o individual. <\/strong><\/p>\n\t\t\n<style>\n#text-2552098528 {\n  font-size: 1.2rem;\n  text-align: center;\n  color: rgb(255, 255, 255);\n}\n#text-2552098528 > * {\n  color: rgb(255, 255, 255);\n}\n<\/style>\n\t<\/div>\n\t\n\t<div id=\"gap-113659326\" class=\"gap-element clearfix\" style=\"display:block; height:auto;\">\n\t\t\n<style>\n#gap-113659326 {\n  padding-top: 30px;\n}\n<\/style>\n\t<\/div>\n\t\n\n<a href=\"https:\/\/shop.mamasugo.it\/prodotto\/sugo-al-basilico\/\" class=\"button secondary reveal-icon\"  style=\"border-radius:99px;\">\n\t\t<span>Compre agora<\/span>\n\t<i class=\"icon-angle-right\" aria-hidden=\"true\" ><\/i><\/a>\n\n\n<a href=\"https:\/\/shop.mamasugo.it\/prodotto\/box-degustazione-mama\/\" class=\"button white reveal-icon\"  style=\"border-radius:99px;\">\n\t\t<span>Descubra a caixa com 15 por\u00e7\u00f5es<\/span>\n\t<i class=\"icon-angle-right\" aria-hidden=\"true\" ><\/i><\/a>\n\n\n\n\t\t<\/div>\n\t\t\t\t\t<\/div>\n\n\t\n\n<\/div>\n\t<div id=\"gap-1693264685\" class=\"gap-element clearfix\" style=\"display:block; height:auto;\">\n\t\t\n<style>\n#gap-1693264685 {\n  padding-top: 20px;\n}\n<\/style>\n\t<\/div>\n\t\n\n\n\t\t<\/div>\n\n\t\t\n<style>\n#section_1303769908 {\n  padding-top: 0px;\n  padding-bottom: 0px;\n}\n#section_1303769908 .section-bg img {\n  object-position: 50% 50%;\n}\n<\/style>\n\t<\/section>\n\t\n<div class=\"row row-large align-middle align-center\"  id=\"row-1649640505\">\n\n\n\t<div id=\"col-640818103\" class=\"col medium-6 small-12 large-6\"  >\n\t\t\t\t<div class=\"col-inner\"  >\n\t\t\t\n\t\t\t\n\n\t<div class=\"img has-hover x md-x lg-x y md-y lg-y\" id=\"image_1298354727\">\n\t\t\t\t\t\t\t\t<div class=\"img-inner dark\" >\n\t\t\t<img loading=\"lazy\" decoding=\"async\" width=\"800\" height=\"800\" src=\"https:\/\/shop.mamasugo.it\/wp-content\/uploads\/2023\/09\/basilico-buste.jpg\" class=\"attachment-original size-original\" alt=\"\" srcset=\"https:\/\/shop.mamasugo.it\/wp-content\/uploads\/2023\/09\/basilico-buste.jpg 800w, https:\/\/shop.mamasugo.it\/wp-content\/uploads\/2023\/09\/basilico-buste-100x100.jpg 100w, https:\/\/shop.mamasugo.it\/wp-content\/uploads\/2023\/09\/basilico-buste-510x510.jpg 510w, https:\/\/shop.mamasugo.it\/wp-content\/uploads\/2023\/09\/basilico-buste-300x300.jpg 300w, https:\/\/shop.mamasugo.it\/wp-content\/uploads\/2023\/09\/basilico-buste-150x150.jpg 150w, https:\/\/shop.mamasugo.it\/wp-content\/uploads\/2023\/09\/basilico-buste-768x768.jpg 768w, https:\/\/shop.mamasugo.it\/wp-content\/uploads\/2023\/09\/basilico-buste-480x480.jpg 480w\" sizes=\"auto, (max-width: 800px) 100vw, 800px\" \/>\t\t\t\t\t\t\n\t\t\t\t\t<\/div>\n\t\t\t\t\t\t\t\t\n<style>\n#image_1298354727 {\n  width: 100%;\n}\n<\/style>\n\t<\/div>\n\t\n\n\n\t\t<\/div>\n\t\t\t\t\t<\/div>\n\n\t\n\n\t<div id=\"col-2039379254\" class=\"col medium-6 small-12 large-6\"  >\n\t\t\t\t<div class=\"col-inner\"  >\n\t\t\t\n\t\t\t\n\n\t<div id=\"text-982956701\" class=\"text\">\n\t\t\n\n<h2><strong>O cl\u00e1ssico da culin\u00e1ria italiana, feito como em casa<\/strong><\/h2>\n\t\t\n<style>\n#text-982956701 {\n  font-size: 1.7rem;\n  color: #c92c39;\n}\n#text-982956701 > * {\n  color: #c92c39;\n}\n<\/style>\n\t<\/div>\n\t\n\t<div id=\"gap-240627556\" class=\"gap-element clearfix\" style=\"display:block; height:auto;\">\n\t\t\n<style>\n#gap-240627556 {\n  padding-top: 20px;\n}\n<\/style>\n\t<\/div>\n\t\n\n<p>Nosso Molho de Manjeric\u00e3o nasce de poucos ingredientes simples e genu\u00ednos: tomate fresco, manjeric\u00e3o perfumado, uma pitada de sal e muito amor.<\/p>\n<p>\u00c9 o cl\u00e1ssico que nunca cansa, ideal para quem ama os sabores aut\u00eanticos e quer trazer a It\u00e1lia para a mesa, onde quer que esteja.<\/p>\n\n\t\t<\/div>\n\t\t\t\t\t<\/div>\n\n\t\n\n<\/div>\n<div class=\"row row-large align-middle align-center\"  id=\"row-533436670\">\n\n\n\t<div id=\"col-1459707658\" class=\"col medium-6 small-12 large-6\"  >\n\t\t\t\t<div class=\"col-inner\"  >\n\t\t\t\n\t\t\t\n\n\t<div id=\"text-909040017\" class=\"text\">\n\t\t\n\n<h2><strong>Por que voc\u00ea vai amar nosso Molho de Manjeric\u00e3o<\/strong><\/h2>\n\t\t\n<style>\n#text-909040017 {\n  font-size: 1.7rem;\n  color: #c92c39;\n}\n#text-909040017 > * {\n  color: #c92c39;\n}\n<\/style>\n\t<\/div>\n\t\n\t<div id=\"gap-228048812\" class=\"gap-element clearfix\" style=\"display:block; height:auto;\">\n\t\t\n<style>\n#gap-228048812 {\n  padding-top: 20px;\n}\n<\/style>\n\t<\/div>\n\t\n\n\n\t\t<div class=\"icon-box featured-box icon-box-left text-left\"  >\n\t\t\t\t\t<div class=\"icon-box-img\" style=\"width: 25px\">\n\t\t\t\t<div class=\"icon\">\n\t\t\t\t\t<div class=\"icon-inner\" >\n\t\t\t\t\t\t<img loading=\"lazy\" decoding=\"async\" width=\"50\" height=\"50\" src=\"https:\/\/shop.mamasugo.it\/wp-content\/uploads\/2025\/09\/mama_sugo_icona_naturale.png\" class=\"attachment-medium size-medium\" alt=\"\" \/>\t\t\t\t\t<\/div>\n\t\t\t\t<\/div>\n\t\t\t<\/div>\n\t\t\t\t<div class=\"icon-box-text last-reset\">\n\t\t\t\t\t\t\t\t\t\n\n<p style=\"margin-bottom: 0px; margin-top: 3px;\">Tomate fresco e manjeric\u00e3o italiano<\/p>\n\n\t\t<\/div>\n\t<\/div>\n\t\n\t\n\t<div id=\"gap-837173733\" class=\"gap-element clearfix\" style=\"display:block; height:auto;\">\n\t\t\n<style>\n#gap-837173733 {\n  padding-top: 10px;\n}\n<\/style>\n\t<\/div>\n\t\n\n\n\t\t<div class=\"icon-box featured-box icon-box-left text-left\"  >\n\t\t\t\t\t<div class=\"icon-box-img\" style=\"width: 25px\">\n\t\t\t\t<div class=\"icon\">\n\t\t\t\t\t<div class=\"icon-inner\" >\n\t\t\t\t\t\t<img loading=\"lazy\" decoding=\"async\" width=\"50\" height=\"50\" src=\"https:\/\/shop.mamasugo.it\/wp-content\/uploads\/2025\/09\/mama_sugo_icona_naturale.png\" class=\"attachment-medium size-medium\" alt=\"\" \/>\t\t\t\t\t<\/div>\n\t\t\t\t<\/div>\n\t\t\t<\/div>\n\t\t\t\t<div class=\"icon-box-text last-reset\">\n\t\t\t\t\t\t\t\t\t\n\n<p style=\"margin-bottom: 0px; margin-top: 3px;\">100% natural, sem conservantes<\/p>\n\n\t\t<\/div>\n\t<\/div>\n\t\n\t\n\t<div id=\"gap-1235548577\" class=\"gap-element clearfix\" style=\"display:block; height:auto;\">\n\t\t\n<style>\n#gap-1235548577 {\n  padding-top: 10px;\n}\n<\/style>\n\t<\/div>\n\t\n\n\n\t\t<div class=\"icon-box featured-box icon-box-left text-left\"  >\n\t\t\t\t\t<div class=\"icon-box-img\" style=\"width: 25px\">\n\t\t\t\t<div class=\"icon\">\n\t\t\t\t\t<div class=\"icon-inner\" >\n\t\t\t\t\t\t<img loading=\"lazy\" decoding=\"async\" width=\"50\" height=\"50\" src=\"https:\/\/shop.mamasugo.it\/wp-content\/uploads\/2025\/09\/mama_sugo_icona_naturale.png\" class=\"attachment-medium size-medium\" alt=\"\" \/>\t\t\t\t\t<\/div>\n\t\t\t\t<\/div>\n\t\t\t<\/div>\n\t\t\t\t<div class=\"icon-box-text last-reset\">\n\t\t\t\t\t\t\t\t\t\n\n<p style=\"margin-bottom: 0px; margin-top: 3px;\">Pronto em poucos minutos<\/p>\n\n\t\t<\/div>\n\t<\/div>\n\t\n\t\n\t<div id=\"gap-491141914\" class=\"gap-element clearfix\" style=\"display:block; height:auto;\">\n\t\t\n<style>\n#gap-491141914 {\n  padding-top: 10px;\n}\n<\/style>\n\t<\/div>\n\t\n\n\n\t\t<div class=\"icon-box featured-box icon-box-left text-left\"  >\n\t\t\t\t\t<div class=\"icon-box-img\" style=\"width: 25px\">\n\t\t\t\t<div class=\"icon\">\n\t\t\t\t\t<div class=\"icon-inner\" >\n\t\t\t\t\t\t<img loading=\"lazy\" decoding=\"async\" width=\"50\" height=\"50\" src=\"https:\/\/shop.mamasugo.it\/wp-content\/uploads\/2025\/09\/mama_sugo_icona_naturale.png\" class=\"attachment-medium size-medium\" alt=\"\" \/>\t\t\t\t\t<\/div>\n\t\t\t\t<\/div>\n\t\t\t<\/div>\n\t\t\t\t<div class=\"icon-box-text last-reset\">\n\t\t\t\t\t\t\t\t\t\n\n<p style=\"margin-bottom: 0px; margin-top: 3px;\">Vers\u00e1til: para massas, bruschettas, risotos e pratos principais<\/p>\n\n\t\t<\/div>\n\t<\/div>\n\t\n\t\n\t<div id=\"gap-689093137\" class=\"gap-element clearfix\" style=\"display:block; height:auto;\">\n\t\t\n<style>\n#gap-689093137 {\n  padding-top: 10px;\n}\n<\/style>\n\t<\/div>\n\t\n\n\n\t\t<div class=\"icon-box featured-box icon-box-left text-left\"  >\n\t\t\t\t\t<div class=\"icon-box-img\" style=\"width: 25px\">\n\t\t\t\t<div class=\"icon\">\n\t\t\t\t\t<div class=\"icon-inner\" >\n\t\t\t\t\t\t<img loading=\"lazy\" decoding=\"async\" width=\"50\" height=\"50\" src=\"https:\/\/shop.mamasugo.it\/wp-content\/uploads\/2025\/09\/mama_sugo_icona_naturale.png\" class=\"attachment-medium size-medium\" alt=\"\" \/>\t\t\t\t\t<\/div>\n\t\t\t\t<\/div>\n\t\t\t<\/div>\n\t\t\t\t<div class=\"icon-box-text last-reset\">\n\t\t\t\t\t\t\t\t\t\n\n<p style=\"margin-bottom: 0px; margin-top: 3px;\">Formato de por\u00e7\u00e3o individual: menos desperd\u00edcio, mais sabor<\/p>\n\n\t\t<\/div>\n\t<\/div>\n\t\n\t\n\t<div id=\"gap-977559114\" class=\"gap-element clearfix\" style=\"display:block; height:auto;\">\n\t\t\n<style>\n#gap-977559114 {\n  padding-top: 10px;\n}\n<\/style>\n\t<\/div>\n\t\n\n\n\t\t<div class=\"icon-box featured-box icon-box-left text-left\"  >\n\t\t\t\t\t<div class=\"icon-box-img\" style=\"width: 25px\">\n\t\t\t\t<div class=\"icon\">\n\t\t\t\t\t<div class=\"icon-inner\" >\n\t\t\t\t\t\t<img loading=\"lazy\" decoding=\"async\" width=\"50\" height=\"50\" src=\"https:\/\/shop.mamasugo.it\/wp-content\/uploads\/2025\/09\/mama_sugo_icona_naturale.png\" class=\"attachment-medium size-medium\" alt=\"\" \/>\t\t\t\t\t<\/div>\n\t\t\t\t<\/div>\n\t\t\t<\/div>\n\t\t\t\t<div class=\"icon-box-text last-reset\">\n\t\t\t\t\t\t\t\t\t\n\n<p style=\"margin-bottom: 0px; margin-top: 3px;\">\nDispon\u00edvel em embalagem com 5 ou caixa com 25 por\u00e7\u00f5es<\/p>\n\n\t\t<\/div>\n\t<\/div>\n\t\n\t\n\n\t\t<\/div>\n\t\t\t\t\t<\/div>\n\n\t\n\n\t<div id=\"col-1862454396\" class=\"col medium-6 small-12 large-6 small-col-first\"  >\n\t\t\t\t<div class=\"col-inner\"  >\n\t\t\t\n\t\t\t\n\n\t<div class=\"img has-hover x md-x lg-x y md-y lg-y\" id=\"image_644745712\">\n\t\t\t\t\t\t\t\t<div class=\"img-inner dark\" >\n\t\t\t<img loading=\"lazy\" decoding=\"async\" width=\"800\" height=\"800\" src=\"https:\/\/shop.mamasugo.it\/wp-content\/uploads\/2025\/04\/basilico-15.jpg\" class=\"attachment-original size-original\" alt=\"\" srcset=\"https:\/\/shop.mamasugo.it\/wp-content\/uploads\/2025\/04\/basilico-15.jpg 800w, https:\/\/shop.mamasugo.it\/wp-content\/uploads\/2025\/04\/basilico-15-100x100.jpg 100w, https:\/\/shop.mamasugo.it\/wp-content\/uploads\/2025\/04\/basilico-15-510x510.jpg 510w, https:\/\/shop.mamasugo.it\/wp-content\/uploads\/2025\/04\/basilico-15-300x300.jpg 300w, https:\/\/shop.mamasugo.it\/wp-content\/uploads\/2025\/04\/basilico-15-150x150.jpg 150w, https:\/\/shop.mamasugo.it\/wp-content\/uploads\/2025\/04\/basilico-15-768x768.jpg 768w, https:\/\/shop.mamasugo.it\/wp-content\/uploads\/2025\/04\/basilico-15-480x480.jpg 480w\" sizes=\"auto, (max-width: 800px) 100vw, 800px\" \/>\t\t\t\t\t\t\n\t\t\t\t\t<\/div>\n\t\t\t\t\t\t\t\t\n<style>\n#image_644745712 {\n  width: 100%;\n}\n<\/style>\n\t<\/div>\n\t\n\n\n\t\t<\/div>\n\t\t\t\t\t<\/div>\n\n\t\n\n<\/div>\n\n\t<section class=\"section\" id=\"section_1603676\">\n\t\t<div class=\"section-bg fill\" >\n\t\t\t<img loading=\"lazy\" decoding=\"async\" width=\"2000\" height=\"2000\" src=\"https:\/\/shop.mamasugo.it\/wp-content\/uploads\/2025\/04\/shopquad.jpg\" class=\"bg attachment-original size-original\" alt=\"\" \/>\t\t\t\t\t\t\n\t\t\t\n\n\t\t<\/div>\n\n\t\t\n\n\t\t<div class=\"section-content relative\">\n\t\t\t\n\n\t<div id=\"gap-2054214913\" class=\"gap-element clearfix\" style=\"display:block; height:auto;\">\n\t\t\n<style>\n#gap-2054214913 {\n  padding-top: 30px;\n}\n<\/style>\n\t<\/div>\n\t\n\n<div class=\"row align-middle align-center\"  id=\"row-1424771821\">\n\n\n\t<div id=\"col-90372356\" class=\"col medium-9 small-12 large-9\"  >\n\t\t\t\t<div class=\"col-inner\"  >\n\t\t\t\n\t\t\t\n\n\t<div id=\"text-780913367\" class=\"text\">\n\t\t\n\n<h2><strong>Um molho, mil receitas<br><\/strong><\/h2>\n\t\t\n<style>\n#text-780913367 {\n  font-size: 1.7rem;\n  text-align: center;\n  color: #c92c39;\n}\n#text-780913367 > * {\n  color: #c92c39;\n}\n<\/style>\n\t<\/div>\n\t\n\t<div id=\"gap-693686904\" class=\"gap-element clearfix\" style=\"display:block; height:auto;\">\n\t\t\n<style>\n#gap-693686904 {\n  padding-top: 20px;\n}\n<\/style>\n\t<\/div>\n\t\n\n\t<div id=\"text-794827342\" class=\"text\">\n\t\t\n\n<p>Perfeito para um prato de espaguete fumegante, delicioso em uma bruschetta crocante, surpreendente com carne ou legumes grelhados.<\/p>\n<p>Nosso Molho de Manjeric\u00e3o foi pensado para acompanhar sua criatividade na cozinha, mesmo quando voc\u00ea tem pouco tempo.<\/p>\n\t\t\n<style>\n#text-794827342 {\n  text-align: center;\n}\n<\/style>\n\t<\/div>\n\t\n\n\t\t<\/div>\n\t\t\t\t\t<\/div>\n\n\t\n\n\t<div id=\"col-15788081\" class=\"col small-12 large-12\"  >\n\t\t\t\t<div class=\"col-inner\"  >\n\t\t\t\n\t\t\t\n\n\n  \n    <div class=\"row large-columns-4 medium-columns-2 small-columns-1\" >\n  <div class=\"gallery-col col\" >\n          <div class=\"col-inner\">\n            <a class=\"image-lightbox lightbox-gallery\" href=\"https:\/\/shop.mamasugo.it\/wp-content\/uploads\/2025\/04\/pasta-pomodoro.jpg\" title=\"\">            <div class=\"box has-hover gallery-box box-none\">\n              <div class=\"box-image image-zoom image-cover\" style=\"padding-top:100%;\">\n                <img loading=\"lazy\" decoding=\"async\" width=\"200\" height=\"300\" src=\"https:\/\/shop.mamasugo.it\/wp-content\/uploads\/2025\/04\/pasta-pomodoro-200x300.jpg\" class=\"attachment-medium size-medium\" alt=\"\" ids=\"4278,4279,4280,4281\" style=\"none\" lightbox_image_size=\"original\" columns__sm=\"1\" columns__md=\"2\" image_height=\"100%\" image_hover=\"zoom\" srcset=\"https:\/\/shop.mamasugo.it\/wp-content\/uploads\/2025\/04\/pasta-pomodoro-200x300.jpg 200w, https:\/\/shop.mamasugo.it\/wp-content\/uploads\/2025\/04\/pasta-pomodoro-510x765.jpg 510w, https:\/\/shop.mamasugo.it\/wp-content\/uploads\/2025\/04\/pasta-pomodoro-480x720.jpg 480w, https:\/\/shop.mamasugo.it\/wp-content\/uploads\/2025\/04\/pasta-pomodoro.jpg 667w\" sizes=\"auto, (max-width: 200px) 100vw, 200px\" \/>                                                              <\/div>\n              <div class=\"box-text text-left\" >\n                 <p><\/p>\n              <\/div>\n            <\/div>\n            <\/a>          <\/div>\n         <\/div><div class=\"gallery-col col\" >\n          <div class=\"col-inner\">\n            <a class=\"image-lightbox lightbox-gallery\" href=\"https:\/\/shop.mamasugo.it\/wp-content\/uploads\/2025\/04\/pasta.jpg\" title=\"\">            <div class=\"box has-hover gallery-box box-none\">\n              <div class=\"box-image image-zoom image-cover\" style=\"padding-top:100%;\">\n                <img loading=\"lazy\" decoding=\"async\" width=\"200\" height=\"300\" src=\"https:\/\/shop.mamasugo.it\/wp-content\/uploads\/2025\/04\/pasta-200x300.jpg\" class=\"attachment-medium size-medium\" alt=\"\" ids=\"4278,4279,4280,4281\" style=\"none\" lightbox_image_size=\"original\" columns__sm=\"1\" columns__md=\"2\" image_height=\"100%\" image_hover=\"zoom\" srcset=\"https:\/\/shop.mamasugo.it\/wp-content\/uploads\/2025\/04\/pasta-200x300.jpg 200w, https:\/\/shop.mamasugo.it\/wp-content\/uploads\/2025\/04\/pasta-510x765.jpg 510w, https:\/\/shop.mamasugo.it\/wp-content\/uploads\/2025\/04\/pasta-480x720.jpg 480w, https:\/\/shop.mamasugo.it\/wp-content\/uploads\/2025\/04\/pasta.jpg 667w\" sizes=\"auto, (max-width: 200px) 100vw, 200px\" \/>                                                              <\/div>\n              <div class=\"box-text text-left\" >\n                 <p><\/p>\n              <\/div>\n            <\/div>\n            <\/a>          <\/div>\n         <\/div><div class=\"gallery-col col\" >\n          <div class=\"col-inner\">\n            <a class=\"image-lightbox lightbox-gallery\" href=\"https:\/\/shop.mamasugo.it\/wp-content\/uploads\/2025\/04\/sugo-casa.jpg\" title=\"\">            <div class=\"box has-hover gallery-box box-none\">\n              <div class=\"box-image image-zoom image-cover\" style=\"padding-top:100%;\">\n                <img loading=\"lazy\" decoding=\"async\" width=\"300\" height=\"168\" src=\"https:\/\/shop.mamasugo.it\/wp-content\/uploads\/2025\/04\/sugo-casa-300x168.jpg\" class=\"attachment-medium size-medium\" alt=\"\" ids=\"4278,4279,4280,4281\" style=\"none\" lightbox_image_size=\"original\" columns__sm=\"1\" columns__md=\"2\" image_height=\"100%\" image_hover=\"zoom\" srcset=\"https:\/\/shop.mamasugo.it\/wp-content\/uploads\/2025\/04\/sugo-casa-300x168.jpg 300w, https:\/\/shop.mamasugo.it\/wp-content\/uploads\/2025\/04\/sugo-casa-510x286.jpg 510w, https:\/\/shop.mamasugo.it\/wp-content\/uploads\/2025\/04\/sugo-casa-768x430.jpg 768w, https:\/\/shop.mamasugo.it\/wp-content\/uploads\/2025\/04\/sugo-casa-980x549.jpg 980w, https:\/\/shop.mamasugo.it\/wp-content\/uploads\/2025\/04\/sugo-casa-480x269.jpg 480w, https:\/\/shop.mamasugo.it\/wp-content\/uploads\/2025\/04\/sugo-casa.jpg 1000w\" sizes=\"auto, (max-width: 300px) 100vw, 300px\" \/>                                                              <\/div>\n              <div class=\"box-text text-left\" >\n                 <p><\/p>\n              <\/div>\n            <\/div>\n            <\/a>          <\/div>\n         <\/div><div class=\"gallery-col col\" >\n          <div class=\"col-inner\">\n            <a class=\"image-lightbox lightbox-gallery\" href=\"https:\/\/shop.mamasugo.it\/wp-content\/uploads\/2023\/10\/penne-arrabbiata-sugo.webp\" title=\"\">            <div class=\"box has-hover gallery-box box-none\">\n              <div class=\"box-image image-zoom image-cover\" style=\"padding-top:100%;\">\n                <img loading=\"lazy\" decoding=\"async\" width=\"300\" height=\"300\" src=\"https:\/\/shop.mamasugo.it\/wp-content\/uploads\/2023\/10\/penne-arrabbiata-sugo-300x300.webp\" class=\"attachment-medium size-medium\" alt=\"\" ids=\"4278,4279,4280,4281\" style=\"none\" lightbox_image_size=\"original\" columns__sm=\"1\" columns__md=\"2\" image_height=\"100%\" image_hover=\"zoom\" srcset=\"https:\/\/shop.mamasugo.it\/wp-content\/uploads\/2023\/10\/penne-arrabbiata-sugo-300x300.webp 300w, https:\/\/shop.mamasugo.it\/wp-content\/uploads\/2023\/10\/penne-arrabbiata-sugo-100x100.webp 100w, https:\/\/shop.mamasugo.it\/wp-content\/uploads\/2023\/10\/penne-arrabbiata-sugo-1000x1000.webp 1000w, https:\/\/shop.mamasugo.it\/wp-content\/uploads\/2023\/10\/penne-arrabbiata-sugo-1024x1024.webp 1024w, https:\/\/shop.mamasugo.it\/wp-content\/uploads\/2023\/10\/penne-arrabbiata-sugo-150x150.webp 150w, https:\/\/shop.mamasugo.it\/wp-content\/uploads\/2023\/10\/penne-arrabbiata-sugo-768x768.webp 768w, https:\/\/shop.mamasugo.it\/wp-content\/uploads\/2023\/10\/penne-arrabbiata-sugo-1536x1536.webp 1536w, https:\/\/shop.mamasugo.it\/wp-content\/uploads\/2023\/10\/penne-arrabbiata-sugo-1080x1080.webp 1080w, https:\/\/shop.mamasugo.it\/wp-content\/uploads\/2023\/10\/penne-arrabbiata-sugo-1280x1280.webp 1280w, https:\/\/shop.mamasugo.it\/wp-content\/uploads\/2023\/10\/penne-arrabbiata-sugo-980x980.webp 980w, https:\/\/shop.mamasugo.it\/wp-content\/uploads\/2023\/10\/penne-arrabbiata-sugo-480x480.webp 480w, https:\/\/shop.mamasugo.it\/wp-content\/uploads\/2023\/10\/penne-arrabbiata-sugo.webp 1600w\" sizes=\"auto, (max-width: 300px) 100vw, 300px\" \/>                                                              <\/div>\n              <div class=\"box-text text-left\" >\n                 <p><\/p>\n              <\/div>\n            <\/div>\n            <\/a>          <\/div>\n         <\/div><\/div>\n\n\n\t\t<\/div>\n\t\t\t\t\t<\/div>\n\n\t\n\n\t<div id=\"col-740850496\" class=\"col medium-7 small-12 large-7\"  >\n\t\t\t\t<div class=\"col-inner text-left\"  >\n\t\t\t\n\t\t\t\n\n\t<div id=\"text-1193049517\" class=\"text\">\n\t\t\n\n<h2><strong>Quanto voc\u00ea quer? Escolha o formato perfeito para voc\u00ea <\/strong><\/h2>\n\t\t\n<style>\n#text-1193049517 {\n  font-size: 1.7rem;\n  text-align: left;\n  color: rgb(0, 0, 0);\n}\n#text-1193049517 > * {\n  color: rgb(0, 0, 0);\n}\n<\/style>\n\t<\/div>\n\t\n\t<div id=\"gap-400321078\" class=\"gap-element clearfix\" style=\"display:block; height:auto;\">\n\t\t\n<style>\n#gap-400321078 {\n  padding-top: 20px;\n}\n<\/style>\n\t<\/div>\n\t\n\n\n\t\t<div class=\"icon-box featured-box icon-box-left text-left\"  >\n\t\t\t\t\t<div class=\"icon-box-img\" style=\"width: 25px\">\n\t\t\t\t<div class=\"icon\">\n\t\t\t\t\t<div class=\"icon-inner\" >\n\t\t\t\t\t\t<img loading=\"lazy\" decoding=\"async\" width=\"50\" height=\"50\" src=\"https:\/\/shop.mamasugo.it\/wp-content\/uploads\/2025\/09\/mama_sugo_icona_naturale.png\" class=\"attachment-medium size-medium\" alt=\"\" \/>\t\t\t\t\t<\/div>\n\t\t\t\t<\/div>\n\t\t\t<\/div>\n\t\t\t\t<div class=\"icon-box-text last-reset\">\n\t\t\t\t\t\t\t\t\t\n\n<p style=\"margin-bottom: 0px; margin-top: 3px;\">\nEmbalagem com 5 por\u00e7\u00f5es individuais de 55g: ideal para pequenas fam\u00edlias ou uso di\u00e1rio<\/p>\n\n\n\t\t<\/div>\n\t<\/div>\n\t\n\t\n\t<div id=\"gap-661085979\" class=\"gap-element clearfix\" style=\"display:block; height:auto;\">\n\t\t\n<style>\n#gap-661085979 {\n  padding-top: 10px;\n}\n<\/style>\n\t<\/div>\n\t\n\n\n\t\t<div class=\"icon-box featured-box icon-box-left text-left\"  >\n\t\t\t\t\t<div class=\"icon-box-img\" style=\"width: 25px\">\n\t\t\t\t<div class=\"icon\">\n\t\t\t\t\t<div class=\"icon-inner\" >\n\t\t\t\t\t\t<img loading=\"lazy\" decoding=\"async\" width=\"50\" height=\"50\" src=\"https:\/\/shop.mamasugo.it\/wp-content\/uploads\/2025\/09\/mama_sugo_icona_naturale.png\" class=\"attachment-medium size-medium\" alt=\"\" \/>\t\t\t\t\t<\/div>\n\t\t\t\t<\/div>\n\t\t\t<\/div>\n\t\t\t\t<div class=\"icon-box-text last-reset\">\n\t\t\t\t\t\t\t\t\t\n\n<p style=\"margin-bottom: 0px; margin-top: 3px;\">\nCaixa com 3 embalagens (15 por\u00e7\u00f5es no total): o estoque perfeito para quem ama este molho e quer t\u00ea-lo sempre \u00e0 m\u00e3o<\/p>\n\n\n\t\t<\/div>\n\t<\/div>\n\t\n\t\n\t<div id=\"gap-421052569\" class=\"gap-element clearfix\" style=\"display:block; height:auto;\">\n\t\t\n<style>\n#gap-421052569 {\n  padding-top: 20px;\n}\n<\/style>\n\t<\/div>\n\t\n\n<a href=\"https:\/\/shop.mamasugo.it\/pt-br\/carrinho\/?add-to-cart=208\" class=\"button secondary reveal-icon\"  style=\"border-radius:99px;\">\n\t\t<span>Adicionar ao carrinho<\/span>\n\t<i class=\"icon-angle-right\" aria-hidden=\"true\" ><\/i><\/a>\n\n\n\n\t\t<\/div>\n\t\t\t\t\t<\/div>\n\n\t\n\n<\/div>\n\n\t\t<\/div>\n\n\t\t\n<style>\n#section_1603676 {\n  padding-top: 0px;\n  padding-bottom: 0px;\n}\n#section_1603676 .section-bg img {\n  object-position: 50% 50%;\n}\n<\/style>\n\t<\/section>\n\t\n\n","protected":false},"excerpt":{"rendered":"","protected":false},"author":2,"featured_media":0,"parent":0,"menu_order":0,"comment_status":"closed","ping_status":"closed","template":"page-blank.php","meta":{"footnotes":""},"class_list":["post-4318","page","type-page","status-publish","hentry"],"_links":{"self":[{"href":"https:\/\/shop.mamasugo.it\/pt-br\/wp-json\/wp\/v2\/pages\/4318","targetHints":{"allow":["GET"]}}],"collection":[{"href":"https:\/\/shop.mamasugo.it\/pt-br\/wp-json\/wp\/v2\/pages"}],"about":[{"href":"https:\/\/shop.mamasugo.it\/pt-br\/wp-json\/wp\/v2\/types\/page"}],"author":[{"embeddable":true,"href":"https:\/\/shop.mamasugo.it\/pt-br\/wp-json\/wp\/v2\/users\/2"}],"replies":[{"embeddable":true,"href":"https:\/\/shop.mamasugo.it\/pt-br\/wp-json\/wp\/v2\/comments?post=4318"}],"version-history":[{"count":2,"href":"https:\/\/shop.mamasugo.it\/pt-br\/wp-json\/wp\/v2\/pages\/4318\/revisions"}],"predecessor-version":[{"id":4321,"href":"https:\/\/shop.mamasugo.it\/pt-br\/wp-json\/wp\/v2\/pages\/4318\/revisions\/4321"}],"wp:attachment":[{"href":"https:\/\/shop.mamasugo.it\/pt-br\/wp-json\/wp\/v2\/media?parent=4318"}],"curies":[{"name":"wp","href":"https:\/\/api.w.org\/{rel}","templated":true}]}}