{"id":4070,"date":"2025-11-01T22:36:37","date_gmt":"2025-11-01T22:36:37","guid":{"rendered":"https:\/\/shop.mamasugo.it\/declaracao-de-acessibilidade\/"},"modified":"2025-11-17T12:53:43","modified_gmt":"2025-11-17T12:53:43","slug":"declaracao-de-acessibilidade","status":"publish","type":"page","link":"https:\/\/shop.mamasugo.it\/pt-br\/declaracao-de-acessibilidade\/","title":{"rendered":"Declara\u00e7\u00e3o de Acessibilidade"},"content":{"rendered":"\n\t<div id=\"text-778258873\" class=\"text note-legali\">\n\t\t\n\n<p>A ComCart S.r.l. compromete-se a tornar o seu site acess\u00edvel, em conformidade com a lei de 9 de janeiro de 2004, n. 4. A presente declara\u00e7\u00e3o de acessibilidade aplica-se ao site <a href=\"\/\">shop.mamasugo.it<\/a><\/p>\n<h4><strong>Estado de conformidade<\/strong><\/h4>\n<p><span style=\"color: #000;\"><strong>Parcialmente em conformidade<\/strong><\/span><br>Este site est\u00e1 parcialmente em conformidade com os requisitos previstos no ap\u00eandice A da norma UNI CEI EN 301549 devido aos casos de n\u00e3o conformidade e \u00e0s derroga\u00e7\u00f5es listadas abaixo<\/p>\n<h4><strong>Conte\u00fados n\u00e3o acess\u00edveis<\/strong><\/h4>\n<p>Os conte\u00fados listados abaixo n\u00e3o s\u00e3o acess\u00edveis pelos seguintes motivos:<\/p>\n<p>a) incumprimento da lei de 9 de janeiro de 2004, n. 4, incluindo: <\/p>\n<ul>\n<li>O crit\u00e9rio 1.1.1 Conte\u00fado n\u00e3o textual (WCAG 2.1 n\u00edvel A) n\u00e3o \u00e9 respeitado, uma vez que existem no site alguns elementos gr\u00e1ficos, n\u00e3o estritamente relacionados com a usabilidade do site, que n\u00e3o apresentam uma alternativa textual;<\/li>\n<li>O crit\u00e9rio 1.2.1 Apenas \u00e1udio e apenas v\u00eddeo (WCAG 2.1 n\u00edvel A) n\u00e3o \u00e9 respeitado, uma vez que, devido \u00e0s tecnologias utilizadas para a realiza\u00e7\u00e3o do site, eventuais v\u00eddeos presentes no site n\u00e3o disp\u00f5em de uma alternativa equivalente ao conte\u00fado de apenas \u00e1udio pr\u00e9-gravado;<\/li>\n<li>O crit\u00e9rio 1.2.2 Legendas (pr\u00e9-gravadas) (WCAG 2.1 n\u00edvel A) n\u00e3o \u00e9 respeitado, uma vez que, devido \u00e0s tecnologias utilizadas para a realiza\u00e7\u00e3o do site, eventuais v\u00eddeos presentes no site n\u00e3o disp\u00f5em de legendas pr\u00e9-gravadas;<\/li>\n<li>O crit\u00e9rio 1.2.3 Audiodescri\u00e7\u00e3o ou tipo de m\u00e9dia alternativo (pr\u00e9-gravado) (WCAG 2.1 n\u00edvel A) n\u00e3o \u00e9 respeitado, uma vez que, devido \u00e0s tecnologias utilizadas para a realiza\u00e7\u00e3o do site, eventuais v\u00eddeos presentes no site n\u00e3o disp\u00f5em de audiodescri\u00e7\u00e3o dos conte\u00fados de v\u00eddeo pr\u00e9-gravados;<\/li>\n<li>O crit\u00e9rio 1.2.5 Audiodescri\u00e7\u00e3o (pr\u00e9-gravada) (WCAG 2.1 n\u00edvel AA) n\u00e3o \u00e9 respeitado, uma vez que, devido \u00e0s tecnologias utilizadas para a realiza\u00e7\u00e3o do site, eventuais v\u00eddeos presentes no site n\u00e3o disp\u00f5em de audiodescri\u00e7\u00e3o;<\/li>\n<li>O crit\u00e9rio 1.3.1 Informa\u00e7\u00f5es e correla\u00e7\u00f5es (WCAG 2.1 n\u00edvel A) n\u00e3o \u00e9 respeitado, uma vez que em algumas partes do site a estrutura do c\u00f3digo, devido \u00e0s tecnologias utilizadas para a realiza\u00e7\u00e3o do site, n\u00e3o \u00e9 facilmente utiliz\u00e1vel por leitores de tela e outras tecnologias assistivas;<\/li>\n<li>O crit\u00e9rio 1.4.2 Controlo do sonoro (WCAG 2.1 n\u00edvel A) n\u00e3o \u00e9 respeitado, uma vez que, devido \u00e0s tecnologias utilizadas para a realiza\u00e7\u00e3o do site, eventuais conte\u00fados de \u00e1udio presentes no site n\u00e3o fornecem ao utilizador a possibilidade de colocar em pausa ou de interromper o conte\u00fado de \u00e1udio propriamente dito;<\/li>\n<li>O crit\u00e9rio 1.4.3 Contraste (m\u00ednimo) (WCAG 2.1 n\u00edvel AA) n\u00e3o \u00e9 respeitado, uma vez que, por raz\u00f5es de brand identity, a paleta de cores n\u00e3o pode ser modificada sem correr o risco de comprometer a reconhecibilidade da marca;<\/li>\n<li>O crit\u00e9rio 2.4.1 Salto de blocos (WCAG 2.1 n\u00edvel A) n\u00e3o \u00e9 respeitado, uma vez que, devido \u00e0s tecnologias utilizadas para a realiza\u00e7\u00e3o do site, n\u00e3o est\u00e1 presente a funcionalidade para saltar diretamente para o conte\u00fado;<\/li>\n<li>O crit\u00e9rio 2.4.4 Finalidade da liga\u00e7\u00e3o (no contexto) (WCAG 2.1 n\u00edvel A) n\u00e3o \u00e9 respeitado, uma vez que, por motivos de escolha estil\u00edstica e comunicativa, em algumas liga\u00e7\u00f5es est\u00e1 presente texto que n\u00e3o reflete plenamente o destino e a finalidade da liga\u00e7\u00e3o;<\/li>\n<li>O crit\u00e9rio 2.4.6 Cabe\u00e7alhos e r\u00f3tulos (WCAG 2.1 n\u00edvel AA) n\u00e3o \u00e9 respeitado, uma vez que alguns campos preench\u00edveis no site n\u00e3o t\u00eam r\u00f3tulo, pois s\u00e3o substitu\u00eddos por um texto de espa\u00e7o reservado (placeholder);<\/li>\n<li>O crit\u00e9rio 3.3.2 R\u00f3tulos ou instru\u00e7\u00f5es (WCAG 2.1 n\u00edvel A) n\u00e3o \u00e9 respeitado, uma vez que, devido \u00e0s tecnologias utilizadas para a realiza\u00e7\u00e3o do site, em alguns elementos n\u00e3o est\u00e3o presentes r\u00f3tulos ou instru\u00e7\u00f5es claras caso tal elemento exigisse uma a\u00e7\u00e3o de input por parte do utilizador<\/li>\n<\/ul>\n<h4><strong>Reda\u00e7\u00e3o da declara\u00e7\u00e3o de acessibilidade<\/strong><\/h4>\n<p>A presente declara\u00e7\u00e3o foi redigida em 01\/11\/2025<\/p>\n<p>As informa\u00e7\u00f5es presentes na declara\u00e7\u00e3o foram obtidas em seguida a autoavalia\u00e7\u00e3o interna atrav\u00e9s de instrumentos autom\u00e1ticos, testes manuais e revis\u00e3o t\u00e9cnica<\/p>\n<p>A declara\u00e7\u00e3o foi revista por \u00faltimo em 01\/11\/2025<\/p>\n<h4><strong>Modalidades de envio das notifica\u00e7\u00f5es e contactos da entidade prestadora<\/strong><\/h4>\n<p>Eventuais notifica\u00e7\u00f5es podem ser enviadas \u00e0 ComCart S.r.l. atrav\u00e9s de e-mail para o endere\u00e7o de correio eletr\u00f3nico <a href=\"mailto:info@comcart.it\">info@comcart.it<\/a><\/p>\n<p>Os contactos da ComCart S.r.l. s\u00e3o os seguintes:<\/p>\n<ul>\n<li style=\"list-style-type: none;\">\n<ul>\n<li>Raz\u00e3o social: ComCart S.r.l.<\/li>\n<li>Sede legal: Via Matteotti n. 43, 47043, Gatteo a Mare (FC) <\/li>\n<li>Telefone: <a href=\"tel:+390541082982\">+39 0541 082982<\/a><\/li>\n<li>Endere\u00e7o de e-mail: <a href=\"mailto:info@comcart.it\">info@comcart.it<\/a><\/li>\n<\/ul>\n<\/li>\n<\/ul>\n<h4><strong>Modalidades de envio das notifica\u00e7\u00f5es \u00e0 AgID<\/strong><\/h4>\n<p>Em caso de resposta insatisfat\u00f3ria ou de falta de resposta, no prazo de trinta dias, \u00e0 notifica\u00e7\u00e3o ou ao pedido, o interessado pode enviar uma notifica\u00e7\u00e3o utilizando a seguinte liga\u00e7\u00e3o: <a href=\"https:\/\/www.agid.gov.it\/it\" target=\"_blank\" rel=\"noopener\">https:\/\/www.agid.gov.it\/it<\/a><\/p>\n<h4><strong>Informa\u00e7\u00f5es sobre o site<\/strong><\/h4>\n<ol>\n<li>A data de publica\u00e7\u00e3o do site: Janeiro de 2025<\/li>\n<li>Foram efetuados os testes de usabilidade: Sim<\/li>\n<li>CMS utilizado para o site: WordPress<\/li>\n<\/ol>\n\t\t\t<\/div>\n\t\n\n","protected":false},"excerpt":{"rendered":"","protected":false},"author":2,"featured_media":0,"parent":0,"menu_order":0,"comment_status":"closed","ping_status":"closed","template":"","meta":{"footnotes":""},"class_list":["post-4070","page","type-page","status-publish","hentry"],"_links":{"self":[{"href":"https:\/\/shop.mamasugo.it\/pt-br\/wp-json\/wp\/v2\/pages\/4070","targetHints":{"allow":["GET"]}}],"collection":[{"href":"https:\/\/shop.mamasugo.it\/pt-br\/wp-json\/wp\/v2\/pages"}],"about":[{"href":"https:\/\/shop.mamasugo.it\/pt-br\/wp-json\/wp\/v2\/types\/page"}],"author":[{"embeddable":true,"href":"https:\/\/shop.mamasugo.it\/pt-br\/wp-json\/wp\/v2\/users\/2"}],"replies":[{"embeddable":true,"href":"https:\/\/shop.mamasugo.it\/pt-br\/wp-json\/wp\/v2\/comments?post=4070"}],"version-history":[{"count":1,"href":"https:\/\/shop.mamasugo.it\/pt-br\/wp-json\/wp\/v2\/pages\/4070\/revisions"}],"predecessor-version":[{"id":4071,"href":"https:\/\/shop.mamasugo.it\/pt-br\/wp-json\/wp\/v2\/pages\/4070\/revisions\/4071"}],"wp:attachment":[{"href":"https:\/\/shop.mamasugo.it\/pt-br\/wp-json\/wp\/v2\/media?parent=4070"}],"curies":[{"name":"wp","href":"https:\/\/api.w.org\/{rel}","templated":true}]}}