{"id":4064,"date":"2025-05-09T11:43:16","date_gmt":"2025-05-09T11:43:16","guid":{"rendered":"https:\/\/shop.mamasugo.it\/faq\/"},"modified":"2025-11-17T12:50:43","modified_gmt":"2025-11-17T12:50:43","slug":"faq","status":"publish","type":"page","link":"https:\/\/shop.mamasugo.it\/pt-br\/faq\/","title":{"rendered":"FAQ"},"content":{"rendered":"\n\t<div id=\"gap-1111199098\" class=\"gap-element clearfix\" style=\"display:block; height:auto;\">\n\t\t\n<style>\n#gap-1111199098 {\n  padding-top: 30px;\n}\n<\/style>\n\t<\/div>\n\t\n\n<div class=\"row\"  id=\"row-86387324\">\n\n\n\t<div id=\"col-667905323\" class=\"col small-12 large-12\"  >\n\t\t\t\t<div class=\"col-inner\"  >\n\t\t\t\n\t\t\t\n\n\t<div id=\"text-2095029036\" class=\"text\">\n\t\t\n\n<h1><strong>Perguntas frequentes<\/strong><\/h1>\n\t\t\n<style>\n#text-2095029036 {\n  font-size: 1.7rem;\n  color: #c92c39;\n}\n#text-2095029036 > * {\n  color: #c92c39;\n}\n<\/style>\n\t<\/div>\n\t\n\t<div id=\"gap-1925369032\" class=\"gap-element clearfix\" style=\"display:block; height:auto;\">\n\t\t\n<style>\n#gap-1925369032 {\n  padding-top: 20px;\n}\n<\/style>\n\t<\/div>\n\t\n\n<div class=\"accordion\">\n\n\t<div id=\"accordion-2015984078\" class=\"accordion-item\">\n\t\t<a id=\"accordion-2015984078-label\" class=\"accordion-title plain\" href=\"#accordion-item-para-quem-s\u00e3o-pensados-os-molhos-mam\u00e0?\" aria-expanded=\"false\" aria-controls=\"accordion-2015984078-content\" >\n\t\t\t<button class=\"toggle\" aria-label=\"Toggle\"><i class=\"icon-angle-down\"><\/i><\/button>\n\t\t\t<span>Para quem s\u00e3o pensados os molhos Mam\u00e0?<\/span>\n\t\t<\/a>\n\t\t<div id=\"accordion-2015984078-content\" class=\"accordion-inner\" aria-labelledby=\"accordion-2015984078-label\" >\n\t\t\t\n\n<p>S\u00e3o perfeitos para todos, especialmente para quem tem pouco tempo:<span class=\"Apple-converted-space\">&nbsp;<\/span><\/p>\n<ul>\n<li>para trabalhadores com uma pausa de almo\u00e7o curta<span class=\"Apple-converted-space\">&nbsp;<\/span><\/li>\n<li>para viajantes, pois s\u00e3o leves de transportar<\/li>\n<li>para estudantes fora de casa ou no estrangeiro que n\u00e3o querem abdicar dos sabores de casa<\/li>\n<li>para quem vive sozinho, para eliminar desperd\u00edcios e mudar de sabor todos os dias.<\/li>\n<\/ul>\n\n\t\t<\/div>\n\t<\/div>\n\t\n\t<div id=\"accordion-3056927456\" class=\"accordion-item\">\n\t\t<a id=\"accordion-3056927456-label\" class=\"accordion-title plain\" href=\"#accordion-item-posso-com\u00ea-los-se-for-cel\u00edaco,-vegano-ou-al\u00e9rgico-a-alguma-coisa?\" aria-expanded=\"false\" aria-controls=\"accordion-3056927456-content\" >\n\t\t\t<button class=\"toggle\" aria-label=\"Toggle\"><i class=\"icon-angle-down\"><\/i><\/button>\n\t\t\t<span>Posso com\u00ea-los se for cel\u00edaco, vegano ou al\u00e9rgico a alguma coisa?<\/span>\n\t\t<\/a>\n\t\t<div id=\"accordion-3056927456-content\" class=\"accordion-inner\" aria-labelledby=\"accordion-3056927456-label\" >\n\t\t\t\n\n<p>Absolutamente sim! Os nossos molhos s\u00e3o livres dos 14 alerg\u00e9nios principais estabelecidos pelo regulamento UE 1169\/2011, tanto de forma direta quanto cruzada (Gl\u00faten, Crust\u00e1ceos, Ovos, Peixe, Amendoins, Soja, Leite, Frutos secos, Aipo, Mostarda, Sementes de s\u00e9samo, Di\u00f3xido de enxofre e sulfitos, Tremo\u00e7os, Moluscos) <\/p>\n\n\t\t<\/div>\n\t<\/div>\n\t\n\t<div id=\"accordion-973984316\" class=\"accordion-item\">\n\t\t<a id=\"accordion-973984316-label\" class=\"accordion-title plain\" href=\"#accordion-item-quantas-monopor\u00e7\u00f5es-h\u00e1-numa-embalagem?\" aria-expanded=\"false\" aria-controls=\"accordion-973984316-content\" >\n\t\t\t<button class=\"toggle\" aria-label=\"Toggle\"><i class=\"icon-angle-down\"><\/i><\/button>\n\t\t\t<span>Quantas monopor\u00e7\u00f5es h\u00e1 numa embalagem?<\/span>\n\t\t<\/a>\n\t\t<div id=\"accordion-973984316-content\" class=\"accordion-inner\" aria-labelledby=\"accordion-973984316-label\" >\n\t\t\t\n\n<div class=\"et_pb_toggle et_pb_module et_pb_accordion_item et_pb_accordion_item_2 et_pb_toggle_open\">\n<div class=\"et_pb_toggle_content clearfix\">\n<p>Numa embalagem h\u00e1 5 MONOPOR\u00c7\u00d5ES<\/p>\n<\/div>\n<\/div>\n\n\t\t<\/div>\n\t<\/div>\n\t\n\t<div id=\"accordion-4117674172\" class=\"accordion-item\">\n\t\t<a id=\"accordion-4117674172-label\" class=\"accordion-title plain\" href=\"#accordion-item-quantos-gramas-de-massa-bastam-para-uma-monopor\u00e7\u00e3o?\" aria-expanded=\"false\" aria-controls=\"accordion-4117674172-content\" >\n\t\t\t<button class=\"toggle\" aria-label=\"Toggle\"><i class=\"icon-angle-down\"><\/i><\/button>\n\t\t\t<span>Quantos gramas de massa bastam para uma monopor\u00e7\u00e3o?<\/span>\n\t\t<\/a>\n\t\t<div id=\"accordion-4117674172-content\" class=\"accordion-inner\" aria-labelledby=\"accordion-4117674172-label\" >\n\t\t\t\n\n<div class=\"et_pb_toggle et_pb_module et_pb_accordion_item et_pb_accordion_item_3 et_pb_toggle_open\">\n<div class=\"et_pb_toggle_content clearfix\">\n<p>A por\u00e7\u00e3o ideal de massa recomendada para uma monopor\u00e7\u00e3o \u00e9 100 gramas. Naturalmente, dependendo das necessidades da pessoa, o resultado varia em conformidade. <\/p>\n<\/div>\n<\/div>\n\n\t\t<\/div>\n\t<\/div>\n\t\n\t<div id=\"accordion-2505487701\" class=\"accordion-item\">\n\t\t<a id=\"accordion-2505487701-label\" class=\"accordion-title plain\" href=\"#accordion-item-tenho-de-cozinhar-o-molho-antes?\" aria-expanded=\"false\" aria-controls=\"accordion-2505487701-content\" >\n\t\t\t<button class=\"toggle\" aria-label=\"Toggle\"><i class=\"icon-angle-down\"><\/i><\/button>\n\t\t\t<span>Tenho de cozinhar o molho antes?<\/span>\n\t\t<\/a>\n\t\t<div id=\"accordion-2505487701-content\" class=\"accordion-inner\" aria-labelledby=\"accordion-2505487701-label\" >\n\t\t\t\n\n<p>N\u00e3o! Basta abrir a monopor\u00e7\u00e3o e deit\u00e1-la diretamente sobre a massa escorrida (n\u00f3s recomendamos tamb\u00e9m adicionar um fio de \u00e1gua de cozedura) e mexer.<\/p>\n\n\t\t<\/div>\n\t<\/div>\n\t\n\t<div id=\"accordion-3545819065\" class=\"accordion-item\">\n\t\t<a id=\"accordion-3545819065-label\" class=\"accordion-title plain\" href=\"#accordion-item-posso-us\u00e1-lo-em-algo-mais-al\u00e9m-da-massa?\" aria-expanded=\"false\" aria-controls=\"accordion-3545819065-content\" >\n\t\t\t<button class=\"toggle\" aria-label=\"Toggle\"><i class=\"icon-angle-down\"><\/i><\/button>\n\t\t\t<span>Posso us\u00e1-lo em algo mais al\u00e9m da massa?<\/span>\n\t\t<\/a>\n\t\t<div id=\"accordion-3545819065-content\" class=\"accordion-inner\" aria-labelledby=\"accordion-3545819065-label\" >\n\t\t\t\n\n<div id=\"main-content\">\n<article id=\"post-3316\" class=\"post-3316 page type-page status-publish hentry\">\n<div class=\"entry-content\">\n<div class=\"et-l et-l--post\">\n<div class=\"et_builder_inner_content et_pb_gutters3\">\n<div class=\"et_pb_section et_pb_section_0 et_section_regular\">\n<div class=\"et_pb_row et_pb_row_0\">\n<div class=\"et_pb_column et_pb_column_4_4 et_pb_column_0 et_pb_css_mix_blend_mode_passthrough et-last-child\">\n<div class=\"et_pb_module et_pb_accordion et_pb_accordion_0\">\n<div class=\"et_pb_toggle et_pb_module et_pb_accordion_item et_pb_accordion_item_5 et_pb_toggle_open\">\n<div class=\"et_pb_toggle_content clearfix\">\n<p>Absolutamente sim! \u00c9 perfeito tamb\u00e9m na pizza, nas bruschettas, na carne, como molho ou em todas aquelas receitas onde normalmente usarias tomate, com a comodidade de n\u00e3o teres de abrir um frasco inteiro. <\/p>\n<\/div>\n<\/div>\n<\/div>\n<\/div>\n<\/div>\n<\/div>\n<\/div>\n<\/div>\n<\/div>\n<\/article>\n<\/div>\n\n\t\t<\/div>\n\t<\/div>\n\t\n\n<\/div>\n\n\t\t<\/div>\n\t\t\t\t\t<\/div>\n\n\t\n\n<\/div>\n\t<div id=\"gap-1614233147\" class=\"gap-element clearfix\" style=\"display:block; height:auto;\">\n\t\t\n<style>\n#gap-1614233147 {\n  padding-top: 30px;\n}\n<\/style>\n\t<\/div>\n\t\n\n\n","protected":false},"excerpt":{"rendered":"","protected":false},"author":2,"featured_media":0,"parent":0,"menu_order":0,"comment_status":"closed","ping_status":"closed","template":"page-blank.php","meta":{"footnotes":""},"class_list":["post-4064","page","type-page","status-publish","hentry"],"_links":{"self":[{"href":"https:\/\/shop.mamasugo.it\/pt-br\/wp-json\/wp\/v2\/pages\/4064","targetHints":{"allow":["GET"]}}],"collection":[{"href":"https:\/\/shop.mamasugo.it\/pt-br\/wp-json\/wp\/v2\/pages"}],"about":[{"href":"https:\/\/shop.mamasugo.it\/pt-br\/wp-json\/wp\/v2\/types\/page"}],"author":[{"embeddable":true,"href":"https:\/\/shop.mamasugo.it\/pt-br\/wp-json\/wp\/v2\/users\/2"}],"replies":[{"embeddable":true,"href":"https:\/\/shop.mamasugo.it\/pt-br\/wp-json\/wp\/v2\/comments?post=4064"}],"version-history":[{"count":1,"href":"https:\/\/shop.mamasugo.it\/pt-br\/wp-json\/wp\/v2\/pages\/4064\/revisions"}],"predecessor-version":[{"id":4065,"href":"https:\/\/shop.mamasugo.it\/pt-br\/wp-json\/wp\/v2\/pages\/4064\/revisions\/4065"}],"wp:attachment":[{"href":"https:\/\/shop.mamasugo.it\/pt-br\/wp-json\/wp\/v2\/media?parent=4064"}],"curies":[{"name":"wp","href":"https:\/\/api.w.org\/{rel}","templated":true}]}}