{"id":4500,"date":"2025-11-05T16:18:52","date_gmt":"2025-11-05T16:18:52","guid":{"rendered":"https:\/\/shop.mamasugo.it\/prodotto\/creez-votre-box-5-pieces\/"},"modified":"2025-11-05T16:18:52","modified_gmt":"2025-11-05T16:18:52","slug":"creez-votre-box-5-pieces","status":"publish","type":"product","link":"https:\/\/shop.mamasugo.it\/fr\/prodotto\/creez-votre-box-5-pieces\/","title":{"rendered":"Cr\u00e9ez votre box 5 pi\u00e8ces"},"content":{"rendered":"<p data-start=\"1387\" data-end=\"1642\">Avec la <strong data-start=\"1394\" data-end=\"1430\">Box Mam\u00e1 de 5 sauces monoporzione<\/strong>, vous avez la libert\u00e9 de choisir jusqu&rsquo;\u00e0 <strong data-start=\"1466\" data-end=\"1484\">cinq recettes<\/strong> parmi nos propositions artisanales.<br data-start=\"1520\" data-end=\"1523\">Personnalisez votre box et d\u00e9couvrez le plaisir d&rsquo;une sauce pr\u00eate, authentique et riche en saveur, exactement comme faite maison.<\/p>\n<p data-start=\"1644\" data-end=\"1825\">\u2705 Choisissez jusqu&rsquo;\u00e0 <strong data-start=\"1660\" data-end=\"1682\">5 go\u00fbts diff\u00e9rents<\/strong><br data-start=\"1682\" data-end=\"1685\">\u2705 Parfaite pour les r\u00e9serves hebdomadaires ou pour les familles<br data-start=\"1733\" data-end=\"1736\">\u2705 Ingr\u00e9dients s\u00e9lectionn\u00e9s et cuisson lente<br data-start=\"1777\" data-end=\"1780\">\u2705 Pr\u00eates en quelques minutes, sans conservateurs<\/p>\n<p data-start=\"1827\" data-end=\"1962\">Une exp\u00e9rience de go\u00fbt authentique et sur mesure : cr\u00e9ez votre combinaison pr\u00e9f\u00e9r\u00e9e et apportez \u00e0 table toute la saveur de la cuisine Mam\u00e1.<\/p>\n","protected":false},"excerpt":{"rendered":"<p>Composez votre Box Mam\u00e1 de 5 sauces ! Choisissez jusqu&rsquo;\u00e0 cinq go\u00fbts diff\u00e9rents et cr\u00e9ez votre combinaison. <\/p>\n","protected":false},"featured_media":4501,"template":"","meta":[],"product_brand":[],"product_cat":[94,91],"product_tag":[],"class_list":{"0":"post-4500","1":"product","2":"type-product","3":"status-publish","4":"has-post-thumbnail","6":"product_cat-creez-votre-coffret","7":"product_cat-sauces-pretes-a-lemploi-mama","9":"first","10":"instock","11":"taxable","12":"shipping-taxable","13":"purchasable","14":"product-type-composite"},"_links":{"self":[{"href":"https:\/\/shop.mamasugo.it\/fr\/wp-json\/wp\/v2\/product\/4500","targetHints":{"allow":["GET"]}}],"collection":[{"href":"https:\/\/shop.mamasugo.it\/fr\/wp-json\/wp\/v2\/product"}],"about":[{"href":"https:\/\/shop.mamasugo.it\/fr\/wp-json\/wp\/v2\/types\/product"}],"wp:featuredmedia":[{"embeddable":true,"href":"https:\/\/shop.mamasugo.it\/fr\/wp-json\/wp\/v2\/media\/4501"}],"wp:attachment":[{"href":"https:\/\/shop.mamasugo.it\/fr\/wp-json\/wp\/v2\/media?parent=4500"}],"wp:term":[{"taxonomy":"product_brand","embeddable":true,"href":"https:\/\/shop.mamasugo.it\/fr\/wp-json\/wp\/v2\/product_brand?post=4500"},{"taxonomy":"product_cat","embeddable":true,"href":"https:\/\/shop.mamasugo.it\/fr\/wp-json\/wp\/v2\/product_cat?post=4500"},{"taxonomy":"product_tag","embeddable":true,"href":"https:\/\/shop.mamasugo.it\/fr\/wp-json\/wp\/v2\/product_tag?post=4500"}],"curies":[{"name":"wp","href":"https:\/\/api.w.org\/{rel}","templated":true}]}}