{"id":4490,"date":"2025-11-05T15:57:58","date_gmt":"2025-11-05T15:57:58","guid":{"rendered":"https:\/\/shop.mamasugo.it\/prodotto\/creez-votre-box-3-pieces\/"},"modified":"2025-11-05T15:57:58","modified_gmt":"2025-11-05T15:57:58","slug":"creez-votre-box-3-pieces","status":"publish","type":"product","link":"https:\/\/shop.mamasugo.it\/fr\/prodotto\/creez-votre-box-3-pieces\/","title":{"rendered":"Cr\u00e9ez votre box 3 pi\u00e8ces"},"content":{"rendered":"<p data-start=\"509\" data-end=\"840\">D\u00e9couvrez la libert\u00e9 de choisir avec la <strong data-start=\"547\" data-end=\"583\">Box Mam\u00e1 de 3 sauces portion individuelle<\/strong>.<br data-start=\"584\" data-end=\"587\">Vous pouvez <strong data-start=\"592\" data-end=\"636\">composer votre s\u00e9lection personnalis\u00e9e<\/strong> en choisissant jusqu&rsquo;\u00e0 trois variantes parmi nos sauces pr\u00eates, pr\u00e9par\u00e9es avec des ingr\u00e9dients simples et naturels. Parfaite pour ceux qui veulent go\u00fbter plusieurs saveurs ou pour ceux qui cherchent une id\u00e9e cadeau originale et savoureuse. <\/p>\n<p data-start=\"842\" data-end=\"1006\">\u2705 Choisissez jusqu&rsquo;\u00e0 <strong data-start=\"858\" data-end=\"877\">3 saveurs<\/strong><br data-start=\"877\" data-end=\"880\">\u2705 Emballage pratique et durable<br data-start=\"914\" data-end=\"917\">\u2705 Sauces pr\u00eates en quelques minutes<br data-start=\"947\" data-end=\"950\">\u2705 Id\u00e9al pour c\u00e9libataires, couples ou petites familles<\/p>\n<p data-start=\"1008\" data-end=\"1109\">Apportez \u00e0 table la tradition, le parfum du fait maison et la commodit\u00e9 du format portion individuelle.<\/p>\n","protected":false},"excerpt":{"rendered":"<p>Composez votre Box Mam\u00e1 de 3 sauces ! Choisissez jusqu&rsquo;\u00e0 trois saveurs parmi nos d\u00e9licieuses recettes. <\/p>\n","protected":false},"featured_media":4491,"template":"","meta":[],"product_brand":[],"product_cat":[94,91],"product_tag":[],"class_list":{"0":"post-4490","1":"product","2":"type-product","3":"status-publish","4":"has-post-thumbnail","6":"product_cat-creez-votre-coffret","7":"product_cat-sauces-pretes-a-lemploi-mama","9":"first","10":"instock","11":"taxable","12":"shipping-taxable","13":"purchasable","14":"product-type-composite"},"_links":{"self":[{"href":"https:\/\/shop.mamasugo.it\/fr\/wp-json\/wp\/v2\/product\/4490","targetHints":{"allow":["GET"]}}],"collection":[{"href":"https:\/\/shop.mamasugo.it\/fr\/wp-json\/wp\/v2\/product"}],"about":[{"href":"https:\/\/shop.mamasugo.it\/fr\/wp-json\/wp\/v2\/types\/product"}],"wp:featuredmedia":[{"embeddable":true,"href":"https:\/\/shop.mamasugo.it\/fr\/wp-json\/wp\/v2\/media\/4491"}],"wp:attachment":[{"href":"https:\/\/shop.mamasugo.it\/fr\/wp-json\/wp\/v2\/media?parent=4490"}],"wp:term":[{"taxonomy":"product_brand","embeddable":true,"href":"https:\/\/shop.mamasugo.it\/fr\/wp-json\/wp\/v2\/product_brand?post=4490"},{"taxonomy":"product_cat","embeddable":true,"href":"https:\/\/shop.mamasugo.it\/fr\/wp-json\/wp\/v2\/product_cat?post=4490"},{"taxonomy":"product_tag","embeddable":true,"href":"https:\/\/shop.mamasugo.it\/fr\/wp-json\/wp\/v2\/product_tag?post=4490"}],"curies":[{"name":"wp","href":"https:\/\/api.w.org\/{rel}","templated":true}]}}