{"id":4480,"date":"2025-04-22T14:26:07","date_gmt":"2025-04-22T14:26:07","guid":{"rendered":"https:\/\/shop.mamasugo.it\/prodotto\/mama-pesto-de-basilic-au-citron-pack-15x70g-fraicheur-gout-et-praticite\/"},"modified":"2025-04-22T14:26:07","modified_gmt":"2025-04-22T14:26:07","slug":"mama-pesto-de-basilic-au-citron-pack-15x70g-fraicheur-gout-et-praticite","status":"publish","type":"product","link":"https:\/\/shop.mamasugo.it\/fr\/prodotto\/mama-pesto-de-basilic-au-citron-pack-15x70g-fraicheur-gout-et-praticite\/","title":{"rendered":"Mam\u00e0 Pesto de Basilic au Citron \u2013 Pack 15x70g | Fra\u00eecheur, Go\u00fbt et Praticit\u00e9"},"content":{"rendered":"<h3 data-start=\"252\" data-end=\"355\"> <strong>Mam\u00e0 Pesto de Basilic au Citron \u2013 Pack 3 Emballages de 5x70g | Fra\u00eecheur, Go\u00fbt et Praticit\u00e9<\/strong><\/h3>\n<p data-start=\"357\" data-end=\"676\">Red\u00e9couvrez la saveur authentique du <strong data-start=\"390\" data-end=\"408\">pesto italien<\/strong> avec une note fra\u00eeche et surprenante gr\u00e2ce au <strong data-start=\"454\" data-end=\"491\">Mam\u00e0 Pesto de Basilic au Citron<\/strong>.<br data-start=\"492\" data-end=\"495\">Un condiment unique et raffin\u00e9, n\u00e9 de la rencontre entre le <strong data-start=\"554\" data-end=\"573\">basilic frais<\/strong> et le <strong data-start=\"579\" data-end=\"610\">parfum citronn\u00e9 du citron<\/strong>, parfait pour apporter une touche de lumi\u00e8re et de l\u00e9g\u00e8ret\u00e9 \u00e0 chaque plat.<\/p>\n<p data-start=\"678\" data-end=\"970\">Le <strong data-start=\"681\" data-end=\"705\">pack de 3 emballages<\/strong>, chacun avec <strong data-start=\"720\" data-end=\"740\">5 sachets de 70g<\/strong>, offre <strong data-start=\"748\" data-end=\"774\">15 portions individuelles au total<\/strong>, id\u00e9ales pour ceux qui souhaitent avoir toujours \u00e0 disposition un condiment frais, sain et pr\u00eat \u00e0 l&#8217;emploi.<br data-start=\"872\" data-end=\"875\">Parfait pour les repas rapides, les d\u00e9jeuners au bureau ou pour savourer la cuisine italienne o\u00f9 que vous soyez.<\/p>\n<hr data-start=\"972\" data-end=\"975\">\n<h3 data-start=\"977\" data-end=\"1033\"><strong>  Pourquoi vous allez adorer Mam\u00e0 Pesto de Basilic au Citron<\/strong><\/h3>\n<p data-start=\"1035\" data-end=\"1667\">\u2705 <strong data-start=\"1037\" data-end=\"1065\">Go\u00fbt frais et aromatique<\/strong> \u2013 Basilic italien et citron naturel dans un m\u00e9lange irr\u00e9sistible.<br data-start=\"1128\" data-end=\"1131\">\u2705 <strong data-start=\"1133\" data-end=\"1168\">Sans gluten et sans allerg\u00e8nes<\/strong> \u2013 Convient \u00e0 tous, m\u00eame \u00e0 ceux qui suivent des r\u00e9gimes particuliers.<br data-start=\"1223\" data-end=\"1226\">\u2705 <strong data-start=\"1228\" data-end=\"1257\">100 % ingr\u00e9dients naturels<\/strong> \u2013 Sans colorants, conservateurs ou ar\u00f4mes artificiels.<br data-start=\"1309\" data-end=\"1312\">\u2705 <strong data-start=\"1314\" data-end=\"1346\">Format portion individuelle pratique<\/strong> \u2013 Sachets de 70g, toujours frais et pr\u00eats.<br data-start=\"1389\" data-end=\"1392\">\u2705 <strong data-start=\"1394\" data-end=\"1418\">Pack de 3 emballages<\/strong> \u2013 15 portions au total : commodit\u00e9 et fra\u00eecheur dans chaque sachet.<br data-start=\"1479\" data-end=\"1482\">\u2705 <strong data-start=\"1484\" data-end=\"1504\">V\u00e9gan et l\u00e9ger<\/strong> \u2013 Parfait pour ceux qui choisissent une alimentation v\u00e9g\u00e9tale.<br data-start=\"1561\" data-end=\"1564\">\u2705 <strong data-start=\"1566\" data-end=\"1583\">Made in Italy<\/strong> \u2013 Ingr\u00e9dients s\u00e9lectionn\u00e9s et transformation artisanale pour le maximum de qualit\u00e9.<\/p>\n<hr data-start=\"1669\" data-end=\"1672\">\n<h3 data-start=\"1674\" data-end=\"1716\"> <strong>Ingr\u00e9dients s\u00e9lectionn\u00e9s et authentiques<\/strong><\/h3>\n<p data-start=\"1718\" data-end=\"1816\">Le <strong data-start=\"1721\" data-end=\"1758\">Pesto de Basilic au Citron Mam\u00e0<\/strong> na\u00eet de l&rsquo;harmonie entre des ingr\u00e9dients simples et naturels :<\/p>\n<ul data-start=\"1818\" data-end=\"2020\">\n<li data-start=\"1818\" data-end=\"1850\">\n<p data-start=\"1820\" data-end=\"1850\"><strong data-start=\"1820\" data-end=\"1848\">Basilic frais italien<\/strong><\/p>\n<\/li>\n<li data-start=\"1851\" data-end=\"1899\">\n<p data-start=\"1853\" data-end=\"1899\"><strong data-start=\"1853\" data-end=\"1897\">Huile d&rsquo;olive et huile de graines de tournesol<\/strong><\/p>\n<\/li>\n<li data-start=\"1900\" data-end=\"1941\">\n<p data-start=\"1902\" data-end=\"1941\"><strong data-start=\"1902\" data-end=\"1939\">Jus et zeste naturel de citron<\/strong><\/p>\n<\/li>\n<li data-start=\"1942\" data-end=\"1983\">\n<p data-start=\"1944\" data-end=\"1983\"><strong data-start=\"1944\" data-end=\"1981\">Herbes aromatiques et \u00e9pices naturelles<\/strong><\/p>\n<\/li>\n<li data-start=\"1984\" data-end=\"2020\">\n<p data-start=\"1986\" data-end=\"2020\"><strong data-start=\"1986\" data-end=\"2018\">Sel marin et fibres v\u00e9g\u00e9tales<\/strong><\/p>\n<\/li>\n<\/ul>\n<p data-start=\"2022\" data-end=\"2169\">Aucun fromage, aucun produit laitier, aucun gluten \u2014 seulement des ingr\u00e9dients v\u00e9g\u00e9taux et naturels, \u00e9quilibr\u00e9s pour une saveur fra\u00eeche, cr\u00e9meuse et parfum\u00e9e.<\/p>\n<hr data-start=\"2171\" data-end=\"2174\">\n<h3 data-start=\"2176\" data-end=\"2201\"> <strong>Comment l&rsquo;utiliser<\/strong><\/h3>\n<p data-start=\"2203\" data-end=\"2297\">Le <strong data-start=\"2206\" data-end=\"2243\">Mam\u00e0 Pesto de Basilic au Citron<\/strong> est extr\u00eamement polyvalent et pr\u00eat en quelques secondes :<\/p>\n<p data-start=\"2299\" data-end=\"2708\"> <strong data-start=\"2302\" data-end=\"2318\">Avec les p\u00e2tes<\/strong> \u2013 Trofie, fusilli, spaghetti ou linguine : une combinaison parfaite de fra\u00eecheur et de cr\u00e9meux.<br data-start=\"2412\" data-end=\"2415\"> <strong data-start=\"2418\" data-end=\"2459\">Dans les salades de c\u00e9r\u00e9ales ou p\u00e2tes froides<\/strong> \u2013 Ajoutez une cuill\u00e8re pour un go\u00fbt intense et parfum\u00e9.<br data-start=\"2517\" data-end=\"2520\"> <strong data-start=\"2523\" data-end=\"2551\">Sur des cro\u00fbtons ou bruschettes<\/strong> \u2013 Id\u00e9al pour des ap\u00e9ritifs l\u00e9gers et savoureux.<br data-start=\"2594\" data-end=\"2597\"> <strong data-start=\"2600\" data-end=\"2633\">Avec du poisson ou des l\u00e9gumes grill\u00e9s<\/strong> \u2013 Le citron exalte la d\u00e9licatesse du poisson et la douceur des l\u00e9gumes.<\/p>\n<p data-start=\"2710\" data-end=\"2780\">Il suffit d&rsquo;ouvrir le sachet, de m\u00e9langer et votre plat gourmet est pr\u00eat.<\/p>\n<hr data-start=\"2782\" data-end=\"2785\">\n<h3 data-start=\"2787\" data-end=\"2831\"> <strong>Sans gluten, lactose et allerg\u00e8nes<\/strong><\/h3>\n<p data-start=\"2833\" data-end=\"3136\">Le <strong data-start=\"2836\" data-end=\"2873\">Pesto de Basilic au Citron Mam\u00e0<\/strong> est compl\u00e8tement <strong data-start=\"2890\" data-end=\"2907\">sans gluten<\/strong>, <strong data-start=\"2909\" data-end=\"2927\">sans lactose<\/strong> et <strong data-start=\"2930\" data-end=\"2959\">exempt d&rsquo;allerg\u00e8nes courants<\/strong>, con\u00e7u pour ceux qui souhaitent un repas savoureux, naturel et s\u00fbr.<br data-start=\"3022\" data-end=\"3025\">Les sachets portion individuelle de 70g garantissent <strong data-start=\"3069\" data-end=\"3108\">commodit\u00e9, fra\u00eecheur et z\u00e9ro gaspillage<\/strong> : ouvrez seulement ce qui est n\u00e9cessaire.<\/p>\n<hr data-start=\"3138\" data-end=\"3141\">\n<h3 data-start=\"3143\" data-end=\"3191\"> <strong>Qualit\u00e9 Mam\u00e0 \u2013 Tradition et innovation<\/strong><\/h3>\n<p data-start=\"3193\" data-end=\"3511\">Mam\u00e0 s\u00e9lectionne chaque ingr\u00e9dient avec soin et produit ses pestos en suivant la meilleure tradition italienne.<br data-start=\"3298\" data-end=\"3301\">Le <strong data-start=\"3304\" data-end=\"3323\">basilic frais<\/strong> est travaill\u00e9 \u00e0 basse temp\u00e9rature pour pr\u00e9server son ar\u00f4me et sa couleur, tandis que le <strong data-start=\"3401\" data-end=\"3420\">citron naturel<\/strong> offre une note fra\u00eeche et l\u00e9g\u00e8re, parfaite pour ceux qui aiment les saveurs m\u00e9diterran\u00e9ennes mais modernes.<\/p>\n<p data-start=\"3513\" data-end=\"3653\">Chaque portion renferme la passion pour la bonne cuisine et l&rsquo;amour des saveurs authentiques, offrant praticit\u00e9 et go\u00fbt dans un seul produit.<\/p>\n<hr data-start=\"3655\" data-end=\"3658\">\n<h3 data-start=\"3660\" data-end=\"3682\"> <strong>Donn\u00e9es du produit<\/strong><\/h3>\n<ul data-start=\"3684\" data-end=\"4024\">\n<li data-start=\"3684\" data-end=\"3731\">\n<p data-start=\"3686\" data-end=\"3731\"><strong data-start=\"3686\" data-end=\"3695\">Nom :<\/strong> Mam\u00e0 Pesto de Basilic au Citron<\/p>\n<\/li>\n<li data-start=\"3732\" data-end=\"3780\">\n<p data-start=\"3734\" data-end=\"3780\"><strong data-start=\"3734\" data-end=\"3765\">Format emballage individuel :<\/strong> 5x70g (350g)<\/p>\n<\/li>\n<li data-start=\"3781\" data-end=\"3843\">\n<p data-start=\"3783\" data-end=\"3843\"><strong data-start=\"3783\" data-end=\"3799\">Pack total :<\/strong> 3 emballages = 15 sachets (1 050g au total)<\/p>\n<\/li>\n<li data-start=\"3844\" data-end=\"3887\">\n<p data-start=\"3846\" data-end=\"3887\"><strong data-start=\"3846\" data-end=\"3885\">Sans gluten, lactose et allerg\u00e8nes<\/strong><\/p>\n<\/li>\n<li data-start=\"3888\" data-end=\"3902\">\n<p data-start=\"3890\" data-end=\"3902\"><strong data-start=\"3890\" data-end=\"3900\">V\u00e9gan<\/strong><\/p>\n<\/li>\n<li data-start=\"3903\" data-end=\"3926\">\n<p data-start=\"3905\" data-end=\"3926\"><strong data-start=\"3905\" data-end=\"3917\">Origine :<\/strong> Italie<\/p>\n<\/li>\n<li data-start=\"3927\" data-end=\"3976\">\n<p data-start=\"3929\" data-end=\"3976\"><strong data-start=\"3929\" data-end=\"3947\">Conservation :<\/strong> dans un endroit frais et sec<\/p>\n<\/li>\n<li data-start=\"3977\" data-end=\"4024\">\n<p data-start=\"3979\" data-end=\"4024\"><strong data-start=\"3979\" data-end=\"3994\">Mode d&#8217;emploi :<\/strong> ouvrir, m\u00e9langer et d\u00e9guster<\/p>\n<\/li>\n<\/ul>\n<hr data-start=\"4026\" data-end=\"4029\">\n<h3 data-start=\"4031\" data-end=\"4080\"> <strong>Fra\u00eecheur et praticit\u00e9 dans chaque sachet<\/strong><\/h3>\n<p data-start=\"4082\" data-end=\"4378\">Avec le <strong data-start=\"4089\" data-end=\"4152\">Mam\u00e0 Pesto de Basilic au Citron Pack 3 Pi\u00e8ces Portion Individuelle<\/strong>, vous apportez \u00e0 table un condiment naturel, frais et parfum\u00e9, capable de transformer chaque repas en un moment sp\u00e9cial.<br data-start=\"4270\" data-end=\"4273\">Ouvrez, m\u00e9langez et savourez \u2014 avec <strong data-start=\"4301\" data-end=\"4309\">Mam\u00e0<\/strong>, chaque plat devient un petit voyage dans le go\u00fbt italien.  <\/p>\n","protected":false},"excerpt":{"rendered":"<p><b>Pack contenant 3 emballages avec 5 portions individuelles de 55 grammes chacune (au total 15 portions individuelles)<\/b><\/p>\n<p>Faites le plein avec les <b>15 portions individuelles<\/b> de notre pesto au go\u00fbt gourmet. Chaque portion individuelle une touche de fra\u00eecheur citronn\u00e9e : notre Pesto de Basilic au Citron est l\u00e9ger, sans allerg\u00e8nes et parfait pour toute occasion. \u00c0 garder toujours \u00e0 port\u00e9e de main pour assaisonner les premiers plats, salades ou plats principaux avec une touche unique et innovante.  <\/p>\n<p>L&rsquo;union entre le parfum intense du <b>basilic<\/b> et la note citronn\u00e9e du <b>citron<\/b> donne une touche unique \u00e0 vos plats, parfaite pour assaisonner les p\u00e2tes, enrichir une salade de c\u00e9r\u00e9ales ou donner du caract\u00e8re \u00e0 un sandwich gourmet.<br \/>\nExcellent aussi comme sauce pour les plats principaux de viande ou de poisson, ou \u00e0 tartiner sur des cro\u00fbtons et bruschettes pour un ap\u00e9ritif surprenant.<\/p>\n","protected":false},"featured_media":4481,"template":"","meta":[],"product_brand":[],"product_cat":[95,91],"product_tag":[168,188,158],"class_list":{"0":"post-4480","1":"product","2":"type-product","3":"status-publish","4":"has-post-thumbnail","6":"product_cat-pack-de-3-pieces","7":"product_cat-sauces-pretes-a-lemploi-mama","8":"product_tag-pack-de-15-pieces","9":"product_tag-pesto-pret-a-lemploi","10":"product_tag-sauces-pretes-a-lemploi-2","12":"first","13":"instock","14":"taxable","15":"shipping-taxable","16":"purchasable","17":"product-type-simple"},"_links":{"self":[{"href":"https:\/\/shop.mamasugo.it\/fr\/wp-json\/wp\/v2\/product\/4480","targetHints":{"allow":["GET"]}}],"collection":[{"href":"https:\/\/shop.mamasugo.it\/fr\/wp-json\/wp\/v2\/product"}],"about":[{"href":"https:\/\/shop.mamasugo.it\/fr\/wp-json\/wp\/v2\/types\/product"}],"wp:featuredmedia":[{"embeddable":true,"href":"https:\/\/shop.mamasugo.it\/fr\/wp-json\/wp\/v2\/media\/4481"}],"wp:attachment":[{"href":"https:\/\/shop.mamasugo.it\/fr\/wp-json\/wp\/v2\/media?parent=4480"}],"wp:term":[{"taxonomy":"product_brand","embeddable":true,"href":"https:\/\/shop.mamasugo.it\/fr\/wp-json\/wp\/v2\/product_brand?post=4480"},{"taxonomy":"product_cat","embeddable":true,"href":"https:\/\/shop.mamasugo.it\/fr\/wp-json\/wp\/v2\/product_cat?post=4480"},{"taxonomy":"product_tag","embeddable":true,"href":"https:\/\/shop.mamasugo.it\/fr\/wp-json\/wp\/v2\/product_tag?post=4480"}],"curies":[{"name":"wp","href":"https:\/\/api.w.org\/{rel}","templated":true}]}}