{"id":4475,"date":"2025-04-22T14:20:39","date_gmt":"2025-04-22T14:20:39","guid":{"rendered":"https:\/\/shop.mamasugo.it\/prodotto\/mama-sauce-a-la-truffe-portion-individuelle-5x70g-gout-intense-et-raffine-sans-gluten\/"},"modified":"2025-04-22T14:20:39","modified_gmt":"2025-04-22T14:20:39","slug":"mama-sauce-a-la-truffe-portion-individuelle-5x70g-gout-intense-et-raffine-sans-gluten","status":"publish","type":"product","link":"https:\/\/shop.mamasugo.it\/fr\/prodotto\/mama-sauce-a-la-truffe-portion-individuelle-5x70g-gout-intense-et-raffine-sans-gluten\/","title":{"rendered":"Mam\u00e0 Sauce \u00e0 la Truffe Portion Individuelle 5x70g | Go\u00fbt Intense et Raffin\u00e9, Sans Gluten"},"content":{"rendered":"<h3 data-start=\"239\" data-end=\"332\"><strong>Mam\u00e0 Sauce \u00e0 la Truffe Portion Individuelle 5x70g | Go\u00fbt Intense et Raffin\u00e9, Sans Gluten<\/strong><\/h3>\n<p data-start=\"334\" data-end=\"725\">Laissez-vous s\u00e9duire par le parfum incomparable et le go\u00fbt \u00e9l\u00e9gant de la <strong data-start=\"407\" data-end=\"431\">Sauce \u00e0 la Truffe Mam\u00e0<\/strong>, le condiment id\u00e9al pour ceux qui aiment les saveurs authentiques et recherch\u00e9es de la cuisine italienne.<br data-start=\"519\" data-end=\"522\">Une sauce pr\u00eate \u00e0 l&#8217;emploi, pr\u00e9par\u00e9e avec de la <strong data-start=\"560\" data-end=\"592\">pur\u00e9e de tomates italiennes<\/strong>, de l&rsquo;<strong data-start=\"594\" data-end=\"611\">huile d&rsquo;olive<\/strong> et de la <strong data-start=\"614\" data-end=\"630\">vraie truffe<\/strong>, parfaitement \u00e9quilibr\u00e9e pour offrir une cr\u00e8me velout\u00e9e, parfum\u00e9e et au caract\u00e8re affirm\u00e9.<\/p>\n<p data-start=\"727\" data-end=\"1012\">Le format pratique en <strong data-start=\"746\" data-end=\"785\">portion individuelle de 5x70g (350g au total)<\/strong> est con\u00e7u pour vous offrir tout le go\u00fbt d&rsquo;une sauce fra\u00eechement ouverte, \u00e0 chaque fois que vous le souhaitez, sans gaspillage.<br data-start=\"883\" data-end=\"886\">Parfait pour un d\u00e9jeuner gastronomique en quelques minutes ou pour transformer un simple plat de p\u00e2tes en une exp\u00e9rience digne d&rsquo;un restaurant.<\/p>\n<hr data-start=\"1014\" data-end=\"1017\">\n<h3 data-start=\"1019\" data-end=\"1062\"><strong> Pourquoi vous aimerez la Sauce \u00e0 la Truffe Mam\u00e0<\/strong><\/h3>\n<p data-start=\"1064\" data-end=\"1577\">\u2705 <strong data-start=\"1066\" data-end=\"1093\">Go\u00fbt unique et raffin\u00e9<\/strong> \u2013 Le parfum de la truffe rencontre la douceur de la tomate.<br data-start=\"1153\" data-end=\"1156\">\u2705 <strong data-start=\"1158\" data-end=\"1192\">Sans gluten et sans lactose<\/strong> \u2013 Convient \u00e0 tous, m\u00eame \u00e0 ceux qui suivent des r\u00e9gimes sp\u00e9cifiques.<br data-start=\"1246\" data-end=\"1249\">\u2705 <strong data-start=\"1251\" data-end=\"1297\">Sans colorants ni conservateurs artificiels<\/strong> \u2013 Uniquement des ingr\u00e9dients naturels et authentiques.<br data-start=\"1336\" data-end=\"1339\">\u2705 <strong data-start=\"1341\" data-end=\"1373\">Format individuel pratique<\/strong> \u2013 5 sachets de 70g, toujours frais et pr\u00eats \u00e0 l&#8217;emploi.<br data-start=\"1497\" data-end=\"1500\">\u2705 <strong data-start=\"1502\" data-end=\"1519\">Made in Italy<\/strong> \u2013 Pr\u00e9par\u00e9 avec passion et des ingr\u00e9dients de haute qualit\u00e9.<\/p>\n<hr data-start=\"1579\" data-end=\"1582\">\n<h3 data-start=\"1584\" data-end=\"1634\"><strong>Des ingr\u00e9dients de qualit\u00e9, travaill\u00e9s avec soin<\/strong><\/h3>\n<p data-start=\"1636\" data-end=\"1787\">La <strong data-start=\"1639\" data-end=\"1663\">Sauce \u00e0 la Truffe Mam\u00e0<\/strong> est une recette authentique et \u00e9quilibr\u00e9e, n\u00e9e de la tradition italienne et de la recherche du go\u00fbt parfait.<br data-start=\"1773\" data-end=\"1776\">Elle contient :<\/p>\n<ul data-start=\"1789\" data-end=\"2178\">\n<li data-start=\"1789\" data-end=\"1893\">\n<p data-start=\"1791\" data-end=\"1893\"><strong data-start=\"1791\" data-end=\"1822\">Pur\u00e9e de tomates (69,8 %)<\/strong> \u2013 Douce et velout\u00e9e, obtenue \u00e0 partir de tomates italiennes m\u00fbries au soleil.<\/p>\n<\/li>\n<li data-start=\"1894\" data-end=\"1951\">\n<p data-start=\"1896\" data-end=\"1951\"><strong data-start=\"1896\" data-end=\"1913\">Huile d&rsquo;olive<\/strong> \u2013 Apporte du corps et de la rondeur \u00e0 la saveur.<\/p>\n<\/li>\n<li data-start=\"1952\" data-end=\"2026\">\n<p data-start=\"1954\" data-end=\"2026\"><strong data-start=\"1954\" data-end=\"1982\">Truffe et ar\u00f4mes naturels<\/strong> \u2013 Pour un parfum intense et irr\u00e9sistible.<\/p>\n<\/li>\n<li data-start=\"2027\" data-end=\"2120\">\n<p data-start=\"2029\" data-end=\"2120\"><strong data-start=\"2029\" data-end=\"2057\">Herbes aromatiques et \u00e9pices<\/strong> \u2013 Oignon, ail, carotte et poireau pour un \u00e9quilibre parfait.<\/p>\n<\/li>\n<li data-start=\"2121\" data-end=\"2178\">\n<p data-start=\"2123\" data-end=\"2178\"><strong data-start=\"2123\" data-end=\"2176\">Pas de gluten, pas de lactose, pas d&rsquo;allerg\u00e8nes<\/strong><\/p>\n<\/li>\n<\/ul>\n<p data-start=\"2180\" data-end=\"2380\">Chaque ingr\u00e9dient est s\u00e9lectionn\u00e9 pour exalter le go\u00fbt de la truffe sans en masquer la d\u00e9licatesse.<br data-start=\"2275\" data-end=\"2278\">Le r\u00e9sultat est une sauce douce et parfum\u00e9e, \u00e0 la saveur riche et enveloppante, parfaite pour tous les palais.<\/p>\n<hr data-start=\"2382\" data-end=\"2385\">\n<h3 data-start=\"2387\" data-end=\"2407\"><strong>Comment l&rsquo;utiliser<\/strong><\/h3>\n<p data-start=\"2409\" data-end=\"2610\">La <strong data-start=\"2412\" data-end=\"2436\">Sauce \u00e0 la Truffe Mam\u00e0<\/strong> est un v\u00e9ritable passe-partout en cuisine.<br data-start=\"2471\" data-end=\"2474\">Il suffit d&rsquo;ouvrir un sachet et de le r\u00e9chauffer quelques instants \u00e0 la po\u00eale ou au micro-ondes : son parfum intense envahira imm\u00e9diatement la cuisine.<\/p>\n<p data-start=\"2612\" data-end=\"2932\">\u2728 <strong data-start=\"2614\" data-end=\"2629\">Id\u00e9ale pour :<\/strong><br data-start=\"2629\" data-end=\"2632\">P\u00e2tes fra\u00eeches ou s\u00e8ches \u2013 Tagliatelles, fettuccine, gnocchis ou trofie.<br data-start=\"2700\" data-end=\"2703\">Risottos et c\u00e9r\u00e9ales \u2013 Pour donner une touche gastronomique \u00e0 vos plats principaux.<br data-start=\"2773\" data-end=\"2776\">\u0152ufs et plats principaux \u2013 Parfaite aussi comme sauce d&rsquo;accompagnement.<br data-start=\"2847\" data-end=\"2850\">Cro\u00fbtons ou entr\u00e9es \u2013 Id\u00e9ale pour des ap\u00e9ritifs \u00e9l\u00e9gants ou des amuse-bouches raffin\u00e9s.<\/p>\n<p data-start=\"2934\" data-end=\"3034\">Un condiment qui transforme m\u00eame le plat le plus simple en une exp\u00e9rience gastronomique de haut niveau.<\/p>\n<hr data-start=\"3036\" data-end=\"3039\">\n<h3 data-start=\"3041\" data-end=\"3085\"><strong>Sans gluten, lactose et allerg\u00e8nes<\/strong><\/h3>\n<p data-start=\"3087\" data-end=\"3349\">Comme tous les produits <strong data-start=\"3109\" data-end=\"3117\">Mam\u00e0<\/strong>, la <strong data-start=\"3128\" data-end=\"3147\">Sauce \u00e0 la Truffe<\/strong> est \u00e9galement <strong data-start=\"3150\" data-end=\"3211\">sans gluten, sans lactose et exempte d&rsquo;allerg\u00e8nes courants<\/strong>.<br data-start=\"3212\" data-end=\"3215\">Un choix parfait pour ceux qui souhaitent une alimentation savoureuse, naturelle et inclusive, sans renoncer au plaisir de la bonne table.<\/p>\n<p data-start=\"3351\" data-end=\"3501\">Les <strong data-start=\"3354\" data-end=\"3377\">portions individuelles de 70g<\/strong> sont id\u00e9ales pour ceux qui vivent seuls, pour les pauses d\u00e9jeuner ou pour avoir toujours \u00e0 disposition une sauce pr\u00eate et de haute qualit\u00e9.<\/p>\n<hr data-start=\"3503\" data-end=\"3506\">\n<h3 data-start=\"3508\" data-end=\"3573\"><strong>Qualit\u00e9 Mam\u00e0 \u2013 La saveur authentique de la cuisine italienne<\/strong><\/h3>\n<p data-start=\"3575\" data-end=\"3848\">Derri\u00e8re la marque <strong data-start=\"3591\" data-end=\"3599\">Mam\u00e0<\/strong> se cache la philosophie de la <strong data-start=\"3623\" data-end=\"3649\">cuisine faite avec amour<\/strong> : des ingr\u00e9dients simples, des pr\u00e9parations d\u00e9licates et des recettes qui respectent la tradition.<br data-start=\"3733\" data-end=\"3736\">Chaque sauce est con\u00e7ue pour vous offrir <strong data-start=\"3769\" data-end=\"3801\">la bont\u00e9 du \u00ab\u00a0fait maison\u00a0\u00bb<\/strong>, avec la commodit\u00e9 du format pr\u00eat \u00e0 l&#8217;emploi.<\/p>\n<p data-start=\"3850\" data-end=\"4059\">La <strong data-start=\"3853\" data-end=\"3877\">Sauce \u00e0 la Truffe Mam\u00e0<\/strong> renferme toute l&rsquo;\u00e9l\u00e9gance et le raffinement d&rsquo;un plat gastronomique dans un sachet pratique et l\u00e9ger.<br data-start=\"3977\" data-end=\"3980\">Parfaite pour impressionner vos invit\u00e9s ou vous offrir un moment de plaisir personnel.<\/p>\n<hr data-start=\"4061\" data-end=\"4064\">\n<h3 data-start=\"4066\" data-end=\"4088\"><strong>Donn\u00e9es du Produit<\/strong><\/h3>\n<ul data-start=\"4090\" data-end=\"4429\">\n<li data-start=\"4090\" data-end=\"4124\">\n<p data-start=\"4092\" data-end=\"4124\"><strong data-start=\"4092\" data-end=\"4101\">Nom :<\/strong> Mam\u00e0 Sauce \u00e0 la Truffe<\/p>\n<\/li>\n<li data-start=\"4125\" data-end=\"4161\">\n<p data-start=\"4127\" data-end=\"4161\"><strong data-start=\"4127\" data-end=\"4139\">Format :<\/strong> 5x70g (350g au total)<\/p>\n<\/li>\n<li data-start=\"4162\" data-end=\"4213\">\n<p data-start=\"4164\" data-end=\"4213\"><strong data-start=\"4164\" data-end=\"4173\">Type :<\/strong> Portion individuelle \u2013 Sauce pr\u00eate \u00e0 l&#8217;emploi \u00e0 la truffe<\/p>\n<\/li>\n<li data-start=\"4214\" data-end=\"4268\">\n<p data-start=\"4216\" data-end=\"4268\"><strong data-start=\"4216\" data-end=\"4266\">Sans gluten, sans lactose, sans allerg\u00e8nes<\/strong><\/p>\n<\/li>\n<li data-start=\"4269\" data-end=\"4316\">\n<p data-start=\"4271\" data-end=\"4316\"><strong data-start=\"4271\" data-end=\"4314\">Avec pur\u00e9e de tomates et huile d&rsquo;olive<\/strong><\/p>\n<\/li>\n<li data-start=\"4317\" data-end=\"4340\">\n<p data-start=\"4319\" data-end=\"4340\"><strong data-start=\"4319\" data-end=\"4331\">Origine :<\/strong> Italie<\/p>\n<\/li>\n<li data-start=\"4341\" data-end=\"4390\">\n<p data-start=\"4343\" data-end=\"4390\"><strong data-start=\"4343\" data-end=\"4361\">Conservation :<\/strong> dans un endroit frais et sec<\/p>\n<\/li>\n<li data-start=\"4391\" data-end=\"4429\">\n<p data-start=\"4393\" data-end=\"4429\"><strong data-start=\"4393\" data-end=\"4408\">Mode d&#8217;emploi :<\/strong> il suffit de verser<\/p>\n<\/li>\n<\/ul>\n<hr data-start=\"4431\" data-end=\"4434\">\n<h3 data-start=\"4436\" data-end=\"4486\"><strong>Le luxe de la simplicit\u00e9, sign\u00e9 Mam\u00e0<\/strong><\/h3>\n<p data-start=\"4488\" data-end=\"4751\">Avec la <strong data-start=\"4495\" data-end=\"4532\">Sauce \u00e0 la Truffe Mam\u00e0 en Portion Individuelle<\/strong>, vous apportez \u00e0 table le go\u00fbt intense et sophistiqu\u00e9 de la truffe avec toute la simplicit\u00e9 d&rsquo;une sauce pr\u00eate \u00e0 l&#8217;emploi.<br data-start=\"4642\" data-end=\"4645\">Un condiment naturel, raffin\u00e9 et 100 % italien qui fait de chaque plat un petit chef-d&rsquo;\u0153uvre de saveur.<\/p>\n<p data-start=\"4753\" data-end=\"4924\"> <strong data-start=\"4756\" data-end=\"4827\">Id\u00e9ale pour ceux qui aiment la cuisine gastronomique, mais recherchent praticit\u00e9 et qualit\u00e9.<\/strong><br data-start=\"4827\" data-end=\"4830\">Ouvrez et savourez : avec <strong data-start=\"4856\" data-end=\"4864\">Mam\u00e0<\/strong>, chaque plat devient une exp\u00e9rience m\u00e9morable.<\/p>\n","protected":false},"excerpt":{"rendered":"<p data-start=\"334\" data-end=\"725\">Laissez-vous s\u00e9duire par le parfum incomparable et le go\u00fbt \u00e9l\u00e9gant de la <strong data-start=\"407\" data-end=\"431\">Sauce \u00e0 la Truffe Mam\u00e0<\/strong>, le condiment id\u00e9al pour ceux qui aiment les saveurs authentiques et recherch\u00e9es de la cuisine italienne.<br data-start=\"519\" data-end=\"522\">Une sauce pr\u00eate \u00e0 l&#8217;emploi, pr\u00e9par\u00e9e avec de la <strong data-start=\"560\" data-end=\"592\">pur\u00e9e de tomates italiennes<\/strong>, de l&rsquo;<strong data-start=\"594\" data-end=\"611\">huile d&rsquo;olive<\/strong> et de la <strong data-start=\"614\" data-end=\"630\">vraie truffe<\/strong>, parfaitement \u00e9quilibr\u00e9e pour offrir une cr\u00e8me velout\u00e9e, parfum\u00e9e et au caract\u00e8re affirm\u00e9.<\/p>\n<p data-start=\"727\" data-end=\"1012\">Le format pratique en <strong data-start=\"746\" data-end=\"785\">portion individuelle de 5x70g (350g au total)<\/strong> est con\u00e7u pour vous offrir tout le go\u00fbt d&rsquo;une sauce fra\u00eechement ouverte, \u00e0 chaque fois que vous le souhaitez, sans gaspillage.<br data-start=\"883\" data-end=\"886\">Parfait pour un d\u00e9jeuner gastronomique en quelques minutes ou pour transformer un simple plat de p\u00e2tes en une exp\u00e9rience digne d&rsquo;un restaurant.<\/p>\n","protected":false},"featured_media":4404,"template":"","meta":[],"product_brand":[],"product_cat":[93,91],"product_tag":[195,145,144,197],"class_list":{"0":"post-4475","1":"product","2":"type-product","3":"status-publish","4":"has-post-thumbnail","6":"product_cat-emballage-individuel","7":"product_cat-sauces-pretes-a-lemploi-mama","8":"product_tag-sauce-a-la-truffe","9":"product_tag-sauces-pretes-a-lemploi","10":"product_tag-sauces-pretes-a-lemploi-mama","11":"product_tag-truffe","13":"first","14":"instock","15":"taxable","16":"shipping-taxable","17":"purchasable","18":"product-type-simple"},"_links":{"self":[{"href":"https:\/\/shop.mamasugo.it\/fr\/wp-json\/wp\/v2\/product\/4475","targetHints":{"allow":["GET"]}}],"collection":[{"href":"https:\/\/shop.mamasugo.it\/fr\/wp-json\/wp\/v2\/product"}],"about":[{"href":"https:\/\/shop.mamasugo.it\/fr\/wp-json\/wp\/v2\/types\/product"}],"wp:featuredmedia":[{"embeddable":true,"href":"https:\/\/shop.mamasugo.it\/fr\/wp-json\/wp\/v2\/media\/4404"}],"wp:attachment":[{"href":"https:\/\/shop.mamasugo.it\/fr\/wp-json\/wp\/v2\/media?parent=4475"}],"wp:term":[{"taxonomy":"product_brand","embeddable":true,"href":"https:\/\/shop.mamasugo.it\/fr\/wp-json\/wp\/v2\/product_brand?post=4475"},{"taxonomy":"product_cat","embeddable":true,"href":"https:\/\/shop.mamasugo.it\/fr\/wp-json\/wp\/v2\/product_cat?post=4475"},{"taxonomy":"product_tag","embeddable":true,"href":"https:\/\/shop.mamasugo.it\/fr\/wp-json\/wp\/v2\/product_tag?post=4475"}],"curies":[{"name":"wp","href":"https:\/\/api.w.org\/{rel}","templated":true}]}}