{"id":4453,"date":"2025-04-22T14:07:38","date_gmt":"2025-04-22T14:07:38","guid":{"rendered":"https:\/\/shop.mamasugo.it\/prodotto\/mama-sauce-a-larrabbiata-pack-15x70g-gout-intense-100-naturelle-et-sans-gluten\/"},"modified":"2025-04-22T14:07:38","modified_gmt":"2025-04-22T14:07:38","slug":"mama-sauce-a-larrabbiata-pack-15x70g-gout-intense-100-naturelle-et-sans-gluten","status":"publish","type":"product","link":"https:\/\/shop.mamasugo.it\/fr\/prodotto\/mama-sauce-a-larrabbiata-pack-15x70g-gout-intense-100-naturelle-et-sans-gluten\/","title":{"rendered":"Mam\u00e0 Sauce \u00e0 l&rsquo;Arrabbiata \u2013 Pack 15x70g | Go\u00fbt Intense, 100% Naturelle et Sans Gluten"},"content":{"rendered":"<h3 data-start=\"233\" data-end=\"336\"><\/h3>\n<h3 data-start=\"233\" data-end=\"336\">\ufe0f <strong>Mam\u00e0 Sauce \u00e0 l&rsquo;Arrabbiata \u2013 Pack 15x70g | Go\u00fbt Intense, 100% Naturelle et Sans Gluten<\/strong><\/h3>\n<p data-start=\"338\" data-end=\"636\">Vous avez envie d&rsquo;un plat de p\u00e2tes \u00e9pic\u00e9 et irr\u00e9sistible en quelques minutes ?<br data-start=\"412\" data-end=\"415\">La <strong data-start=\"418\" data-end=\"446\">Mam\u00e0 Sauce \u00e0 l&rsquo;Arrabbiata<\/strong> est la solution parfaite : le classique condiment romain pr\u00e9par\u00e9 avec <strong data-start=\"516\" data-end=\"548\">du coulis de tomate italien<\/strong>, <strong data-start=\"550\" data-end=\"567\">de l&rsquo;huile d&rsquo;olive<\/strong> et <strong data-start=\"570\" data-end=\"585\">du piment<\/strong>, pour un go\u00fbt d\u00e9cid\u00e9, authentique et 100% naturel.<\/p>\n<p data-start=\"638\" data-end=\"927\">Disponible dans le <strong data-start=\"654\" data-end=\"673\">pack de 3 pi\u00e8ces<\/strong>, chacune de <strong data-start=\"685\" data-end=\"692\">70g<\/strong>, cette sauce pr\u00eate unit la tradition italienne \u00e0 la praticit\u00e9 moderne.<br data-start=\"766\" data-end=\"769\">Ouvrez, et d\u00e9gustez : en moins de deux minutes vous avez un plat riche en saveur et en caract\u00e8re, parfait pour ceux qui aiment la cuisine m\u00e9diterran\u00e9enne avec une touche \u00e9pic\u00e9e !<\/p>\n<hr data-start=\"929\" data-end=\"932\">\n<h3 data-start=\"934\" data-end=\"984\">\u2764\ufe0f <strong>Pourquoi choisir Mam\u00e0 Sauce \u00e0 l&rsquo;Arrabbiata<\/strong><\/h3>\n<p data-start=\"986\" data-end=\"1531\">\u2705 <strong data-start=\"988\" data-end=\"1016\">Go\u00fbt authentique et d\u00e9cid\u00e9<\/strong> \u2013 Tomate italienne et piment naturel pour une explosion de saveur.<br data-start=\"1088\" data-end=\"1091\">\u2705 <strong data-start=\"1093\" data-end=\"1110\">100% naturelle<\/strong> \u2013 Sans colorants, sans conservateurs, sans ar\u00f4mes artificiels. Uniquement des ingr\u00e9dients authentiques et s\u00e9lectionn\u00e9s.<br data-start=\"1213\" data-end=\"1216\">\u2705 <strong data-start=\"1218\" data-end=\"1252\">Sans gluten et sans lactose<\/strong> \u2013 Adapt\u00e9e \u00e0 ceux qui ont des intol\u00e9rances alimentaires ou suivent un r\u00e9gime sp\u00e9cifique.<br data-start=\"1323\" data-end=\"1326\">\u2705 <strong data-start=\"1328\" data-end=\"1347\">Format pratique<\/strong> \u2013 3 portions parfaites, d\u00e9j\u00e0 pr\u00eates \u00e0 l&#8217;emploi, id\u00e9ales pour c\u00e9libataires, couples ou d\u00e9jeuners rapides.<br data-start=\"1433\" data-end=\"1436\">\u2705 <strong data-start=\"1438\" data-end=\"1455\">Made in Italy<\/strong> \u2013 Une sauce pr\u00e9par\u00e9e selon la tradition, avec la qualit\u00e9 garantie Mam\u00e0. <\/p>\n<hr data-start=\"1533\" data-end=\"1536\">\n<h3 data-start=\"1538\" data-end=\"1590\"><strong>Ingr\u00e9dients de qualit\u00e9, go\u00fbt 100 % italien<\/strong><\/h3>\n<p data-start=\"1592\" data-end=\"1894\">Le secret de la <strong data-start=\"1607\" data-end=\"1635\">Mam\u00e0 Sauce \u00e0 l&rsquo;Arrabbiata<\/strong> est la simplicit\u00e9 de la recette et la qualit\u00e9 des ingr\u00e9dients.<br data-start=\"1697\" data-end=\"1700\">\u00c0 la base il y a un <strong data-start=\"1718\" data-end=\"1753\">coulis de tomate (environ 70%)<\/strong> doux et velout\u00e9, enrichi d&rsquo;<strong data-start=\"1787\" data-end=\"1804\">huile d&rsquo;olive<\/strong>, de <strong data-start=\"1806\" data-end=\"1830\">piment <\/strong><strong data-start=\"1833\" data-end=\"1862\">\u00e9pic\u00e9 et d&rsquo;ar\u00f4mes naturels de l\u00e9gumes<\/strong> comme l&rsquo;ail, l&rsquo;oignon et la carotte.<\/p>\n<p data-start=\"1896\" data-end=\"2150\">Chaque ingr\u00e9dient est s\u00e9lectionn\u00e9 avec soin pour garantir un \u00e9quilibre parfait entre la douceur de la tomate et la vivacit\u00e9 du piment.<br data-start=\"2032\" data-end=\"2035\">Le r\u00e9sultat ? Une sauce au go\u00fbt d\u00e9cid\u00e9, aromatique et l\u00e9g\u00e8rement \u00e9pic\u00e9, qui conquiert d\u00e8s la premi\u00e8re d\u00e9gustation. \ufe0f<\/p>\n<hr data-start=\"2152\" data-end=\"2155\">\n<h3 data-start=\"2157\" data-end=\"2185\">\u200d <strong>Comment l&rsquo;utiliser<\/strong><\/h3>\n<p data-start=\"2187\" data-end=\"2351\">La <strong data-start=\"2190\" data-end=\"2218\">Mam\u00e0 Sauce \u00e0 l&rsquo;Arrabbiata<\/strong> est pr\u00eate \u00e0 l&#8217;emploi : il vous suffit de la verser sur les p\u00e2tes pour obtenir un plat de restaurant en quelques instants.<br data-start=\"2333\" data-end=\"2336\">Parfaite avec :<\/p>\n<p data-start=\"2353\" data-end=\"2648\"> <strong data-start=\"2356\" data-end=\"2384\">Spaghettis ou penne rigate<\/strong>, pour un classique plat romain.<br data-start=\"2416\" data-end=\"2419\"> <strong data-start=\"2422\" data-end=\"2444\">Pizza ou bruschettes<\/strong>, pour donner un plus \u00e0 votre entr\u00e9e.<br data-start=\"2490\" data-end=\"2493\"> <strong data-start=\"2496\" data-end=\"2528\">L\u00e9gumes grill\u00e9s ou au four<\/strong>, pour un accompagnement savoureux et \u00e9pic\u00e9.<br data-start=\"2565\" data-end=\"2568\"> <strong data-start=\"2571\" data-end=\"2590\">Plats prot\u00e9in\u00e9s<\/strong>, comme le poulet ou le tofu, pour ajouter de la saveur sans effort.<\/p>\n<p data-start=\"2650\" data-end=\"2719\">Il suffit d&rsquo;un sachet pour cr\u00e9er une portion parfaite et satisfaisante.<\/p>\n<hr data-start=\"2721\" data-end=\"2724\">\n<h3 data-start=\"2726\" data-end=\"2765\"><strong>Sans gluten et sans lactose<\/strong><\/h3>\n<p data-start=\"2767\" data-end=\"3101\">Comme toutes les sauces Mam\u00e0, l&rsquo;Arrabbiata est aussi <strong data-start=\"2813\" data-end=\"2830\">sans gluten<\/strong>, <strong data-start=\"2832\" data-end=\"2850\">sans lactose<\/strong> et <strong data-start=\"2853\" data-end=\"2879\">sans allerg\u00e8nes communs<\/strong>.<br data-start=\"2880\" data-end=\"2883\">Un produit naturel, pens\u00e9 pour ceux qui veulent manger sain, l\u00e9ger et savoureux.<br data-start=\"2960\" data-end=\"2963\">De plus, le format en <strong data-start=\"2985\" data-end=\"3008\">3 portions individuelles<\/strong> vous permet d&rsquo;utiliser seulement ce qui est n\u00e9cessaire, en maintenant la fra\u00eecheur et en r\u00e9duisant le gaspillage.<\/p>\n<hr data-start=\"3103\" data-end=\"3106\">\n<h3 data-start=\"3108\" data-end=\"3160\"><strong>Qualit\u00e9 Mam\u00e0 \u2013 Tradition, passion et go\u00fbt<\/strong><\/h3>\n<p data-start=\"3162\" data-end=\"3442\">La marque <strong data-start=\"3173\" data-end=\"3181\">Mam\u00e0<\/strong> na\u00eet de la passion pour la cuisine italienne authentique et de l&rsquo;envie d&rsquo;offrir des produits bons, authentiques et pratiques.<br data-start=\"3295\" data-end=\"3298\">Chaque sauce est pr\u00e9par\u00e9e en suivant des recettes traditionnelles et en utilisant uniquement des ingr\u00e9dients naturels, pour garantir toujours une saveur riche et familiale.<\/p>\n<p data-start=\"3444\" data-end=\"3704\">La <strong data-start=\"3447\" data-end=\"3470\">Sauce \u00e0 l&rsquo;Arrabbiata<\/strong> est un classique intemporel, revisit\u00e9 par Mam\u00e0 avec le m\u00eame soin d&rsquo;autrefois, mais avec la commodit\u00e9 des temps modernes.<br data-start=\"3590\" data-end=\"3593\">Parfaite pour ceux qui aiment la <strong data-start=\"3617\" data-end=\"3665\">cuisine italienne au caract\u00e8re fort et d\u00e9cid\u00e9<\/strong>, mais sans renoncer \u00e0 la praticit\u00e9.<\/p>\n<hr data-start=\"3706\" data-end=\"3709\">\n<h3 data-start=\"3711\" data-end=\"3733\"><strong>Donn\u00e9es du produit<\/strong><\/h3>\n<ul data-start=\"3735\" data-end=\"4088\">\n<li data-start=\"3735\" data-end=\"3773\">\n<p data-start=\"3737\" data-end=\"3773\"><strong data-start=\"3737\" data-end=\"3746\">Nom :<\/strong> Mam\u00e0 Sauce \u00e0 l&rsquo;Arrabbiata<\/p>\n<\/li>\n<li data-start=\"3774\" data-end=\"3814\">\n<p data-start=\"3776\" data-end=\"3814\"><strong data-start=\"3776\" data-end=\"3788\">Format :<\/strong> Pack de 3 pi\u00e8ces (3x70g)<\/p>\n<\/li>\n<li data-start=\"3815\" data-end=\"3846\">\n<p data-start=\"3817\" data-end=\"3846\"><strong data-start=\"3817\" data-end=\"3839\">Poids net total :<\/strong> 210g<\/p>\n<\/li>\n<li data-start=\"3847\" data-end=\"3901\">\n<p data-start=\"3849\" data-end=\"3901\"><strong data-start=\"3849\" data-end=\"3899\">Sans gluten, sans lactose, sans allerg\u00e8nes<\/strong><\/p>\n<\/li>\n<li data-start=\"3902\" data-end=\"3949\">\n<p data-start=\"3904\" data-end=\"3949\"><strong data-start=\"3904\" data-end=\"3947\">Avec pur\u00e9e de tomates et huile d&rsquo;olive<\/strong><\/p>\n<\/li>\n<li data-start=\"3950\" data-end=\"3973\">\n<p data-start=\"3952\" data-end=\"3973\"><strong data-start=\"3952\" data-end=\"3964\">Origine :<\/strong> Italie<\/p>\n<\/li>\n<li data-start=\"3974\" data-end=\"4023\">\n<p data-start=\"3976\" data-end=\"4023\"><strong data-start=\"3976\" data-end=\"3994\">Conservation :<\/strong> dans un endroit frais et sec<\/p>\n<\/li>\n<li data-start=\"4024\" data-end=\"4088\">\n<p data-start=\"4026\" data-end=\"4088\"><strong data-start=\"4026\" data-end=\"4041\">Mode d&#8217;emploi :<\/strong> pr\u00eate \u00e0 l&#8217;emploi<\/p>\n<\/li>\n<\/ul>\n<hr data-start=\"4090\" data-end=\"4093\">\n<h3 data-start=\"4095\" data-end=\"4139\"><strong>Go\u00fbt piquant, praticit\u00e9 moderne<\/strong><\/h3>\n<p data-start=\"4141\" data-end=\"4378\">Avec la <strong data-start=\"4148\" data-end=\"4191\">Mam\u00e0 Sauce \u00e0 l&rsquo;Arrabbiata \u2013 Pack 3 Pi\u00e8ces<\/strong>, vous pouvez savourer la vraie passion de la cuisine italienne chaque jour, o\u00f9 que vous soyez.<br data-start=\"4273\" data-end=\"4276\">Une sauce naturelle, au go\u00fbt intense et enveloppant, pr\u00eate en un instant et parfaite pour chaque occasion.<\/p>\n<p data-start=\"4380\" data-end=\"4570\"> <strong data-start=\"4383\" data-end=\"4417\">Id\u00e9ale pour ceux qui aiment l&rsquo;\u00e9pic\u00e9<\/strong>, mais ne veulent pas renoncer \u00e0 la qualit\u00e9 et \u00e0 la commodit\u00e9.<br data-start=\"4472\" data-end=\"4475\">Ouvrez, et d\u00e9gustez \u2014 avec Mam\u00e0, chaque plat devient une explosion de saveur italienne !<\/p>\n","protected":false},"excerpt":{"rendered":"<p data-start=\"338\" data-end=\"636\">Vous avez envie d&rsquo;un plat de p\u00e2tes piquant et irr\u00e9sistible en quelques minutes ?<\/p>\n<p data-start=\"338\" data-end=\"636\"><br data-start=\"412\" data-end=\"415\">La <strong data-start=\"418\" data-end=\"446\">Mam\u00e0 Sauce \u00e0 l&rsquo;Arrabbiata<\/strong> est la solution parfaite : le classique condiment romain pr\u00e9par\u00e9 avec <strong data-start=\"516\" data-end=\"548\">coulis de tomate italienne<\/strong>, <strong data-start=\"550\" data-end=\"567\">huile d&rsquo;olive<\/strong> et <strong data-start=\"570\" data-end=\"585\">piment<\/strong>, pour un go\u00fbt d\u00e9cid\u00e9, authentique et 100 % naturel.<\/p>\n<p data-start=\"638\" data-end=\"927\">Disponible dans le <strong data-start=\"654\" data-end=\"673\">pack de 15 pi\u00e8ces<\/strong>, chacune de <strong data-start=\"685\" data-end=\"692\">70g<\/strong>, cette sauce pr\u00eate unit la tradition italienne \u00e0 la praticit\u00e9 moderne.<br data-start=\"766\" data-end=\"769\">Ouvrez, et d\u00e9gustez : en moins de deux minutes vous avez un plat riche en saveur et en caract\u00e8re, parfait pour ceux qui aiment la cuisine m\u00e9diterran\u00e9enne avec une touche \u00e9pic\u00e9e !<\/p>\n","protected":false},"featured_media":4454,"template":"","meta":[],"product_brand":[],"product_cat":[95,91],"product_tag":[118,196,158,153,144],"class_list":{"0":"post-4453","1":"product","2":"type-product","3":"status-publish","4":"has-post-thumbnail","6":"product_cat-pack-de-3-pieces","7":"product_cat-sauces-pretes-a-lemploi-mama","8":"product_tag-mama","9":"product_tag-sauce-allarrabbiata","10":"product_tag-sauces-pretes-a-lemploi-2","11":"product_tag-sauces-pretes-a-lemploi-mama-2","12":"product_tag-sauces-pretes-a-lemploi-mama","14":"first","15":"instock","16":"taxable","17":"shipping-taxable","18":"purchasable","19":"product-type-simple"},"_links":{"self":[{"href":"https:\/\/shop.mamasugo.it\/fr\/wp-json\/wp\/v2\/product\/4453","targetHints":{"allow":["GET"]}}],"collection":[{"href":"https:\/\/shop.mamasugo.it\/fr\/wp-json\/wp\/v2\/product"}],"about":[{"href":"https:\/\/shop.mamasugo.it\/fr\/wp-json\/wp\/v2\/types\/product"}],"wp:featuredmedia":[{"embeddable":true,"href":"https:\/\/shop.mamasugo.it\/fr\/wp-json\/wp\/v2\/media\/4454"}],"wp:attachment":[{"href":"https:\/\/shop.mamasugo.it\/fr\/wp-json\/wp\/v2\/media?parent=4453"}],"wp:term":[{"taxonomy":"product_brand","embeddable":true,"href":"https:\/\/shop.mamasugo.it\/fr\/wp-json\/wp\/v2\/product_brand?post=4453"},{"taxonomy":"product_cat","embeddable":true,"href":"https:\/\/shop.mamasugo.it\/fr\/wp-json\/wp\/v2\/product_cat?post=4453"},{"taxonomy":"product_tag","embeddable":true,"href":"https:\/\/shop.mamasugo.it\/fr\/wp-json\/wp\/v2\/product_tag?post=4453"}],"curies":[{"name":"wp","href":"https:\/\/api.w.org\/{rel}","templated":true}]}}