{"id":4433,"date":"2025-04-22T14:00:44","date_gmt":"2025-04-22T14:00:44","guid":{"rendered":"https:\/\/shop.mamasugo.it\/prodotto\/mama-sauce-au-basilic-portion-individuelle-5x70g-gout-italien-100-naturel-et-sans-gluten\/"},"modified":"2025-04-22T14:00:44","modified_gmt":"2025-04-22T14:00:44","slug":"mama-sauce-au-basilic-portion-individuelle-5x70g-gout-italien-100-naturel-et-sans-gluten","status":"publish","type":"product","link":"https:\/\/shop.mamasugo.it\/fr\/prodotto\/mama-sauce-au-basilic-portion-individuelle-5x70g-gout-italien-100-naturel-et-sans-gluten\/","title":{"rendered":"Mam\u00e0 Sauce au Basilic Portion Individuelle 5x70g | Go\u00fbt Italien, 100% Naturel et Sans Gluten"},"content":{"rendered":"<h3 data-start=\"265\" data-end=\"360\"><strong>Mam\u00e0 Sauce au Basilic Portion Individuelle 5x70g \u2013 Go\u00fbt Italien, 100% Naturel et Sans Gluten<\/strong><\/h3>\n<p data-start=\"362\" data-end=\"717\">D\u00e9couvrez la <strong data-start=\"372\" data-end=\"397\">Sauce au Basilic Mam\u00e0<\/strong>, le condiment pr\u00eat \u00e0 l&#8217;emploi qui apporte \u00e0 votre table toute la saveur de la <strong data-start=\"469\" data-end=\"501\">cuisine italienne traditionnelle<\/strong> dans un format pratique et intelligent.<br data-start=\"538\" data-end=\"541\">\u00c9labor\u00e9e avec de la <strong data-start=\"556\" data-end=\"596\">pur\u00e9e de tomates italiennes (69,8%)<\/strong>, de l&rsquo;<strong data-start=\"598\" data-end=\"615\">huile d&rsquo;olive<\/strong> et du <strong data-start=\"618\" data-end=\"639\">basilic naturel<\/strong>, cette sauce est parfaite pour ceux qui aiment bien manger m\u00eame quand ils ont peu de temps.<\/p>\n<p data-start=\"719\" data-end=\"951\">Chaque paquet contient <strong data-start=\"744\" data-end=\"778\">5 portions individuelles pratiques de 70g<\/strong>, id\u00e9ales pour des p\u00e2tes rapides, un plat l\u00e9ger ou une recette cr\u00e9ative.<br data-start=\"848\" data-end=\"851\">Ouvrez et savourez : vous avez une sauce parfum\u00e9e, authentique et d\u00e9licieuse comme faite maison.<\/p>\n<hr data-start=\"953\" data-end=\"956\">\n<h3 data-start=\"958\" data-end=\"1003\">\u2764\ufe0f <strong>Pourquoi vous aimerez la Sauce au Basilic Mam\u00e0<\/strong><\/h3>\n<p data-start=\"1005\" data-end=\"1651\">\u2705 <strong data-start=\"1007\" data-end=\"1035\">Go\u00fbt authentique et frais<\/strong> \u2013 Pr\u00e9par\u00e9e avec de la pur\u00e9e de tomates italiennes, des herbes aromatiques et de l&rsquo;huile au basilic pour un parfum irr\u00e9sistible.<br data-start=\"1146\" data-end=\"1149\">\u2705 <strong data-start=\"1151\" data-end=\"1168\">100% naturelle<\/strong> \u2013 Sans colorants, sans ar\u00f4mes artificiels et sans conservateurs. Uniquement des ingr\u00e9dients authentiques.<br data-start=\"1258\" data-end=\"1261\">\u2705 <strong data-start=\"1263\" data-end=\"1281\">Convient \u00e0 tous<\/strong> \u2013 Sans gluten, sans lactose, v\u00e9gane et sans allerg\u00e8nes. Parfaite pour ceux qui ont des intol\u00e9rances ou suivent un r\u00e9gime v\u00e9g\u00e9tal.<br data-start=\"1404\" data-end=\"1407\">\u2705 <strong data-start=\"1409\" data-end=\"1428\">Format pratique<\/strong> \u2013 5 sachets individuels de 70g, id\u00e9aux pour un repas rapide, au bureau, en voyage ou pour \u00e9viter le gaspillage.<br data-start=\"1535\" data-end=\"1538\">\u2705 <strong data-start=\"1540\" data-end=\"1557\">Made in Italy<\/strong> \u2013 Avec tout l&rsquo;amour et la qualit\u00e9 Mam\u00e0, synonyme de tradition et de passion pour la bonne cuisine.  <\/p>\n<hr data-start=\"1653\" data-end=\"1656\">\n<h3 data-start=\"1658\" data-end=\"1711\"><strong>\u200d Ingr\u00e9dients s\u00e9lectionn\u00e9s, recette \u00e9quilibr\u00e9e<\/strong><\/h3>\n<p data-start=\"1713\" data-end=\"1833\">Chaque cuill\u00e8re de Sauce au Basilic Mam\u00e0 est un concentr\u00e9 de simplicit\u00e9 et de saveur.<br data-start=\"1793\" data-end=\"1796\">Les ingr\u00e9dients principaux comprennent :<\/p>\n<ul data-start=\"1835\" data-end=\"2095\">\n<li data-start=\"1835\" data-end=\"1870\">\n<p data-start=\"1837\" data-end=\"1870\"><strong data-start=\"1837\" data-end=\"1868\">Pur\u00e9e de tomates (69,8%)<\/strong><\/p>\n<\/li>\n<li data-start=\"1871\" data-end=\"1928\">\n<p data-start=\"1873\" data-end=\"1928\"><strong data-start=\"1873\" data-end=\"1890\">Huile d&rsquo;olive<\/strong> et <strong data-start=\"1893\" data-end=\"1926\">huile aromatis\u00e9e au basilic<\/strong><\/p>\n<\/li>\n<li data-start=\"1929\" data-end=\"1984\">\n<p data-start=\"1931\" data-end=\"1984\"><strong data-start=\"1931\" data-end=\"1982\">Ail, oignon, carotte, poireau et \u00e9pices naturelles<\/strong><\/p>\n<\/li>\n<li data-start=\"1985\" data-end=\"2056\">\n<p data-start=\"1987\" data-end=\"2056\"><strong data-start=\"1987\" data-end=\"2016\">Flocons de tomates s\u00e9ch\u00e9es<\/strong> et <strong data-start=\"2019\" data-end=\"2054\">ar\u00f4mes naturels de l\u00e9gumes vari\u00e9s<\/strong><\/p>\n<\/li>\n<li data-start=\"2057\" data-end=\"2095\">\n<p data-start=\"2059\" data-end=\"2095\"><strong data-start=\"2059\" data-end=\"2093\">Aucun ingr\u00e9dient artificiel<\/strong><\/p>\n<\/li>\n<\/ul>\n<p data-start=\"2097\" data-end=\"2192\">Le r\u00e9sultat ? Une sauce parfum\u00e9e, \u00e9quilibr\u00e9e et velout\u00e9e, qui a le go\u00fbt de la maison et du soleil italien. <\/p>\n<hr data-start=\"2194\" data-end=\"2197\">\n<h3 data-start=\"2199\" data-end=\"2232\">\u2728 <strong>Parfaite pour toutes les occasions<\/strong><\/h3>\n<p data-start=\"2234\" data-end=\"2351\">Le format individuel est la solution id\u00e9ale pour ceux qui veulent une sauce toujours fra\u00eeche et pr\u00eate \u00e0 l&#8217;emploi.<br data-start=\"2333\" data-end=\"2336\">Elle est parfaite pour :<\/p>\n<p data-start=\"2353\" data-end=\"2763\"> <strong data-start=\"2356\" data-end=\"2376\">Un d\u00e9jeuner rapide<\/strong> \u2013 R\u00e9chauffez la sauce et assaisonnez vos p\u00e2tes en moins de 2 minutes.<br data-start=\"2438\" data-end=\"2441\"> <strong data-start=\"2444\" data-end=\"2463\">Des recettes l\u00e9g\u00e8res<\/strong> \u2013 Ajoutez-la \u00e0 des l\u00e9gumes, des l\u00e9gumineuses ou des c\u00e9r\u00e9ales pour une touche de saveur m\u00e9diterran\u00e9enne.<br data-start=\"2541\" data-end=\"2544\"> <strong data-start=\"2547\" data-end=\"2574\">En voyage ou au bureau<\/strong> \u2013 Emportez-la partout avec vous, sans besoin de r\u00e9frig\u00e9ration ou de pr\u00e9parations compliqu\u00e9es.<br data-start=\"2650\" data-end=\"2653\">\u200d\u200d <strong data-start=\"2662\" data-end=\"2691\">Des portions adapt\u00e9es \u00e0 tous<\/strong> \u2013 Pas de gaspillage, que du go\u00fbt. Id\u00e9ale pour les c\u00e9libataires, les familles ou les \u00e9tudiants. <\/p>\n<hr data-start=\"2765\" data-end=\"2768\">\n<h3 data-start=\"2770\" data-end=\"2812\"><strong>Sans gluten, lactose et allerg\u00e8nes<\/strong><\/h3>\n<p data-start=\"2814\" data-end=\"3051\">Mam\u00e0 pense \u00e0 tous : cette sauce est <strong data-start=\"2848\" data-end=\"2877\">certifi\u00e9e sans gluten<\/strong>, <strong data-start=\"2879\" data-end=\"2897\">sans lactose<\/strong>, <strong data-start=\"2899\" data-end=\"2909\">v\u00e9gane<\/strong> et <strong data-start=\"2912\" data-end=\"2938\">sans allerg\u00e8nes courants<\/strong>.<br data-start=\"2939\" data-end=\"2942\">Un produit polyvalent et s\u00fbr pour ceux qui recherchent des aliments bons, sains et respectueux de chaque besoin alimentaire.<\/p>\n<hr data-start=\"3053\" data-end=\"3056\">\n<h3 data-start=\"3058\" data-end=\"3085\"><strong>Qualit\u00e9 sign\u00e9e Mam\u00e0<\/strong><\/h3>\n<p data-start=\"3087\" data-end=\"3444\">La marque <strong data-start=\"3098\" data-end=\"3106\">Mam\u00e0<\/strong> repr\u00e9sente la tradition italienne et le souci du d\u00e9tail.<br data-start=\"3167\" data-end=\"3170\">Chaque sauce est r\u00e9alis\u00e9e avec des <strong data-start=\"3197\" data-end=\"3228\">ingr\u00e9dients de haute qualit\u00e9<\/strong>, suivant des recettes simples mais riches en go\u00fbt, exactement comme celles faites \u00e0 la maison.<br data-start=\"3309\" data-end=\"3312\">Avec Mam\u00e0, vous apportez \u00e0 table l&rsquo;authenticit\u00e9 d&rsquo;un plat italien pr\u00eat en un instant, avec la s\u00e9curit\u00e9 d&rsquo;un produit sain et certifi\u00e9.<\/p>\n<hr data-start=\"3446\" data-end=\"3449\">\n<h3 data-start=\"3451\" data-end=\"3471\"><strong>Donn\u00e9es du produit<\/strong><\/h3>\n<ul data-start=\"3472\" data-end=\"3722\">\n<li data-start=\"3472\" data-end=\"3507\">\n<p data-start=\"3474\" data-end=\"3507\"><strong data-start=\"3474\" data-end=\"3483\">Nom :<\/strong> Sauce au Basilic Mam\u00e0<\/p>\n<\/li>\n<li data-start=\"3508\" data-end=\"3555\">\n<p data-start=\"3510\" data-end=\"3555\"><strong data-start=\"3510\" data-end=\"3522\">Format :<\/strong> 5x70g (poids net total 240g)<\/p>\n<\/li>\n<li data-start=\"3556\" data-end=\"3610\">\n<p data-start=\"3558\" data-end=\"3610\"><strong data-start=\"3558\" data-end=\"3608\">Sans gluten, sans lactose, sans allerg\u00e8nes<\/strong><\/p>\n<\/li>\n<li data-start=\"3611\" data-end=\"3648\">\n<p data-start=\"3613\" data-end=\"3648\"><strong data-start=\"3613\" data-end=\"3646\">Convient aux v\u00e9ganes et v\u00e9g\u00e9tariens<\/strong><\/p>\n<\/li>\n<li data-start=\"3649\" data-end=\"3672\">\n<p data-start=\"3651\" data-end=\"3672\"><strong data-start=\"3651\" data-end=\"3663\">Origine :<\/strong> Italie<\/p>\n<\/li>\n<li data-start=\"3673\" data-end=\"3722\">\n<p data-start=\"3675\" data-end=\"3722\"><strong data-start=\"3675\" data-end=\"3693\">Conservation :<\/strong> dans un endroit frais et sec<\/p>\n<\/li>\n<\/ul>\n<hr data-start=\"3724\" data-end=\"3727\">\n<h3 data-start=\"3729\" data-end=\"3768\"><strong>Savourez l&rsquo;Italie, o\u00f9 que vous soyez<\/strong><\/h3>\n<p data-start=\"3770\" data-end=\"4010\">Avec la <strong data-start=\"3777\" data-end=\"3815\">Sauce au Basilic Mam\u00e0 en Portion Individuelle<\/strong>, vous pouvez emporter la saveur de la cuisine italienne partout : \u00e0 la maison, au travail ou en voyage.<br data-start=\"3902\" data-end=\"3905\">Une sauce bonne, authentique et pratique \u2014 parfaite pour ceux qui veulent bien manger m\u00eame les jours les plus fr\u00e9n\u00e9tiques.<\/p>\n<p data-start=\"4012\" data-end=\"4097\">Ouvrez le sachet et savourez le go\u00fbt de la simplicit\u00e9 sign\u00e9e <strong data-start=\"4081\" data-end=\"4089\">Mam\u00e0<\/strong>.<\/p>\n","protected":false},"excerpt":{"rendered":"<p data-start=\"362\" data-end=\"717\">D\u00e9couvrez la <strong data-start=\"372\" data-end=\"397\">Sauce au Basilic Mam\u00e0<\/strong>, le condiment pr\u00eat \u00e0 l&#8217;emploi qui apporte \u00e0 votre table toute la saveur de la <strong data-start=\"469\" data-end=\"501\">cuisine italienne traditionnelle<\/strong> dans un format pratique et intelligent.<br data-start=\"538\" data-end=\"541\">\u00c9labor\u00e9e avec de la <strong data-start=\"556\" data-end=\"596\">pur\u00e9e de tomates italiennes (69,8%)<\/strong>, de l&rsquo;<strong data-start=\"598\" data-end=\"615\">huile d&rsquo;olive<\/strong> et du <strong data-start=\"618\" data-end=\"639\">basilic naturel<\/strong>, cette sauce est parfaite pour ceux qui aiment bien manger m\u00eame quand ils ont peu de temps.<\/p>\n<p data-start=\"719\" data-end=\"951\">Chaque paquet contient <strong data-start=\"744\" data-end=\"778\">5 portions individuelles pratiques de 70g<\/strong>, id\u00e9ales pour des p\u00e2tes rapides, un plat l\u00e9ger ou une recette cr\u00e9ative.<br data-start=\"848\" data-end=\"851\">Ouvrez et savourez : vous avez une sauce parfum\u00e9e, authentique et d\u00e9licieuse comme faite maison.<\/p>\n","protected":false},"featured_media":4405,"template":"","meta":[],"product_brand":[],"product_cat":[93,91],"product_tag":[193,194,158,153],"class_list":{"0":"post-4433","1":"product","2":"type-product","3":"status-publish","4":"has-post-thumbnail","6":"product_cat-emballage-individuel","7":"product_cat-sauces-pretes-a-lemploi-mama","8":"product_tag-sauce-au-basilic","9":"product_tag-sauce-au-basilic-mama","10":"product_tag-sauces-pretes-a-lemploi-2","11":"product_tag-sauces-pretes-a-lemploi-mama-2","13":"first","14":"instock","15":"taxable","16":"shipping-taxable","17":"purchasable","18":"product-type-simple"},"_links":{"self":[{"href":"https:\/\/shop.mamasugo.it\/fr\/wp-json\/wp\/v2\/product\/4433","targetHints":{"allow":["GET"]}}],"collection":[{"href":"https:\/\/shop.mamasugo.it\/fr\/wp-json\/wp\/v2\/product"}],"about":[{"href":"https:\/\/shop.mamasugo.it\/fr\/wp-json\/wp\/v2\/types\/product"}],"wp:featuredmedia":[{"embeddable":true,"href":"https:\/\/shop.mamasugo.it\/fr\/wp-json\/wp\/v2\/media\/4405"}],"wp:attachment":[{"href":"https:\/\/shop.mamasugo.it\/fr\/wp-json\/wp\/v2\/media?parent=4433"}],"wp:term":[{"taxonomy":"product_brand","embeddable":true,"href":"https:\/\/shop.mamasugo.it\/fr\/wp-json\/wp\/v2\/product_brand?post=4433"},{"taxonomy":"product_cat","embeddable":true,"href":"https:\/\/shop.mamasugo.it\/fr\/wp-json\/wp\/v2\/product_cat?post=4433"},{"taxonomy":"product_tag","embeddable":true,"href":"https:\/\/shop.mamasugo.it\/fr\/wp-json\/wp\/v2\/product_tag?post=4433"}],"curies":[{"name":"wp","href":"https:\/\/api.w.org\/{rel}","templated":true}]}}