{"id":4399,"date":"2023-10-06T21:20:44","date_gmt":"2023-10-06T21:20:44","guid":{"rendered":"https:\/\/shop.mamasugo.it\/prodotto\/box-degustation-mama-sauces-monoportion-les-5-saveurs-gout-fraicheur-et-praticite\/"},"modified":"2023-10-06T21:20:44","modified_gmt":"2023-10-06T21:20:44","slug":"box-degustation-mama-sauces-monoportion-les-5-saveurs-gout-fraicheur-et-praticite","status":"publish","type":"product","link":"https:\/\/shop.mamasugo.it\/fr\/prodotto\/box-degustation-mama-sauces-monoportion-les-5-saveurs-gout-fraicheur-et-praticite\/","title":{"rendered":"Box D\u00e9gustation Mam\u00e0 Sauces Monoportion &#8211; Les 5 Saveurs | Go\u00fbt, Fra\u00eecheur et Praticit\u00e9"},"content":{"rendered":"<h3 data-start=\"190\" data-end=\"294\"><strong>Box D\u00e9gustation Mam\u00e0 Sauces Monoportion &#8211; Pack 25x70g Toutes les 5 Saveurs | Go\u00fbt, Fra\u00eecheur et Praticit\u00e9<\/strong><\/h3>\n<p data-start=\"296\" data-end=\"674\">D\u00e9couvrez le <strong data-start=\"306\" data-end=\"349\">plaisir de la cuisine italienne authentique<\/strong> avec la <strong data-start=\"357\" data-end=\"401\">Box D\u00e9gustation Mam\u00e0 Sauces Monoportion<\/strong>, un pack con\u00e7u pour ceux qui aiment exp\u00e9rimenter et savourer une sauce diff\u00e9rente chaque jour.<br data-start=\"493\" data-end=\"496\">Cette box exclusive comprend <strong data-start=\"525\" data-end=\"565\">les 5 saveurs les plus appr\u00e9ci\u00e9es de Mam\u00e0<\/strong>, en sachets monoportion pratiques de 70g, parfaits pour essayer, combiner et cr\u00e9er des plats uniques et savoureux.<\/p>\n<p data-start=\"676\" data-end=\"964\">Avec cette box, chaque repas devient un voyage \u00e0 travers les saveurs de la tradition italienne : de la fra\u00eeche <strong data-start=\"773\" data-end=\"793\">Sauce au Basilic<\/strong>, \u00e0 la cr\u00e9meuse <strong data-start=\"806\" data-end=\"829\">Poivrons et Pecorino<\/strong>, en passant par la piquante <strong data-start=\"856\" data-end=\"874\">Arrabbiata<\/strong>, jusqu&rsquo;\u00e0 l&rsquo;\u00e9l\u00e9gante <strong data-start=\"894\" data-end=\"913\">Sauce \u00e0 la Truffe<\/strong> et le parfum\u00e9 <strong data-start=\"929\" data-end=\"961\">Pesto au Basilic et Citron<\/strong>.<\/p>\n<hr data-start=\"966\" data-end=\"969\">\n<h3 data-start=\"971\" data-end=\"1021\"><strong>Pourquoi choisir la Box D\u00e9gustation Mam\u00e0<\/strong><\/h3>\n<p data-start=\"1023\" data-end=\"1488\">\u2705 <strong data-start=\"1025\" data-end=\"1060\">Savourez les 5 go\u00fbts Mam\u00e0<\/strong> &#8211; D\u00e9couvrez les vari\u00e9t\u00e9s les plus appr\u00e9ci\u00e9es dans un seul pack.<br data-start=\"1108\" data-end=\"1111\">\u2705 <strong data-start=\"1113\" data-end=\"1145\">Format monoportion pratique<\/strong> &#8211; Sachets de 70g pour des repas toujours frais et pr\u00eats.<br data-start=\"1197\" data-end=\"1200\">\u2705 <strong data-start=\"1202\" data-end=\"1241\">Sans gluten, lactose et allerg\u00e8nes<\/strong> &#8211; Parfait pour tous.<br data-start=\"1263\" data-end=\"1266\">\u2705 <strong data-start=\"1268\" data-end=\"1300\">Ingr\u00e9dients 100 % naturels<\/strong> &#8211; Sans colorants, conservateurs ou ar\u00f4mes artificiels.<br data-start=\"1352\" data-end=\"1355\">\u2705 <strong data-start=\"1357\" data-end=\"1380\">Pratique et polyvalent<\/strong> &#8211; Id\u00e9al pour la maison, le bureau ou les voyages.<br data-start=\"1417\" data-end=\"1420\">\u2705 <strong data-start=\"1422\" data-end=\"1439\">Made in Italy<\/strong> &#8211; Qualit\u00e9 et passion italienne dans chaque sachet.<\/p>\n<hr data-start=\"1490\" data-end=\"1493\">\n<h3 data-start=\"1495\" data-end=\"1522\"><strong>Les 5 saveurs incluses<\/strong><\/h3>\n<ol data-start=\"1524\" data-end=\"2005\">\n<li data-start=\"1524\" data-end=\"1616\">\n<p data-start=\"1527\" data-end=\"1616\"><strong data-start=\"1527\" data-end=\"1547\">Sauce au Basilic<\/strong> &#8211; Douceur de la pur\u00e9e de tomates et parfum frais du basilic.<\/p>\n<\/li>\n<li data-start=\"1617\" data-end=\"1728\">\n<p data-start=\"1620\" data-end=\"1728\"><strong data-start=\"1620\" data-end=\"1648\">Sauce Poivrons et Pecorino<\/strong> &#8211; Le m\u00e9lange parfait entre la douceur des poivrons et le go\u00fbt savoureux du pecorino italien.<\/p>\n<\/li>\n<li data-start=\"1729\" data-end=\"1819\">\n<p data-start=\"1732\" data-end=\"1819\"><strong data-start=\"1732\" data-end=\"1755\">Sauce Arrabbiata<\/strong> &#8211; Piquante et aromatique, parfaite pour ceux qui aiment une touche prononc\u00e9e.<\/p>\n<\/li>\n<li data-start=\"1820\" data-end=\"1913\">\n<p data-start=\"1823\" data-end=\"1913\"><strong data-start=\"1823\" data-end=\"1842\">Sauce \u00e0 la Truffe<\/strong> &#8211; \u00c9l\u00e9gante et raffin\u00e9e, avec le parfum intense de la truffe italienne.<\/p>\n<\/li>\n<li data-start=\"1914\" data-end=\"2005\">\n<p data-start=\"1917\" data-end=\"2005\"><strong data-start=\"1917\" data-end=\"1949\">Pesto au Basilic et Citron<\/strong> &#8211; Frais, cr\u00e9meux et parfum\u00e9, avec une touche d&rsquo;agrumes.<\/p>\n<\/li>\n<\/ol>\n<p data-start=\"2007\" data-end=\"2133\">Chaque saveur est conditionn\u00e9e en sachets de 70g, garantissant <strong data-start=\"2064\" data-end=\"2090\">fra\u00eecheur et praticit\u00e9<\/strong> : n&rsquo;ouvrez que ce dont vous avez besoin, sans gaspillage.<\/p>\n<hr data-start=\"2135\" data-end=\"2138\">\n<h3 data-start=\"2140\" data-end=\"2165\"><strong>Comment l&rsquo;utiliser<\/strong><\/h3>\n<p data-start=\"2167\" data-end=\"2258\">La <strong data-start=\"2170\" data-end=\"2214\">Box D\u00e9gustation Mam\u00e0 Sauces Monoportion<\/strong> est parfaite pour exp\u00e9rimenter de nouveaux plats :<\/p>\n<p data-start=\"2260\" data-end=\"2616\"> <strong data-start=\"2263\" data-end=\"2279\">Avec les p\u00e2tes<\/strong> &#8211; Des spaghettis aux pennes, fusilli ou tagliatelles, chaque sauce sublime le plat avec son ar\u00f4me unique.<br data-start=\"2377\" data-end=\"2380\"> <strong data-start=\"2383\" data-end=\"2408\">Sur pizza et bruschettes<\/strong> &#8211; Un sachet pour une touche gourmet.<br data-start=\"2444\" data-end=\"2447\"> <strong data-start=\"2450\" data-end=\"2491\">Pour plats froids ou salades de p\u00e2tes<\/strong> &#8211; Parfait avec des c\u00e9r\u00e9ales, l\u00e9gumineuses et l\u00e9gumes.<br data-start=\"2533\" data-end=\"2536\"> <strong data-start=\"2539\" data-end=\"2572\">Pour plats principaux et accompagnements<\/strong> &#8211; Sauce pr\u00eate pour viande, poisson ou l\u00e9gumes.<\/p>\n<hr data-start=\"2711\" data-end=\"2714\">\n<h3 data-start=\"2716\" data-end=\"2760\"><strong>Sans gluten, lactose et allerg\u00e8nes<\/strong><\/h3>\n<p data-start=\"2762\" data-end=\"2980\">La <strong data-start=\"2765\" data-end=\"2790\">Box D\u00e9gustation Mam\u00e0<\/strong> est <strong data-start=\"2793\" data-end=\"2810\">sans gluten<\/strong>, <strong data-start=\"2812\" data-end=\"2830\">sans lactose<\/strong> et <strong data-start=\"2833\" data-end=\"2862\">sans allerg\u00e8nes courants<\/strong>, id\u00e9ale pour ceux qui souhaitent un repas sain, naturel et savoureux, sans renoncer au plaisir d&rsquo;un assaisonnement authentique.<\/p>\n<p data-start=\"2982\" data-end=\"3133\">Les sachets monoportion assurent <strong data-start=\"3017\" data-end=\"3056\">commodit\u00e9, fra\u00eecheur et z\u00e9ro gaspillage<\/strong> !<\/p>\n<hr data-start=\"3135\" data-end=\"3138\">\n<h3 data-start=\"3140\" data-end=\"3192\"><strong>Qualit\u00e9 Mam\u00e0 &#8211; Toute la tradition italienne<\/strong><\/h3>\n<p data-start=\"3194\" data-end=\"3520\">Chaque sachet renferme des <strong data-start=\"3217\" data-end=\"3253\">ingr\u00e9dients soigneusement s\u00e9lectionn\u00e9s<\/strong> et une pr\u00e9paration d\u00e9licate qui pr\u00e9serve la saveur, l&rsquo;ar\u00f4me et la couleur.<br data-start=\"3325\" data-end=\"3328\">La <strong data-start=\"3331\" data-end=\"3375\">Box D\u00e9gustation Mam\u00e0 Sauces Monoportion<\/strong> est id\u00e9ale pour ceux qui veulent go\u00fbter toutes les saveurs, d\u00e9couvrir leurs pr\u00e9f\u00e9rences et apporter \u00e0 table des <strong data-start=\"3479\" data-end=\"3517\">plats savoureux, rapides et authentiques<\/strong>.<\/p>\n<hr data-start=\"3522\" data-end=\"3525\">\n<h3 data-start=\"3527\" data-end=\"3549\"><strong>Donn\u00e9es du produit<\/strong><\/h3>\n<ul data-start=\"3551\" data-end=\"3905\">\n<li data-start=\"3551\" data-end=\"3605\">\n<p data-start=\"3553\" data-end=\"3605\"><strong data-start=\"3553\" data-end=\"3562\">Nom :<\/strong> Box D\u00e9gustation Mam\u00e0 Sauces Monoportion<\/p>\n<\/li>\n<li data-start=\"3606\" data-end=\"3678\">\n<p data-start=\"3608\" data-end=\"3678\"><strong data-start=\"3608\" data-end=\"3622\">Contenu :<\/strong> 5 saveurs diff\u00e9rentes \u00d7 sachets de 70g = 25 sachets au total<\/p>\n<\/li>\n<li data-start=\"3679\" data-end=\"3722\">\n<p data-start=\"3681\" data-end=\"3722\"><strong data-start=\"3681\" data-end=\"3720\">Sans gluten, lactose et allerg\u00e8nes<\/strong><\/p>\n<\/li>\n<li data-start=\"3723\" data-end=\"3792\">\n<p data-start=\"3725\" data-end=\"3792\"><strong data-start=\"3725\" data-end=\"3790\">Avec pur\u00e9e de tomates, huile d&rsquo;olive et ingr\u00e9dients naturels<\/strong><\/p>\n<\/li>\n<li data-start=\"3793\" data-end=\"3816\">\n<p data-start=\"3795\" data-end=\"3816\"><strong data-start=\"3795\" data-end=\"3807\">Origine :<\/strong> Italie<\/p>\n<\/li>\n<li data-start=\"3817\" data-end=\"3866\">\n<p data-start=\"3819\" data-end=\"3866\"><strong data-start=\"3819\" data-end=\"3837\">Conservation :<\/strong> dans un endroit frais et sec<\/p>\n<\/li>\n<li data-start=\"3867\" data-end=\"3905\">\n<p data-start=\"3869\" data-end=\"3905\"><strong data-start=\"3869\" data-end=\"3884\">Mode d&#8217;emploi :<\/strong> il suffit de verser<\/p>\n<\/li>\n<\/ul>\n<hr data-start=\"3907\" data-end=\"3910\">\n<h3 data-start=\"3912\" data-end=\"3947\"><strong>Toute l&rsquo;Italie dans une box<\/strong><\/h3>\n<p data-start=\"3949\" data-end=\"4222\">Avec la <strong data-start=\"3956\" data-end=\"4000\">Box D\u00e9gustation Mam\u00e0 Sauces Monoportion<\/strong>, vous pouvez savourer chaque jour une saveur diff\u00e9rente, apportant \u00e0 table <strong data-start=\"4065\" data-end=\"4133\">fra\u00eecheur, praticit\u00e9 et le go\u00fbt authentique de la cuisine italienne<\/strong>.<br data-start=\"4134\" data-end=\"4137\">Ouvrez et savourez \u2014 avec <strong data-start=\"4164\" data-end=\"4172\">Mam\u00e0<\/strong>, chaque repas devient une exp\u00e9rience unique.<\/p>\n","protected":false},"excerpt":{"rendered":"<p data-start=\"296\" data-end=\"674\">D\u00e9couvrez le <strong data-start=\"306\" data-end=\"349\">plaisir de la cuisine italienne authentique<\/strong> avec la <strong data-start=\"357\" data-end=\"401\">Box D\u00e9gustation Mam\u00e0 Sauces Monoportion<\/strong>, un pack con\u00e7u pour ceux qui aiment exp\u00e9rimenter et savourer une sauce diff\u00e9rente chaque jour.<br data-start=\"493\" data-end=\"496\">Cette box exclusive comprend <strong data-start=\"525\" data-end=\"565\">les 5 saveurs les plus appr\u00e9ci\u00e9es de Mam\u00e0<\/strong>, en sachets monoportion pratiques de 70g, parfaits pour essayer, combiner et cr\u00e9er des plats uniques et savoureux.<\/p>\n<p data-start=\"676\" data-end=\"964\">Avec cette box, chaque repas devient un voyage \u00e0 travers les saveurs de la tradition italienne : de la fra\u00eeche <strong data-start=\"773\" data-end=\"793\">Sauce au Basilic<\/strong>, \u00e0 la cr\u00e9meuse <strong data-start=\"806\" data-end=\"829\">Poivrons et Pecorino<\/strong>, en passant par la piquante <strong data-start=\"856\" data-end=\"874\">Arrabbiata<\/strong>, jusqu&rsquo;\u00e0 l&rsquo;\u00e9l\u00e9gante <strong data-start=\"894\" data-end=\"913\">Sauce \u00e0 la Truffe<\/strong> et le parfum\u00e9 <strong data-start=\"929\" data-end=\"961\">Pesto au Basilic et Citron<\/strong>.<\/p>\n","protected":false},"featured_media":4401,"template":"","meta":[],"product_brand":[],"product_cat":[92,91],"product_tag":[187,128,133,138],"class_list":{"0":"post-4399","1":"product","2":"type-product","3":"status-publish","4":"has-post-thumbnail","6":"product_cat-lot","7":"product_cat-sauces-pretes-a-lemploi-mama","8":"product_tag-coffret-degustation","9":"product_tag-mama-sauces","10":"product_tag-mama-sauces-pretes-a-lemploi","11":"product_tag-sauces","13":"first","14":"instock","15":"taxable","16":"shipping-taxable","17":"purchasable","18":"product-type-simple"},"_links":{"self":[{"href":"https:\/\/shop.mamasugo.it\/fr\/wp-json\/wp\/v2\/product\/4399","targetHints":{"allow":["GET"]}}],"collection":[{"href":"https:\/\/shop.mamasugo.it\/fr\/wp-json\/wp\/v2\/product"}],"about":[{"href":"https:\/\/shop.mamasugo.it\/fr\/wp-json\/wp\/v2\/types\/product"}],"wp:featuredmedia":[{"embeddable":true,"href":"https:\/\/shop.mamasugo.it\/fr\/wp-json\/wp\/v2\/media\/4401"}],"wp:attachment":[{"href":"https:\/\/shop.mamasugo.it\/fr\/wp-json\/wp\/v2\/media?parent=4399"}],"wp:term":[{"taxonomy":"product_brand","embeddable":true,"href":"https:\/\/shop.mamasugo.it\/fr\/wp-json\/wp\/v2\/product_brand?post=4399"},{"taxonomy":"product_cat","embeddable":true,"href":"https:\/\/shop.mamasugo.it\/fr\/wp-json\/wp\/v2\/product_cat?post=4399"},{"taxonomy":"product_tag","embeddable":true,"href":"https:\/\/shop.mamasugo.it\/fr\/wp-json\/wp\/v2\/product_tag?post=4399"}],"curies":[{"name":"wp","href":"https:\/\/api.w.org\/{rel}","templated":true}]}}