{"id":4310,"date":"2025-05-14T08:05:56","date_gmt":"2025-05-14T08:05:56","guid":{"rendered":"https:\/\/shop.mamasugo.it\/sauce-au-basilic\/"},"modified":"2025-11-18T09:18:33","modified_gmt":"2025-11-18T09:18:33","slug":"sauce-au-basilic","status":"publish","type":"page","link":"https:\/\/shop.mamasugo.it\/fr\/sauce-au-basilic\/","title":{"rendered":"Sauce au basilic"},"content":{"rendered":"\n\n\t<section class=\"section\" id=\"section_341463874\">\n\t\t<div class=\"section-bg fill\" >\n\t\t\t<img loading=\"lazy\" decoding=\"async\" width=\"1600\" height=\"1600\" src=\"https:\/\/shop.mamasugo.it\/wp-content\/uploads\/2023\/10\/spaghetti-sugo-basilico.webp\" class=\"bg attachment-original size-original\" alt=\"\" \/>\t\t\t\t\t\t\n\t\t\t\n\n\t\t<\/div>\n\n\t\t\n\n\t\t<div class=\"section-content relative\">\n\t\t\t\n\n\t<div id=\"gap-31746556\" class=\"gap-element clearfix\" style=\"display:block; height:auto;\">\n\t\t\n<style>\n#gap-31746556 {\n  padding-top: 50px;\n}\n<\/style>\n\t<\/div>\n\t\n\n<div class=\"row align-middle align-center\"  id=\"row-231431766\">\n\n\n\t<div id=\"col-305268744\" class=\"col medium-8 small-12 large-8\"  >\n\t\t\t\t<div class=\"col-inner text-center\"  >\n\t\t\t\n\t\t\t\n\n\t<div id=\"text-4187322732\" class=\"text\">\n\t\t\n\n<h1 style=\"text-align: center; text-shadow: 0em 0.1em 0.1em rgba(0, 0, 0, 0.4);\"><strong>La Sauce au Basilic Mam\u00e0 : une simplicit\u00e9 qui conquiert<\/strong><\/h1>\n\t\t\n<style>\n#text-4187322732 {\n  font-size: 2rem;\n  color: rgb(255, 255, 255);\n}\n#text-4187322732 > * {\n  color: rgb(255, 255, 255);\n}\n<\/style>\n\t<\/div>\n\t\n\t<div id=\"gap-1765587015\" class=\"gap-element clearfix\" style=\"display:block; height:auto;\">\n\t\t\n<style>\n#gap-1765587015 {\n  padding-top: 10px;\n}\n<\/style>\n\t<\/div>\n\t\n\n\t<div id=\"text-4078970101\" class=\"text\">\n\t\t\n\n<p style=\"text-shadow: 0em 0.1em 0.1em rgba(0, 0, 0, 0.4);\"><strong>Tomates m\u00fbres et basilic frais dans une recette classique, pr\u00eate en quelques minutes. Le go\u00fbt de la cuisine italienne, dans une portion individuelle pratique. <\/strong><\/p>\n\t\t\n<style>\n#text-4078970101 {\n  font-size: 1.2rem;\n  text-align: center;\n  color: rgb(255, 255, 255);\n}\n#text-4078970101 > * {\n  color: rgb(255, 255, 255);\n}\n<\/style>\n\t<\/div>\n\t\n\t<div id=\"gap-1500274905\" class=\"gap-element clearfix\" style=\"display:block; height:auto;\">\n\t\t\n<style>\n#gap-1500274905 {\n  padding-top: 30px;\n}\n<\/style>\n\t<\/div>\n\t\n\n<a href=\"https:\/\/shop.mamasugo.it\/prodotto\/sugo-al-basilico\/\" class=\"button secondary reveal-icon\"  style=\"border-radius:99px;\">\n\t\t<span>Achetez maintenant<\/span>\n\t<i class=\"icon-angle-right\" aria-hidden=\"true\" ><\/i><\/a>\n\n\n<a href=\"https:\/\/shop.mamasugo.it\/prodotto\/box-degustazione-mama\/\" class=\"button white reveal-icon\"  style=\"border-radius:99px;\">\n\t\t<span>D\u00e9couvrez la bo\u00eete de 15 portions<\/span>\n\t<i class=\"icon-angle-right\" aria-hidden=\"true\" ><\/i><\/a>\n\n\n\n\t\t<\/div>\n\t\t\t\t\t<\/div>\n\n\t\n\n<\/div>\n\t<div id=\"gap-1452427775\" class=\"gap-element clearfix\" style=\"display:block; height:auto;\">\n\t\t\n<style>\n#gap-1452427775 {\n  padding-top: 20px;\n}\n<\/style>\n\t<\/div>\n\t\n\n\n\t\t<\/div>\n\n\t\t\n<style>\n#section_341463874 {\n  padding-top: 0px;\n  padding-bottom: 0px;\n}\n#section_341463874 .section-bg img {\n  object-position: 50% 50%;\n}\n<\/style>\n\t<\/section>\n\t\n<div class=\"row row-large align-middle align-center\"  id=\"row-2083569989\">\n\n\n\t<div id=\"col-1097029662\" class=\"col medium-6 small-12 large-6\"  >\n\t\t\t\t<div class=\"col-inner\"  >\n\t\t\t\n\t\t\t\n\n\t<div class=\"img has-hover x md-x lg-x y md-y lg-y\" id=\"image_400943837\">\n\t\t\t\t\t\t\t\t<div class=\"img-inner dark\" >\n\t\t\t<img loading=\"lazy\" decoding=\"async\" width=\"800\" height=\"800\" src=\"https:\/\/shop.mamasugo.it\/wp-content\/uploads\/2023\/09\/basilico-buste.jpg\" class=\"attachment-original size-original\" alt=\"\" srcset=\"https:\/\/shop.mamasugo.it\/wp-content\/uploads\/2023\/09\/basilico-buste.jpg 800w, https:\/\/shop.mamasugo.it\/wp-content\/uploads\/2023\/09\/basilico-buste-100x100.jpg 100w, https:\/\/shop.mamasugo.it\/wp-content\/uploads\/2023\/09\/basilico-buste-510x510.jpg 510w, https:\/\/shop.mamasugo.it\/wp-content\/uploads\/2023\/09\/basilico-buste-300x300.jpg 300w, https:\/\/shop.mamasugo.it\/wp-content\/uploads\/2023\/09\/basilico-buste-150x150.jpg 150w, https:\/\/shop.mamasugo.it\/wp-content\/uploads\/2023\/09\/basilico-buste-768x768.jpg 768w, https:\/\/shop.mamasugo.it\/wp-content\/uploads\/2023\/09\/basilico-buste-480x480.jpg 480w\" sizes=\"auto, (max-width: 800px) 100vw, 800px\" \/>\t\t\t\t\t\t\n\t\t\t\t\t<\/div>\n\t\t\t\t\t\t\t\t\n<style>\n#image_400943837 {\n  width: 100%;\n}\n<\/style>\n\t<\/div>\n\t\n\n\n\t\t<\/div>\n\t\t\t\t\t<\/div>\n\n\t\n\n\t<div id=\"col-44200604\" class=\"col medium-6 small-12 large-6\"  >\n\t\t\t\t<div class=\"col-inner\"  >\n\t\t\t\n\t\t\t\n\n\t<div id=\"text-682382863\" class=\"text\">\n\t\t\n\n<h2><strong>L&rsquo;intemporel de la cuisine italienne, fait comme \u00e0 la maison<\/strong><\/h2>\n\t\t\n<style>\n#text-682382863 {\n  font-size: 1.7rem;\n  color: #c92c39;\n}\n#text-682382863 > * {\n  color: #c92c39;\n}\n<\/style>\n\t<\/div>\n\t\n\t<div id=\"gap-1468328698\" class=\"gap-element clearfix\" style=\"display:block; height:auto;\">\n\t\t\n<style>\n#gap-1468328698 {\n  padding-top: 20px;\n}\n<\/style>\n\t<\/div>\n\t\n\n<p>Notre Sauce au Basilic est cr\u00e9\u00e9e \u00e0 partir de quelques ingr\u00e9dients simples et authentiques : tomates fra\u00eeches, basilic parfum\u00e9, une pinc\u00e9e de sel et beaucoup d&rsquo;amour.<\/p>\n<p>C&rsquo;est le classique qui ne lasse jamais, id\u00e9al pour ceux qui aiment les saveurs authentiques et veulent apporter l&rsquo;Italie \u00e0 table, o\u00f9 qu&rsquo;ils soient.<\/p>\n\n\t\t<\/div>\n\t\t\t\t\t<\/div>\n\n\t\n\n<\/div>\n<div class=\"row row-large align-middle align-center\"  id=\"row-1590099710\">\n\n\n\t<div id=\"col-2051720992\" class=\"col medium-6 small-12 large-6\"  >\n\t\t\t\t<div class=\"col-inner\"  >\n\t\t\t\n\t\t\t\n\n\t<div id=\"text-2038896082\" class=\"text\">\n\t\t\n\n<h2><strong>Pourquoi vous aimerez notre Sauce au Basilic<\/strong><\/h2>\n\t\t\n<style>\n#text-2038896082 {\n  font-size: 1.7rem;\n  color: #c92c39;\n}\n#text-2038896082 > * {\n  color: #c92c39;\n}\n<\/style>\n\t<\/div>\n\t\n\t<div id=\"gap-872030276\" class=\"gap-element clearfix\" style=\"display:block; height:auto;\">\n\t\t\n<style>\n#gap-872030276 {\n  padding-top: 20px;\n}\n<\/style>\n\t<\/div>\n\t\n\n\n\t\t<div class=\"icon-box featured-box icon-box-left text-left\"  >\n\t\t\t\t\t<div class=\"icon-box-img\" style=\"width: 25px\">\n\t\t\t\t<div class=\"icon\">\n\t\t\t\t\t<div class=\"icon-inner\" >\n\t\t\t\t\t\t<img loading=\"lazy\" decoding=\"async\" width=\"50\" height=\"50\" src=\"https:\/\/shop.mamasugo.it\/wp-content\/uploads\/2025\/09\/mama_sugo_icona_naturale.png\" class=\"attachment-medium size-medium\" alt=\"\" \/>\t\t\t\t\t<\/div>\n\t\t\t\t<\/div>\n\t\t\t<\/div>\n\t\t\t\t<div class=\"icon-box-text last-reset\">\n\t\t\t\t\t\t\t\t\t\n\n<p style=\"margin-bottom: 0px; margin-top: 3px;\">Tomates fra\u00eeches et basilic italien<\/p>\n\n\t\t<\/div>\n\t<\/div>\n\t\n\t\n\t<div id=\"gap-1781053746\" class=\"gap-element clearfix\" style=\"display:block; height:auto;\">\n\t\t\n<style>\n#gap-1781053746 {\n  padding-top: 10px;\n}\n<\/style>\n\t<\/div>\n\t\n\n\n\t\t<div class=\"icon-box featured-box icon-box-left text-left\"  >\n\t\t\t\t\t<div class=\"icon-box-img\" style=\"width: 25px\">\n\t\t\t\t<div class=\"icon\">\n\t\t\t\t\t<div class=\"icon-inner\" >\n\t\t\t\t\t\t<img loading=\"lazy\" decoding=\"async\" width=\"50\" height=\"50\" src=\"https:\/\/shop.mamasugo.it\/wp-content\/uploads\/2025\/09\/mama_sugo_icona_naturale.png\" class=\"attachment-medium size-medium\" alt=\"\" \/>\t\t\t\t\t<\/div>\n\t\t\t\t<\/div>\n\t\t\t<\/div>\n\t\t\t\t<div class=\"icon-box-text last-reset\">\n\t\t\t\t\t\t\t\t\t\n\n<p style=\"margin-bottom: 0px; margin-top: 3px;\">100 % naturelle, sans conservateurs<\/p>\n\n\t\t<\/div>\n\t<\/div>\n\t\n\t\n\t<div id=\"gap-547942228\" class=\"gap-element clearfix\" style=\"display:block; height:auto;\">\n\t\t\n<style>\n#gap-547942228 {\n  padding-top: 10px;\n}\n<\/style>\n\t<\/div>\n\t\n\n\n\t\t<div class=\"icon-box featured-box icon-box-left text-left\"  >\n\t\t\t\t\t<div class=\"icon-box-img\" style=\"width: 25px\">\n\t\t\t\t<div class=\"icon\">\n\t\t\t\t\t<div class=\"icon-inner\" >\n\t\t\t\t\t\t<img loading=\"lazy\" decoding=\"async\" width=\"50\" height=\"50\" src=\"https:\/\/shop.mamasugo.it\/wp-content\/uploads\/2025\/09\/mama_sugo_icona_naturale.png\" class=\"attachment-medium size-medium\" alt=\"\" \/>\t\t\t\t\t<\/div>\n\t\t\t\t<\/div>\n\t\t\t<\/div>\n\t\t\t\t<div class=\"icon-box-text last-reset\">\n\t\t\t\t\t\t\t\t\t\n\n<p style=\"margin-bottom: 0px; margin-top: 3px;\">Pr\u00eate en quelques minutes<\/p>\n\n\t\t<\/div>\n\t<\/div>\n\t\n\t\n\t<div id=\"gap-1024269667\" class=\"gap-element clearfix\" style=\"display:block; height:auto;\">\n\t\t\n<style>\n#gap-1024269667 {\n  padding-top: 10px;\n}\n<\/style>\n\t<\/div>\n\t\n\n\n\t\t<div class=\"icon-box featured-box icon-box-left text-left\"  >\n\t\t\t\t\t<div class=\"icon-box-img\" style=\"width: 25px\">\n\t\t\t\t<div class=\"icon\">\n\t\t\t\t\t<div class=\"icon-inner\" >\n\t\t\t\t\t\t<img loading=\"lazy\" decoding=\"async\" width=\"50\" height=\"50\" src=\"https:\/\/shop.mamasugo.it\/wp-content\/uploads\/2025\/09\/mama_sugo_icona_naturale.png\" class=\"attachment-medium size-medium\" alt=\"\" \/>\t\t\t\t\t<\/div>\n\t\t\t\t<\/div>\n\t\t\t<\/div>\n\t\t\t\t<div class=\"icon-box-text last-reset\">\n\t\t\t\t\t\t\t\t\t\n\n<p style=\"margin-bottom: 0px; margin-top: 3px;\">Polyvalente : pour p\u00e2tes, bruschettes, risottos et plats principaux<\/p>\n\n\t\t<\/div>\n\t<\/div>\n\t\n\t\n\t<div id=\"gap-2026618235\" class=\"gap-element clearfix\" style=\"display:block; height:auto;\">\n\t\t\n<style>\n#gap-2026618235 {\n  padding-top: 10px;\n}\n<\/style>\n\t<\/div>\n\t\n\n\n\t\t<div class=\"icon-box featured-box icon-box-left text-left\"  >\n\t\t\t\t\t<div class=\"icon-box-img\" style=\"width: 25px\">\n\t\t\t\t<div class=\"icon\">\n\t\t\t\t\t<div class=\"icon-inner\" >\n\t\t\t\t\t\t<img loading=\"lazy\" decoding=\"async\" width=\"50\" height=\"50\" src=\"https:\/\/shop.mamasugo.it\/wp-content\/uploads\/2025\/09\/mama_sugo_icona_naturale.png\" class=\"attachment-medium size-medium\" alt=\"\" \/>\t\t\t\t\t<\/div>\n\t\t\t\t<\/div>\n\t\t\t<\/div>\n\t\t\t\t<div class=\"icon-box-text last-reset\">\n\t\t\t\t\t\t\t\t\t\n\n<p style=\"margin-bottom: 0px; margin-top: 3px;\">Format individuel : moins de gaspillage, plus de go\u00fbt<\/p>\n\n\t\t<\/div>\n\t<\/div>\n\t\n\t\n\t<div id=\"gap-392404861\" class=\"gap-element clearfix\" style=\"display:block; height:auto;\">\n\t\t\n<style>\n#gap-392404861 {\n  padding-top: 10px;\n}\n<\/style>\n\t<\/div>\n\t\n\n\n\t\t<div class=\"icon-box featured-box icon-box-left text-left\"  >\n\t\t\t\t\t<div class=\"icon-box-img\" style=\"width: 25px\">\n\t\t\t\t<div class=\"icon\">\n\t\t\t\t\t<div class=\"icon-inner\" >\n\t\t\t\t\t\t<img loading=\"lazy\" decoding=\"async\" width=\"50\" height=\"50\" src=\"https:\/\/shop.mamasugo.it\/wp-content\/uploads\/2025\/09\/mama_sugo_icona_naturale.png\" class=\"attachment-medium size-medium\" alt=\"\" \/>\t\t\t\t\t<\/div>\n\t\t\t\t<\/div>\n\t\t\t<\/div>\n\t\t\t\t<div class=\"icon-box-text last-reset\">\n\t\t\t\t\t\t\t\t\t\n\n<p style=\"margin-bottom: 0px; margin-top: 3px;\">\nDisponible en pack de 5 ou bo\u00eete de 25 portions<\/p>\n\n\t\t<\/div>\n\t<\/div>\n\t\n\t\n\n\t\t<\/div>\n\t\t\t\t\t<\/div>\n\n\t\n\n\t<div id=\"col-1931630056\" class=\"col medium-6 small-12 large-6 small-col-first\"  >\n\t\t\t\t<div class=\"col-inner\"  >\n\t\t\t\n\t\t\t\n\n\t<div class=\"img has-hover x md-x lg-x y md-y lg-y\" id=\"image_1807183182\">\n\t\t\t\t\t\t\t\t<div class=\"img-inner dark\" >\n\t\t\t<img loading=\"lazy\" decoding=\"async\" width=\"800\" height=\"800\" src=\"https:\/\/shop.mamasugo.it\/wp-content\/uploads\/2025\/04\/basilico-15.jpg\" class=\"attachment-original size-original\" alt=\"\" srcset=\"https:\/\/shop.mamasugo.it\/wp-content\/uploads\/2025\/04\/basilico-15.jpg 800w, https:\/\/shop.mamasugo.it\/wp-content\/uploads\/2025\/04\/basilico-15-100x100.jpg 100w, https:\/\/shop.mamasugo.it\/wp-content\/uploads\/2025\/04\/basilico-15-510x510.jpg 510w, https:\/\/shop.mamasugo.it\/wp-content\/uploads\/2025\/04\/basilico-15-300x300.jpg 300w, https:\/\/shop.mamasugo.it\/wp-content\/uploads\/2025\/04\/basilico-15-150x150.jpg 150w, https:\/\/shop.mamasugo.it\/wp-content\/uploads\/2025\/04\/basilico-15-768x768.jpg 768w, https:\/\/shop.mamasugo.it\/wp-content\/uploads\/2025\/04\/basilico-15-480x480.jpg 480w\" sizes=\"auto, (max-width: 800px) 100vw, 800px\" \/>\t\t\t\t\t\t\n\t\t\t\t\t<\/div>\n\t\t\t\t\t\t\t\t\n<style>\n#image_1807183182 {\n  width: 100%;\n}\n<\/style>\n\t<\/div>\n\t\n\n\n\t\t<\/div>\n\t\t\t\t\t<\/div>\n\n\t\n\n<\/div>\n\n\t<section class=\"section\" id=\"section_853159671\">\n\t\t<div class=\"section-bg fill\" >\n\t\t\t<img loading=\"lazy\" decoding=\"async\" width=\"2000\" height=\"2000\" src=\"https:\/\/shop.mamasugo.it\/wp-content\/uploads\/2025\/04\/shopquad.jpg\" class=\"bg attachment-original size-original\" alt=\"\" \/>\t\t\t\t\t\t\n\t\t\t\n\n\t\t<\/div>\n\n\t\t\n\n\t\t<div class=\"section-content relative\">\n\t\t\t\n\n\t<div id=\"gap-2010449136\" class=\"gap-element clearfix\" style=\"display:block; height:auto;\">\n\t\t\n<style>\n#gap-2010449136 {\n  padding-top: 30px;\n}\n<\/style>\n\t<\/div>\n\t\n\n<div class=\"row align-middle align-center\"  id=\"row-1412985055\">\n\n\n\t<div id=\"col-1390823554\" class=\"col medium-9 small-12 large-9\"  >\n\t\t\t\t<div class=\"col-inner\"  >\n\t\t\t\n\t\t\t\n\n\t<div id=\"text-3448761190\" class=\"text\">\n\t\t\n\n<h2><strong>Une sauce, mille recettes<br><\/strong><\/h2>\n\t\t\n<style>\n#text-3448761190 {\n  font-size: 1.7rem;\n  text-align: center;\n  color: #c92c39;\n}\n#text-3448761190 > * {\n  color: #c92c39;\n}\n<\/style>\n\t<\/div>\n\t\n\t<div id=\"gap-1984135483\" class=\"gap-element clearfix\" style=\"display:block; height:auto;\">\n\t\t\n<style>\n#gap-1984135483 {\n  padding-top: 20px;\n}\n<\/style>\n\t<\/div>\n\t\n\n\t<div id=\"text-3779496196\" class=\"text\">\n\t\t\n\n<p>Parfaite pour un plat de spaghettis fumants, d\u00e9licieuse sur une bruschetta croustillante, surprenante avec de la viande ou des l\u00e9gumes grill\u00e9s.<\/p>\n<p>Notre Sauce au Basilic est con\u00e7ue pour accompagner votre cr\u00e9ativit\u00e9 en cuisine, m\u00eame quand vous avez peu de temps.<\/p>\n\t\t\n<style>\n#text-3779496196 {\n  text-align: center;\n}\n<\/style>\n\t<\/div>\n\t\n\n\t\t<\/div>\n\t\t\t\t\t<\/div>\n\n\t\n\n\t<div id=\"col-981349913\" class=\"col small-12 large-12\"  >\n\t\t\t\t<div class=\"col-inner\"  >\n\t\t\t\n\t\t\t\n\n\n  \n    <div class=\"row large-columns-4 medium-columns-2 small-columns-1\" >\n  <div class=\"gallery-col col\" >\n          <div class=\"col-inner\">\n            <a class=\"image-lightbox lightbox-gallery\" href=\"https:\/\/shop.mamasugo.it\/wp-content\/uploads\/2025\/04\/pasta-pomodoro.jpg\" title=\"\">            <div class=\"box has-hover gallery-box box-none\">\n              <div class=\"box-image image-zoom image-cover\" style=\"padding-top:100%;\">\n                <img loading=\"lazy\" decoding=\"async\" width=\"200\" height=\"300\" src=\"https:\/\/shop.mamasugo.it\/wp-content\/uploads\/2025\/04\/pasta-pomodoro-200x300.jpg\" class=\"attachment-medium size-medium\" alt=\"\" ids=\"4260,4261,4262,4263\" style=\"none\" lightbox_image_size=\"original\" columns__sm=\"1\" columns__md=\"2\" image_height=\"100%\" image_hover=\"zoom\" srcset=\"https:\/\/shop.mamasugo.it\/wp-content\/uploads\/2025\/04\/pasta-pomodoro-200x300.jpg 200w, https:\/\/shop.mamasugo.it\/wp-content\/uploads\/2025\/04\/pasta-pomodoro-510x765.jpg 510w, https:\/\/shop.mamasugo.it\/wp-content\/uploads\/2025\/04\/pasta-pomodoro-480x720.jpg 480w, https:\/\/shop.mamasugo.it\/wp-content\/uploads\/2025\/04\/pasta-pomodoro.jpg 667w\" sizes=\"auto, (max-width: 200px) 100vw, 200px\" \/>                                                              <\/div>\n              <div class=\"box-text text-left\" >\n                 <p><\/p>\n              <\/div>\n            <\/div>\n            <\/a>          <\/div>\n         <\/div><div class=\"gallery-col col\" >\n          <div class=\"col-inner\">\n            <a class=\"image-lightbox lightbox-gallery\" href=\"https:\/\/shop.mamasugo.it\/wp-content\/uploads\/2025\/04\/pasta.jpg\" title=\"\">            <div class=\"box has-hover gallery-box box-none\">\n              <div class=\"box-image image-zoom image-cover\" style=\"padding-top:100%;\">\n                <img loading=\"lazy\" decoding=\"async\" width=\"200\" height=\"300\" src=\"https:\/\/shop.mamasugo.it\/wp-content\/uploads\/2025\/04\/pasta-200x300.jpg\" class=\"attachment-medium size-medium\" alt=\"\" ids=\"4260,4261,4262,4263\" style=\"none\" lightbox_image_size=\"original\" columns__sm=\"1\" columns__md=\"2\" image_height=\"100%\" image_hover=\"zoom\" srcset=\"https:\/\/shop.mamasugo.it\/wp-content\/uploads\/2025\/04\/pasta-200x300.jpg 200w, https:\/\/shop.mamasugo.it\/wp-content\/uploads\/2025\/04\/pasta-510x765.jpg 510w, https:\/\/shop.mamasugo.it\/wp-content\/uploads\/2025\/04\/pasta-480x720.jpg 480w, https:\/\/shop.mamasugo.it\/wp-content\/uploads\/2025\/04\/pasta.jpg 667w\" sizes=\"auto, (max-width: 200px) 100vw, 200px\" \/>                                                              <\/div>\n              <div class=\"box-text text-left\" >\n                 <p><\/p>\n              <\/div>\n            <\/div>\n            <\/a>          <\/div>\n         <\/div><div class=\"gallery-col col\" >\n          <div class=\"col-inner\">\n            <a class=\"image-lightbox lightbox-gallery\" href=\"https:\/\/shop.mamasugo.it\/wp-content\/uploads\/2025\/04\/sugo-casa.jpg\" title=\"\">            <div class=\"box has-hover gallery-box box-none\">\n              <div class=\"box-image image-zoom image-cover\" style=\"padding-top:100%;\">\n                <img loading=\"lazy\" decoding=\"async\" width=\"300\" height=\"168\" src=\"https:\/\/shop.mamasugo.it\/wp-content\/uploads\/2025\/04\/sugo-casa-300x168.jpg\" class=\"attachment-medium size-medium\" alt=\"\" ids=\"4260,4261,4262,4263\" style=\"none\" lightbox_image_size=\"original\" columns__sm=\"1\" columns__md=\"2\" image_height=\"100%\" image_hover=\"zoom\" srcset=\"https:\/\/shop.mamasugo.it\/wp-content\/uploads\/2025\/04\/sugo-casa-300x168.jpg 300w, https:\/\/shop.mamasugo.it\/wp-content\/uploads\/2025\/04\/sugo-casa-510x286.jpg 510w, https:\/\/shop.mamasugo.it\/wp-content\/uploads\/2025\/04\/sugo-casa-768x430.jpg 768w, https:\/\/shop.mamasugo.it\/wp-content\/uploads\/2025\/04\/sugo-casa-980x549.jpg 980w, https:\/\/shop.mamasugo.it\/wp-content\/uploads\/2025\/04\/sugo-casa-480x269.jpg 480w, https:\/\/shop.mamasugo.it\/wp-content\/uploads\/2025\/04\/sugo-casa.jpg 1000w\" sizes=\"auto, (max-width: 300px) 100vw, 300px\" \/>                                                              <\/div>\n              <div class=\"box-text text-left\" >\n                 <p><\/p>\n              <\/div>\n            <\/div>\n            <\/a>          <\/div>\n         <\/div><div class=\"gallery-col col\" >\n          <div class=\"col-inner\">\n            <a class=\"image-lightbox lightbox-gallery\" href=\"https:\/\/shop.mamasugo.it\/wp-content\/uploads\/2023\/10\/penne-arrabbiata-sugo.webp\" title=\"\">            <div class=\"box has-hover gallery-box box-none\">\n              <div class=\"box-image image-zoom image-cover\" style=\"padding-top:100%;\">\n                <img loading=\"lazy\" decoding=\"async\" width=\"300\" height=\"300\" src=\"https:\/\/shop.mamasugo.it\/wp-content\/uploads\/2023\/10\/penne-arrabbiata-sugo-300x300.webp\" class=\"attachment-medium size-medium\" alt=\"\" ids=\"4260,4261,4262,4263\" style=\"none\" lightbox_image_size=\"original\" columns__sm=\"1\" columns__md=\"2\" image_height=\"100%\" image_hover=\"zoom\" srcset=\"https:\/\/shop.mamasugo.it\/wp-content\/uploads\/2023\/10\/penne-arrabbiata-sugo-300x300.webp 300w, https:\/\/shop.mamasugo.it\/wp-content\/uploads\/2023\/10\/penne-arrabbiata-sugo-100x100.webp 100w, https:\/\/shop.mamasugo.it\/wp-content\/uploads\/2023\/10\/penne-arrabbiata-sugo-1000x1000.webp 1000w, https:\/\/shop.mamasugo.it\/wp-content\/uploads\/2023\/10\/penne-arrabbiata-sugo-1024x1024.webp 1024w, https:\/\/shop.mamasugo.it\/wp-content\/uploads\/2023\/10\/penne-arrabbiata-sugo-150x150.webp 150w, https:\/\/shop.mamasugo.it\/wp-content\/uploads\/2023\/10\/penne-arrabbiata-sugo-768x768.webp 768w, https:\/\/shop.mamasugo.it\/wp-content\/uploads\/2023\/10\/penne-arrabbiata-sugo-1536x1536.webp 1536w, https:\/\/shop.mamasugo.it\/wp-content\/uploads\/2023\/10\/penne-arrabbiata-sugo-1080x1080.webp 1080w, https:\/\/shop.mamasugo.it\/wp-content\/uploads\/2023\/10\/penne-arrabbiata-sugo-1280x1280.webp 1280w, https:\/\/shop.mamasugo.it\/wp-content\/uploads\/2023\/10\/penne-arrabbiata-sugo-980x980.webp 980w, https:\/\/shop.mamasugo.it\/wp-content\/uploads\/2023\/10\/penne-arrabbiata-sugo-480x480.webp 480w, https:\/\/shop.mamasugo.it\/wp-content\/uploads\/2023\/10\/penne-arrabbiata-sugo.webp 1600w\" sizes=\"auto, (max-width: 300px) 100vw, 300px\" \/>                                                              <\/div>\n              <div class=\"box-text text-left\" >\n                 <p><\/p>\n              <\/div>\n            <\/div>\n            <\/a>          <\/div>\n         <\/div><\/div>\n\n\n\t\t<\/div>\n\t\t\t\t\t<\/div>\n\n\t\n\n\t<div id=\"col-489008387\" class=\"col medium-7 small-12 large-7\"  >\n\t\t\t\t<div class=\"col-inner text-left\"  >\n\t\t\t\n\t\t\t\n\n\t<div id=\"text-2389526238\" class=\"text\">\n\t\t\n\n<h2><strong>Combien en voulez-vous ? Choisissez le format parfait pour vous <\/strong><\/h2>\n\t\t\n<style>\n#text-2389526238 {\n  font-size: 1.7rem;\n  text-align: left;\n  color: rgb(0, 0, 0);\n}\n#text-2389526238 > * {\n  color: rgb(0, 0, 0);\n}\n<\/style>\n\t<\/div>\n\t\n\t<div id=\"gap-637298370\" class=\"gap-element clearfix\" style=\"display:block; height:auto;\">\n\t\t\n<style>\n#gap-637298370 {\n  padding-top: 20px;\n}\n<\/style>\n\t<\/div>\n\t\n\n\n\t\t<div class=\"icon-box featured-box icon-box-left text-left\"  >\n\t\t\t\t\t<div class=\"icon-box-img\" style=\"width: 25px\">\n\t\t\t\t<div class=\"icon\">\n\t\t\t\t\t<div class=\"icon-inner\" >\n\t\t\t\t\t\t<img loading=\"lazy\" decoding=\"async\" width=\"50\" height=\"50\" src=\"https:\/\/shop.mamasugo.it\/wp-content\/uploads\/2025\/09\/mama_sugo_icona_naturale.png\" class=\"attachment-medium size-medium\" alt=\"\" \/>\t\t\t\t\t<\/div>\n\t\t\t\t<\/div>\n\t\t\t<\/div>\n\t\t\t\t<div class=\"icon-box-text last-reset\">\n\t\t\t\t\t\t\t\t\t\n\n<p style=\"margin-bottom: 0px; margin-top: 3px;\">\nPack de 5 portions individuelles de 55 g : id\u00e9al pour les petits foyers ou l&rsquo;usage quotidien<\/p>\n\n\n\t\t<\/div>\n\t<\/div>\n\t\n\t\n\t<div id=\"gap-35996849\" class=\"gap-element clearfix\" style=\"display:block; height:auto;\">\n\t\t\n<style>\n#gap-35996849 {\n  padding-top: 10px;\n}\n<\/style>\n\t<\/div>\n\t\n\n\n\t\t<div class=\"icon-box featured-box icon-box-left text-left\"  >\n\t\t\t\t\t<div class=\"icon-box-img\" style=\"width: 25px\">\n\t\t\t\t<div class=\"icon\">\n\t\t\t\t\t<div class=\"icon-inner\" >\n\t\t\t\t\t\t<img loading=\"lazy\" decoding=\"async\" width=\"50\" height=\"50\" src=\"https:\/\/shop.mamasugo.it\/wp-content\/uploads\/2025\/09\/mama_sugo_icona_naturale.png\" class=\"attachment-medium size-medium\" alt=\"\" \/>\t\t\t\t\t<\/div>\n\t\t\t\t<\/div>\n\t\t\t<\/div>\n\t\t\t\t<div class=\"icon-box-text last-reset\">\n\t\t\t\t\t\t\t\t\t\n\n<p style=\"margin-bottom: 0px; margin-top: 3px;\">\nBo\u00eete de 3 packs (15 portions au total) : le stock parfait pour ceux qui aiment cette sauce et veulent toujours l&rsquo;avoir sous la main<\/p>\n\n\n\t\t<\/div>\n\t<\/div>\n\t\n\t\n\t<div id=\"gap-696767349\" class=\"gap-element clearfix\" style=\"display:block; height:auto;\">\n\t\t\n<style>\n#gap-696767349 {\n  padding-top: 20px;\n}\n<\/style>\n\t<\/div>\n\t\n\n<a href=\"https:\/\/shop.mamasugo.it\/fr\/chariot\/?add-to-cart=208\" class=\"button secondary reveal-icon\"  style=\"border-radius:99px;\">\n\t\t<span>Ajouter au panier<\/span>\n\t<i class=\"icon-angle-right\" aria-hidden=\"true\" ><\/i><\/a>\n\n\n\n\t\t<\/div>\n\t\t\t\t\t<\/div>\n\n\t\n\n<\/div>\n\n\t\t<\/div>\n\n\t\t\n<style>\n#section_853159671 {\n  padding-top: 0px;\n  padding-bottom: 0px;\n}\n#section_853159671 .section-bg img {\n  object-position: 50% 50%;\n}\n<\/style>\n\t<\/section>\n\t\n\n","protected":false},"excerpt":{"rendered":"","protected":false},"author":2,"featured_media":0,"parent":0,"menu_order":0,"comment_status":"closed","ping_status":"closed","template":"page-blank.php","meta":{"footnotes":""},"class_list":["post-4310","page","type-page","status-publish","hentry"],"_links":{"self":[{"href":"https:\/\/shop.mamasugo.it\/fr\/wp-json\/wp\/v2\/pages\/4310","targetHints":{"allow":["GET"]}}],"collection":[{"href":"https:\/\/shop.mamasugo.it\/fr\/wp-json\/wp\/v2\/pages"}],"about":[{"href":"https:\/\/shop.mamasugo.it\/fr\/wp-json\/wp\/v2\/types\/page"}],"author":[{"embeddable":true,"href":"https:\/\/shop.mamasugo.it\/fr\/wp-json\/wp\/v2\/users\/2"}],"replies":[{"embeddable":true,"href":"https:\/\/shop.mamasugo.it\/fr\/wp-json\/wp\/v2\/comments?post=4310"}],"version-history":[{"count":2,"href":"https:\/\/shop.mamasugo.it\/fr\/wp-json\/wp\/v2\/pages\/4310\/revisions"}],"predecessor-version":[{"id":4312,"href":"https:\/\/shop.mamasugo.it\/fr\/wp-json\/wp\/v2\/pages\/4310\/revisions\/4312"}],"wp:attachment":[{"href":"https:\/\/shop.mamasugo.it\/fr\/wp-json\/wp\/v2\/media?parent=4310"}],"curies":[{"name":"wp","href":"https:\/\/api.w.org\/{rel}","templated":true}]}}