{"id":4074,"date":"2025-11-01T22:36:37","date_gmt":"2025-11-01T22:36:37","guid":{"rendered":"https:\/\/shop.mamasugo.it\/declaration-daccessibilite\/"},"modified":"2025-11-17T12:54:13","modified_gmt":"2025-11-17T12:54:13","slug":"declaration-daccessibilite","status":"publish","type":"page","link":"https:\/\/shop.mamasugo.it\/fr\/declaration-daccessibilite\/","title":{"rendered":"D\u00e9claration d&rsquo;Accessibilit\u00e9"},"content":{"rendered":"\n\t<div id=\"text-3151722302\" class=\"text note-legali\">\n\t\t\n\n<p>ComCart S.r.l. s&rsquo;engage \u00e0 rendre son site web accessible, conform\u00e9ment \u00e0 la loi du 9 janvier 2004, n. 4. La pr\u00e9sente d\u00e9claration d&rsquo;accessibilit\u00e9 s&rsquo;applique au site web <a href=\"\/\">shop.mamasugo.it<\/a><\/p>\n<h4><strong>\u00c9tat de conformit\u00e9<\/strong><\/h4>\n<p><span style=\"color: #000;\"><strong>Partiellement conforme<\/strong><\/span><br>Ce site web est partiellement conforme aux exigences pr\u00e9vues par l&rsquo;annexe A de la norme UNI CEI EN 301549 en raison des cas de non-conformit\u00e9 et des d\u00e9rogations \u00e9num\u00e9r\u00e9s ci-dessous<\/p>\n<h4><strong>Contenus non accessibles<\/strong><\/h4>\n<p>Les contenus \u00e9num\u00e9r\u00e9s ci-dessous ne sont pas accessibles pour les raisons suivantes :<\/p>\n<p>a) non-respect de la loi du 9 janvier 2004, n. 4, notamment : <\/p>\n<ul>\n<li>Le crit\u00e8re 1.1.1 Contenus non textuels (WCAG 2.1 niveau A) n&rsquo;est pas respect\u00e9 car certains \u00e9l\u00e9ments graphiques pr\u00e9sents sur le site, non strictement li\u00e9s \u00e0 l&rsquo;utilisation du site, ne pr\u00e9sentent pas d&rsquo;alternative textuelle ;<\/li>\n<li>Le crit\u00e8re 1.2.1 Contenu audio et vid\u00e9o uniquement (WCAG 2.1 niveau A) n&rsquo;est pas respect\u00e9 car, en raison des technologies utilis\u00e9es pour la r\u00e9alisation du site, les \u00e9ventuelles vid\u00e9os pr\u00e9sentes sur le site ne disposent pas d&rsquo;une alternative \u00e9quivalente au contenu audio pr\u00e9enregistr\u00e9 ;<\/li>\n<li>Le crit\u00e8re 1.2.2 Sous-titres (pr\u00e9enregistr\u00e9s) (WCAG 2.1 niveau A) n&rsquo;est pas respect\u00e9 car, en raison des technologies utilis\u00e9es pour la r\u00e9alisation du site, les \u00e9ventuelles vid\u00e9os pr\u00e9sentes sur le site ne disposent pas de sous-titres pr\u00e9enregistr\u00e9s ;<\/li>\n<li>Le crit\u00e8re 1.2.3 Audio-description ou version de remplacement multim\u00e9dia (pr\u00e9enregistr\u00e9e) (WCAG 2.1 niveau A) n&rsquo;est pas respect\u00e9 car, en raison des technologies utilis\u00e9es pour la r\u00e9alisation du site, les \u00e9ventuelles vid\u00e9os pr\u00e9sentes sur le site ne disposent pas d&rsquo;audio-description des contenus vid\u00e9o pr\u00e9enregistr\u00e9s ;<\/li>\n<li>Le crit\u00e8re 1.2.5 Audio-description (pr\u00e9enregistr\u00e9e) (WCAG 2.1 niveau AA) n&rsquo;est pas respect\u00e9 car, en raison des technologies utilis\u00e9es pour la r\u00e9alisation du site, les \u00e9ventuelles vid\u00e9os pr\u00e9sentes sur le site ne disposent pas d&rsquo;audio-description ;<\/li>\n<li>Le crit\u00e8re 1.3.1 Informations et relations (WCAG 2.1 niveau A) n&rsquo;est pas respect\u00e9 car dans certaines parties du site, la structure du code, en raison des technologies utilis\u00e9es pour la r\u00e9alisation du site, n&rsquo;est pas facilement utilisable par les lecteurs d&rsquo;\u00e9cran et autres technologies d&rsquo;assistance ;<\/li>\n<li>Le crit\u00e8re 1.4.2 Contr\u00f4le du son (WCAG 2.1 niveau A) n&rsquo;est pas respect\u00e9 car, en raison des technologies utilis\u00e9es pour la r\u00e9alisation du site, les \u00e9ventuels contenus audio pr\u00e9sents sur le site ne permettent pas \u00e0 l&rsquo;utilisateur de mettre en pause ou d&rsquo;arr\u00eater le contenu audio ;<\/li>\n<li>Le crit\u00e8re 1.4.3 Contraste (minimum) (WCAG 2.1 niveau AA) n&rsquo;est pas respect\u00e9 car, pour des raisons d&rsquo;identit\u00e9 de marque, la palette de couleurs ne peut pas \u00eatre modifi\u00e9e sans risquer de compromettre la reconnaissance de la marque ;<\/li>\n<li>Le crit\u00e8re 2.4.1 Contourner des blocs (WCAG 2.1 niveau A) n&rsquo;est pas respect\u00e9 car, en raison des technologies utilis\u00e9es pour la r\u00e9alisation du site, la fonctionnalit\u00e9 permettant de passer directement au contenu n&rsquo;est pas pr\u00e9sente ;<\/li>\n<li>Le crit\u00e8re 2.4.4 Fonction du lien (selon le contexte) (WCAG 2.1 niveau A) n&rsquo;est pas respect\u00e9 car, pour des raisons de choix stylistique et de communication, certains liens contiennent du texte qui ne refl\u00e8te pas pleinement la destination et la finalit\u00e9 du lien ;<\/li>\n<li>Le crit\u00e8re 2.4.6 En-t\u00eates et \u00e9tiquettes (WCAG 2.1 niveau AA) n&rsquo;est pas respect\u00e9 car certains champs \u00e0 remplir sur le site n&rsquo;ont pas d&rsquo;\u00e9tiquette, celle-ci \u00e9tant remplac\u00e9e par un texte indicatif (placeholder) ;<\/li>\n<li>Le crit\u00e8re 3.3.2 \u00c9tiquettes ou instructions (WCAG 2.1 niveau A) n&rsquo;est pas respect\u00e9 car, en raison des technologies utilis\u00e9es pour la r\u00e9alisation du site, certains \u00e9l\u00e9ments ne disposent pas d&rsquo;\u00e9tiquettes ou d&rsquo;instructions claires lorsque cet \u00e9l\u00e9ment n\u00e9cessite une action de saisie de la part de l&rsquo;utilisateur<\/li>\n<\/ul>\n<h4><strong>R\u00e9daction de la d\u00e9claration d&rsquo;accessibilit\u00e9<\/strong><\/h4>\n<p>La pr\u00e9sente d\u00e9claration a \u00e9t\u00e9 r\u00e9dig\u00e9e le 01\/11\/2025<\/p>\n<p>Les informations pr\u00e9sentes dans la d\u00e9claration ont \u00e9t\u00e9 obtenues suite \u00e0 une auto-\u00e9valuation interne au moyen d&rsquo;outils automatiques, de tests manuels et d&rsquo;une r\u00e9vision technique<\/p>\n<p>La d\u00e9claration a \u00e9t\u00e9 r\u00e9examin\u00e9e pour la derni\u00e8re fois le 01\/11\/2025<\/p>\n<h4><strong>Modalit\u00e9s d&rsquo;envoi des signalements et coordonn\u00e9es du prestataire<\/strong><\/h4>\n<p>Les \u00e9ventuels signalements peuvent \u00eatre envoy\u00e9s \u00e0 ComCart S.r.l. par email \u00e0 l&rsquo;adresse <a href=\"mailto:info@comcart.it\">info@comcart.it<\/a><\/p>\n<p>Les coordonn\u00e9es de ComCart S.r.l. sont les suivantes :<\/p>\n<ul>\n<li style=\"list-style-type: none;\">\n<ul>\n<li>Raison sociale : ComCart S.r.l.<\/li>\n<li>Si\u00e8ge social : Via Matteotti n. 43, 47043, Gatteo a Mare (FC) <\/li>\n<li>T\u00e9l\u00e9phone : <a href=\"tel:+390541082982\">+39 0541 082982<\/a><\/li>\n<li>Adresse email : <a href=\"mailto:info@comcart.it\">info@comcart.it<\/a><\/li>\n<\/ul>\n<\/li>\n<\/ul>\n<h4><strong>Modalit\u00e9s d&rsquo;envoi des signalements \u00e0 l&rsquo;AgID<\/strong><\/h4>\n<p>En cas de r\u00e9ponse insatisfaisante ou d&rsquo;absence de r\u00e9ponse dans un d\u00e9lai de trente jours \u00e0 la notification ou \u00e0 la demande, l&rsquo;int\u00e9ress\u00e9 peut envoyer un signalement en utilisant le lien suivant : <a href=\"https:\/\/www.agid.gov.it\/it\" target=\"_blank\" rel=\"noopener\">https:\/\/www.agid.gov.it\/it<\/a><\/p>\n<h4><strong>Informations sur le site<\/strong><\/h4>\n<ol>\n<li>Date de publication du site web : Janvier 2025<\/li>\n<li>Des tests d&rsquo;utilisabilit\u00e9 ont \u00e9t\u00e9 effectu\u00e9s : Oui<\/li>\n<li>CMS utilis\u00e9 pour le site web : WordPress<\/li>\n<\/ol>\n\t\t\t<\/div>\n\t\n\n","protected":false},"excerpt":{"rendered":"","protected":false},"author":2,"featured_media":0,"parent":0,"menu_order":0,"comment_status":"closed","ping_status":"closed","template":"","meta":{"footnotes":""},"class_list":["post-4074","page","type-page","status-publish","hentry"],"_links":{"self":[{"href":"https:\/\/shop.mamasugo.it\/fr\/wp-json\/wp\/v2\/pages\/4074","targetHints":{"allow":["GET"]}}],"collection":[{"href":"https:\/\/shop.mamasugo.it\/fr\/wp-json\/wp\/v2\/pages"}],"about":[{"href":"https:\/\/shop.mamasugo.it\/fr\/wp-json\/wp\/v2\/types\/page"}],"author":[{"embeddable":true,"href":"https:\/\/shop.mamasugo.it\/fr\/wp-json\/wp\/v2\/users\/2"}],"replies":[{"embeddable":true,"href":"https:\/\/shop.mamasugo.it\/fr\/wp-json\/wp\/v2\/comments?post=4074"}],"version-history":[{"count":1,"href":"https:\/\/shop.mamasugo.it\/fr\/wp-json\/wp\/v2\/pages\/4074\/revisions"}],"predecessor-version":[{"id":4075,"href":"https:\/\/shop.mamasugo.it\/fr\/wp-json\/wp\/v2\/pages\/4074\/revisions\/4075"}],"wp:attachment":[{"href":"https:\/\/shop.mamasugo.it\/fr\/wp-json\/wp\/v2\/media?parent=4074"}],"curies":[{"name":"wp","href":"https:\/\/api.w.org\/{rel}","templated":true}]}}