{"id":4062,"date":"2025-05-09T11:43:16","date_gmt":"2025-05-09T11:43:16","guid":{"rendered":"https:\/\/shop.mamasugo.it\/faq\/"},"modified":"2025-11-17T12:49:56","modified_gmt":"2025-11-17T12:49:56","slug":"faq","status":"publish","type":"page","link":"https:\/\/shop.mamasugo.it\/fr\/faq\/","title":{"rendered":"FAQ"},"content":{"rendered":"\n\t<div id=\"gap-918740727\" class=\"gap-element clearfix\" style=\"display:block; height:auto;\">\n\t\t\n<style>\n#gap-918740727 {\n  padding-top: 30px;\n}\n<\/style>\n\t<\/div>\n\t\n\n<div class=\"row\"  id=\"row-495408996\">\n\n\n\t<div id=\"col-1841007448\" class=\"col small-12 large-12\"  >\n\t\t\t\t<div class=\"col-inner\"  >\n\t\t\t\n\t\t\t\n\n\t<div id=\"text-2991800255\" class=\"text\">\n\t\t\n\n<h1><strong>Questions fr\u00e9quentes<\/strong><\/h1>\n\t\t\n<style>\n#text-2991800255 {\n  font-size: 1.7rem;\n  color: #c92c39;\n}\n#text-2991800255 > * {\n  color: #c92c39;\n}\n<\/style>\n\t<\/div>\n\t\n\t<div id=\"gap-1009718468\" class=\"gap-element clearfix\" style=\"display:block; height:auto;\">\n\t\t\n<style>\n#gap-1009718468 {\n  padding-top: 20px;\n}\n<\/style>\n\t<\/div>\n\t\n\n<div class=\"accordion\">\n\n\t<div id=\"accordion-2480900176\" class=\"accordion-item\">\n\t\t<a id=\"accordion-2480900176-label\" class=\"accordion-title plain\" href=\"#accordion-item-pour-qui-sont-con\u00e7ues-les-sauces-mam\u00e0-?\" aria-expanded=\"false\" aria-controls=\"accordion-2480900176-content\" >\n\t\t\t<button class=\"toggle\" aria-label=\"Basculer\"><i class=\"icon-angle-down\"><\/i><\/button>\n\t\t\t<span>Pour qui sont con\u00e7ues les sauces Mam\u00e0 ?<\/span>\n\t\t<\/a>\n\t\t<div id=\"accordion-2480900176-content\" class=\"accordion-inner\" aria-labelledby=\"accordion-2480900176-label\" >\n\t\t\t\n\n<p>Ils sont parfaits pour tous, en particulier pour ceux qui ont peu de temps :<span class=\"Apple-converted-space\">&nbsp;<\/span><\/p>\n<ul>\n<li>pour les travailleurs avec une courte pause d\u00e9jeuner<span class=\"Apple-converted-space\">&nbsp;<\/span><\/li>\n<li>pour les voyageurs car l\u00e9gers \u00e0 transporter<\/li>\n<li>pour les \u00e9tudiants vivant loin de chez eux ou \u00e0 l&rsquo;\u00e9tranger qui ne veulent pas renoncer aux saveurs de leur pays<\/li>\n<li>pour les personnes vivant seules, pour \u00e9liminer le gaspillage et changer de go\u00fbt chaque jour.<\/li>\n<\/ul>\n\n\t\t<\/div>\n\t<\/div>\n\t\n\t<div id=\"accordion-2241828126\" class=\"accordion-item\">\n\t\t<a id=\"accordion-2241828126-label\" class=\"accordion-title plain\" href=\"#accordion-item-puis-je-les-manger-si-je-suis-c\u0153liaque,-v\u00e9g\u00e9talien-ou-allergique-\u00e0-quelque-chose-?\" aria-expanded=\"false\" aria-controls=\"accordion-2241828126-content\" >\n\t\t\t<button class=\"toggle\" aria-label=\"Basculer\"><i class=\"icon-angle-down\"><\/i><\/button>\n\t\t\t<span>Puis-je les manger si je suis c\u0153liaque, v\u00e9g\u00e9talien ou allergique \u00e0 quelque chose ?<\/span>\n\t\t<\/a>\n\t\t<div id=\"accordion-2241828126-content\" class=\"accordion-inner\" aria-labelledby=\"accordion-2241828126-label\" >\n\t\t\t\n\n<p>Absolument ! Nos sauces sont exemptes des 14 allerg\u00e8nes principaux \u00e9tablis par le r\u00e8glement UE 1169\/2011, tant de mani\u00e8re directe que crois\u00e9e (Gluten, Crustac\u00e9s, \u0152ufs, Poisson, Arachides, Soja, Lait, Fruits \u00e0 coque, C\u00e9leri, Moutarde, Graines de s\u00e9same, Anhydride sulfureux et sulfites, Lupin, Mollusques) <\/p>\n\n\t\t<\/div>\n\t<\/div>\n\t\n\t<div id=\"accordion-3483680983\" class=\"accordion-item\">\n\t\t<a id=\"accordion-3483680983-label\" class=\"accordion-title plain\" href=\"#accordion-item-combien-y-a-t-il-de-portions-individuelles-dans-un-paquet-?\" aria-expanded=\"false\" aria-controls=\"accordion-3483680983-content\" >\n\t\t\t<button class=\"toggle\" aria-label=\"Basculer\"><i class=\"icon-angle-down\"><\/i><\/button>\n\t\t\t<span>Combien y a-t-il de portions individuelles dans un paquet ?<\/span>\n\t\t<\/a>\n\t\t<div id=\"accordion-3483680983-content\" class=\"accordion-inner\" aria-labelledby=\"accordion-3483680983-label\" >\n\t\t\t\n\n<div class=\"et_pb_toggle et_pb_module et_pb_accordion_item et_pb_accordion_item_2 et_pb_toggle_open\">\n<div class=\"et_pb_toggle_content clearfix\">\n<p>Un paquet contient 5 PORTIONS INDIVIDUELLES<\/p>\n<\/div>\n<\/div>\n\n\t\t<\/div>\n\t<\/div>\n\t\n\t<div id=\"accordion-4181812431\" class=\"accordion-item\">\n\t\t<a id=\"accordion-4181812431-label\" class=\"accordion-title plain\" href=\"#accordion-item-combien-de-grammes-de-p\u00e2tes-suffisent-pour-une-portion-individuelle-?\" aria-expanded=\"false\" aria-controls=\"accordion-4181812431-content\" >\n\t\t\t<button class=\"toggle\" aria-label=\"Basculer\"><i class=\"icon-angle-down\"><\/i><\/button>\n\t\t\t<span>Combien de grammes de p\u00e2tes suffisent pour une portion individuelle ?<\/span>\n\t\t<\/a>\n\t\t<div id=\"accordion-4181812431-content\" class=\"accordion-inner\" aria-labelledby=\"accordion-4181812431-label\" >\n\t\t\t\n\n<div class=\"et_pb_toggle et_pb_module et_pb_accordion_item et_pb_accordion_item_3 et_pb_toggle_open\">\n<div class=\"et_pb_toggle_content clearfix\">\n<p>La portion id\u00e9ale de p\u00e2tes recommand\u00e9e pour une portion individuelle est de 100 grammes. Bien entendu, selon les besoins de la personne, le r\u00e9sultat peut varier. <\/p>\n<\/div>\n<\/div>\n\n\t\t<\/div>\n\t<\/div>\n\t\n\t<div id=\"accordion-4189961550\" class=\"accordion-item\">\n\t\t<a id=\"accordion-4189961550-label\" class=\"accordion-title plain\" href=\"#accordion-item-dois-je-faire-chauffer-la-sauce-avant-?\" aria-expanded=\"false\" aria-controls=\"accordion-4189961550-content\" >\n\t\t\t<button class=\"toggle\" aria-label=\"Basculer\"><i class=\"icon-angle-down\"><\/i><\/button>\n\t\t\t<span>Dois-je faire chauffer la sauce avant ?<\/span>\n\t\t<\/a>\n\t\t<div id=\"accordion-4189961550-content\" class=\"accordion-inner\" aria-labelledby=\"accordion-4189961550-label\" >\n\t\t\t\n\n<p>Non ! Il suffit d&rsquo;ouvrir la portion individuelle et de la verser directement sur les p\u00e2tes \u00e9goutt\u00e9es (nous conseillons \u00e9galement d&rsquo;ajouter un peu d&rsquo;eau de cuisson) et de m\u00e9langer.<\/p>\n\n\t\t<\/div>\n\t<\/div>\n\t\n\t<div id=\"accordion-797699083\" class=\"accordion-item\">\n\t\t<a id=\"accordion-797699083-label\" class=\"accordion-title plain\" href=\"#accordion-item-puis-je-l&#039;utiliser-sur-autre-chose-que-les-p\u00e2tes-?\" aria-expanded=\"false\" aria-controls=\"accordion-797699083-content\" >\n\t\t\t<button class=\"toggle\" aria-label=\"Basculer\"><i class=\"icon-angle-down\"><\/i><\/button>\n\t\t\t<span>Puis-je l&#039;utiliser sur autre chose que les p\u00e2tes ?<\/span>\n\t\t<\/a>\n\t\t<div id=\"accordion-797699083-content\" class=\"accordion-inner\" aria-labelledby=\"accordion-797699083-label\" >\n\t\t\t\n\n<div id=\"main-content\">\n<article id=\"post-3316\" class=\"post-3316 page type-page status-publish hentry\">\n<div class=\"entry-content\">\n<div class=\"et-l et-l--post\">\n<div class=\"et_builder_inner_content et_pb_gutters3\">\n<div class=\"et_pb_section et_pb_section_0 et_section_regular\">\n<div class=\"et_pb_row et_pb_row_0\">\n<div class=\"et_pb_column et_pb_column_4_4 et_pb_column_0 et_pb_css_mix_blend_mode_passthrough et-last-child\">\n<div class=\"et_pb_module et_pb_accordion et_pb_accordion_0\">\n<div class=\"et_pb_toggle et_pb_module et_pb_accordion_item et_pb_accordion_item_5 et_pb_toggle_open\">\n<div class=\"et_pb_toggle_content clearfix\">\n<p>Absolument ! Elle est parfaite aussi sur la pizza, les bruschettas, la viande, comme sauce ou dans toutes les recettes o\u00f9 vous utiliseriez normalement de la tomate, avec l&rsquo;avantage de ne pas avoir \u00e0 ouvrir un pot entier. <\/p>\n<\/div>\n<\/div>\n<\/div>\n<\/div>\n<\/div>\n<\/div>\n<\/div>\n<\/div>\n<\/div>\n<\/article>\n<\/div>\n\n\t\t<\/div>\n\t<\/div>\n\t\n\n<\/div>\n\n\t\t<\/div>\n\t\t\t\t\t<\/div>\n\n\t\n\n<\/div>\n\t<div id=\"gap-1289584082\" class=\"gap-element clearfix\" style=\"display:block; height:auto;\">\n\t\t\n<style>\n#gap-1289584082 {\n  padding-top: 30px;\n}\n<\/style>\n\t<\/div>\n\t\n\n\n","protected":false},"excerpt":{"rendered":"","protected":false},"author":2,"featured_media":0,"parent":0,"menu_order":0,"comment_status":"closed","ping_status":"closed","template":"page-blank.php","meta":{"footnotes":""},"class_list":["post-4062","page","type-page","status-publish","hentry"],"_links":{"self":[{"href":"https:\/\/shop.mamasugo.it\/fr\/wp-json\/wp\/v2\/pages\/4062","targetHints":{"allow":["GET"]}}],"collection":[{"href":"https:\/\/shop.mamasugo.it\/fr\/wp-json\/wp\/v2\/pages"}],"about":[{"href":"https:\/\/shop.mamasugo.it\/fr\/wp-json\/wp\/v2\/types\/page"}],"author":[{"embeddable":true,"href":"https:\/\/shop.mamasugo.it\/fr\/wp-json\/wp\/v2\/users\/2"}],"replies":[{"embeddable":true,"href":"https:\/\/shop.mamasugo.it\/fr\/wp-json\/wp\/v2\/comments?post=4062"}],"version-history":[{"count":1,"href":"https:\/\/shop.mamasugo.it\/fr\/wp-json\/wp\/v2\/pages\/4062\/revisions"}],"predecessor-version":[{"id":4063,"href":"https:\/\/shop.mamasugo.it\/fr\/wp-json\/wp\/v2\/pages\/4062\/revisions\/4063"}],"wp:attachment":[{"href":"https:\/\/shop.mamasugo.it\/fr\/wp-json\/wp\/v2\/media?parent=4062"}],"curies":[{"name":"wp","href":"https:\/\/api.w.org\/{rel}","templated":true}]}}