{"id":4494,"date":"2025-11-05T16:18:52","date_gmt":"2025-11-05T16:18:52","guid":{"rendered":"https:\/\/shop.mamasugo.it\/prodotto\/cree-su-caja-de-5-piezas\/"},"modified":"2025-11-05T16:18:52","modified_gmt":"2025-11-05T16:18:52","slug":"cree-su-caja-de-5-piezas","status":"publish","type":"product","link":"https:\/\/shop.mamasugo.it\/es\/prodotto\/cree-su-caja-de-5-piezas\/","title":{"rendered":"Cree su caja de 5 piezas"},"content":{"rendered":"<p data-start=\"1387\" data-end=\"1642\">Con la <strong data-start=\"1394\" data-end=\"1430\">Caja Mam\u00e1 de 5 salsas monodosis<\/strong> tiene la libertad de elegir hasta <strong data-start=\"1466\" data-end=\"1484\">cinco recetas<\/strong> entre nuestras propuestas artesanales.<br data-start=\"1520\" data-end=\"1523\">Personalice su caja y descubra el placer de una salsa lista, genuina y rica en sabor, como hecha en casa.<\/p>\n<p data-start=\"1644\" data-end=\"1825\">\u2705 Elija hasta <strong data-start=\"1660\" data-end=\"1682\">5 sabores diferentes<\/strong><br data-start=\"1682\" data-end=\"1685\">\u2705 Perfecta para reservas semanales o para familias<br data-start=\"1733\" data-end=\"1736\">\u2705 Ingredientes seleccionados y cocci\u00f3n lenta<br data-start=\"1777\" data-end=\"1780\">\u2705 Listas en pocos minutos, sin conservantes<\/p>\n<p data-start=\"1827\" data-end=\"1962\">Una experiencia de sabor aut\u00e9ntica y a medida: cree su combinaci\u00f3n preferida y lleve a la mesa todo el sabor de la cocina Mam\u00e1.<\/p>\n","protected":false},"excerpt":{"rendered":"<p>\u00a1Componga su Caja Mam\u00e1 de 5 salsas! Elija hasta cinco sabores diferentes y cree su combinaci\u00f3n. <\/p>\n","protected":false},"featured_media":4495,"template":"","meta":[],"product_brand":[],"product_cat":[109,106],"product_tag":[],"class_list":{"0":"post-4494","1":"product","2":"type-product","3":"status-publish","4":"has-post-thumbnail","6":"product_cat-crea-tu-caja","7":"product_cat-salsas-preparadas-mama","9":"first","10":"instock","11":"taxable","12":"shipping-taxable","13":"purchasable","14":"product-type-composite"},"_links":{"self":[{"href":"https:\/\/shop.mamasugo.it\/es\/wp-json\/wp\/v2\/product\/4494","targetHints":{"allow":["GET"]}}],"collection":[{"href":"https:\/\/shop.mamasugo.it\/es\/wp-json\/wp\/v2\/product"}],"about":[{"href":"https:\/\/shop.mamasugo.it\/es\/wp-json\/wp\/v2\/types\/product"}],"wp:featuredmedia":[{"embeddable":true,"href":"https:\/\/shop.mamasugo.it\/es\/wp-json\/wp\/v2\/media\/4495"}],"wp:attachment":[{"href":"https:\/\/shop.mamasugo.it\/es\/wp-json\/wp\/v2\/media?parent=4494"}],"wp:term":[{"taxonomy":"product_brand","embeddable":true,"href":"https:\/\/shop.mamasugo.it\/es\/wp-json\/wp\/v2\/product_brand?post=4494"},{"taxonomy":"product_cat","embeddable":true,"href":"https:\/\/shop.mamasugo.it\/es\/wp-json\/wp\/v2\/product_cat?post=4494"},{"taxonomy":"product_tag","embeddable":true,"href":"https:\/\/shop.mamasugo.it\/es\/wp-json\/wp\/v2\/product_tag?post=4494"}],"curies":[{"name":"wp","href":"https:\/\/api.w.org\/{rel}","templated":true}]}}