{"id":4462,"date":"2025-04-22T14:14:38","date_gmt":"2025-04-22T14:14:38","guid":{"rendered":"https:\/\/shop.mamasugo.it\/prodotto\/mama-sugo-pimientos-y-pecorino-pack-15x70g-sabor-intenso-100-natural-y-sin-gluten\/"},"modified":"2025-04-22T14:14:38","modified_gmt":"2025-04-22T14:14:38","slug":"mama-sugo-pimientos-y-pecorino-pack-15x70g-sabor-intenso-100-natural-y-sin-gluten","status":"publish","type":"product","link":"https:\/\/shop.mamasugo.it\/es\/prodotto\/mama-sugo-pimientos-y-pecorino-pack-15x70g-sabor-intenso-100-natural-y-sin-gluten\/","title":{"rendered":"Mam\u00e0 Sugo Pimientos y Pecorino &#8211; Pack 15x70g | Sabor Intenso, 100% Natural y Sin Gluten"},"content":{"rendered":"<h3 data-start=\"249\" data-end=\"354\">\ufe0f <strong>Mam\u00e0 Sugo Pimientos y Pecorino Monoporci\u00f3n 5x70g \u2013 Sabor Intenso, 100% Natural y Sin Gluten<\/strong><\/h3>\n<p data-start=\"356\" data-end=\"729\">Descubra el perfecto equilibrio entre dulzura y car\u00e1cter con el <strong data-start=\"418\" data-end=\"451\">Mam\u00e0 Sugo Pimientos y Pecorino<\/strong>: una receta cremosa y rica en sabor que une el <strong data-start=\"505\" data-end=\"537\">tomate triturado italiano<\/strong> con <strong data-start=\"542\" data-end=\"561\">pimientos maduros<\/strong> y el sabor decidido del <strong data-start=\"584\" data-end=\"606\">queso pecorino<\/strong>.<br data-start=\"607\" data-end=\"610\">\u00a1Un condimento de car\u00e1cter mediterr\u00e1neo, listo en pocos minutos y perfecto para dar un toque gourmet a sus platos!<\/p>\n<p data-start=\"731\" data-end=\"950\">Cada envase contiene <strong>15 pr\u00e1cticas monoporciones de 70g<\/strong>, ideales para una comida r\u00e1pida, sabrosa y sin desperdicios. Solo hay que abrir y servir: el sabor aut\u00e9ntico de la cocina italiana est\u00e1 listo para conquistarle. <\/p>\n<hr data-start=\"952\" data-end=\"955\">\n<h3 data-start=\"957\" data-end=\"1010\">\u2764\ufe0f <strong>Por qu\u00e9 elegir Mam\u00e0 Sugo Pimientos y Pecorino<\/strong><\/h3>\n<p data-start=\"1012\" data-end=\"1573\">\u2705 <strong data-start=\"1014\" data-end=\"1039\">Sabor \u00fanico e intenso<\/strong> \u2013 El encuentro perfecto entre la dulzura de los pimientos y la fuerza arom\u00e1tica del pecorino.<br data-start=\"1125\" data-end=\"1128\">\u2705 <strong data-start=\"1130\" data-end=\"1147\">100% natural<\/strong> \u2013 Sin colorantes, sin conservantes, sin aromas artificiales. Solo ingredientes aut\u00e9nticos y seleccionados.<br data-start=\"1255\" data-end=\"1258\">\u2705 <strong data-start=\"1260\" data-end=\"1294\">Sin gluten y sin lactosa<\/strong> \u2013 Adecuado tambi\u00e9n para quienes tienen intolerancias alimentarias o siguen una dieta controlada.<br data-start=\"1373\" data-end=\"1376\">\u2705 <strong data-start=\"1378\" data-end=\"1410\">Formato pr\u00e1ctico monoporci\u00f3n<\/strong> \u2013 15 sobres de 70g perfectos para solteros, familias, oficina o viaje.<br data-start=\"1479\" data-end=\"1482\">\u2705 <strong data-start=\"1484\" data-end=\"1507\">Listo para usar<\/strong> \u2013 Vierta y disfrute <\/p>\n<hr data-start=\"1575\" data-end=\"1578\">\n<h3 data-start=\"1580\" data-end=\"1625\"><strong>  Ingredientes genuinos, sabor aut\u00e9ntico<\/strong><\/h3>\n<p data-start=\"1627\" data-end=\"1897\">El secreto del <strong data-start=\"1642\" data-end=\"1675\">Mam\u00e0 Sugo Pimientos y Pecorino<\/strong> est\u00e1 en la calidad de las materias primas.<br data-start=\"1712\" data-end=\"1715\">En la base hay un <strong data-start=\"1733\" data-end=\"1765\">tomate triturado italiano<\/strong> aterciopelado y rico en sabor, unido a <strong data-start=\"1803\" data-end=\"1821\">pimientos dulces<\/strong> cocidos lentamente y <strong data-start=\"1841\" data-end=\"1864\">pecorino curado<\/strong> para un toque cremoso y decidido.<\/p>\n<p data-start=\"1899\" data-end=\"2208\">Todo est\u00e1 enriquecido con una selecci\u00f3n de <strong data-start=\"1941\" data-end=\"1978\">hierbas arom\u00e1ticas y especias naturales<\/strong>, <strong data-start=\"1980\" data-end=\"1997\">aceite de oliva<\/strong>, <strong data-start=\"1999\" data-end=\"2010\">cebolla<\/strong> y <strong data-start=\"2013\" data-end=\"2023\">zanahoria<\/strong>, para una receta equilibrada y sabrosa.<br data-start=\"2063\" data-end=\"2066\">Cada ingrediente se elige con cuidado para garantizar un sabor aut\u00e9ntico y una consistencia perfecta, exactamente como la de la salsa hecha en casa.<\/p>\n<hr data-start=\"2210\" data-end=\"2213\">\n<h3 data-start=\"2215\" data-end=\"2238\">\u200d <strong>C\u00f3mo usarlo<\/strong><\/h3>\n<p data-start=\"2240\" data-end=\"2336\">El <strong data-start=\"2243\" data-end=\"2276\">Mam\u00e0 Sugo Pimientos y Pecorino<\/strong> es s\u00faper vers\u00e1til y perfecto para much\u00edsimas preparaciones:<\/p>\n<p data-start=\"2338\" data-end=\"2756\"> <strong data-start=\"2341\" data-end=\"2357\">Con la pasta<\/strong> \u2013 El condimento ideal para espaguetis, penne o rigatoni. A\u00f1ada un chorrito de aceite y una pizca de pimienta para un resultado de chef.<br data-start=\"2482\" data-end=\"2485\"> <strong data-start=\"2488\" data-end=\"2503\">En la pizza<\/strong> \u2013 A\u00f1ada un sobre para crear una base sabrosa y arom\u00e1tica.<br data-start=\"2568\" data-end=\"2571\"> <strong data-start=\"2574\" data-end=\"2610\">En las verduras al horno o rellenas<\/strong> \u2013 Para dar un toque de sabor mediterr\u00e1neo irresistible.<br data-start=\"2667\" data-end=\"2670\"> <strong data-start=\"2673\" data-end=\"2703\">Como base para platos \u00fanicos<\/strong> \u2013 Excelente tambi\u00e9n con cereales, legumbres o carne blanca. <\/p>\n<hr data-start=\"2857\" data-end=\"2860\">\n<h3 data-start=\"2862\" data-end=\"2901\"><strong>Sin gluten y sin lactosa<\/strong><\/h3>\n<p data-start=\"2903\" data-end=\"3231\">Como todas las salsas Mam\u00e0, tambi\u00e9n esta receta es <strong data-start=\"2951\" data-end=\"2968\">sin gluten<\/strong>, <strong data-start=\"2970\" data-end=\"2988\">sin lactosa<\/strong> y <strong data-start=\"2991\" data-end=\"3017\">sin al\u00e9rgenos comunes<\/strong>.<br data-start=\"3018\" data-end=\"3021\">Perfecta para quienes buscan una alimentaci\u00f3n natural, equilibrada y adecuada para cada necesidad.<br data-start=\"3108\" data-end=\"3111\">Adem\u00e1s, el formato monoporci\u00f3n le permite disfrutar siempre de la salsa fresca, sin desperdicios y sin conservar sobras.<\/p>\n<hr data-start=\"3233\" data-end=\"3236\">\n<h3 data-start=\"3238\" data-end=\"3286\"><strong>Calidad Mam\u00e0 \u2013 Tradici\u00f3n e innovaci\u00f3n<\/strong><\/h3>\n<p data-start=\"3288\" data-end=\"3647\">Detr\u00e1s de cada salsa Mam\u00e0 est\u00e1 la pasi\u00f3n por la <strong data-start=\"3333\" data-end=\"3362\">cocina italiana aut\u00e9ntica<\/strong>.<br data-start=\"3363\" data-end=\"3366\">Cada producto nace de recetas tradicionales, preparadas con ingredientes de alt\u00edsima calidad y elaboradas con cuidado para mantener intactos los sabores originales.<br data-start=\"3519\" data-end=\"3522\">La <strong data-start=\"3525\" data-end=\"3553\">Salsa Pimientos y Pecorino<\/strong> representa la esencia del sabor mediterr\u00e1neo: cremosa, arom\u00e1tica e irresistiblemente buena.<\/p>\n<hr data-start=\"3649\" data-end=\"3652\">\n<h3 data-start=\"3654\" data-end=\"3676\"><strong>Datos del producto<\/strong><\/h3>\n<ul data-start=\"3678\" data-end=\"3981\">\n<li data-start=\"3678\" data-end=\"3721\">\n<p data-start=\"3680\" data-end=\"3721\"><strong data-start=\"3680\" data-end=\"3689\">Nombre:<\/strong> Mam\u00e0 Salsa de Pimientos y Pecorino<\/p>\n<\/li>\n<li data-start=\"3722\" data-end=\"3769\">\n<p data-start=\"3724\" data-end=\"3769\"><strong data-start=\"3724\" data-end=\"3736\">Formato:<\/strong> 15x70g (peso neto total 240g)<\/p>\n<\/li>\n<li data-start=\"3770\" data-end=\"3826\">\n<p data-start=\"3772\" data-end=\"3826\"><strong data-start=\"3772\" data-end=\"3824\">Sin gluten, sin lactosa, sin conservantes<\/strong><\/p>\n<\/li>\n<li data-start=\"3827\" data-end=\"3868\">\n<p data-start=\"3829\" data-end=\"3868\"><strong data-start=\"3829\" data-end=\"3866\">Listo para usar  <\/strong><\/p>\n<\/li>\n<li data-start=\"3869\" data-end=\"3892\">\n<p data-start=\"3871\" data-end=\"3892\"><strong data-start=\"3871\" data-end=\"3883\">Origen:<\/strong> Italia<\/p>\n<\/li>\n<li data-start=\"3893\" data-end=\"3931\">\n<p data-start=\"3895\" data-end=\"3931\"><strong data-start=\"3895\" data-end=\"3929\">Adecuado para dietas sin al\u00e9rgenos<\/strong><\/p>\n<\/li>\n<li data-start=\"3932\" data-end=\"3981\">\n<p data-start=\"3934\" data-end=\"3981\"><strong data-start=\"3934\" data-end=\"3952\">Conservaci\u00f3n:<\/strong> en lugar fresco y seco<\/p>\n<\/li>\n<\/ul>\n<hr data-start=\"3983\" data-end=\"3986\">\n<h3 data-start=\"3988\" data-end=\"4036\"><strong>Disfrute de la tradici\u00f3n italiana, en cualquier lugar<\/strong><\/h3>\n<p data-start=\"4038\" data-end=\"4293\">Con <strong data-start=\"4042\" data-end=\"4088\">Mam\u00e0 Sugo Pimientos y Pecorino Monoporci\u00f3n<\/strong>, lleva consigo un pedazo de Italia dondequiera que est\u00e9.<br data-start=\"4136\" data-end=\"4139\">Una salsa lista, genuina e irresistible, que combina el sabor dulce de los pimientos con el car\u00e1cter decidido del pecorino en una perfecta armon\u00eda de sabor.<\/p>\n<p data-start=\"4295\" data-end=\"4495\">Ideal para quienes aman la <strong data-start=\"4320\" data-end=\"4345\">buena cocina italiana<\/strong>, pero no quieren renunciar a la <strong data-start=\"4376\" data-end=\"4405\">comodidad y la practicidad<\/strong>.<br data-start=\"4406\" data-end=\"4409\">Abra y disfrute: con Mam\u00e0, cada comida se convierte en un peque\u00f1o momento de placer.<\/p>\n","protected":false},"excerpt":{"rendered":"<p data-start=\"356\" data-end=\"729\">Descubra el perfecto equilibrio entre dulzura y car\u00e1cter con el <strong data-start=\"418\" data-end=\"451\">Mam\u00e0 Sugo Pimientos y Pecorino<\/strong>: una receta cremosa y rica en sabor que une el <strong data-start=\"505\" data-end=\"537\">tomate triturado italiano<\/strong> con <strong data-start=\"542\" data-end=\"561\">pimientos maduros<\/strong> y el sabor decidido del <strong data-start=\"584\" data-end=\"606\">queso pecorino<\/strong>.<br data-start=\"607\" data-end=\"610\">\u00a1Un condimento de car\u00e1cter mediterr\u00e1neo, listo en pocos minutos y perfecto para dar un toque gourmet a sus platos!<\/p>\n<p data-start=\"731\" data-end=\"950\">Cada envase contiene <strong>15 pr\u00e1cticas monoporciones de 70g<\/strong>, ideales para una comida r\u00e1pida, sabrosa y sin desperdicios. Solo hay que abrir y servir: el sabor aut\u00e9ntico de la cocina italiana est\u00e1 listo para conquistarle. <\/p>\n","protected":false},"featured_media":4463,"template":"","meta":[],"product_brand":[],"product_cat":[110,106],"product_tag":[225,176,151,150],"class_list":{"0":"post-4462","1":"product","2":"type-product","3":"status-publish","4":"has-post-thumbnail","6":"product_cat-paquete-de-3-unidades","7":"product_cat-salsas-preparadas-mama","8":"product_tag-salsa-lista-para-usar-de-pimientos-y-queso-pecorino","9":"product_tag-salsas-mama-2","10":"product_tag-salsas-preparadas","11":"product_tag-salsas-preparadas-mama","13":"first","14":"instock","15":"taxable","16":"shipping-taxable","17":"purchasable","18":"product-type-simple"},"_links":{"self":[{"href":"https:\/\/shop.mamasugo.it\/es\/wp-json\/wp\/v2\/product\/4462","targetHints":{"allow":["GET"]}}],"collection":[{"href":"https:\/\/shop.mamasugo.it\/es\/wp-json\/wp\/v2\/product"}],"about":[{"href":"https:\/\/shop.mamasugo.it\/es\/wp-json\/wp\/v2\/types\/product"}],"wp:featuredmedia":[{"embeddable":true,"href":"https:\/\/shop.mamasugo.it\/es\/wp-json\/wp\/v2\/media\/4463"}],"wp:attachment":[{"href":"https:\/\/shop.mamasugo.it\/es\/wp-json\/wp\/v2\/media?parent=4462"}],"wp:term":[{"taxonomy":"product_brand","embeddable":true,"href":"https:\/\/shop.mamasugo.it\/es\/wp-json\/wp\/v2\/product_brand?post=4462"},{"taxonomy":"product_cat","embeddable":true,"href":"https:\/\/shop.mamasugo.it\/es\/wp-json\/wp\/v2\/product_cat?post=4462"},{"taxonomy":"product_tag","embeddable":true,"href":"https:\/\/shop.mamasugo.it\/es\/wp-json\/wp\/v2\/product_tag?post=4462"}],"curies":[{"name":"wp","href":"https:\/\/api.w.org\/{rel}","templated":true}]}}