{"id":4316,"date":"2025-05-14T08:05:56","date_gmt":"2025-05-14T08:05:56","guid":{"rendered":"https:\/\/shop.mamasugo.it\/salsa-de-albahaca\/"},"modified":"2025-11-18T09:18:46","modified_gmt":"2025-11-18T09:18:46","slug":"salsa-de-albahaca","status":"publish","type":"page","link":"https:\/\/shop.mamasugo.it\/es\/salsa-de-albahaca\/","title":{"rendered":"Salsa de albahaca"},"content":{"rendered":"\n\n\t<section class=\"section\" id=\"section_1479082644\">\n\t\t<div class=\"section-bg fill\" >\n\t\t\t<img loading=\"lazy\" decoding=\"async\" width=\"1600\" height=\"1600\" src=\"https:\/\/shop.mamasugo.it\/wp-content\/uploads\/2023\/10\/spaghetti-sugo-basilico.webp\" class=\"bg attachment-original size-original\" alt=\"\" \/>\t\t\t\t\t\t\n\t\t\t\n\n\t\t<\/div>\n\n\t\t\n\n\t\t<div class=\"section-content relative\">\n\t\t\t\n\n\t<div id=\"gap-2028293062\" class=\"gap-element clearfix\" style=\"display:block; height:auto;\">\n\t\t\n<style>\n#gap-2028293062 {\n  padding-top: 50px;\n}\n<\/style>\n\t<\/div>\n\t\n\n<div class=\"row align-middle align-center\"  id=\"row-1087576438\">\n\n\n\t<div id=\"col-339728736\" class=\"col medium-8 small-12 large-8\"  >\n\t\t\t\t<div class=\"col-inner text-center\"  >\n\t\t\t\n\t\t\t\n\n\t<div id=\"text-3686865659\" class=\"text\">\n\t\t\n\n<h1 style=\"text-align: center; text-shadow: 0em 0.1em 0.1em rgba(0, 0, 0, 0.4);\"><strong>La salsa de albahaca Mam\u00e1: sencillez que conquista<\/strong><\/h1>\n\t\t\n<style>\n#text-3686865659 {\n  font-size: 2rem;\n  color: rgb(255, 255, 255);\n}\n#text-3686865659 > * {\n  color: rgb(255, 255, 255);\n}\n<\/style>\n\t<\/div>\n\t\n\t<div id=\"gap-438014099\" class=\"gap-element clearfix\" style=\"display:block; height:auto;\">\n\t\t\n<style>\n#gap-438014099 {\n  padding-top: 10px;\n}\n<\/style>\n\t<\/div>\n\t\n\n\t<div id=\"text-3333423389\" class=\"text\">\n\t\t\n\n<p style=\"text-shadow: 0em 0.1em 0.1em rgba(0, 0, 0, 0.4);\"><strong>Tomate maduro y albahaca fresca en una receta cl\u00e1sica, lista en pocos minutos. El sabor de la cocina italiana, en una pr\u00e1ctica monoporci\u00f3n. <\/strong><\/p>\n\t\t\n<style>\n#text-3333423389 {\n  font-size: 1.2rem;\n  text-align: center;\n  color: rgb(255, 255, 255);\n}\n#text-3333423389 > * {\n  color: rgb(255, 255, 255);\n}\n<\/style>\n\t<\/div>\n\t\n\t<div id=\"gap-1586370340\" class=\"gap-element clearfix\" style=\"display:block; height:auto;\">\n\t\t\n<style>\n#gap-1586370340 {\n  padding-top: 30px;\n}\n<\/style>\n\t<\/div>\n\t\n\n<a href=\"https:\/\/shop.mamasugo.it\/prodotto\/sugo-al-basilico\/\" class=\"button secondary reveal-icon\"  style=\"border-radius:99px;\">\n\t\t<span>Comprar ahora<\/span>\n\t<i class=\"icon-angle-right\" aria-hidden=\"true\" ><\/i><\/a>\n\n\n<a href=\"https:\/\/shop.mamasugo.it\/prodotto\/box-degustazione-mama\/\" class=\"button white reveal-icon\"  style=\"border-radius:99px;\">\n\t\t<span>Descubra la caja de 15 porciones<\/span>\n\t<i class=\"icon-angle-right\" aria-hidden=\"true\" ><\/i><\/a>\n\n\n\n\t\t<\/div>\n\t\t\t\t\t<\/div>\n\n\t\n\n<\/div>\n\t<div id=\"gap-1237438916\" class=\"gap-element clearfix\" style=\"display:block; height:auto;\">\n\t\t\n<style>\n#gap-1237438916 {\n  padding-top: 20px;\n}\n<\/style>\n\t<\/div>\n\t\n\n\n\t\t<\/div>\n\n\t\t\n<style>\n#section_1479082644 {\n  padding-top: 0px;\n  padding-bottom: 0px;\n}\n#section_1479082644 .section-bg img {\n  object-position: 50% 50%;\n}\n<\/style>\n\t<\/section>\n\t\n<div class=\"row row-large align-middle align-center\"  id=\"row-1251147287\">\n\n\n\t<div id=\"col-1113402928\" class=\"col medium-6 small-12 large-6\"  >\n\t\t\t\t<div class=\"col-inner\"  >\n\t\t\t\n\t\t\t\n\n\t<div class=\"img has-hover x md-x lg-x y md-y lg-y\" id=\"image_1451959334\">\n\t\t\t\t\t\t\t\t<div class=\"img-inner dark\" >\n\t\t\t<img loading=\"lazy\" decoding=\"async\" width=\"800\" height=\"800\" src=\"https:\/\/shop.mamasugo.it\/wp-content\/uploads\/2023\/09\/basilico-buste.jpg\" class=\"attachment-original size-original\" alt=\"\" srcset=\"https:\/\/shop.mamasugo.it\/wp-content\/uploads\/2023\/09\/basilico-buste.jpg 800w, https:\/\/shop.mamasugo.it\/wp-content\/uploads\/2023\/09\/basilico-buste-100x100.jpg 100w, https:\/\/shop.mamasugo.it\/wp-content\/uploads\/2023\/09\/basilico-buste-510x510.jpg 510w, https:\/\/shop.mamasugo.it\/wp-content\/uploads\/2023\/09\/basilico-buste-300x300.jpg 300w, https:\/\/shop.mamasugo.it\/wp-content\/uploads\/2023\/09\/basilico-buste-150x150.jpg 150w, https:\/\/shop.mamasugo.it\/wp-content\/uploads\/2023\/09\/basilico-buste-768x768.jpg 768w, https:\/\/shop.mamasugo.it\/wp-content\/uploads\/2023\/09\/basilico-buste-480x480.jpg 480w\" sizes=\"auto, (max-width: 800px) 100vw, 800px\" \/>\t\t\t\t\t\t\n\t\t\t\t\t<\/div>\n\t\t\t\t\t\t\t\t\n<style>\n#image_1451959334 {\n  width: 100%;\n}\n<\/style>\n\t<\/div>\n\t\n\n\n\t\t<\/div>\n\t\t\t\t\t<\/div>\n\n\t\n\n\t<div id=\"col-1172060873\" class=\"col medium-6 small-12 large-6\"  >\n\t\t\t\t<div class=\"col-inner\"  >\n\t\t\t\n\t\t\t\n\n\t<div id=\"text-1607043199\" class=\"text\">\n\t\t\n\n<h2><strong>El cl\u00e1sico atemporal de la cocina italiana, hecho como en casa<\/strong><\/h2>\n\t\t\n<style>\n#text-1607043199 {\n  font-size: 1.7rem;\n  color: #c92c39;\n}\n#text-1607043199 > * {\n  color: #c92c39;\n}\n<\/style>\n\t<\/div>\n\t\n\t<div id=\"gap-2077635503\" class=\"gap-element clearfix\" style=\"display:block; height:auto;\">\n\t\t\n<style>\n#gap-2077635503 {\n  padding-top: 20px;\n}\n<\/style>\n\t<\/div>\n\t\n\n<p>Nuestra salsa de albahaca nace de pocos ingredientes simples y genuinos: tomate fresco, albahaca perfumada, una pizca de sal y mucho amor.<\/p>\n<p>Es el cl\u00e1sico que nunca cansa, ideal para quienes aman los sabores aut\u00e9nticos y quieren llevar Italia a la mesa, dondequiera que est\u00e9n.<\/p>\n\n\t\t<\/div>\n\t\t\t\t\t<\/div>\n\n\t\n\n<\/div>\n<div class=\"row row-large align-middle align-center\"  id=\"row-1997986756\">\n\n\n\t<div id=\"col-1656862866\" class=\"col medium-6 small-12 large-6\"  >\n\t\t\t\t<div class=\"col-inner\"  >\n\t\t\t\n\t\t\t\n\n\t<div id=\"text-1699088545\" class=\"text\">\n\t\t\n\n<h2><strong>Por qu\u00e9 le encantar\u00e1 nuestra salsa de albahaca<\/strong><\/h2>\n\t\t\n<style>\n#text-1699088545 {\n  font-size: 1.7rem;\n  color: #c92c39;\n}\n#text-1699088545 > * {\n  color: #c92c39;\n}\n<\/style>\n\t<\/div>\n\t\n\t<div id=\"gap-945080376\" class=\"gap-element clearfix\" style=\"display:block; height:auto;\">\n\t\t\n<style>\n#gap-945080376 {\n  padding-top: 20px;\n}\n<\/style>\n\t<\/div>\n\t\n\n\n\t\t<div class=\"icon-box featured-box icon-box-left text-left\"  >\n\t\t\t\t\t<div class=\"icon-box-img\" style=\"width: 25px\">\n\t\t\t\t<div class=\"icon\">\n\t\t\t\t\t<div class=\"icon-inner\" >\n\t\t\t\t\t\t<img loading=\"lazy\" decoding=\"async\" width=\"50\" height=\"50\" src=\"https:\/\/shop.mamasugo.it\/wp-content\/uploads\/2025\/09\/mama_sugo_icona_naturale.png\" class=\"attachment-medium size-medium\" alt=\"\" \/>\t\t\t\t\t<\/div>\n\t\t\t\t<\/div>\n\t\t\t<\/div>\n\t\t\t\t<div class=\"icon-box-text last-reset\">\n\t\t\t\t\t\t\t\t\t\n\n<p style=\"margin-bottom: 0px; margin-top: 3px;\">Tomate fresco y albahaca italiana<\/p>\n\n\t\t<\/div>\n\t<\/div>\n\t\n\t\n\t<div id=\"gap-1237643975\" class=\"gap-element clearfix\" style=\"display:block; height:auto;\">\n\t\t\n<style>\n#gap-1237643975 {\n  padding-top: 10px;\n}\n<\/style>\n\t<\/div>\n\t\n\n\n\t\t<div class=\"icon-box featured-box icon-box-left text-left\"  >\n\t\t\t\t\t<div class=\"icon-box-img\" style=\"width: 25px\">\n\t\t\t\t<div class=\"icon\">\n\t\t\t\t\t<div class=\"icon-inner\" >\n\t\t\t\t\t\t<img loading=\"lazy\" decoding=\"async\" width=\"50\" height=\"50\" src=\"https:\/\/shop.mamasugo.it\/wp-content\/uploads\/2025\/09\/mama_sugo_icona_naturale.png\" class=\"attachment-medium size-medium\" alt=\"\" \/>\t\t\t\t\t<\/div>\n\t\t\t\t<\/div>\n\t\t\t<\/div>\n\t\t\t\t<div class=\"icon-box-text last-reset\">\n\t\t\t\t\t\t\t\t\t\n\n<p style=\"margin-bottom: 0px; margin-top: 3px;\">100% natural, sin conservantes<\/p>\n\n\t\t<\/div>\n\t<\/div>\n\t\n\t\n\t<div id=\"gap-768660923\" class=\"gap-element clearfix\" style=\"display:block; height:auto;\">\n\t\t\n<style>\n#gap-768660923 {\n  padding-top: 10px;\n}\n<\/style>\n\t<\/div>\n\t\n\n\n\t\t<div class=\"icon-box featured-box icon-box-left text-left\"  >\n\t\t\t\t\t<div class=\"icon-box-img\" style=\"width: 25px\">\n\t\t\t\t<div class=\"icon\">\n\t\t\t\t\t<div class=\"icon-inner\" >\n\t\t\t\t\t\t<img loading=\"lazy\" decoding=\"async\" width=\"50\" height=\"50\" src=\"https:\/\/shop.mamasugo.it\/wp-content\/uploads\/2025\/09\/mama_sugo_icona_naturale.png\" class=\"attachment-medium size-medium\" alt=\"\" \/>\t\t\t\t\t<\/div>\n\t\t\t\t<\/div>\n\t\t\t<\/div>\n\t\t\t\t<div class=\"icon-box-text last-reset\">\n\t\t\t\t\t\t\t\t\t\n\n<p style=\"margin-bottom: 0px; margin-top: 3px;\">Lista en pocos minutos<\/p>\n\n\t\t<\/div>\n\t<\/div>\n\t\n\t\n\t<div id=\"gap-348924478\" class=\"gap-element clearfix\" style=\"display:block; height:auto;\">\n\t\t\n<style>\n#gap-348924478 {\n  padding-top: 10px;\n}\n<\/style>\n\t<\/div>\n\t\n\n\n\t\t<div class=\"icon-box featured-box icon-box-left text-left\"  >\n\t\t\t\t\t<div class=\"icon-box-img\" style=\"width: 25px\">\n\t\t\t\t<div class=\"icon\">\n\t\t\t\t\t<div class=\"icon-inner\" >\n\t\t\t\t\t\t<img loading=\"lazy\" decoding=\"async\" width=\"50\" height=\"50\" src=\"https:\/\/shop.mamasugo.it\/wp-content\/uploads\/2025\/09\/mama_sugo_icona_naturale.png\" class=\"attachment-medium size-medium\" alt=\"\" \/>\t\t\t\t\t<\/div>\n\t\t\t\t<\/div>\n\t\t\t<\/div>\n\t\t\t\t<div class=\"icon-box-text last-reset\">\n\t\t\t\t\t\t\t\t\t\n\n<p style=\"margin-bottom: 0px; margin-top: 3px;\">Vers\u00e1til: para pasta, bruschetta, risottos y segundos platos<\/p>\n\n\t\t<\/div>\n\t<\/div>\n\t\n\t\n\t<div id=\"gap-1419457909\" class=\"gap-element clearfix\" style=\"display:block; height:auto;\">\n\t\t\n<style>\n#gap-1419457909 {\n  padding-top: 10px;\n}\n<\/style>\n\t<\/div>\n\t\n\n\n\t\t<div class=\"icon-box featured-box icon-box-left text-left\"  >\n\t\t\t\t\t<div class=\"icon-box-img\" style=\"width: 25px\">\n\t\t\t\t<div class=\"icon\">\n\t\t\t\t\t<div class=\"icon-inner\" >\n\t\t\t\t\t\t<img loading=\"lazy\" decoding=\"async\" width=\"50\" height=\"50\" src=\"https:\/\/shop.mamasugo.it\/wp-content\/uploads\/2025\/09\/mama_sugo_icona_naturale.png\" class=\"attachment-medium size-medium\" alt=\"\" \/>\t\t\t\t\t<\/div>\n\t\t\t\t<\/div>\n\t\t\t<\/div>\n\t\t\t\t<div class=\"icon-box-text last-reset\">\n\t\t\t\t\t\t\t\t\t\n\n<p style=\"margin-bottom: 0px; margin-top: 3px;\">Formato monoporci\u00f3n: menos desperdicio, m\u00e1s sabor<\/p>\n\n\t\t<\/div>\n\t<\/div>\n\t\n\t\n\t<div id=\"gap-1868393272\" class=\"gap-element clearfix\" style=\"display:block; height:auto;\">\n\t\t\n<style>\n#gap-1868393272 {\n  padding-top: 10px;\n}\n<\/style>\n\t<\/div>\n\t\n\n\n\t\t<div class=\"icon-box featured-box icon-box-left text-left\"  >\n\t\t\t\t\t<div class=\"icon-box-img\" style=\"width: 25px\">\n\t\t\t\t<div class=\"icon\">\n\t\t\t\t\t<div class=\"icon-inner\" >\n\t\t\t\t\t\t<img loading=\"lazy\" decoding=\"async\" width=\"50\" height=\"50\" src=\"https:\/\/shop.mamasugo.it\/wp-content\/uploads\/2025\/09\/mama_sugo_icona_naturale.png\" class=\"attachment-medium size-medium\" alt=\"\" \/>\t\t\t\t\t<\/div>\n\t\t\t\t<\/div>\n\t\t\t<\/div>\n\t\t\t\t<div class=\"icon-box-text last-reset\">\n\t\t\t\t\t\t\t\t\t\n\n<p style=\"margin-bottom: 0px; margin-top: 3px;\">\nDisponible en paquete de 5 o caja de 25 porciones<\/p>\n\n\t\t<\/div>\n\t<\/div>\n\t\n\t\n\n\t\t<\/div>\n\t\t\t\t\t<\/div>\n\n\t\n\n\t<div id=\"col-1962005424\" class=\"col medium-6 small-12 large-6 small-col-first\"  >\n\t\t\t\t<div class=\"col-inner\"  >\n\t\t\t\n\t\t\t\n\n\t<div class=\"img has-hover x md-x lg-x y md-y lg-y\" id=\"image_1080228023\">\n\t\t\t\t\t\t\t\t<div class=\"img-inner dark\" >\n\t\t\t<img loading=\"lazy\" decoding=\"async\" width=\"800\" height=\"800\" src=\"https:\/\/shop.mamasugo.it\/wp-content\/uploads\/2025\/04\/basilico-15.jpg\" class=\"attachment-original size-original\" alt=\"\" srcset=\"https:\/\/shop.mamasugo.it\/wp-content\/uploads\/2025\/04\/basilico-15.jpg 800w, https:\/\/shop.mamasugo.it\/wp-content\/uploads\/2025\/04\/basilico-15-100x100.jpg 100w, https:\/\/shop.mamasugo.it\/wp-content\/uploads\/2025\/04\/basilico-15-510x510.jpg 510w, https:\/\/shop.mamasugo.it\/wp-content\/uploads\/2025\/04\/basilico-15-300x300.jpg 300w, https:\/\/shop.mamasugo.it\/wp-content\/uploads\/2025\/04\/basilico-15-150x150.jpg 150w, https:\/\/shop.mamasugo.it\/wp-content\/uploads\/2025\/04\/basilico-15-768x768.jpg 768w, https:\/\/shop.mamasugo.it\/wp-content\/uploads\/2025\/04\/basilico-15-480x480.jpg 480w\" sizes=\"auto, (max-width: 800px) 100vw, 800px\" \/>\t\t\t\t\t\t\n\t\t\t\t\t<\/div>\n\t\t\t\t\t\t\t\t\n<style>\n#image_1080228023 {\n  width: 100%;\n}\n<\/style>\n\t<\/div>\n\t\n\n\n\t\t<\/div>\n\t\t\t\t\t<\/div>\n\n\t\n\n<\/div>\n\n\t<section class=\"section\" id=\"section_925290974\">\n\t\t<div class=\"section-bg fill\" >\n\t\t\t<img loading=\"lazy\" decoding=\"async\" width=\"2000\" height=\"2000\" src=\"https:\/\/shop.mamasugo.it\/wp-content\/uploads\/2025\/04\/shopquad.jpg\" class=\"bg attachment-original size-original\" alt=\"\" \/>\t\t\t\t\t\t\n\t\t\t\n\n\t\t<\/div>\n\n\t\t\n\n\t\t<div class=\"section-content relative\">\n\t\t\t\n\n\t<div id=\"gap-341351890\" class=\"gap-element clearfix\" style=\"display:block; height:auto;\">\n\t\t\n<style>\n#gap-341351890 {\n  padding-top: 30px;\n}\n<\/style>\n\t<\/div>\n\t\n\n<div class=\"row align-middle align-center\"  id=\"row-1046002306\">\n\n\n\t<div id=\"col-38380858\" class=\"col medium-9 small-12 large-9\"  >\n\t\t\t\t<div class=\"col-inner\"  >\n\t\t\t\n\t\t\t\n\n\t<div id=\"text-3811545936\" class=\"text\">\n\t\t\n\n<h2><strong>Una salsa, mil recetas<br><\/strong><\/h2>\n\t\t\n<style>\n#text-3811545936 {\n  font-size: 1.7rem;\n  text-align: center;\n  color: #c92c39;\n}\n#text-3811545936 > * {\n  color: #c92c39;\n}\n<\/style>\n\t<\/div>\n\t\n\t<div id=\"gap-1503503007\" class=\"gap-element clearfix\" style=\"display:block; height:auto;\">\n\t\t\n<style>\n#gap-1503503007 {\n  padding-top: 20px;\n}\n<\/style>\n\t<\/div>\n\t\n\n\t<div id=\"text-844378584\" class=\"text\">\n\t\t\n\n<p>Perfecta para un plato de espaguetis humeantes, deliciosa sobre una bruschetta crujiente, sorprendente con carne o verduras a la parrilla.<\/p>\n<p>Nuestra salsa de albahaca est\u00e1 pensada para acompa\u00f1ar su creatividad en la cocina, incluso cuando tiene poco tiempo.<\/p>\n\t\t\n<style>\n#text-844378584 {\n  text-align: center;\n}\n<\/style>\n\t<\/div>\n\t\n\n\t\t<\/div>\n\t\t\t\t\t<\/div>\n\n\t\n\n\t<div id=\"col-448664531\" class=\"col small-12 large-12\"  >\n\t\t\t\t<div class=\"col-inner\"  >\n\t\t\t\n\t\t\t\n\n\n  \n    <div class=\"row large-columns-4 medium-columns-2 small-columns-1\" >\n  <div class=\"gallery-col col\" >\n          <div class=\"col-inner\">\n            <a class=\"image-lightbox lightbox-gallery\" href=\"https:\/\/shop.mamasugo.it\/wp-content\/uploads\/2025\/04\/pasta-pomodoro.jpg\" title=\"\">            <div class=\"box has-hover gallery-box box-none\">\n              <div class=\"box-image image-zoom image-cover\" style=\"padding-top:100%;\">\n                <img loading=\"lazy\" decoding=\"async\" width=\"200\" height=\"300\" src=\"https:\/\/shop.mamasugo.it\/wp-content\/uploads\/2025\/04\/pasta-pomodoro-200x300.jpg\" class=\"attachment-medium size-medium\" alt=\"\" ids=\"4287,4288,4289,4290\" style=\"none\" lightbox_image_size=\"original\" columns__sm=\"1\" columns__md=\"2\" image_height=\"100%\" image_hover=\"zoom\" srcset=\"https:\/\/shop.mamasugo.it\/wp-content\/uploads\/2025\/04\/pasta-pomodoro-200x300.jpg 200w, https:\/\/shop.mamasugo.it\/wp-content\/uploads\/2025\/04\/pasta-pomodoro-510x765.jpg 510w, https:\/\/shop.mamasugo.it\/wp-content\/uploads\/2025\/04\/pasta-pomodoro-480x720.jpg 480w, https:\/\/shop.mamasugo.it\/wp-content\/uploads\/2025\/04\/pasta-pomodoro.jpg 667w\" sizes=\"auto, (max-width: 200px) 100vw, 200px\" \/>                                                              <\/div>\n              <div class=\"box-text text-left\" >\n                 <p><\/p>\n              <\/div>\n            <\/div>\n            <\/a>          <\/div>\n         <\/div><div class=\"gallery-col col\" >\n          <div class=\"col-inner\">\n            <a class=\"image-lightbox lightbox-gallery\" href=\"https:\/\/shop.mamasugo.it\/wp-content\/uploads\/2025\/04\/pasta.jpg\" title=\"\">            <div class=\"box has-hover gallery-box box-none\">\n              <div class=\"box-image image-zoom image-cover\" style=\"padding-top:100%;\">\n                <img loading=\"lazy\" decoding=\"async\" width=\"200\" height=\"300\" src=\"https:\/\/shop.mamasugo.it\/wp-content\/uploads\/2025\/04\/pasta-200x300.jpg\" class=\"attachment-medium size-medium\" alt=\"\" ids=\"4287,4288,4289,4290\" style=\"none\" lightbox_image_size=\"original\" columns__sm=\"1\" columns__md=\"2\" image_height=\"100%\" image_hover=\"zoom\" srcset=\"https:\/\/shop.mamasugo.it\/wp-content\/uploads\/2025\/04\/pasta-200x300.jpg 200w, https:\/\/shop.mamasugo.it\/wp-content\/uploads\/2025\/04\/pasta-510x765.jpg 510w, https:\/\/shop.mamasugo.it\/wp-content\/uploads\/2025\/04\/pasta-480x720.jpg 480w, https:\/\/shop.mamasugo.it\/wp-content\/uploads\/2025\/04\/pasta.jpg 667w\" sizes=\"auto, (max-width: 200px) 100vw, 200px\" \/>                                                              <\/div>\n              <div class=\"box-text text-left\" >\n                 <p><\/p>\n              <\/div>\n            <\/div>\n            <\/a>          <\/div>\n         <\/div><div class=\"gallery-col col\" >\n          <div class=\"col-inner\">\n            <a class=\"image-lightbox lightbox-gallery\" href=\"https:\/\/shop.mamasugo.it\/wp-content\/uploads\/2025\/04\/sugo-casa.jpg\" title=\"\">            <div class=\"box has-hover gallery-box box-none\">\n              <div class=\"box-image image-zoom image-cover\" style=\"padding-top:100%;\">\n                <img loading=\"lazy\" decoding=\"async\" width=\"300\" height=\"168\" src=\"https:\/\/shop.mamasugo.it\/wp-content\/uploads\/2025\/04\/sugo-casa-300x168.jpg\" class=\"attachment-medium size-medium\" alt=\"\" ids=\"4287,4288,4289,4290\" style=\"none\" lightbox_image_size=\"original\" columns__sm=\"1\" columns__md=\"2\" image_height=\"100%\" image_hover=\"zoom\" srcset=\"https:\/\/shop.mamasugo.it\/wp-content\/uploads\/2025\/04\/sugo-casa-300x168.jpg 300w, https:\/\/shop.mamasugo.it\/wp-content\/uploads\/2025\/04\/sugo-casa-510x286.jpg 510w, https:\/\/shop.mamasugo.it\/wp-content\/uploads\/2025\/04\/sugo-casa-768x430.jpg 768w, https:\/\/shop.mamasugo.it\/wp-content\/uploads\/2025\/04\/sugo-casa-980x549.jpg 980w, https:\/\/shop.mamasugo.it\/wp-content\/uploads\/2025\/04\/sugo-casa-480x269.jpg 480w, https:\/\/shop.mamasugo.it\/wp-content\/uploads\/2025\/04\/sugo-casa.jpg 1000w\" sizes=\"auto, (max-width: 300px) 100vw, 300px\" \/>                                                              <\/div>\n              <div class=\"box-text text-left\" >\n                 <p><\/p>\n              <\/div>\n            <\/div>\n            <\/a>          <\/div>\n         <\/div><div class=\"gallery-col col\" >\n          <div class=\"col-inner\">\n            <a class=\"image-lightbox lightbox-gallery\" href=\"https:\/\/shop.mamasugo.it\/wp-content\/uploads\/2023\/10\/penne-arrabbiata-sugo.webp\" title=\"\">            <div class=\"box has-hover gallery-box box-none\">\n              <div class=\"box-image image-zoom image-cover\" style=\"padding-top:100%;\">\n                <img loading=\"lazy\" decoding=\"async\" width=\"300\" height=\"300\" src=\"https:\/\/shop.mamasugo.it\/wp-content\/uploads\/2023\/10\/penne-arrabbiata-sugo-300x300.webp\" class=\"attachment-medium size-medium\" alt=\"\" ids=\"4287,4288,4289,4290\" style=\"none\" lightbox_image_size=\"original\" columns__sm=\"1\" columns__md=\"2\" image_height=\"100%\" image_hover=\"zoom\" srcset=\"https:\/\/shop.mamasugo.it\/wp-content\/uploads\/2023\/10\/penne-arrabbiata-sugo-300x300.webp 300w, https:\/\/shop.mamasugo.it\/wp-content\/uploads\/2023\/10\/penne-arrabbiata-sugo-100x100.webp 100w, https:\/\/shop.mamasugo.it\/wp-content\/uploads\/2023\/10\/penne-arrabbiata-sugo-1000x1000.webp 1000w, https:\/\/shop.mamasugo.it\/wp-content\/uploads\/2023\/10\/penne-arrabbiata-sugo-1024x1024.webp 1024w, https:\/\/shop.mamasugo.it\/wp-content\/uploads\/2023\/10\/penne-arrabbiata-sugo-150x150.webp 150w, https:\/\/shop.mamasugo.it\/wp-content\/uploads\/2023\/10\/penne-arrabbiata-sugo-768x768.webp 768w, https:\/\/shop.mamasugo.it\/wp-content\/uploads\/2023\/10\/penne-arrabbiata-sugo-1536x1536.webp 1536w, https:\/\/shop.mamasugo.it\/wp-content\/uploads\/2023\/10\/penne-arrabbiata-sugo-1080x1080.webp 1080w, https:\/\/shop.mamasugo.it\/wp-content\/uploads\/2023\/10\/penne-arrabbiata-sugo-1280x1280.webp 1280w, https:\/\/shop.mamasugo.it\/wp-content\/uploads\/2023\/10\/penne-arrabbiata-sugo-980x980.webp 980w, https:\/\/shop.mamasugo.it\/wp-content\/uploads\/2023\/10\/penne-arrabbiata-sugo-480x480.webp 480w, https:\/\/shop.mamasugo.it\/wp-content\/uploads\/2023\/10\/penne-arrabbiata-sugo.webp 1600w\" sizes=\"auto, (max-width: 300px) 100vw, 300px\" \/>                                                              <\/div>\n              <div class=\"box-text text-left\" >\n                 <p><\/p>\n              <\/div>\n            <\/div>\n            <\/a>          <\/div>\n         <\/div><\/div>\n\n\n\t\t<\/div>\n\t\t\t\t\t<\/div>\n\n\t\n\n\t<div id=\"col-460882155\" class=\"col medium-7 small-12 large-7\"  >\n\t\t\t\t<div class=\"col-inner text-left\"  >\n\t\t\t\n\t\t\t\n\n\t<div id=\"text-1748934677\" class=\"text\">\n\t\t\n\n<h2><strong>\u00bfCu\u00e1nto quiere? Elija el formato perfecto para usted <\/strong><\/h2>\n\t\t\n<style>\n#text-1748934677 {\n  font-size: 1.7rem;\n  text-align: left;\n  color: rgb(0, 0, 0);\n}\n#text-1748934677 > * {\n  color: rgb(0, 0, 0);\n}\n<\/style>\n\t<\/div>\n\t\n\t<div id=\"gap-252436807\" class=\"gap-element clearfix\" style=\"display:block; height:auto;\">\n\t\t\n<style>\n#gap-252436807 {\n  padding-top: 20px;\n}\n<\/style>\n\t<\/div>\n\t\n\n\n\t\t<div class=\"icon-box featured-box icon-box-left text-left\"  >\n\t\t\t\t\t<div class=\"icon-box-img\" style=\"width: 25px\">\n\t\t\t\t<div class=\"icon\">\n\t\t\t\t\t<div class=\"icon-inner\" >\n\t\t\t\t\t\t<img loading=\"lazy\" decoding=\"async\" width=\"50\" height=\"50\" src=\"https:\/\/shop.mamasugo.it\/wp-content\/uploads\/2025\/09\/mama_sugo_icona_naturale.png\" class=\"attachment-medium size-medium\" alt=\"\" \/>\t\t\t\t\t<\/div>\n\t\t\t\t<\/div>\n\t\t\t<\/div>\n\t\t\t\t<div class=\"icon-box-text last-reset\">\n\t\t\t\t\t\t\t\t\t\n\n<p style=\"margin-bottom: 0px; margin-top: 3px;\">\nPaquete de 5 monoporciones de 55 g: ideal para n\u00facleos peque\u00f1os o uso diario<\/p>\n\n\n\t\t<\/div>\n\t<\/div>\n\t\n\t\n\t<div id=\"gap-1652313361\" class=\"gap-element clearfix\" style=\"display:block; height:auto;\">\n\t\t\n<style>\n#gap-1652313361 {\n  padding-top: 10px;\n}\n<\/style>\n\t<\/div>\n\t\n\n\n\t\t<div class=\"icon-box featured-box icon-box-left text-left\"  >\n\t\t\t\t\t<div class=\"icon-box-img\" style=\"width: 25px\">\n\t\t\t\t<div class=\"icon\">\n\t\t\t\t\t<div class=\"icon-inner\" >\n\t\t\t\t\t\t<img loading=\"lazy\" decoding=\"async\" width=\"50\" height=\"50\" src=\"https:\/\/shop.mamasugo.it\/wp-content\/uploads\/2025\/09\/mama_sugo_icona_naturale.png\" class=\"attachment-medium size-medium\" alt=\"\" \/>\t\t\t\t\t<\/div>\n\t\t\t\t<\/div>\n\t\t\t<\/div>\n\t\t\t\t<div class=\"icon-box-text last-reset\">\n\t\t\t\t\t\t\t\t\t\n\n<p style=\"margin-bottom: 0px; margin-top: 3px;\">\nCaja de 3 paquetes (15 porciones en total): la reserva perfecta para quienes aman esta salsa y quieren tenerla siempre a mano<\/p>\n\n\n\t\t<\/div>\n\t<\/div>\n\t\n\t\n\t<div id=\"gap-167015588\" class=\"gap-element clearfix\" style=\"display:block; height:auto;\">\n\t\t\n<style>\n#gap-167015588 {\n  padding-top: 20px;\n}\n<\/style>\n\t<\/div>\n\t\n\n<a href=\"https:\/\/shop.mamasugo.it\/es\/carro\/?add-to-cart=208\" class=\"button secondary reveal-icon\"  style=\"border-radius:99px;\">\n\t\t<span>A\u00f1adir a la cesta<\/span>\n\t<i class=\"icon-angle-right\" aria-hidden=\"true\" ><\/i><\/a>\n\n\n\n\t\t<\/div>\n\t\t\t\t\t<\/div>\n\n\t\n\n<\/div>\n\n\t\t<\/div>\n\n\t\t\n<style>\n#section_925290974 {\n  padding-top: 0px;\n  padding-bottom: 0px;\n}\n#section_925290974 .section-bg img {\n  object-position: 50% 50%;\n}\n<\/style>\n\t<\/section>\n\t\n\n","protected":false},"excerpt":{"rendered":"","protected":false},"author":2,"featured_media":0,"parent":0,"menu_order":0,"comment_status":"closed","ping_status":"closed","template":"page-blank.php","meta":{"footnotes":""},"class_list":["post-4316","page","type-page","status-publish","hentry"],"_links":{"self":[{"href":"https:\/\/shop.mamasugo.it\/es\/wp-json\/wp\/v2\/pages\/4316","targetHints":{"allow":["GET"]}}],"collection":[{"href":"https:\/\/shop.mamasugo.it\/es\/wp-json\/wp\/v2\/pages"}],"about":[{"href":"https:\/\/shop.mamasugo.it\/es\/wp-json\/wp\/v2\/types\/page"}],"author":[{"embeddable":true,"href":"https:\/\/shop.mamasugo.it\/es\/wp-json\/wp\/v2\/users\/2"}],"replies":[{"embeddable":true,"href":"https:\/\/shop.mamasugo.it\/es\/wp-json\/wp\/v2\/comments?post=4316"}],"version-history":[{"count":2,"href":"https:\/\/shop.mamasugo.it\/es\/wp-json\/wp\/v2\/pages\/4316\/revisions"}],"predecessor-version":[{"id":4320,"href":"https:\/\/shop.mamasugo.it\/es\/wp-json\/wp\/v2\/pages\/4316\/revisions\/4320"}],"wp:attachment":[{"href":"https:\/\/shop.mamasugo.it\/es\/wp-json\/wp\/v2\/media?parent=4316"}],"curies":[{"name":"wp","href":"https:\/\/api.w.org\/{rel}","templated":true}]}}