{"id":4078,"date":"2025-11-01T22:36:37","date_gmt":"2025-11-01T22:36:37","guid":{"rendered":"https:\/\/shop.mamasugo.it\/declaracion-de-accesibilidad\/"},"modified":"2025-11-17T12:54:38","modified_gmt":"2025-11-17T12:54:38","slug":"declaracion-de-accesibilidad","status":"publish","type":"page","link":"https:\/\/shop.mamasugo.it\/es\/declaracion-de-accesibilidad\/","title":{"rendered":"Declaraci\u00f3n de accesibilidad"},"content":{"rendered":"\n\t<div id=\"text-201146751\" class=\"text note-legali\">\n\t\t\n\n<p>ComCart S.r.l. se compromete a hacer que su sitio web sea accesible, de conformidad con la ley 9 de enero de 2004, n. 4. La presente declaraci\u00f3n de accesibilidad se aplica al sitio web <a href=\"\/\">shop.mamasugo.it<\/a><\/p>\n<h4><strong>Estado de conformidad<\/strong><\/h4>\n<p><span style=\"color: #000;\"><strong>Parcialmente conforme<\/strong><\/span><br>Este sitio web es parcialmente conforme con los requisitos previstos en el ap\u00e9ndice A de la norma UNI CEI EN 301549 debido a los casos de no conformidad y las excepciones que se enumeran a continuaci\u00f3n<\/p>\n<h4><strong>Contenidos no accesibles<\/strong><\/h4>\n<p>Los contenidos que se enumeran a continuaci\u00f3n no son accesibles por los siguientes motivos:<\/p>\n<p>a) Incumplimiento de la ley 9 de enero de 2004, n. 4, entre ellos: <\/p>\n<ul>\n<li>El criterio 1.1.1 Contenido no textual (WCAG 2.1 nivel A) no se respeta, ya que hay algunos elementos gr\u00e1ficos en el sitio, no estrictamente relacionados con la usabilidad del sitio, que no presentan una alternativa textual.<\/li>\n<li>El criterio 1.2.1 Solo audio y solo v\u00eddeo (WCAG 2.1 nivel A) no se respeta, ya que, debido a las tecnolog\u00edas utilizadas para la creaci\u00f3n del sitio, los posibles v\u00eddeos presentes en el sitio no disponen de una alternativa equivalente al contenido de solo audio pregrabado.<\/li>\n<li>El criterio 1.2.2 Subt\u00edtulos (pregrabados) (WCAG 2.1 nivel A) no se respeta, ya que, debido a las tecnolog\u00edas utilizadas para la creaci\u00f3n del sitio, los posibles v\u00eddeos presentes en el sitio no disponen de subt\u00edtulos pregrabados.<\/li>\n<li>El criterio 1.2.3 Audiodescripci\u00f3n o tipo de medio alternativo (pregrabado) (WCAG 2.1 nivel A) no se respeta, ya que, debido a las tecnolog\u00edas utilizadas para la creaci\u00f3n del sitio, los posibles v\u00eddeos presentes en el sitio no disponen de audiodescripci\u00f3n de los contenidos de v\u00eddeo pregrabados.<\/li>\n<li>El criterio 1.2.5 Audiodescripci\u00f3n (pregrabada) (WCAG 2.1 nivel AA) no se respeta, ya que, debido a las tecnolog\u00edas utilizadas para la creaci\u00f3n del sitio, los posibles v\u00eddeos presentes en el sitio no disponen de audiodescripci\u00f3n.<\/li>\n<li>El criterio 1.3.1 Informaci\u00f3n y correlaciones (WCAG 2.1 nivel A) no se respeta, ya que en algunas partes del sitio la estructura del c\u00f3digo, debido a las tecnolog\u00edas utilizadas para la creaci\u00f3n del sitio, no es f\u00e1cilmente utilizable por lectores de pantalla y otras tecnolog\u00edas de asistencia.<\/li>\n<li>El criterio 1.4.2 Control del sonido (WCAG 2.1 nivel A) no se respeta, ya que, debido a las tecnolog\u00edas utilizadas para la creaci\u00f3n del sitio, los posibles contenidos de audio presentes en el sitio no ofrecen al usuario la posibilidad de pausar o interrumpir el contenido de audio en s\u00ed.<\/li>\n<li>El criterio 1.4.3 Contraste (m\u00ednimo) (WCAG 2.1 nivel AA) no se respeta, ya que, por razones de identidad de marca, la paleta de colores no se puede modificar sin riesgo de comprometer la reconocibilidad de la marca.<\/li>\n<li>El criterio 2.4.1 Salto de bloques (WCAG 2.1 nivel A) no se respeta, ya que, debido a las tecnolog\u00edas utilizadas para la creaci\u00f3n del sitio, no est\u00e1 presente la funcionalidad para saltar directamente al contenido.<\/li>\n<li>El criterio 2.4.4 Prop\u00f3sito del enlace (en contexto) (WCAG 2.1 nivel A) no se respeta, ya que, por motivos de elecci\u00f3n estil\u00edstica y comunicativa, en algunos enlaces hay texto que no refleja plenamente el destino y la finalidad del enlace.<\/li>\n<li>El criterio 2.4.6 Encabezados y etiquetas (WCAG 2.1 nivel AA) no se respeta, ya que algunos campos rellenables en el sitio no tienen la etiqueta, puesto que se sustituye por un texto marcador de posici\u00f3n (placeholder).<\/li>\n<li>El criterio 3.3.2 Etiquetas o instrucciones (WCAG 2.1 nivel A) no se respeta, ya que, debido a las tecnolog\u00edas utilizadas para la creaci\u00f3n del sitio, en algunos elementos no hay etiquetas o instrucciones claras en caso de que dicho elemento requiera una acci\u00f3n de entrada por parte del usuario<\/li>\n<\/ul>\n<h4><strong>Redacci\u00f3n de la declaraci\u00f3n de accesibilidad<\/strong><\/h4>\n<p>La presente declaraci\u00f3n se redact\u00f3 el 01\/11\/2025<\/p>\n<p>La informaci\u00f3n presente en la declaraci\u00f3n se ha obtenido tras una autoevaluaci\u00f3n interna mediante herramientas autom\u00e1ticas, pruebas manuales y revisi\u00f3n t\u00e9cnica<\/p>\n<p>La declaraci\u00f3n se revis\u00f3 por \u00faltima vez el 01\/11\/2025<\/p>\n<h4><strong>Modalidades de env\u00edo de las notificaciones y datos de contacto del proveedor<\/strong><\/h4>\n<p>Las posibles notificaciones se pueden enviar a ComCart S.r.l. por correo electr\u00f3nico a la direcci\u00f3n de correo electr\u00f3nico <a href=\"mailto:info@comcart.it\">info@comcart.it<\/a><\/p>\n<p>Los datos de contacto de ComCart S.r.l. son los siguientes:<\/p>\n<ul>\n<li style=\"list-style-type: none;\">\n<ul>\n<li>Raz\u00f3n social: ComCart S.r.l.<\/li>\n<li>Domicilio social: Via Matteotti n. 43, 47043, Gatteo a Mare (FC) <\/li>\n<li>Tel\u00e9fono: <a href=\"tel:+390541082982\">+39 0541 082982<\/a><\/li>\n<li>Direcci\u00f3n de correo electr\u00f3nico: <a href=\"mailto:info@comcart.it\">info@comcart.it<\/a><\/li>\n<\/ul>\n<\/li>\n<\/ul>\n<h4><strong>Modalidades de env\u00edo de las notificaciones a la AgID<\/strong><\/h4>\n<p>En caso de respuesta insatisfactoria o de falta de respuesta, en el plazo de treinta d\u00edas, a la notificaci\u00f3n o a la solicitud, el interesado puede enviar una notificaci\u00f3n utilizando el siguiente enlace: <a href=\"https:\/\/www.agid.gov.it\/it\" target=\"_blank\" rel=\"noopener\">https:\/\/www.agid.gov.it\/it<\/a><\/p>\n<h4><strong>Informaci\u00f3n sobre el sitio<\/strong><\/h4>\n<ol>\n<li>La fecha de publicaci\u00f3n del sitio web: Enero de 2025<\/li>\n<li>Se han realizado pruebas de usabilidad: S\u00ed<\/li>\n<li>CMS utilizado para el sitio web: WordPress<\/li>\n<\/ol>\n\t\t\t<\/div>\n\t\n\n","protected":false},"excerpt":{"rendered":"","protected":false},"author":2,"featured_media":0,"parent":0,"menu_order":0,"comment_status":"closed","ping_status":"closed","template":"","meta":{"footnotes":""},"class_list":["post-4078","page","type-page","status-publish","hentry"],"_links":{"self":[{"href":"https:\/\/shop.mamasugo.it\/es\/wp-json\/wp\/v2\/pages\/4078","targetHints":{"allow":["GET"]}}],"collection":[{"href":"https:\/\/shop.mamasugo.it\/es\/wp-json\/wp\/v2\/pages"}],"about":[{"href":"https:\/\/shop.mamasugo.it\/es\/wp-json\/wp\/v2\/types\/page"}],"author":[{"embeddable":true,"href":"https:\/\/shop.mamasugo.it\/es\/wp-json\/wp\/v2\/users\/2"}],"replies":[{"embeddable":true,"href":"https:\/\/shop.mamasugo.it\/es\/wp-json\/wp\/v2\/comments?post=4078"}],"version-history":[{"count":1,"href":"https:\/\/shop.mamasugo.it\/es\/wp-json\/wp\/v2\/pages\/4078\/revisions"}],"predecessor-version":[{"id":4079,"href":"https:\/\/shop.mamasugo.it\/es\/wp-json\/wp\/v2\/pages\/4078\/revisions\/4079"}],"wp:attachment":[{"href":"https:\/\/shop.mamasugo.it\/es\/wp-json\/wp\/v2\/media?parent=4078"}],"curies":[{"name":"wp","href":"https:\/\/api.w.org\/{rel}","templated":true}]}}