{"id":4068,"date":"2025-05-09T11:43:16","date_gmt":"2025-05-09T11:43:16","guid":{"rendered":"https:\/\/shop.mamasugo.it\/preguntas-mas-frecuentes\/"},"modified":"2025-11-17T12:51:46","modified_gmt":"2025-11-17T12:51:46","slug":"preguntas-mas-frecuentes","status":"publish","type":"page","link":"https:\/\/shop.mamasugo.it\/es\/preguntas-mas-frecuentes\/","title":{"rendered":"Preguntas m\u00e1s frecuentes"},"content":{"rendered":"\n\t<div id=\"gap-941493894\" class=\"gap-element clearfix\" style=\"display:block; height:auto;\">\n\t\t\n<style>\n#gap-941493894 {\n  padding-top: 30px;\n}\n<\/style>\n\t<\/div>\n\t\n\n<div class=\"row\"  id=\"row-1991641691\">\n\n\n\t<div id=\"col-406959442\" class=\"col small-12 large-12\"  >\n\t\t\t\t<div class=\"col-inner\"  >\n\t\t\t\n\t\t\t\n\n\t<div id=\"text-2214454126\" class=\"text\">\n\t\t\n\n<h1><strong>Preguntas frecuentes<\/strong><\/h1>\n\t\t\n<style>\n#text-2214454126 {\n  font-size: 1.7rem;\n  color: #c92c39;\n}\n#text-2214454126 > * {\n  color: #c92c39;\n}\n<\/style>\n\t<\/div>\n\t\n\t<div id=\"gap-1328091066\" class=\"gap-element clearfix\" style=\"display:block; height:auto;\">\n\t\t\n<style>\n#gap-1328091066 {\n  padding-top: 20px;\n}\n<\/style>\n\t<\/div>\n\t\n\n<div class=\"accordion\">\n\n\t<div id=\"accordion-1600442810\" class=\"accordion-item\">\n\t\t<a id=\"accordion-1600442810-label\" class=\"accordion-title plain\" href=\"#accordion-item-\u00bfpara-qui\u00e9n-est\u00e1n-pensadas-las-salsas-mam\u00e0?\" aria-expanded=\"false\" aria-controls=\"accordion-1600442810-content\" >\n\t\t\t<button class=\"toggle\" aria-label=\"Toggle\"><i class=\"icon-angle-down\"><\/i><\/button>\n\t\t\t<span>\u00bfPara qui\u00e9n est\u00e1n pensadas las salsas Mam\u00e0?<\/span>\n\t\t<\/a>\n\t\t<div id=\"accordion-1600442810-content\" class=\"accordion-inner\" aria-labelledby=\"accordion-1600442810-label\" >\n\t\t\t\n\n<p>Son perfectos para todos, en particular para quienes tienen poco tiempo:<span class=\"Apple-converted-space\">&nbsp;<\/span><\/p>\n<ul>\n<li>para los trabajadores con una breve pausa para el almuerzo<span class=\"Apple-converted-space\">&nbsp;<\/span><\/li>\n<li>para los viajeros, ya que son ligeros de transportar<\/li>\n<li>para los estudiantes que viven fuera de casa o en el extranjero que no quieren renunciar a los sabores de casa<\/li>\n<li>para quienes viven solos, para eliminar el desperdicio y cambiar de sabor cada d\u00eda.<\/li>\n<\/ul>\n\n\t\t<\/div>\n\t<\/div>\n\t\n\t<div id=\"accordion-4157105636\" class=\"accordion-item\">\n\t\t<a id=\"accordion-4157105636-label\" class=\"accordion-title plain\" href=\"#accordion-item-\u00bfpuedo-comerlas-si-soy-cel\u00edaco,-vegano-o-al\u00e9rgico-a-algo?\" aria-expanded=\"false\" aria-controls=\"accordion-4157105636-content\" >\n\t\t\t<button class=\"toggle\" aria-label=\"Toggle\"><i class=\"icon-angle-down\"><\/i><\/button>\n\t\t\t<span>\u00bfPuedo comerlas si soy cel\u00edaco, vegano o al\u00e9rgico a algo?<\/span>\n\t\t<\/a>\n\t\t<div id=\"accordion-4157105636-content\" class=\"accordion-inner\" aria-labelledby=\"accordion-4157105636-label\" >\n\t\t\t\n\n<p>\u00a1Absolutamente s\u00ed! Nuestras salsas est\u00e1n libres de los 14 al\u00e9rgenos principales establecidos por el reglamento UE 1169\/2011, tanto de forma directa como cruzada (Gluten, Crust\u00e1ceos, Huevos, Pescado, Cacahuetes, Soja, Leche, Frutos de c\u00e1scara, Apio, Mostaza, Semillas de s\u00e9samo, Anh\u00eddrido sulfuroso y sulfitos, Altramuces, Moluscos) <\/p>\n\n\t\t<\/div>\n\t<\/div>\n\t\n\t<div id=\"accordion-3688181626\" class=\"accordion-item\">\n\t\t<a id=\"accordion-3688181626-label\" class=\"accordion-title plain\" href=\"#accordion-item-\u00bfcu\u00e1ntas-monodosis-hay-en-un-envase?\" aria-expanded=\"false\" aria-controls=\"accordion-3688181626-content\" >\n\t\t\t<button class=\"toggle\" aria-label=\"Toggle\"><i class=\"icon-angle-down\"><\/i><\/button>\n\t\t\t<span>\u00bfCu\u00e1ntas monodosis hay en un envase?<\/span>\n\t\t<\/a>\n\t\t<div id=\"accordion-3688181626-content\" class=\"accordion-inner\" aria-labelledby=\"accordion-3688181626-label\" >\n\t\t\t\n\n<div class=\"et_pb_toggle et_pb_module et_pb_accordion_item et_pb_accordion_item_2 et_pb_toggle_open\">\n<div class=\"et_pb_toggle_content clearfix\">\n<p>En un envase hay 5 MONODOSIS<\/p>\n<\/div>\n<\/div>\n\n\t\t<\/div>\n\t<\/div>\n\t\n\t<div id=\"accordion-3333139138\" class=\"accordion-item\">\n\t\t<a id=\"accordion-3333139138-label\" class=\"accordion-title plain\" href=\"#accordion-item-\u00bfcu\u00e1ntos-gramos-de-pasta-son-suficientes-para-una-monodosis?\" aria-expanded=\"false\" aria-controls=\"accordion-3333139138-content\" >\n\t\t\t<button class=\"toggle\" aria-label=\"Toggle\"><i class=\"icon-angle-down\"><\/i><\/button>\n\t\t\t<span>\u00bfCu\u00e1ntos gramos de pasta son suficientes para una monodosis?<\/span>\n\t\t<\/a>\n\t\t<div id=\"accordion-3333139138-content\" class=\"accordion-inner\" aria-labelledby=\"accordion-3333139138-label\" >\n\t\t\t\n\n<div class=\"et_pb_toggle et_pb_module et_pb_accordion_item et_pb_accordion_item_3 et_pb_toggle_open\">\n<div class=\"et_pb_toggle_content clearfix\">\n<p>La porci\u00f3n ideal de pasta recomendada para una monodosis es de 100 gramos. Naturalmente, seg\u00fan las necesidades de la persona, el resultado var\u00eda con ellas. <\/p>\n<\/div>\n<\/div>\n\n\t\t<\/div>\n\t<\/div>\n\t\n\t<div id=\"accordion-426146470\" class=\"accordion-item\">\n\t\t<a id=\"accordion-426146470-label\" class=\"accordion-title plain\" href=\"#accordion-item-\u00bftengo-que-cocinar-la-salsa-antes?\" aria-expanded=\"false\" aria-controls=\"accordion-426146470-content\" >\n\t\t\t<button class=\"toggle\" aria-label=\"Toggle\"><i class=\"icon-angle-down\"><\/i><\/button>\n\t\t\t<span>\u00bfTengo que cocinar la salsa antes?<\/span>\n\t\t<\/a>\n\t\t<div id=\"accordion-426146470-content\" class=\"accordion-inner\" aria-labelledby=\"accordion-426146470-label\" >\n\t\t\t\n\n<p>\u00a1No! Basta con abrir la monodosis y verterla directamente sobre la pasta escurrida (tambi\u00e9n recomendamos a\u00f1adir un poco de agua de cocci\u00f3n) y mezclar.<\/p>\n\n\t\t<\/div>\n\t<\/div>\n\t\n\t<div id=\"accordion-3712224555\" class=\"accordion-item\">\n\t\t<a id=\"accordion-3712224555-label\" class=\"accordion-title plain\" href=\"#accordion-item-\u00bfpuedo-usarla-en-algo-m\u00e1s-adem\u00e1s-de-la-pasta?\" aria-expanded=\"false\" aria-controls=\"accordion-3712224555-content\" >\n\t\t\t<button class=\"toggle\" aria-label=\"Toggle\"><i class=\"icon-angle-down\"><\/i><\/button>\n\t\t\t<span>\u00bfPuedo usarla en algo m\u00e1s adem\u00e1s de la pasta?<\/span>\n\t\t<\/a>\n\t\t<div id=\"accordion-3712224555-content\" class=\"accordion-inner\" aria-labelledby=\"accordion-3712224555-label\" >\n\t\t\t\n\n<div id=\"main-content\">\n<article id=\"post-3316\" class=\"post-3316 page type-page status-publish hentry\">\n<div class=\"entry-content\">\n<div class=\"et-l et-l--post\">\n<div class=\"et_builder_inner_content et_pb_gutters3\">\n<div class=\"et_pb_section et_pb_section_0 et_section_regular\">\n<div class=\"et_pb_row et_pb_row_0\">\n<div class=\"et_pb_column et_pb_column_4_4 et_pb_column_0 et_pb_css_mix_blend_mode_passthrough et-last-child\">\n<div class=\"et_pb_module et_pb_accordion et_pb_accordion_0\">\n<div class=\"et_pb_toggle et_pb_module et_pb_accordion_item et_pb_accordion_item_5 et_pb_toggle_open\">\n<div class=\"et_pb_toggle_content clearfix\">\n<p>\u00a1Absolutamente s\u00ed! Tambi\u00e9n es perfecta sobre la pizza, en las bruschettas, sobre la carne, como salsa o en todas aquellas recetas donde normalmente usar\u00edas el tomate, con la comodidad de no tener que abrir un tarro entero. <\/p>\n<\/div>\n<\/div>\n<\/div>\n<\/div>\n<\/div>\n<\/div>\n<\/div>\n<\/div>\n<\/div>\n<\/article>\n<\/div>\n\n\t\t<\/div>\n\t<\/div>\n\t\n\n<\/div>\n\n\t\t<\/div>\n\t\t\t\t\t<\/div>\n\n\t\n\n<\/div>\n\t<div id=\"gap-522857643\" class=\"gap-element clearfix\" style=\"display:block; height:auto;\">\n\t\t\n<style>\n#gap-522857643 {\n  padding-top: 30px;\n}\n<\/style>\n\t<\/div>\n\t\n\n\n","protected":false},"excerpt":{"rendered":"","protected":false},"author":2,"featured_media":0,"parent":0,"menu_order":0,"comment_status":"closed","ping_status":"closed","template":"page-blank.php","meta":{"footnotes":""},"class_list":["post-4068","page","type-page","status-publish","hentry"],"_links":{"self":[{"href":"https:\/\/shop.mamasugo.it\/es\/wp-json\/wp\/v2\/pages\/4068","targetHints":{"allow":["GET"]}}],"collection":[{"href":"https:\/\/shop.mamasugo.it\/es\/wp-json\/wp\/v2\/pages"}],"about":[{"href":"https:\/\/shop.mamasugo.it\/es\/wp-json\/wp\/v2\/types\/page"}],"author":[{"embeddable":true,"href":"https:\/\/shop.mamasugo.it\/es\/wp-json\/wp\/v2\/users\/2"}],"replies":[{"embeddable":true,"href":"https:\/\/shop.mamasugo.it\/es\/wp-json\/wp\/v2\/comments?post=4068"}],"version-history":[{"count":1,"href":"https:\/\/shop.mamasugo.it\/es\/wp-json\/wp\/v2\/pages\/4068\/revisions"}],"predecessor-version":[{"id":4069,"href":"https:\/\/shop.mamasugo.it\/es\/wp-json\/wp\/v2\/pages\/4068\/revisions\/4069"}],"wp:attachment":[{"href":"https:\/\/shop.mamasugo.it\/es\/wp-json\/wp\/v2\/media?parent=4068"}],"curies":[{"name":"wp","href":"https:\/\/api.w.org\/{rel}","templated":true}]}}