{"id":4498,"date":"2025-11-05T16:18:52","date_gmt":"2025-11-05T16:18:52","guid":{"rendered":"https:\/\/shop.mamasugo.it\/prodotto\/erstelle-deine-5er-box\/"},"modified":"2025-11-05T16:18:52","modified_gmt":"2025-11-05T16:18:52","slug":"erstelle-deine-5er-box","status":"publish","type":"product","link":"https:\/\/shop.mamasugo.it\/de\/prodotto\/erstelle-deine-5er-box\/","title":{"rendered":"Erstelle deine 5er-Box"},"content":{"rendered":"<p data-start=\"1387\" data-end=\"1642\">Mit der <strong data-start=\"1394\" data-end=\"1430\">Mam\u00e1 Box mit 5 Einzelportions-Saucen<\/strong> hast du die Freiheit, bis zu <strong data-start=\"1466\" data-end=\"1484\">f\u00fcnf Rezepte<\/strong> aus unseren handwerklichen Angeboten zu w\u00e4hlen.<br data-start=\"1520\" data-end=\"1523\">Stelle deine Box individuell zusammen und entdecke das Vergn\u00fcgen einer fertigen, authentischen und geschmacksreichen Sauce, genau wie hausgemacht.<\/p>\n<p data-start=\"1644\" data-end=\"1825\">\u2705 W\u00e4hle bis zu <strong data-start=\"1660\" data-end=\"1682\">5 verschiedene Geschmacksrichtungen<\/strong><br data-start=\"1682\" data-end=\"1685\">\u2705 Perfekt f\u00fcr Wochenvorr\u00e4te oder f\u00fcr Familien<br data-start=\"1733\" data-end=\"1736\">\u2705 Ausgew\u00e4hlte Zutaten und langsames Kochen<br data-start=\"1777\" data-end=\"1780\">\u2705 In wenigen Minuten fertig, ohne Konservierungsstoffe<\/p>\n<p data-start=\"1827\" data-end=\"1962\">Ein authentisches und ma\u00dfgeschneidertes Geschmackserlebnis: Erstelle deine Lieblingskombination und bringe den ganzen Geschmack der Mam\u00e1-K\u00fcche auf den Tisch.<\/p>\n","protected":false},"excerpt":{"rendered":"<p>Stelle deine Mam\u00e1 Box mit 5 Saucen zusammen! W\u00e4hle bis zu f\u00fcnf verschiedene Geschmacksrichtungen und erstelle deine Kombination. <\/p>\n","protected":false},"featured_media":4499,"template":"","meta":[],"product_brand":[],"product_cat":[96,99],"product_tag":[],"class_list":{"0":"post-4498","1":"product","2":"type-product","3":"status-publish","4":"has-post-thumbnail","6":"product_cat-fertige-sosen-von-mama","7":"product_cat-stellen-sie-ihre-box-zusammen","9":"first","10":"instock","11":"taxable","12":"shipping-taxable","13":"purchasable","14":"product-type-composite"},"_links":{"self":[{"href":"https:\/\/shop.mamasugo.it\/de\/wp-json\/wp\/v2\/product\/4498","targetHints":{"allow":["GET"]}}],"collection":[{"href":"https:\/\/shop.mamasugo.it\/de\/wp-json\/wp\/v2\/product"}],"about":[{"href":"https:\/\/shop.mamasugo.it\/de\/wp-json\/wp\/v2\/types\/product"}],"wp:featuredmedia":[{"embeddable":true,"href":"https:\/\/shop.mamasugo.it\/de\/wp-json\/wp\/v2\/media\/4499"}],"wp:attachment":[{"href":"https:\/\/shop.mamasugo.it\/de\/wp-json\/wp\/v2\/media?parent=4498"}],"wp:term":[{"taxonomy":"product_brand","embeddable":true,"href":"https:\/\/shop.mamasugo.it\/de\/wp-json\/wp\/v2\/product_brand?post=4498"},{"taxonomy":"product_cat","embeddable":true,"href":"https:\/\/shop.mamasugo.it\/de\/wp-json\/wp\/v2\/product_cat?post=4498"},{"taxonomy":"product_tag","embeddable":true,"href":"https:\/\/shop.mamasugo.it\/de\/wp-json\/wp\/v2\/product_tag?post=4498"}],"curies":[{"name":"wp","href":"https:\/\/api.w.org\/{rel}","templated":true}]}}