{"id":4474,"date":"2025-04-22T14:20:39","date_gmt":"2025-04-22T14:20:39","guid":{"rendered":"https:\/\/shop.mamasugo.it\/prodotto\/mama-trueffelsauce-einzelportion-5x70g-intensiver-und-raffinierter-geschmack-glutenfrei\/"},"modified":"2025-04-22T14:20:39","modified_gmt":"2025-04-22T14:20:39","slug":"mama-trueffelsauce-einzelportion-5x70g-intensiver-und-raffinierter-geschmack-glutenfrei","status":"publish","type":"product","link":"https:\/\/shop.mamasugo.it\/de\/prodotto\/mama-trueffelsauce-einzelportion-5x70g-intensiver-und-raffinierter-geschmack-glutenfrei\/","title":{"rendered":"Mam\u00e0 Tr\u00fcffelsauce Einzelportion 5x70g | Intensiver und raffinierter Geschmack, glutenfrei"},"content":{"rendered":"<h3 data-start=\"239\" data-end=\"332\"><strong>Mam\u00e0 Tr\u00fcffelsauce Einzelportion 5x70g | Intensiver und raffinierter Geschmack, glutenfrei<\/strong><\/h3>\n<p data-start=\"334\" data-end=\"725\">Lassen Sie sich vom unverwechselbaren Duft und dem eleganten Geschmack der <strong data-start=\"407\" data-end=\"431\">Mam\u00e0 Tr\u00fcffelsauce<\/strong> verf\u00fchren, dem idealen Gew\u00fcrz f\u00fcr alle, die die authentischen und raffinierten Aromen der italienischen K\u00fcche lieben.<br data-start=\"519\" data-end=\"522\">Eine gebrauchsfertige Sauce, zubereitet mit <strong data-start=\"560\" data-end=\"592\">italienischem Tomatenp\u00fcree<\/strong>, <strong data-start=\"594\" data-end=\"611\">Oliven\u00f6l<\/strong> und <strong data-start=\"614\" data-end=\"630\">echtem Tr\u00fcffel<\/strong>, perfekt ausbalanciert, um eine samtige, duftende Creme mit einem ausgepr\u00e4gten Charakter zu bieten.<\/p>\n<p data-start=\"727\" data-end=\"1012\">Das praktische <strong data-start=\"746\" data-end=\"785\">Einzelportionsformat von 5x70g (350g gesamt)<\/strong> ist so konzipiert, dass Sie jedes Mal, wenn Sie m\u00f6chten, den vollen Geschmack der frisch ge\u00f6ffneten Sauce genie\u00dfen k\u00f6nnen, ohne etwas zu verschwenden.<br data-start=\"883\" data-end=\"886\">Perfekt f\u00fcr ein Gourmet-Mittagessen in wenigen Minuten oder um ein einfaches Nudelgericht in ein Restaurant-Erlebnis zu verwandeln.<\/p>\n<hr data-start=\"1014\" data-end=\"1017\">\n<h3 data-start=\"1019\" data-end=\"1062\"><strong> Warum Sie Mam\u00e0 Tr\u00fcffelsauce lieben werden<\/strong><\/h3>\n<p data-start=\"1064\" data-end=\"1577\">\u2705 <strong data-start=\"1066\" data-end=\"1093\">Einzigartiger und raffinierter Geschmack<\/strong> \u2013 Das Aroma von Tr\u00fcffel trifft auf die S\u00fc\u00dfe der Tomate.<br data-start=\"1153\" data-end=\"1156\">\u2705 <strong data-start=\"1158\" data-end=\"1192\">Gluten- und laktosefrei<\/strong> \u2013 F\u00fcr jeden geeignet, auch f\u00fcr Menschen mit besonderen Ern\u00e4hrungsbed\u00fcrfnissen.<br data-start=\"1246\" data-end=\"1249\">\u2705 <strong data-start=\"1251\" data-end=\"1297\">Ohne k\u00fcnstliche Farb- und Konservierungsstoffe<\/strong> \u2013 Nur nat\u00fcrliche und unverf\u00e4lschte Zutaten.<br data-start=\"1336\" data-end=\"1339\">\u2705 <strong data-start=\"1341\" data-end=\"1373\">Praktisches Einzelportionsformat<\/strong> \u2013 5 Beutel \u00e0 70g, immer frisch und gebrauchsfertig.<br data-start=\"1497\" data-end=\"1500\">\u2705 <strong data-start=\"1502\" data-end=\"1519\">Made in Italy<\/strong> \u2013 Mit Leidenschaft und hochwertigen Zutaten zubereitet.<\/p>\n<hr data-start=\"1579\" data-end=\"1582\">\n<h3 data-start=\"1584\" data-end=\"1634\"><strong>Qualit\u00e4tszutaten, sorgf\u00e4ltig verarbeitet<\/strong><\/h3>\n<p data-start=\"1636\" data-end=\"1787\">Die <strong data-start=\"1639\" data-end=\"1663\">Mam\u00e0 Tr\u00fcffelsauce<\/strong> ist ein authentisches und ausgewogenes Rezept, das aus der italienischen Tradition und der Suche nach dem perfekten Geschmack entstanden ist.<br data-start=\"1773\" data-end=\"1776\">Es enth\u00e4lt:<\/p>\n<ul data-start=\"1789\" data-end=\"2178\">\n<li data-start=\"1789\" data-end=\"1893\">\n<p data-start=\"1791\" data-end=\"1893\"><strong data-start=\"1791\" data-end=\"1822\">Tomatenp\u00fcree (69,8%)<\/strong> \u2013 S\u00fc\u00df und samtig, gewonnen aus italienischen, sonnengereiften Tomaten.<\/p>\n<\/li>\n<li data-start=\"1894\" data-end=\"1951\">\n<p data-start=\"1896\" data-end=\"1951\"><strong data-start=\"1896\" data-end=\"1913\">Oliven\u00f6l<\/strong> \u2013 Verleiht dem Geschmack K\u00f6rper und Rundheit.<\/p>\n<\/li>\n<li data-start=\"1952\" data-end=\"2026\">\n<p data-start=\"1954\" data-end=\"2026\"><strong data-start=\"1954\" data-end=\"1982\">Tr\u00fcffel und nat\u00fcrliche Aromen<\/strong> \u2013 F\u00fcr ein intensives und unwiderstehliches Aroma.<\/p>\n<\/li>\n<li data-start=\"2027\" data-end=\"2120\">\n<p data-start=\"2029\" data-end=\"2120\"><strong data-start=\"2029\" data-end=\"2057\">Aromatische Kr\u00e4uter und Gew\u00fcrze<\/strong> \u2013 Zwiebel, Knoblauch, Karotte und Lauch f\u00fcr ein perfektes Gleichgewicht.<\/p>\n<\/li>\n<li data-start=\"2121\" data-end=\"2178\">\n<p data-start=\"2123\" data-end=\"2178\"><strong data-start=\"2123\" data-end=\"2176\">Kein Gluten, keine Laktose, keine Allergene<\/strong><\/p>\n<\/li>\n<\/ul>\n<p data-start=\"2180\" data-end=\"2380\">Jede Zutat wird ausgew\u00e4hlt, um den Geschmack des Tr\u00fcffels hervorzuheben, ohne seine Zartheit zu \u00fcberdecken.<br data-start=\"2275\" data-end=\"2278\">Das Ergebnis ist eine weiche und duftende Sauce mit einem reichen und umh\u00fcllenden Geschmack, perfekt f\u00fcr jeden Gaumen.<\/p>\n<hr data-start=\"2382\" data-end=\"2385\">\n<h3 data-start=\"2387\" data-end=\"2407\"><strong>Wie man sie verwendet<\/strong><\/h3>\n<p data-start=\"2409\" data-end=\"2610\">Die <strong data-start=\"2412\" data-end=\"2436\">Tr\u00fcffelsauce Mam\u00e0<\/strong> ist ein echter Allesk\u00f6nner in der K\u00fcche.<br data-start=\"2471\" data-end=\"2474\">Einfach einen Beutel \u00f6ffnen und ihn f\u00fcr ein paar Augenblicke in der Pfanne oder in der Mikrowelle erw\u00e4rmen: Sein intensiver Duft wird sofort die K\u00fcche erobern.<\/p>\n<p data-start=\"2612\" data-end=\"2932\">\u2728 <strong data-start=\"2614\" data-end=\"2629\">Ideal f\u00fcr:<\/strong><br data-start=\"2629\" data-end=\"2632\">Frische oder getrocknete Pasta \u2013 Tagliatelle, Fettuccine, Gnocchi oder Trofie.<br data-start=\"2700\" data-end=\"2703\">Risotto und Getreide \u2013 Um Ihren ersten G\u00e4ngen einen Hauch von Gourmet zu verleihen.<br data-start=\"2773\" data-end=\"2776\">Eier und Hauptgerichte \u2013 Auch perfekt als Begleitsauce.<br data-start=\"2847\" data-end=\"2850\">Crostini oder Vorspeisen \u2013 Ideal f\u00fcr elegante Aperitifs oder raffiniertes Fingerfood.<\/p>\n<p data-start=\"2934\" data-end=\"3034\">Ein Gew\u00fcrz, das selbst das einfachste Gericht in ein gastronomisches Erlebnis verwandelt.<\/p>\n<hr data-start=\"3036\" data-end=\"3039\">\n<h3 data-start=\"3041\" data-end=\"3085\"><strong>Gluten-, laktose- und allergenfrei<\/strong><\/h3>\n<p data-start=\"3087\" data-end=\"3349\">Wie alle <strong data-start=\"3109\" data-end=\"3117\">Mam\u00e0<\/strong>-Produkte ist auch die <strong data-start=\"3128\" data-end=\"3147\">Tr\u00fcffelsauce<\/strong> <strong data-start=\"3150\" data-end=\"3211\">glutenfrei, laktosefrei und frei von g\u00e4ngigen Allergenen<\/strong>.<br data-start=\"3212\" data-end=\"3215\">Eine perfekte Wahl f\u00fcr alle, die eine schmackhafte, nat\u00fcrliche und inklusive Ern\u00e4hrung w\u00fcnschen, ohne auf den Genuss guter K\u00fcche zu verzichten.<\/p>\n<p data-start=\"3351\" data-end=\"3501\">Die <strong data-start=\"3354\" data-end=\"3377\">70g-Einzelportionen<\/strong> sind ideal f\u00fcr Alleinlebende, f\u00fcr die Mittagspause oder um immer eine hochwertige, gebrauchsfertige Sauce zur Hand zu haben.<\/p>\n<hr data-start=\"3503\" data-end=\"3506\">\n<h3 data-start=\"3508\" data-end=\"3573\"><strong>Mam\u00e0-Qualit\u00e4t \u2013 Der authentische Geschmack der italienischen K\u00fcche<\/strong><\/h3>\n<p data-start=\"3575\" data-end=\"3848\">Hinter der Marke <strong data-start=\"3591\" data-end=\"3599\">Mam\u00e0<\/strong> steht die Philosophie der <strong data-start=\"3623\" data-end=\"3649\">mit Liebe zubereiteten K\u00fcche<\/strong>: einfache Zutaten, schonende Verarbeitung und Rezepte, die die Tradition respektieren.<br data-start=\"3733\" data-end=\"3736\">Jede Sauce ist so konzipiert, dass sie Ihnen <strong data-start=\"3769\" data-end=\"3801\">die G\u00fcte des \u201eHausgemachten\u201c<\/strong> mit dem Komfort des gebrauchsfertigen Formats bietet.<\/p>\n<p data-start=\"3850\" data-end=\"4059\">Die <strong data-start=\"3853\" data-end=\"3877\">Mam\u00e0 Tr\u00fcffelsauce<\/strong> vereint die ganze Eleganz und Raffinesse eines Gourmetgerichts in einem praktischen und leichten Beutel.<br data-start=\"3977\" data-end=\"3980\">Perfekt, um G\u00e4ste zu \u00fcberraschen oder sich einen Moment des pers\u00f6nlichen Vergn\u00fcgens zu g\u00f6nnen.<\/p>\n<hr data-start=\"4061\" data-end=\"4064\">\n<h3 data-start=\"4066\" data-end=\"4088\"><strong>Produktdaten<\/strong><\/h3>\n<ul data-start=\"4090\" data-end=\"4429\">\n<li data-start=\"4090\" data-end=\"4124\">\n<p data-start=\"4092\" data-end=\"4124\"><strong data-start=\"4092\" data-end=\"4101\">Name:<\/strong> Mam\u00e0 Tr\u00fcffelsauce<\/p>\n<\/li>\n<li data-start=\"4125\" data-end=\"4161\">\n<p data-start=\"4127\" data-end=\"4161\"><strong data-start=\"4127\" data-end=\"4139\">Format:<\/strong> 5x70g (350g gesamt)<\/p>\n<\/li>\n<li data-start=\"4162\" data-end=\"4213\">\n<p data-start=\"4164\" data-end=\"4213\"><strong data-start=\"4164\" data-end=\"4173\">Typ:<\/strong> Einzelportion \u2013 Gebrauchsfertige Tr\u00fcffelsauce<\/p>\n<\/li>\n<li data-start=\"4214\" data-end=\"4268\">\n<p data-start=\"4216\" data-end=\"4268\"><strong data-start=\"4216\" data-end=\"4266\">Glutenfrei, laktosefrei, allergenenfrei<\/strong><\/p>\n<\/li>\n<li data-start=\"4269\" data-end=\"4316\">\n<p data-start=\"4271\" data-end=\"4316\"><strong data-start=\"4271\" data-end=\"4314\">Mit Tomatenmark und Oliven\u00f6l<\/strong><\/p>\n<\/li>\n<li data-start=\"4317\" data-end=\"4340\">\n<p data-start=\"4319\" data-end=\"4340\"><strong data-start=\"4319\" data-end=\"4331\">Herkunft:<\/strong> Italien<\/p>\n<\/li>\n<li data-start=\"4341\" data-end=\"4390\">\n<p data-start=\"4343\" data-end=\"4390\"><strong data-start=\"4343\" data-end=\"4361\">Lagerung:<\/strong> k\u00fchl und trocken<\/p>\n<\/li>\n<li data-start=\"4391\" data-end=\"4429\">\n<p data-start=\"4393\" data-end=\"4429\"><strong data-start=\"4393\" data-end=\"4408\">Anwendung:<\/strong> einfach \u00fcbergie\u00dfen<\/p>\n<\/li>\n<\/ul>\n<hr data-start=\"4431\" data-end=\"4434\">\n<h3 data-start=\"4436\" data-end=\"4486\"><strong>Der Luxus der Einfachheit, signiert von Mam\u00e0<\/strong><\/h3>\n<p data-start=\"4488\" data-end=\"4751\">Mit der <strong data-start=\"4495\" data-end=\"4532\">Mam\u00e0 Tr\u00fcffelsauce Einzelportion<\/strong> bringen Sie den intensiven und raffinierten Geschmack von Tr\u00fcffel mit der ganzen Einfachheit einer gebrauchsfertigen Sauce auf den Tisch.<br data-start=\"4642\" data-end=\"4645\">Ein nat\u00fcrliches, raffiniertes und 100% italienisches Gew\u00fcrz, das jedes Gericht zu einem kleinen Meisterwerk des Geschmacks macht.<\/p>\n<p data-start=\"4753\" data-end=\"4924\"> <strong data-start=\"4756\" data-end=\"4827\">Ideal f\u00fcr alle, die Gourmetk\u00fcche lieben, aber Praktikabilit\u00e4t und Qualit\u00e4t suchen.<\/strong><br data-start=\"4827\" data-end=\"4830\">\u00d6ffnen und genie\u00dfen: Mit <strong data-start=\"4856\" data-end=\"4864\">Mam\u00e0<\/strong> wird jedes Gericht zu einem unvergesslichen Erlebnis.<\/p>\n","protected":false},"excerpt":{"rendered":"<p data-start=\"334\" data-end=\"725\">Lassen Sie sich vom unverwechselbaren Duft und dem eleganten Geschmack der <strong data-start=\"407\" data-end=\"431\">Mam\u00e0 Tr\u00fcffelsauce<\/strong> verf\u00fchren, dem idealen Gew\u00fcrz f\u00fcr alle, die die authentischen und raffinierten Aromen der italienischen K\u00fcche lieben.<br data-start=\"519\" data-end=\"522\">Eine gebrauchsfertige Sauce, zubereitet mit <strong data-start=\"560\" data-end=\"592\">italienischem Tomatenp\u00fcree<\/strong>, <strong data-start=\"594\" data-end=\"611\">Oliven\u00f6l<\/strong> und <strong data-start=\"614\" data-end=\"630\">echtem Tr\u00fcffel<\/strong>, perfekt ausbalanciert, um eine samtige, duftende Creme mit einem ausgepr\u00e4gten Charakter zu bieten.<\/p>\n<p data-start=\"727\" data-end=\"1012\">Das praktische <strong data-start=\"746\" data-end=\"785\">Einzelportionsformat von 5x70g (350g gesamt)<\/strong> ist so konzipiert, dass Sie jedes Mal, wenn Sie m\u00f6chten, den vollen Geschmack der frisch ge\u00f6ffneten Sauce genie\u00dfen k\u00f6nnen, ohne etwas zu verschwenden.<br data-start=\"883\" data-end=\"886\">Perfekt f\u00fcr ein Gourmet-Mittagessen in wenigen Minuten oder um ein einfaches Nudelgericht in ein Restaurant-Erlebnis zu verwandeln.<\/p>\n","protected":false},"featured_media":4392,"template":"","meta":[],"product_brand":[],"product_cat":[98,96],"product_tag":[147,146,208,206],"class_list":{"0":"post-4474","1":"product","2":"type-product","3":"status-publish","4":"has-post-thumbnail","6":"product_cat-einzelpackung","7":"product_cat-fertige-sosen-von-mama","8":"product_tag-fertige-sossen","9":"product_tag-fertige-sosen-von-mama","10":"product_tag-truffel","11":"product_tag-truffel-sauce","13":"first","14":"instock","15":"taxable","16":"shipping-taxable","17":"purchasable","18":"product-type-simple"},"_links":{"self":[{"href":"https:\/\/shop.mamasugo.it\/de\/wp-json\/wp\/v2\/product\/4474","targetHints":{"allow":["GET"]}}],"collection":[{"href":"https:\/\/shop.mamasugo.it\/de\/wp-json\/wp\/v2\/product"}],"about":[{"href":"https:\/\/shop.mamasugo.it\/de\/wp-json\/wp\/v2\/types\/product"}],"wp:featuredmedia":[{"embeddable":true,"href":"https:\/\/shop.mamasugo.it\/de\/wp-json\/wp\/v2\/media\/4392"}],"wp:attachment":[{"href":"https:\/\/shop.mamasugo.it\/de\/wp-json\/wp\/v2\/media?parent=4474"}],"wp:term":[{"taxonomy":"product_brand","embeddable":true,"href":"https:\/\/shop.mamasugo.it\/de\/wp-json\/wp\/v2\/product_brand?post=4474"},{"taxonomy":"product_cat","embeddable":true,"href":"https:\/\/shop.mamasugo.it\/de\/wp-json\/wp\/v2\/product_cat?post=4474"},{"taxonomy":"product_tag","embeddable":true,"href":"https:\/\/shop.mamasugo.it\/de\/wp-json\/wp\/v2\/product_tag?post=4474"}],"curies":[{"name":"wp","href":"https:\/\/api.w.org\/{rel}","templated":true}]}}