{"id":4466,"date":"2025-04-22T14:14:38","date_gmt":"2025-04-22T14:14:38","guid":{"rendered":"https:\/\/shop.mamasugo.it\/prodotto\/mama-sugo-peperoni-e-pecorino-pack-15x70g-intensiver-geschmack-100-natuerlich-und-glutenfrei\/"},"modified":"2025-04-22T14:14:38","modified_gmt":"2025-04-22T14:14:38","slug":"mama-sugo-peperoni-e-pecorino-pack-15x70g-intensiver-geschmack-100-natuerlich-und-glutenfrei","status":"publish","type":"product","link":"https:\/\/shop.mamasugo.it\/de\/prodotto\/mama-sugo-peperoni-e-pecorino-pack-15x70g-intensiver-geschmack-100-natuerlich-und-glutenfrei\/","title":{"rendered":"Mam\u00e0 Sugo Peperoni e Pecorino &#8211; Pack 15x70g | Intensiver Geschmack, 100% nat\u00fcrlich und glutenfrei"},"content":{"rendered":"<h3 data-start=\"249\" data-end=\"354\">\ufe0f <strong>Mam\u00e0 Sugo Peperoni e Pecorino Einzelportion 5x70g \u2013 Intensiver Geschmack, 100% nat\u00fcrlich und glutenfrei<\/strong><\/h3>\n<p data-start=\"356\" data-end=\"729\">Entdecken Sie die perfekte Balance zwischen S\u00fc\u00dfe und Charakter mit dem <strong data-start=\"418\" data-end=\"451\">Mam\u00e0 Sugo Peperoni e Pecorino<\/strong>: ein cremiges und geschmackvolles Rezept, das <strong data-start=\"505\" data-end=\"537\">italienisches Tomatenp\u00fcree<\/strong> mit <strong data-start=\"542\" data-end=\"561\">reifen Paprika<\/strong> und dem kr\u00e4ftigen Geschmack von <strong data-start=\"584\" data-end=\"606\">Pecorino-K\u00e4se<\/strong> vereint.<br data-start=\"607\" data-end=\"610\">Ein W\u00fcrzmittel mit mediterranem Charakter, in wenigen Minuten zubereitet und perfekt, um Ihren Gerichten einen Hauch von Gourmet zu verleihen!<\/p>\n<p data-start=\"731\" data-end=\"950\">Jede Packung enth\u00e4lt <strong>15 praktische Einzelportionen \u00e0 70g<\/strong>, ideal f\u00fcr eine schnelle, schmackhafte Mahlzeit ohne Verschwendung. Einfach \u00f6ffnen und servieren: Der authentische Geschmack der italienischen K\u00fcche ist bereit, Sie zu erobern. <\/p>\n<hr data-start=\"952\" data-end=\"955\">\n<h3 data-start=\"957\" data-end=\"1010\">\u2764\ufe0f <strong>Warum Mam\u00e0 Sugo Peperoni e Pecorino w\u00e4hlen<\/strong><\/h3>\n<p data-start=\"1012\" data-end=\"1573\">\u2705 <strong data-start=\"1014\" data-end=\"1039\">Einzigartiger und intensiver Geschmack<\/strong> \u2013 Die perfekte Verbindung zwischen der S\u00fc\u00dfe von Paprika und der aromatischen St\u00e4rke von Pecorino.<br data-start=\"1125\" data-end=\"1128\">\u2705 <strong data-start=\"1130\" data-end=\"1147\">100% nat\u00fcrlich<\/strong> \u2013 Keine Farbstoffe, keine Konservierungsstoffe, keine k\u00fcnstlichen Aromen. Nur authentische und ausgew\u00e4hlte Zutaten.<br data-start=\"1255\" data-end=\"1258\">\u2705 <strong data-start=\"1260\" data-end=\"1294\">Gluten- und laktosefrei<\/strong> \u2013 Auch f\u00fcr Menschen mit Nahrungsmittelunvertr\u00e4glichkeiten oder einer kontrollierten Di\u00e4t geeignet.<br data-start=\"1373\" data-end=\"1376\">\u2705 <strong data-start=\"1378\" data-end=\"1410\">Praktisches Einzelportionsformat<\/strong> \u2013 15 Beutel \u00e0 70g, perfekt f\u00fcr Singles, Familien, B\u00fcro oder Reisen.<br data-start=\"1479\" data-end=\"1482\">\u2705 <strong data-start=\"1484\" data-end=\"1507\">Gebrauchsfertig<\/strong> \u2013 Einfach aufgie\u00dfen und genie\u00dfen <\/p>\n<hr data-start=\"1575\" data-end=\"1578\">\n<h3 data-start=\"1580\" data-end=\"1625\"><strong> Echte Zutaten, authentischer Geschmack<\/strong><\/h3>\n<p data-start=\"1627\" data-end=\"1897\">Das Geheimnis des <strong data-start=\"1642\" data-end=\"1675\">Mam\u00e0 Sugo Peperoni e Pecorino<\/strong> liegt in der Qualit\u00e4t der Rohstoffe.<br data-start=\"1712\" data-end=\"1715\">Die Basis bildet ein samtiges und geschmackvolles <strong data-start=\"1733\" data-end=\"1765\">italienisches Tomatenp\u00fcree<\/strong>, kombiniert mit langsam gekochten <strong data-start=\"1803\" data-end=\"1821\">s\u00fc\u00dfen Paprika<\/strong> und <strong data-start=\"1841\" data-end=\"1864\">gereiftem Pecorino<\/strong> f\u00fcr eine cremige und kr\u00e4ftige Note.<\/p>\n<p data-start=\"1899\" data-end=\"2208\">Das Ganze ist mit einer Auswahl an <strong data-start=\"1941\" data-end=\"1978\">aromatischen Kr\u00e4utern und nat\u00fcrlichen Gew\u00fcrzen<\/strong>, <strong data-start=\"1980\" data-end=\"1997\">Oliven\u00f6l<\/strong>, <strong data-start=\"1999\" data-end=\"2010\">Zwiebeln<\/strong> und <strong data-start=\"2013\" data-end=\"2023\">Karotten<\/strong> angereichert, f\u00fcr ein ausgewogenes und schmackhaftes Rezept.<br data-start=\"2063\" data-end=\"2066\">Jede Zutat wird sorgf\u00e4ltig ausgew\u00e4hlt, um einen authentischen Geschmack und eine perfekte Konsistenz zu gew\u00e4hrleisten, genau wie bei hausgemachter So\u00dfe.<\/p>\n<hr data-start=\"2210\" data-end=\"2213\">\n<h3 data-start=\"2215\" data-end=\"2238\">\u200d <strong>Wie man es benutzt<\/strong><\/h3>\n<p data-start=\"2240\" data-end=\"2336\">Der <strong data-start=\"2243\" data-end=\"2276\">Mam\u00e0 Sugo Peperoni e Pecorino<\/strong> ist super vielseitig und perfekt f\u00fcr viele Zubereitungen:<\/p>\n<p data-start=\"2338\" data-end=\"2756\"> <strong data-start=\"2341\" data-end=\"2357\">Mit Pasta<\/strong> \u2013 Die ideale So\u00dfe f\u00fcr Spaghetti, Penne oder Rigatoni. F\u00fcr ein Ergebnis wie vom K\u00fcchenchef einen Schuss \u00d6l und eine Prise Pfeffer hinzuf\u00fcgen.<br data-start=\"2482\" data-end=\"2485\"> <strong data-start=\"2488\" data-end=\"2503\">Auf Pizza<\/strong> \u2013 F\u00fcgen Sie einen Beutel hinzu, um eine schmackhafte und duftende Basis zu schaffen.<br data-start=\"2568\" data-end=\"2571\"> <strong data-start=\"2574\" data-end=\"2610\">In Ofengem\u00fcse oder gef\u00fclltem Gem\u00fcse<\/strong> \u2013 Um einen Hauch von unwiderstehlichem mediterranem Geschmack zu verleihen.<br data-start=\"2667\" data-end=\"2670\"> <strong data-start=\"2673\" data-end=\"2703\">Als Basis f\u00fcr Eint\u00f6pfe<\/strong> \u2013 Auch hervorragend zu Getreide, H\u00fclsenfr\u00fcchten oder hellem Fleisch. <\/p>\n<hr data-start=\"2857\" data-end=\"2860\">\n<h3 data-start=\"2862\" data-end=\"2901\"><strong>Glutenfrei und laktosefrei<\/strong><\/h3>\n<p data-start=\"2903\" data-end=\"3231\">Wie alle Mam\u00e0-Saucen ist auch dieses Rezept <strong data-start=\"2951\" data-end=\"2968\">glutenfrei<\/strong>, <strong data-start=\"2970\" data-end=\"2988\">laktosefrei<\/strong> und <strong data-start=\"2991\" data-end=\"3017\">frei von h\u00e4ufigen Allergenen<\/strong>.<br data-start=\"3018\" data-end=\"3021\">Perfekt f\u00fcr alle, die eine nat\u00fcrliche, ausgewogene Ern\u00e4hrung suchen, die f\u00fcr jeden Bedarf geeignet ist.<br data-start=\"3108\" data-end=\"3111\">Dar\u00fcber hinaus erm\u00f6glicht Ihnen das Einzelportionsformat, die So\u00dfe immer frisch zu genie\u00dfen, ohne Abfall und ohne Reste aufzubewahren.<\/p>\n<hr data-start=\"3233\" data-end=\"3236\">\n<h3 data-start=\"3238\" data-end=\"3286\"><strong>Mam\u00e0 Qualit\u00e4t \u2013 Tradition und Innovation<\/strong><\/h3>\n<p data-start=\"3288\" data-end=\"3647\">Hinter jeder Mam\u00e0-So\u00dfe steckt die Leidenschaft f\u00fcr die <strong data-start=\"3333\" data-end=\"3362\">authentische italienische K\u00fcche<\/strong>.<br data-start=\"3363\" data-end=\"3366\">Jedes Produkt basiert auf traditionellen Rezepten, die mit hochwertigsten Zutaten zubereitet und sorgf\u00e4ltig verarbeitet werden, um die urspr\u00fcnglichen Aromen zu erhalten.<br data-start=\"3519\" data-end=\"3522\">Der <strong data-start=\"3525\" data-end=\"3553\">Sugo Peperoni e Pecorino<\/strong> repr\u00e4sentiert die Essenz des mediterranen Geschmacks: cremig, duftend und unwiderstehlich gut.<\/p>\n<hr data-start=\"3649\" data-end=\"3652\">\n<h3 data-start=\"3654\" data-end=\"3676\"><strong>Produktdaten<\/strong><\/h3>\n<ul data-start=\"3678\" data-end=\"3981\">\n<li data-start=\"3678\" data-end=\"3721\">\n<p data-start=\"3680\" data-end=\"3721\"><strong data-start=\"3680\" data-end=\"3689\">Name:<\/strong> Mam\u00e0 Sugo Peperoni e Pecorino<\/p>\n<\/li>\n<li data-start=\"3722\" data-end=\"3769\">\n<p data-start=\"3724\" data-end=\"3769\"><strong data-start=\"3724\" data-end=\"3736\">Format:<\/strong> 15x70g (Gesamtnettogewicht 240g)<\/p>\n<\/li>\n<li data-start=\"3770\" data-end=\"3826\">\n<p data-start=\"3772\" data-end=\"3826\"><strong data-start=\"3772\" data-end=\"3824\">Glutenfrei, laktosefrei, ohne Konservierungsstoffe<\/strong><\/p>\n<\/li>\n<li data-start=\"3827\" data-end=\"3868\">\n<p data-start=\"3829\" data-end=\"3868\"><strong data-start=\"3829\" data-end=\"3866\">Gebrauchsfertig <\/strong><\/p>\n<\/li>\n<li data-start=\"3869\" data-end=\"3892\">\n<p data-start=\"3871\" data-end=\"3892\"><strong data-start=\"3871\" data-end=\"3883\">Herkunft:<\/strong> Italien<\/p>\n<\/li>\n<li data-start=\"3893\" data-end=\"3931\">\n<p data-start=\"3895\" data-end=\"3931\"><strong data-start=\"3895\" data-end=\"3929\">Geeignet f\u00fcr allergenfreie Ern\u00e4hrung<\/strong><\/p>\n<\/li>\n<li data-start=\"3932\" data-end=\"3981\">\n<p data-start=\"3934\" data-end=\"3981\"><strong data-start=\"3934\" data-end=\"3952\">Lagerung:<\/strong> k\u00fchl und trocken<\/p>\n<\/li>\n<\/ul>\n<hr data-start=\"3983\" data-end=\"3986\">\n<h3 data-start=\"3988\" data-end=\"4036\"><strong>Genie\u00dfen Sie die italienische Tradition, \u00fcberall<\/strong><\/h3>\n<p data-start=\"4038\" data-end=\"4293\">Mit <strong data-start=\"4042\" data-end=\"4088\">Mam\u00e0 Sugo Peperoni e Pecorino Monoporzione<\/strong> nehmen Sie ein St\u00fcck Italien mit, wohin Sie auch gehen.<br data-start=\"4136\" data-end=\"4139\">Eine fertige, authentische und unwiderstehliche So\u00dfe, die den s\u00fc\u00dfen Geschmack von Paprika mit dem kr\u00e4ftigen Charakter von Pecorino in einer perfekten Harmonie des Geschmacks verbindet.<\/p>\n<p data-start=\"4295\" data-end=\"4495\">Ideal f\u00fcr alle, die die <strong data-start=\"4320\" data-end=\"4345\">gute italienische K\u00fcche<\/strong> lieben, aber nicht auf <strong data-start=\"4376\" data-end=\"4405\">Komfort und Zweckm\u00e4\u00dfigkeit<\/strong> verzichten m\u00f6chten.<br data-start=\"4406\" data-end=\"4409\">\u00d6ffnen und genie\u00dfen: Mit Mam\u00e0 wird jede Mahlzeit zu einem kleinen Moment des Vergn\u00fcgens.<\/p>\n","protected":false},"excerpt":{"rendered":"<p data-start=\"356\" data-end=\"729\">Entdecken Sie die perfekte Balance zwischen S\u00fc\u00dfe und Charakter mit dem <strong data-start=\"418\" data-end=\"451\">Mam\u00e0 Sugo Peperoni e Pecorino<\/strong>: ein cremiges und geschmackvolles Rezept, das <strong data-start=\"505\" data-end=\"537\">italienisches Tomatenp\u00fcree<\/strong> mit <strong data-start=\"542\" data-end=\"561\">reifen Paprika<\/strong> und dem kr\u00e4ftigen Geschmack von <strong data-start=\"584\" data-end=\"606\">Pecorino-K\u00e4se<\/strong> vereint.<br data-start=\"607\" data-end=\"610\">Ein W\u00fcrzmittel mit mediterranem Charakter, in wenigen Minuten zubereitet und perfekt, um Ihren Gerichten einen Hauch von Gourmet zu verleihen!<\/p>\n<p data-start=\"731\" data-end=\"950\">Jede Packung enth\u00e4lt <strong>15 praktische Einzelportionen \u00e0 70g<\/strong>, ideal f\u00fcr eine schnelle, schmackhafte Mahlzeit ohne Verschwendung. Einfach \u00f6ffnen und servieren: Der authentische Geschmack der italienischen K\u00fcche ist bereit, Sie zu erobern. <\/p>\n","protected":false},"featured_media":4467,"template":"","meta":[],"product_brand":[],"product_cat":[100,96],"product_tag":[203,147,146,174],"class_list":{"0":"post-4466","1":"product","2":"type-product","3":"status-publish","4":"has-post-thumbnail","6":"product_cat-3er-pack","7":"product_cat-fertige-sosen-von-mama","8":"product_tag-fertige-paprika-pecorino-sauce","9":"product_tag-fertige-sossen","10":"product_tag-fertige-sosen-von-mama","11":"product_tag-sossen-von-mama","13":"first","14":"instock","15":"taxable","16":"shipping-taxable","17":"purchasable","18":"product-type-simple"},"_links":{"self":[{"href":"https:\/\/shop.mamasugo.it\/de\/wp-json\/wp\/v2\/product\/4466","targetHints":{"allow":["GET"]}}],"collection":[{"href":"https:\/\/shop.mamasugo.it\/de\/wp-json\/wp\/v2\/product"}],"about":[{"href":"https:\/\/shop.mamasugo.it\/de\/wp-json\/wp\/v2\/types\/product"}],"wp:featuredmedia":[{"embeddable":true,"href":"https:\/\/shop.mamasugo.it\/de\/wp-json\/wp\/v2\/media\/4467"}],"wp:attachment":[{"href":"https:\/\/shop.mamasugo.it\/de\/wp-json\/wp\/v2\/media?parent=4466"}],"wp:term":[{"taxonomy":"product_brand","embeddable":true,"href":"https:\/\/shop.mamasugo.it\/de\/wp-json\/wp\/v2\/product_brand?post=4466"},{"taxonomy":"product_cat","embeddable":true,"href":"https:\/\/shop.mamasugo.it\/de\/wp-json\/wp\/v2\/product_cat?post=4466"},{"taxonomy":"product_tag","embeddable":true,"href":"https:\/\/shop.mamasugo.it\/de\/wp-json\/wp\/v2\/product_tag?post=4466"}],"curies":[{"name":"wp","href":"https:\/\/api.w.org\/{rel}","templated":true}]}}