{"id":4459,"date":"2025-04-22T14:13:41","date_gmt":"2025-04-22T14:13:41","guid":{"rendered":"https:\/\/shop.mamasugo.it\/prodotto\/mama-sugo-paprika-und-pecorino-einzelportionen-5x70g-reichhaltiger-und-authentischer-geschmack\/"},"modified":"2025-04-22T14:13:41","modified_gmt":"2025-04-22T14:13:41","slug":"mama-sugo-paprika-und-pecorino-einzelportionen-5x70g-reichhaltiger-und-authentischer-geschmack","status":"publish","type":"product","link":"https:\/\/shop.mamasugo.it\/de\/prodotto\/mama-sugo-paprika-und-pecorino-einzelportionen-5x70g-reichhaltiger-und-authentischer-geschmack\/","title":{"rendered":"Mam\u00e0 Sugo Paprika und Pecorino Einzelportionen 5x70g | Reichhaltiger und authentischer Geschmack"},"content":{"rendered":"<h3 data-start=\"287\" data-end=\"390\"><\/h3>\n<h3 data-start=\"218\" data-end=\"306\">\ufe0f <strong>Mam\u00e0 Sugo Paprika und Pecorino \u2013 Einzelportionen 5x70g | Reichhaltiger und authentischer Geschmack<\/strong><\/h3>\n<p data-start=\"308\" data-end=\"739\">Entdecke die perfekte Begegnung zwischen <strong data-start=\"339\" data-end=\"357\">s\u00fc\u00dfer Paprika<\/strong> und <strong data-start=\"360\" data-end=\"381\">italienischem Pecorino<\/strong> mit dem <strong data-start=\"389\" data-end=\"422\">Mam\u00e0 Sugo Paprika und Pecorino<\/strong>, der gebrauchsfertigen W\u00fcrze, die all die G\u00fcte und Tradition der italienischen K\u00fcche auf den Tisch bringt.<br data-start=\"526\" data-end=\"529\">Zubereitet mit <strong data-start=\"543\" data-end=\"583\">italienischem Tomatenmark (69,8%)<\/strong>, <strong data-start=\"585\" data-end=\"602\">Oliven\u00f6l<\/strong> und nat\u00fcrlichen Aromen, kombiniert diese Sauce die S\u00fc\u00dfe der Paprika mit der W\u00fcrze des Pecorino und schafft einen ausgewogenen und umh\u00fcllenden Geschmack.<\/p>\n<p data-start=\"741\" data-end=\"977\">Das praktische <strong data-start=\"752\" data-end=\"799\">Einzelportionsformat von 5x70g (350g insgesamt)<\/strong> ist darauf ausgelegt, dir jeden Tag eine frische und gebrauchsfertige Sauce zu bieten, perfekt dosiert f\u00fcr einen Teller Pasta oder ein schnelles Rezept, ohne Verschwendung und ohne auf den Geschmack zu verzichten.<\/p>\n<hr data-start=\"979\" data-end=\"982\">\n<h3 data-start=\"984\" data-end=\"1039\"><strong>Warum Mam\u00e0 Sugo Paprika und Pecorino w\u00e4hlen<\/strong><\/h3>\n<p data-start=\"1041\" data-end=\"1577\">\u2705 <strong data-start=\"1043\" data-end=\"1070\">Authentischer und reichhaltiger Geschmack<\/strong> \u2013 S\u00fc\u00dfe Paprika und italienischer Pecorino in perfekter Harmonie.<br data-start=\"1128\" data-end=\"1131\">\u2705 <strong data-start=\"1133\" data-end=\"1162\">100% nat\u00fcrliche Zutaten<\/strong> \u2013 Ohne Konservierungsstoffe, Farbstoffe oder k\u00fcnstliche Aromen.<br data-start=\"1214\" data-end=\"1217\">\u2705 <strong data-start=\"1219\" data-end=\"1258\">Ohne Gluten, Laktose und Allergene<\/strong> \u2013 F\u00fcr alle geeignet, auch f\u00fcr diejenigen, die besondere Di\u00e4ten befolgen.<br data-start=\"1313\" data-end=\"1316\">\u2705 <strong data-start=\"1318\" data-end=\"1350\">Praktisches Einzelportionsformat<\/strong> \u2013 5 Beutel \u00e0 70g, immer frisch und bereit.<br data-start=\"1469\" data-end=\"1472\">\u2705 <strong data-start=\"1474\" data-end=\"1491\">Made in Italy<\/strong> \u2013 Ausgew\u00e4hlte Zutaten und handwerkliche Verarbeitung f\u00fcr garantierte Qualit\u00e4t und Geschmack.<\/p>\n<hr data-start=\"1579\" data-end=\"1582\">\n<h3 data-start=\"1584\" data-end=\"1626\"><strong>Ausgew\u00e4hlte und nat\u00fcrliche Zutaten<\/strong><\/h3>\n<p data-start=\"1628\" data-end=\"1731\">Der <strong data-start=\"1631\" data-end=\"1664\">Sugo Paprika und Pecorino Mam\u00e0<\/strong> entsteht aus einem ausgewogenen Rezept mit hochwertigen Zutaten:<\/p>\n<ul data-start=\"1733\" data-end=\"2112\">\n<li data-start=\"1733\" data-end=\"1828\">\n<p data-start=\"1735\" data-end=\"1828\"><strong data-start=\"1735\" data-end=\"1766\">Tomatenmark (69,8%)<\/strong> \u2013 S\u00fc\u00df und samtig, aus sonnenreifen italienischen Tomaten.<\/p>\n<\/li>\n<li data-start=\"1829\" data-end=\"1889\">\n<p data-start=\"1831\" data-end=\"1889\"><strong data-start=\"1831\" data-end=\"1848\">Oliven\u00f6l<\/strong> \u2013 Verleiht der Sauce Rundheit und Weichheit.<\/p>\n<\/li>\n<li data-start=\"1890\" data-end=\"1983\">\n<p data-start=\"1892\" data-end=\"1983\"><strong data-start=\"1892\" data-end=\"1930\">S\u00fc\u00dfe Paprika und italienischer Pecorino<\/strong> \u2013 Die perfekte Kombination aus S\u00fc\u00dfe und W\u00fcrze.<\/p>\n<\/li>\n<li data-start=\"1984\" data-end=\"2067\">\n<p data-start=\"1986\" data-end=\"2067\"><strong data-start=\"1986\" data-end=\"2014\">Gem\u00fcse und nat\u00fcrliche Aromen<\/strong> \u2013 Zwiebel, Karotte, Lauch, Knoblauch und nat\u00fcrliche Gew\u00fcrze.<\/p>\n<\/li>\n<li data-start=\"2068\" data-end=\"2112\">\n<p data-start=\"2070\" data-end=\"2112\"><strong data-start=\"2070\" data-end=\"2110\">Kein Gluten, Laktose oder Allergene<\/strong><\/p>\n<\/li>\n<\/ul>\n<p data-start=\"2114\" data-end=\"2238\">Jeder Beutel umschlie\u00dft den authentischen und ausgewogenen Geschmack von Paprika und K\u00e4se, ideal f\u00fcr schmackhafte und cremige Gerichte.<\/p>\n<hr data-start=\"2240\" data-end=\"2243\">\n<h3 data-start=\"2245\" data-end=\"2270\"><strong>Anwendung<\/strong><\/h3>\n<p data-start=\"2272\" data-end=\"2359\">Der <strong data-start=\"2275\" data-end=\"2308\">Mam\u00e0 Sugo Paprika und Pecorino<\/strong> ist in wenigen Sekunden fertig und vielseitig in der K\u00fcche:<\/p>\n<p data-start=\"2361\" data-end=\"2664\"> <strong data-start=\"2364\" data-end=\"2380\">Mit Pasta<\/strong> \u2013 Perfekt mit Penne, Fusilli, Rigatoni oder Spaghetti.<br data-start=\"2433\" data-end=\"2436\"> <strong data-start=\"2439\" data-end=\"2465\">F\u00fcr vegetarische Gerichte<\/strong> \u2013 K\u00f6stlich mit Gem\u00fcse, Getreide oder H\u00fclsenfr\u00fcchten.<br data-start=\"2508\" data-end=\"2511\"> <strong data-start=\"2514\" data-end=\"2550\">Als Basis f\u00fcr Pizza oder Bruschetta<\/strong> \u2013 F\u00fcge einen Hauch von originalem Geschmack hinzu.<br data-start=\"2591\" data-end=\"2594\"> <strong data-start=\"2597\" data-end=\"2630\">F\u00fcr Hauptgerichte oder Beilagen<\/strong> \u2013 Hervorragend zu H\u00e4hnchen, Tofu oder Eiern.<\/p>\n<hr data-start=\"2762\" data-end=\"2765\">\n<h3 data-start=\"2767\" data-end=\"2811\"><strong>Gluten-, laktose- und allergenfrei<\/strong><\/h3>\n<p data-start=\"2813\" data-end=\"3185\">Wie alle <strong data-start=\"2835\" data-end=\"2843\">Mam\u00e0<\/strong>-Produkte ist auch der <strong data-start=\"2854\" data-end=\"2882\">Sugo Paprika und Pecorino<\/strong> <strong data-start=\"2885\" data-end=\"2902\">glutenfrei<\/strong>, <strong data-start=\"2904\" data-end=\"2922\">laktosefrei<\/strong> und <strong data-start=\"2925\" data-end=\"2954\">frei von h\u00e4ufigen Allergenen<\/strong>, ideal f\u00fcr alle, die authentischen Geschmack ohne Kompromisse bei der Gesundheit suchen.<br data-start=\"3024\" data-end=\"3027\">Die Einzelportionsbeutel \u00e0 70g garantieren <strong data-start=\"3071\" data-end=\"3111\">Praktikabilit\u00e4t, Frische und null Verschwendung<\/strong>: \u00f6ffne nur das, was du brauchst, und bewahre den Rest bis zur n\u00e4chsten Verwendung auf.<\/p>\n<hr data-start=\"3187\" data-end=\"3190\">\n<h3 data-start=\"3192\" data-end=\"3235\"><strong>Mam\u00e0 Qualit\u00e4t \u2013 Italienische Tradition<\/strong><\/h3>\n<p data-start=\"3237\" data-end=\"3559\">Jedes <strong data-start=\"3251\" data-end=\"3259\">Mam\u00e0<\/strong>-Produkt entsteht aus der Leidenschaft f\u00fcr die <strong data-start=\"3288\" data-end=\"3317\">authentische italienische K\u00fcche<\/strong>, mit ausgew\u00e4hlten Zutaten und schonenden Verarbeitungen.<br data-start=\"3370\" data-end=\"3373\">Der <strong data-start=\"3376\" data-end=\"3404\">Sugo Paprika und Pecorino<\/strong> umschlie\u00dft den echten Geschmack italienischer Produkte in einem praktischen und modernen Format, das jede Mahlzeit in ein besonderes Geschmackserlebnis verwandeln kann.<\/p>\n<hr data-start=\"3561\" data-end=\"3564\">\n<h3 data-start=\"3566\" data-end=\"3588\"><strong>Produktdaten<\/strong><\/h3>\n<ul data-start=\"3590\" data-end=\"3895\">\n<li data-start=\"3590\" data-end=\"3633\">\n<p data-start=\"3592\" data-end=\"3633\"><strong data-start=\"3592\" data-end=\"3601\">Name:<\/strong> Mam\u00e0 Sugo Paprika und Pecorino<\/p>\n<\/li>\n<li data-start=\"3634\" data-end=\"3670\">\n<p data-start=\"3636\" data-end=\"3670\"><strong data-start=\"3636\" data-end=\"3648\">Format:<\/strong> 5x70g (350g insgesamt)<\/p>\n<\/li>\n<li data-start=\"3671\" data-end=\"3714\">\n<p data-start=\"3673\" data-end=\"3714\"><strong data-start=\"3673\" data-end=\"3712\">Gluten-, laktose- und allergenfrei<\/strong><\/p>\n<\/li>\n<li data-start=\"3715\" data-end=\"3782\">\n<p data-start=\"3717\" data-end=\"3782\"><strong data-start=\"3717\" data-end=\"3780\">Mit Tomatenmark, Oliven\u00f6l, Paprika und Pecorino<\/strong><\/p>\n<\/li>\n<li data-start=\"3783\" data-end=\"3806\">\n<p data-start=\"3785\" data-end=\"3806\"><strong data-start=\"3785\" data-end=\"3797\">Herkunft:<\/strong> Italien<\/p>\n<\/li>\n<li data-start=\"3807\" data-end=\"3856\">\n<p data-start=\"3809\" data-end=\"3856\"><strong data-start=\"3809\" data-end=\"3827\">Lagerung:<\/strong> k\u00fchl und trocken<\/p>\n<\/li>\n<li data-start=\"3857\" data-end=\"3895\">\n<p data-start=\"3859\" data-end=\"3895\"><strong data-start=\"3859\" data-end=\"3874\">Anwendung:<\/strong> einfach \u00fcbergie\u00dfen<\/p>\n<\/li>\n<\/ul>\n<hr data-start=\"3897\" data-end=\"3900\">\n<h3 data-start=\"3902\" data-end=\"3956\"><strong>Authentischer Geschmack und Praktikabilit\u00e4t in jedem Beutel<\/strong><\/h3>\n<p data-start=\"3958\" data-end=\"4195\">Mit dem <strong data-start=\"3965\" data-end=\"4011\">Mam\u00e0 Sugo Paprika und Pecorino Einzelportionen<\/strong> bringst du all die G\u00fcte der italienischen K\u00fcche in wenigen Sekunden auf den Tisch.<br data-start=\"4083\" data-end=\"4086\">Eine cremige, aromatische und gebrauchsfertige Sauce, die jedes Gericht besonders, einfach und schnell zuzubereiten macht.<\/p>\n<p data-start=\"4197\" data-end=\"4408\">Ideal f\u00fcr alle, die <strong data-start=\"4221\" data-end=\"4250\">reiche und authentische Geschm\u00e4cker<\/strong> lieben, aber Praktikabilit\u00e4t und Qualit\u00e4t in einem einzigen Produkt suchen.<br data-start=\"4302\" data-end=\"4305\">\u00d6ffnen und genie\u00dfen \u2014 mit <strong data-start=\"4332\" data-end=\"4340\">Mam\u00e0<\/strong> wird jede Mahlzeit zu einer kleinen Reise in den italienischen Geschmack.<\/p>\n","protected":false},"excerpt":{"rendered":"<p data-start=\"392\" data-end=\"810\">Entdecke die perfekte Kombination aus <strong data-start=\"427\" data-end=\"465\">s\u00fc\u00dfer Paprika und italienischem Pecorino<\/strong> mit dem <strong data-start=\"473\" data-end=\"506\">Mam\u00e0 Sugo Paprika und Pecorino<\/strong>, der gebrauchsfertigen W\u00fcrze, die all die G\u00fcte und Tradition der italienischen K\u00fcche auf den Tisch bringt.<br data-start=\"610\" data-end=\"613\">Zubereitet mit <strong data-start=\"627\" data-end=\"659\">italienischem Tomatenmark<\/strong>, Oliven\u00f6l und nat\u00fcrlichen Aromen, vereint diese Sauce die S\u00fc\u00dfe der Paprika mit der W\u00fcrze des Pecorino und schafft einen ausgewogenen und umh\u00fcllenden Geschmack.<\/p>\n<p data-start=\"812\" data-end=\"1049\">Das praktische <strong data-start=\"823\" data-end=\"870\">Einzelportionsformat von 5x70g (350g insgesamt)<\/strong> ist darauf ausgelegt, dir jeden Tag eine frische und gebrauchsfertige Sauce zu bieten, perfekt dosiert f\u00fcr einen Teller Pasta oder ein schnelles Rezept, ohne Verschwendung und ohne auf den Geschmack zu verzichten.<\/p>\n","protected":false},"featured_media":4391,"template":"","meta":[],"product_brand":[],"product_cat":[98,96],"product_tag":[159,154,202],"class_list":{"0":"post-4459","1":"product","2":"type-product","3":"status-publish","4":"has-post-thumbnail","6":"product_cat-einzelpackung","7":"product_cat-fertige-sosen-von-mama","8":"product_tag-fertige-sossen-2","9":"product_tag-fertige-sossen-von-mama","10":"product_tag-paprika-pecorino-sauce","12":"first","13":"instock","14":"taxable","15":"shipping-taxable","16":"purchasable","17":"product-type-simple"},"_links":{"self":[{"href":"https:\/\/shop.mamasugo.it\/de\/wp-json\/wp\/v2\/product\/4459","targetHints":{"allow":["GET"]}}],"collection":[{"href":"https:\/\/shop.mamasugo.it\/de\/wp-json\/wp\/v2\/product"}],"about":[{"href":"https:\/\/shop.mamasugo.it\/de\/wp-json\/wp\/v2\/types\/product"}],"wp:featuredmedia":[{"embeddable":true,"href":"https:\/\/shop.mamasugo.it\/de\/wp-json\/wp\/v2\/media\/4391"}],"wp:attachment":[{"href":"https:\/\/shop.mamasugo.it\/de\/wp-json\/wp\/v2\/media?parent=4459"}],"wp:term":[{"taxonomy":"product_brand","embeddable":true,"href":"https:\/\/shop.mamasugo.it\/de\/wp-json\/wp\/v2\/product_brand?post=4459"},{"taxonomy":"product_cat","embeddable":true,"href":"https:\/\/shop.mamasugo.it\/de\/wp-json\/wp\/v2\/product_cat?post=4459"},{"taxonomy":"product_tag","embeddable":true,"href":"https:\/\/shop.mamasugo.it\/de\/wp-json\/wp\/v2\/product_tag?post=4459"}],"curies":[{"name":"wp","href":"https:\/\/api.w.org\/{rel}","templated":true}]}}