{"id":4446,"date":"2025-04-22T14:06:59","date_gmt":"2025-04-22T14:06:59","guid":{"rendered":"https:\/\/shop.mamasugo.it\/prodotto\/mama-arrabbiata-sauce-einzelportion-5x70g-intensiver-geschmack-100-natuerlich-und-glutenfrei\/"},"modified":"2025-04-22T14:06:59","modified_gmt":"2025-04-22T14:06:59","slug":"mama-arrabbiata-sauce-einzelportion-5x70g-intensiver-geschmack-100-natuerlich-und-glutenfrei","status":"publish","type":"product","link":"https:\/\/shop.mamasugo.it\/de\/prodotto\/mama-arrabbiata-sauce-einzelportion-5x70g-intensiver-geschmack-100-natuerlich-und-glutenfrei\/","title":{"rendered":"Mam\u00e0 Arrabbiata-Sauce Einzelportion 5x70g | Intensiver Geschmack, 100% Nat\u00fcrlich und Glutenfrei"},"content":{"rendered":"<h3 data-start=\"233\" data-end=\"336\"><strong>Mam\u00e0 Arrabbiata-Sauce \u2013 5er-Pack x70g | Intensiver Geschmack, 100% Nat\u00fcrlich und Glutenfrei<\/strong><\/h3>\n<p data-start=\"338\" data-end=\"636\">Hast du Lust auf einen scharfen und unwiderstehlichen Teller Pasta in wenigen Minuten?<br data-start=\"412\" data-end=\"415\">Die <strong data-start=\"418\" data-end=\"446\">Mam\u00e0 Arrabbiata-Sauce<\/strong> ist die perfekte L\u00f6sung: die klassische r\u00f6mische Sauce aus <strong data-start=\"516\" data-end=\"548\">italienischem Tomatenmark<\/strong>, <strong data-start=\"550\" data-end=\"567\">Oliven\u00f6l<\/strong> und <strong data-start=\"570\" data-end=\"585\">Chilischoten<\/strong>, f\u00fcr einen kr\u00e4ftigen, authentischen und 100% nat\u00fcrlichen Geschmack.<\/p>\n<p data-start=\"638\" data-end=\"927\">Erh\u00e4ltlich im <strong data-start=\"654\" data-end=\"673\">5er-Pack<\/strong>, jede Portion zu <strong data-start=\"685\" data-end=\"692\">70g<\/strong>, verbindet diese fertige Sauce italienische Tradition mit moderner Praktikabilit\u00e4t.<br data-start=\"766\" data-end=\"769\">\u00d6ffnen und genie\u00dfen: in weniger als zwei Minuten hast du ein geschmackvolles Gericht mit Charakter, perfekt f\u00fcr alle, die die mediterrane K\u00fcche mit einer scharfen Note lieben!<\/p>\n<hr data-start=\"929\" data-end=\"932\">\n<h3 data-start=\"934\" data-end=\"984\">\u2764\ufe0f <strong>Warum Mam\u00e0 Arrabbiata-Sauce w\u00e4hlen<\/strong><\/h3>\n<p data-start=\"986\" data-end=\"1531\">\u2705 <strong data-start=\"988\" data-end=\"1016\">Authentischer und kr\u00e4ftiger Geschmack<\/strong> \u2013 Italienische Tomaten und nat\u00fcrliche Chilischoten f\u00fcr eine Geschmacksexplosion.<br data-start=\"1088\" data-end=\"1091\">\u2705 <strong data-start=\"1093\" data-end=\"1110\">100% nat\u00fcrlich<\/strong> \u2013 Ohne Farbstoffe, ohne Konservierungsmittel, ohne k\u00fcnstliche Aromen. Nur echte, ausgew\u00e4hlte Zutaten.<br data-start=\"1213\" data-end=\"1216\">\u2705 <strong data-start=\"1218\" data-end=\"1252\">Glutenfrei und laktosefrei<\/strong> \u2013 Geeignet f\u00fcr Menschen mit Unvertr\u00e4glichkeiten oder speziellen Ern\u00e4hrungsbed\u00fcrfnissen.<br data-start=\"1323\" data-end=\"1326\">\u2705 <strong data-start=\"1328\" data-end=\"1347\">Praktisches Format<\/strong> \u2013 5 perfekte, gebrauchsfertige Portionen, ideal f\u00fcr Singles, Paare oder schnelle Mahlzeiten.<br data-start=\"1433\" data-end=\"1436\">\u2705 <strong data-start=\"1438\" data-end=\"1455\">Made in Italy<\/strong> \u2013 Eine nach Tradition zubereitete Sauce mit Mam\u00e0s garantierter Qualit\u00e4t. <\/p>\n<hr data-start=\"1533\" data-end=\"1536\">\n<h3 data-start=\"1538\" data-end=\"1590\"><strong>Qualit\u00e4tszutaten, 100% italienischer Geschmack<\/strong><\/h3>\n<p data-start=\"1592\" data-end=\"1894\">Das Geheimnis der <strong data-start=\"1607\" data-end=\"1635\">Mam\u00e0 Arrabbiata-Sauce<\/strong> liegt in der Einfachheit des Rezepts und der Qualit\u00e4t der Zutaten.<br data-start=\"1697\" data-end=\"1700\">Die Basis ist ein <strong data-start=\"1718\" data-end=\"1753\">s\u00fc\u00dfes und samtiges Tomatenmark (ca. 70%)<\/strong>, verfeinert mit <strong data-start=\"1787\" data-end=\"1804\">Oliven\u00f6l<\/strong>, <strong data-start=\"1806\" data-end=\"1830\">Chilischoten<\/strong> und <strong data-start=\"1833\" data-end=\"1862\">nat\u00fcrlichen Gem\u00fcsearomen<\/strong> wie Knoblauch, Zwiebel und Karotte.<\/p>\n<p data-start=\"1896\" data-end=\"2150\">Jede Zutat wird sorgf\u00e4ltig ausgew\u00e4hlt, um eine perfekte Balance zwischen der S\u00fc\u00dfe der Tomaten und der Lebendigkeit der Chilischoten zu garantieren.<br data-start=\"2032\" data-end=\"2035\">Das Ergebnis? Eine Sauce mit kr\u00e4ftigem, aromatischem und leicht scharfem Geschmack, die beim ersten Probieren \u00fcberzeugt. \ufe0f<\/p>\n<hr data-start=\"2152\" data-end=\"2155\">\n<h3 data-start=\"2157\" data-end=\"2185\">\u200d <strong>Verwendung<\/strong><\/h3>\n<p data-start=\"2187\" data-end=\"2351\">Die <strong data-start=\"2190\" data-end=\"2218\">Mam\u00e0 Arrabbiata-Sauce<\/strong> ist gebrauchsfertig: einfach \u00fcber die Pasta geben und du erh\u00e4ltst in wenigen Augenblicken ein Restaurant-w\u00fcrdiges Gericht.<br data-start=\"2333\" data-end=\"2336\">Perfekt zu:<\/p>\n<p data-start=\"2353\" data-end=\"2648\"> <strong data-start=\"2356\" data-end=\"2384\">Spaghetti oder Penne Rigate<\/strong>, f\u00fcr ein klassisches r\u00f6misches Gericht.<br data-start=\"2416\" data-end=\"2419\"> <strong data-start=\"2422\" data-end=\"2444\">Pizza oder Bruschetta<\/strong>, um deiner Vorspeise das gewisse Extra zu verleihen.<br data-start=\"2490\" data-end=\"2493\"> <strong data-start=\"2496\" data-end=\"2528\">Gegrilltes oder gebackenes Gem\u00fcse<\/strong>, f\u00fcr eine geschmackvolle und scharfe Beilage.<br data-start=\"2565\" data-end=\"2568\"> <strong data-start=\"2571\" data-end=\"2590\">Proteingerichte<\/strong>, wie H\u00e4hnchen oder Tofu, um m\u00fchelos Geschmack hinzuzuf\u00fcgen.<\/p>\n<p data-start=\"2650\" data-end=\"2719\">Ein Beutel reicht f\u00fcr eine perfekte und s\u00e4ttigende Portion.<\/p>\n<hr data-start=\"2721\" data-end=\"2724\">\n<h3 data-start=\"2726\" data-end=\"2765\"><strong>Glutenfrei und laktosefrei<\/strong><\/h3>\n<p data-start=\"2767\" data-end=\"3101\">Wie alle Mam\u00e0 Saucen ist auch die Arrabbiata <strong data-start=\"2813\" data-end=\"2830\">glutenfrei<\/strong>, <strong data-start=\"2832\" data-end=\"2850\">laktosefrei<\/strong> und <strong data-start=\"2853\" data-end=\"2879\">frei von h\u00e4ufigen Allergenen<\/strong>.<br data-start=\"2880\" data-end=\"2883\">Ein nat\u00fcrliches Produkt, entwickelt f\u00fcr alle, die gesund, leicht und lecker essen m\u00f6chten.<br data-start=\"2960\" data-end=\"2963\">Au\u00dferdem erm\u00f6glicht dir das <strong data-start=\"2985\" data-end=\"3008\">Einzelportionsformat<\/strong>, nur das zu verwenden, was du brauchst, wodurch die Frische erhalten bleibt und Verschwendung reduziert wird.<\/p>\n<hr data-start=\"3103\" data-end=\"3106\">\n<h3 data-start=\"3108\" data-end=\"3160\"><strong>Mam\u00e0 Qualit\u00e4t \u2013 Tradition, Leidenschaft und Geschmack<\/strong><\/h3>\n<p data-start=\"3162\" data-end=\"3442\">Die Marke <strong data-start=\"3173\" data-end=\"3181\">Mam\u00e0<\/strong> entsteht aus der Leidenschaft f\u00fcr authentische italienische K\u00fcche und dem Wunsch, gute, echte und bequeme Produkte anzubieten.<br data-start=\"3295\" data-end=\"3298\">Jede Sauce wird nach traditionellen Rezepten und nur mit nat\u00fcrlichen Zutaten zubereitet, um stets einen reichhaltigen, hausgemachten Geschmack zu garantieren.<\/p>\n<p data-start=\"3444\" data-end=\"3704\">Die <strong data-start=\"3447\" data-end=\"3470\">Arrabbiata-Sauce<\/strong> ist ein zeitloser Klassiker, von Mam\u00e0 mit der gleichen Sorgfalt wie fr\u00fcher neu interpretiert, aber mit der Bequemlichkeit der modernen Zeit.<br data-start=\"3590\" data-end=\"3593\">Perfekt f\u00fcr alle, die die <strong data-start=\"3617\" data-end=\"3665\">italienische K\u00fcche mit starkem und entschlossenem Charakter<\/strong> lieben, ohne auf Praktikabilit\u00e4t zu verzichten.<\/p>\n<hr data-start=\"3706\" data-end=\"3709\">\n<h3 data-start=\"3711\" data-end=\"3733\"><strong>Produktdaten<\/strong><\/h3>\n<ul data-start=\"3735\" data-end=\"4088\">\n<li data-start=\"3735\" data-end=\"3773\">\n<p data-start=\"3737\" data-end=\"3773\"><strong data-start=\"3737\" data-end=\"3746\">Name:<\/strong> Mam\u00e0 Arrabbiata-Sauce<\/p>\n<\/li>\n<li data-start=\"3774\" data-end=\"3814\">\n<p data-start=\"3776\" data-end=\"3814\"><strong data-start=\"3776\" data-end=\"3788\">Format:<\/strong> 5er-Pack (5x70g)<\/p>\n<\/li>\n<li data-start=\"3815\" data-end=\"3846\">\n<p data-start=\"3817\" data-end=\"3846\"><strong data-start=\"3817\" data-end=\"3839\">Gesamtnettogewicht:<\/strong> 210g<\/p>\n<\/li>\n<li data-start=\"3847\" data-end=\"3901\">\n<p data-start=\"3849\" data-end=\"3901\"><strong data-start=\"3849\" data-end=\"3899\">Glutenfrei, laktosefrei, allergenenfrei<\/strong><\/p>\n<\/li>\n<li data-start=\"3902\" data-end=\"3949\">\n<p data-start=\"3904\" data-end=\"3949\"><strong data-start=\"3904\" data-end=\"3947\">Mit Tomatenmark und Oliven\u00f6l<\/strong><\/p>\n<\/li>\n<li data-start=\"3950\" data-end=\"3973\">\n<p data-start=\"3952\" data-end=\"3973\"><strong data-start=\"3952\" data-end=\"3964\">Herkunft:<\/strong> Italien<\/p>\n<\/li>\n<li data-start=\"3974\" data-end=\"4023\">\n<p data-start=\"3976\" data-end=\"4023\"><strong data-start=\"3976\" data-end=\"3994\">Lagerung:<\/strong> k\u00fchl und trocken<\/p>\n<\/li>\n<li data-start=\"4024\" data-end=\"4088\">\n<p data-start=\"4026\" data-end=\"4088\"><strong data-start=\"4026\" data-end=\"4041\">Verwendung:<\/strong> gebrauchsfertig<\/p>\n<\/li>\n<\/ul>\n<hr data-start=\"4090\" data-end=\"4093\">\n<h3 data-start=\"4095\" data-end=\"4139\"><strong>Scharfer Geschmack, moderne Praktikabilit\u00e4t<\/strong><\/h3>\n<p data-start=\"4141\" data-end=\"4378\">Mit der <strong data-start=\"4148\" data-end=\"4191\">Mam\u00e0 Arrabbiata-Sauce \u2013 5er-Pack Einzelportionen<\/strong> kannst du die wahre Leidenschaft der italienischen K\u00fcche jeden Tag genie\u00dfen, wo auch immer du bist.<br data-start=\"4273\" data-end=\"4276\">Eine nat\u00fcrliche Sauce mit intensivem und umh\u00fcllendem Geschmack, sofort fertig und perfekt f\u00fcr jede Gelegenheit.<\/p>\n<p data-start=\"4380\" data-end=\"4570\"> <strong data-start=\"4383\" data-end=\"4417\">Ideal f\u00fcr alle, die es scharf m\u00f6gen<\/strong>, aber nicht auf Qualit\u00e4t und Komfort verzichten wollen.<br data-start=\"4472\" data-end=\"4475\">\u00d6ffnen und genie\u00dfen \u2014 mit Mam\u00e0 wird jedes Gericht zu einer Explosion italienischen Geschmacks!<\/p>\n","protected":false},"excerpt":{"rendered":"<p data-start=\"338\" data-end=\"636\">Hast du Lust auf einen scharfen und unwiderstehlichen Teller Pasta in wenigen Minuten?<\/p>\n<p data-start=\"338\" data-end=\"636\"><br data-start=\"412\" data-end=\"415\">Die <strong data-start=\"418\" data-end=\"446\">Mam\u00e0 Arrabbiata-Sauce<\/strong> ist die perfekte L\u00f6sung: die klassische r\u00f6mische Sauce aus <strong data-start=\"516\" data-end=\"548\">italienischem Tomatenmark<\/strong>, <strong data-start=\"550\" data-end=\"567\">Oliven\u00f6l<\/strong> und <strong data-start=\"570\" data-end=\"585\">Chilischoten<\/strong>, f\u00fcr einen kr\u00e4ftigen, authentischen und 100% nat\u00fcrlichen Geschmack.<\/p>\n<p data-start=\"638\" data-end=\"927\">Erh\u00e4ltlich im <strong data-start=\"654\" data-end=\"673\">5er-Pack<\/strong>, jede Portion zu <strong data-start=\"685\" data-end=\"692\">70g<\/strong>, verbindet diese fertige Sauce italienische Tradition mit moderner Praktikabilit\u00e4t.<br data-start=\"766\" data-end=\"769\">\u00d6ffnen und genie\u00dfen: in weniger als zwei Minuten hast du ein geschmackvolles Gericht mit Charakter, perfekt f\u00fcr alle, die die mediterrane K\u00fcche mit einer scharfen Note lieben!<\/p>\n","protected":false},"featured_media":4390,"template":"","meta":[],"product_brand":[],"product_cat":[98,96],"product_tag":[207,164,159,174],"class_list":{"0":"post-4446","1":"product","2":"type-product","3":"status-publish","4":"has-post-thumbnail","6":"product_cat-einzelpackung","7":"product_cat-fertige-sosen-von-mama","8":"product_tag-arrabbiata-sauce","9":"product_tag-einzelpackung-2","10":"product_tag-fertige-sossen-2","11":"product_tag-sossen-von-mama","13":"first","14":"instock","15":"taxable","16":"shipping-taxable","17":"purchasable","18":"product-type-simple"},"_links":{"self":[{"href":"https:\/\/shop.mamasugo.it\/de\/wp-json\/wp\/v2\/product\/4446","targetHints":{"allow":["GET"]}}],"collection":[{"href":"https:\/\/shop.mamasugo.it\/de\/wp-json\/wp\/v2\/product"}],"about":[{"href":"https:\/\/shop.mamasugo.it\/de\/wp-json\/wp\/v2\/types\/product"}],"wp:featuredmedia":[{"embeddable":true,"href":"https:\/\/shop.mamasugo.it\/de\/wp-json\/wp\/v2\/media\/4390"}],"wp:attachment":[{"href":"https:\/\/shop.mamasugo.it\/de\/wp-json\/wp\/v2\/media?parent=4446"}],"wp:term":[{"taxonomy":"product_brand","embeddable":true,"href":"https:\/\/shop.mamasugo.it\/de\/wp-json\/wp\/v2\/product_brand?post=4446"},{"taxonomy":"product_cat","embeddable":true,"href":"https:\/\/shop.mamasugo.it\/de\/wp-json\/wp\/v2\/product_cat?post=4446"},{"taxonomy":"product_tag","embeddable":true,"href":"https:\/\/shop.mamasugo.it\/de\/wp-json\/wp\/v2\/product_tag?post=4446"}],"curies":[{"name":"wp","href":"https:\/\/api.w.org\/{rel}","templated":true}]}}