{"id":4441,"date":"2025-04-22T14:01:40","date_gmt":"2025-04-22T14:01:40","guid":{"rendered":"https:\/\/shop.mamasugo.it\/prodotto\/mama-basilikum-sauce-pack-15x70g-einfachheit-frische-und-100-italienischer-geschmack\/"},"modified":"2025-04-22T14:01:40","modified_gmt":"2025-04-22T14:01:40","slug":"mama-basilikum-sauce-pack-15x70g-einfachheit-frische-und-100-italienischer-geschmack","status":"publish","type":"product","link":"https:\/\/shop.mamasugo.it\/de\/prodotto\/mama-basilikum-sauce-pack-15x70g-einfachheit-frische-und-100-italienischer-geschmack\/","title":{"rendered":"Mam\u00e0 Basilikum-Sauce \u2013 Pack 15x70g | Einfachheit, Frische und 100% italienischer Geschmack"},"content":{"rendered":"<h3 data-start=\"271\" data-end=\"377\"> <strong>Mam\u00e0 Basilikum-Sauce \u2013 Pack 3 Packungen \u00e0 5x70g | Einfachheit, Frische und 100% italienischer Geschmack<\/strong><\/h3>\n<p data-start=\"379\" data-end=\"741\">Entdecke den ganzen Duft des Mittelmeers mit der <strong data-start=\"427\" data-end=\"452\">Mam\u00e0 Basilikum-Sauce<\/strong>, der klassischen W\u00fcrze der italienischen Tradition, gebrauchsfertig und perfekt f\u00fcr jeden Anlass.<br data-start=\"549\" data-end=\"552\">Zubereitet mit <strong data-start=\"566\" data-end=\"606\">italienischem Tomatenmark (69,8%)<\/strong>, <strong data-start=\"608\" data-end=\"625\">Oliven\u00f6l<\/strong> und <strong data-start=\"628\" data-end=\"647\">frischem Basilikum<\/strong>, enth\u00e4lt diese Sauce in jedem Beutel die authentische und echte G\u00fcte der Hausmannskost.<\/p>\n<p data-start=\"743\" data-end=\"987\">Im praktischen <strong data-start=\"755\" data-end=\"779\">3er-Pack<\/strong>, jede mit <strong data-start=\"794\" data-end=\"819\">5 Einzelportionen \u00e0 70g<\/strong>, hast du <strong data-start=\"840\" data-end=\"862\">15 fertige Portionen<\/strong> zur Verf\u00fcgung, die du genie\u00dfen kannst, wann und wo du willst \u2014 ideal f\u00fcr schnelle Mahlzeiten, kreative Rezepte oder leichte Mittagessen ohne Geschmacksverzicht.<\/p>\n<hr data-start=\"989\" data-end=\"992\">\n<h3 data-start=\"994\" data-end=\"1038\">\u2764\ufe0f <strong>Warum du die Mam\u00e0 Basilikum-Sauce lieben wirst<\/strong><\/h3>\n<p data-start=\"1040\" data-end=\"1622\">\u2705 <strong data-start=\"1042\" data-end=\"1069\">Frischer und nat\u00fcrlicher Geschmack<\/strong> \u2013 Die Intensit\u00e4t der Tomate und der unverwechselbare Duft des italienischen Basilikums.<br data-start=\"1147\" data-end=\"1150\">\u2705 <strong data-start=\"1152\" data-end=\"1181\">100% nat\u00fcrliche Zutaten<\/strong> \u2013 Ohne Farbstoffe, Konservierungsmittel oder k\u00fcnstliche Aromen.<br data-start=\"1233\" data-end=\"1236\">\u2705 <strong data-start=\"1238\" data-end=\"1288\">Glutenfrei, laktosefrei, ohne Allergene<\/strong> \u2013 F\u00fcr alle geeignet, auch f\u00fcr diejenigen, die spezielle Di\u00e4ten befolgen.<br data-start=\"1342\" data-end=\"1345\">\u2705 <strong data-start=\"1347\" data-end=\"1379\">Praktisches Einzelportionsformat<\/strong> \u2013 5 Beutel \u00e0 70g pro Packung: null Verschwendung, immer frisch.<br data-start=\"1443\" data-end=\"1446\">\u2705 <strong data-start=\"1448\" data-end=\"1472\">Vorteilspack 3&#215;5<\/strong> \u2013 15 Portionen insgesamt, perfekt f\u00fcr zu Hause, Arbeit oder Reisen.<br data-start=\"1530\" data-end=\"1533\">\u2705 <strong data-start=\"1535\" data-end=\"1552\">Made in Italy<\/strong> \u2013 Hergestellt mit ausgew\u00e4hlten Zutaten und Liebe zur guten K\u00fcche.<\/p>\n<hr data-start=\"1624\" data-end=\"1627\">\n<h3 data-start=\"1629\" data-end=\"1674\"><strong>  Echte Zutaten, authentischer Geschmack<\/strong><\/h3>\n<p data-start=\"1676\" data-end=\"1792\">Das Rezept der <strong data-start=\"1691\" data-end=\"1716\">Mam\u00e0 Basilikum-Sauce<\/strong> ist einfach, aber reich an Geschmack und Tradition.<br data-start=\"1760\" data-end=\"1763\">Die Hauptzutaten:<\/p>\n<ul data-start=\"1794\" data-end=\"2033\">\n<li data-start=\"1794\" data-end=\"1838\">\n<p data-start=\"1796\" data-end=\"1838\"><strong data-start=\"1796\" data-end=\"1836\">Italienisches Tomatenmark (69,8%)<\/strong><\/p>\n<\/li>\n<li data-start=\"1839\" data-end=\"1860\">\n<p data-start=\"1841\" data-end=\"1860\"><strong data-start=\"1841\" data-end=\"1858\">Oliven\u00f6l<\/strong><\/p>\n<\/li>\n<li data-start=\"1861\" data-end=\"1918\">\n<p data-start=\"1863\" data-end=\"1918\"><strong data-start=\"1863\" data-end=\"1916\">Nat\u00fcrliches Basilikum und basilikumaromatisiertes \u00d6l<\/strong><\/p>\n<\/li>\n<li data-start=\"1919\" data-end=\"1984\">\n<p data-start=\"1921\" data-end=\"1984\"><strong data-start=\"1921\" data-end=\"1982\">Getrocknete Tomatenflocken, Zwiebel, Karotte, Knoblauch und Lauch<\/strong><\/p>\n<\/li>\n<li data-start=\"1985\" data-end=\"2033\">\n<p data-start=\"1987\" data-end=\"2033\"><strong data-start=\"1987\" data-end=\"2031\">Gew\u00fcrze und nat\u00fcrliche Aromen von gemischtem Gem\u00fcse<\/strong><\/p>\n<\/li>\n<\/ul>\n<p data-start=\"2035\" data-end=\"2199\">Das Ergebnis ist eine samtige und duftende Sauce, perfekt ausgewogen, mit der S\u00fc\u00dfe der Tomate und der Frische des Basilikums, die beim ersten Geschmack erobert.<\/p>\n<hr data-start=\"2201\" data-end=\"2204\">\n<h3 data-start=\"2206\" data-end=\"2234\">\u200d <strong>Wie du sie verwendest<\/strong><\/h3>\n<p data-start=\"2236\" data-end=\"2323\">Die <strong data-start=\"2239\" data-end=\"2264\">Mam\u00e0 Basilikum-Sauce<\/strong> ist der perfekte K\u00fcchenhelfer, in wenigen Augenblicken fertig:<\/p>\n<p data-start=\"2325\" data-end=\"2702\"> <strong data-start=\"2328\" data-end=\"2344\">Mit Pasta<\/strong> \u2013 Spaghetti, Penne, Fusilli oder Tagliatelle: die perfekte Sauce f\u00fcr jede Form.<br data-start=\"2422\" data-end=\"2425\"> <strong data-start=\"2428\" data-end=\"2456\">Auf Pizza oder Bruschetta<\/strong> \u2013 F\u00fcr eine leichte und duftende W\u00fcrze.<br data-start=\"2497\" data-end=\"2500\"> <strong data-start=\"2503\" data-end=\"2532\">In vegetarischen Rezepten<\/strong> \u2013 F\u00fcge sie zu Getreide, H\u00fclsenfr\u00fcchten oder Gem\u00fcse f\u00fcr eine mediterrane Note hinzu.<br data-start=\"2600\" data-end=\"2603\"> <strong data-start=\"2606\" data-end=\"2634\">F\u00fcr Lasagne oder Parmigiana<\/strong> \u2013 Eine echte und duftende Basis f\u00fcr unwiderstehliche Ofengerichte.<\/p>\n<hr data-start=\"2802\" data-end=\"2805\">\n<h3 data-start=\"2807\" data-end=\"2851\"> <strong>Gluten-, laktose- und allergenfrei<\/strong><\/h3>\n<p data-start=\"2853\" data-end=\"3191\">Die <strong data-start=\"2856\" data-end=\"2881\">Mam\u00e0 Basilikum-Sauce<\/strong> ist f\u00fcr alle gedacht: sie ist <strong data-start=\"2905\" data-end=\"2922\">glutenfrei<\/strong>, <strong data-start=\"2924\" data-end=\"2942\">laktosefrei<\/strong>, <strong data-start=\"2944\" data-end=\"2954\">vegan<\/strong> und <strong data-start=\"2957\" data-end=\"2983\">ohne h\u00e4ufige Allergene<\/strong>.<br data-start=\"2984\" data-end=\"2987\">Eine nat\u00fcrliche und leichte W\u00fcrze, ideal f\u00fcr alle, die Geschmack und Wohlbefinden in einem einzigen Handgriff suchen.<br data-start=\"3077\" data-end=\"3080\">Au\u00dferdem garantiert das <strong data-start=\"3099\" data-end=\"3115\">Einzelportionsformat<\/strong> immer Frische und Praktikabilit\u00e4t \u2014 keine Verschwendung, keine Reste.<\/p>\n<hr data-start=\"3193\" data-end=\"3196\">\n<h3 data-start=\"3198\" data-end=\"3252\"> <strong>Mam\u00e0 Qualit\u00e4t \u2013 Italienische Tradition und Leidenschaft<\/strong><\/h3>\n<p data-start=\"3254\" data-end=\"3599\">Hinter jeder Mam\u00e0 Sauce steht eine einfache Philosophie: <strong data-start=\"3304\" data-end=\"3340\">wenige Zutaten, viel Qualit\u00e4t<\/strong>.<br data-start=\"3341\" data-end=\"3344\">Das Tomatenmark wird aus sonnenreifen Fr\u00fcchten gewonnen, sorgf\u00e4ltig verarbeitet, um ihren nat\u00fcrlichen Geschmack vollst\u00e4ndig zu erhalten.<br data-start=\"3476\" data-end=\"3479\">Das Basilikum wird ausgew\u00e4hlt, um Aroma und Frische zu garantieren, w\u00e4hrend das Oliven\u00f6l die Aromen verst\u00e4rkt und Cremigkeit verleiht.<\/p>\n<p data-start=\"3601\" data-end=\"3724\">Die <strong data-start=\"3604\" data-end=\"3629\">Mam\u00e0 Basilikum-Sauce<\/strong> ist das Symbol der italienischen K\u00fcche: echt, duftend und immer perfekt f\u00fcr jeden Anlass.<\/p>\n<hr data-start=\"3726\" data-end=\"3729\">\n<h3 data-start=\"3731\" data-end=\"3753\"> <strong>Produktdaten<\/strong><\/h3>\n<ul data-start=\"3755\" data-end=\"4124\">\n<li data-start=\"3755\" data-end=\"3790\">\n<p data-start=\"3757\" data-end=\"3790\"><strong data-start=\"3757\" data-end=\"3766\">Name:<\/strong> Mam\u00e0 Basilikum-Sauce<\/p>\n<\/li>\n<li data-start=\"3791\" data-end=\"3839\">\n<p data-start=\"3793\" data-end=\"3839\"><strong data-start=\"3793\" data-end=\"3813\">Einzelformat:<\/strong> 5x70g (Nettogewicht 350g)<\/p>\n<\/li>\n<li data-start=\"3840\" data-end=\"3908\">\n<p data-start=\"3842\" data-end=\"3908\"><strong data-start=\"3842\" data-end=\"3858\">Gesamtpack:<\/strong> 3 Packungen = 15 Beutel insgesamt (1.050g netto)<\/p>\n<\/li>\n<li data-start=\"3909\" data-end=\"3963\">\n<p data-start=\"3911\" data-end=\"3963\"><strong data-start=\"3911\" data-end=\"3961\">Glutenfrei, laktosefrei, ohne Allergene<\/strong><\/p>\n<\/li>\n<li data-start=\"3964\" data-end=\"4011\">\n<p data-start=\"3966\" data-end=\"4011\"><strong data-start=\"3966\" data-end=\"4009\">Mit Tomatenmark und Oliven\u00f6l<\/strong><\/p>\n<\/li>\n<li data-start=\"4012\" data-end=\"4035\">\n<p data-start=\"4014\" data-end=\"4035\"><strong data-start=\"4014\" data-end=\"4026\">Herkunft:<\/strong> Italien<\/p>\n<\/li>\n<li data-start=\"4036\" data-end=\"4085\">\n<p data-start=\"4038\" data-end=\"4085\"><strong data-start=\"4038\" data-end=\"4056\">Lagerung:<\/strong> k\u00fchl und trocken<\/p>\n<\/li>\n<li data-start=\"4086\" data-end=\"4124\">\n<p data-start=\"4088\" data-end=\"4124\"><strong data-start=\"4088\" data-end=\"4103\">Anwendung: einfach eingie\u00dfen<\/strong><\/p>\n<\/li>\n<\/ul>\n<hr data-start=\"4126\" data-end=\"4129\">\n<h3 data-start=\"4131\" data-end=\"4191\"> <strong>Der authentische Geschmack Italiens, in jeder Portion<\/strong><\/h3>\n<p data-start=\"4193\" data-end=\"4428\">Mit der <strong data-start=\"4200\" data-end=\"4253\">Mam\u00e0 Basilikum-Sauce \u2013 3er-Pack Einzelportionen<\/strong> bringst du die Einfachheit und G\u00fcte der italienischen K\u00fcche in wenigen Sekunden auf den Tisch.<br data-start=\"4335\" data-end=\"4338\">Eine frische, echte und nat\u00fcrlich gute Sauce, perfekt f\u00fcr jeden Tag und jeden Anlass.<\/p>\n<p data-start=\"4430\" data-end=\"4651\">  Ideal f\u00fcr alle, die <strong data-start=\"4454\" data-end=\"4477\">mediterrane Aromen<\/strong> lieben und <strong data-start=\"4486\" data-end=\"4525\">Bequemlichkeit, Qualit\u00e4t und authentischen Geschmack<\/strong> in einem einzigen Produkt suchen.<br data-start=\"4547\" data-end=\"4550\">\u00d6ffnen und genie\u00dfen \u2014 mit <strong data-start=\"4577\" data-end=\"4585\">Mam\u00e0<\/strong> ist jedes Gericht eine kleine Reise ins Herz Italiens.  <\/p>\n","protected":false},"excerpt":{"rendered":"<p data-start=\"379\" data-end=\"741\">Entdecke den ganzen Duft des Mittelmeers mit der <strong data-start=\"427\" data-end=\"452\">Mam\u00e0 Basilikum-Sauce<\/strong>, der klassischen W\u00fcrze der italienischen Tradition, gebrauchsfertig und perfekt f\u00fcr jeden Anlass.<br data-start=\"549\" data-end=\"552\">Zubereitet mit <strong data-start=\"566\" data-end=\"606\">italienischem Tomatenmark (69,8%)<\/strong>, <strong data-start=\"608\" data-end=\"625\">Oliven\u00f6l<\/strong> und <strong data-start=\"628\" data-end=\"647\">frischem Basilikum<\/strong>, enth\u00e4lt diese Sauce in jedem Beutel die authentische und echte G\u00fcte der Hausmannskost.<\/p>\n<p data-start=\"743\" data-end=\"987\">Im praktischen <strong data-start=\"755\" data-end=\"779\">3er-Pack<\/strong>, jede mit <strong data-start=\"794\" data-end=\"819\">5 Einzelportionen \u00e0 70g<\/strong>, hast du <strong data-start=\"840\" data-end=\"862\">15 fertige Portionen<\/strong> zur Verf\u00fcgung, die du genie\u00dfen kannst, wann und wo du willst \u2014 ideal f\u00fcr schnelle Mahlzeiten, kreative Rezepte oder leichte Mittagessen ohne Geschmacksverzicht.<\/p>\n","protected":false},"featured_media":4274,"template":"","meta":[],"product_brand":[],"product_cat":[100,96],"product_tag":[204,159,154],"class_list":{"0":"post-4441","1":"product","2":"type-product","3":"status-publish","4":"has-post-thumbnail","6":"product_cat-3er-pack","7":"product_cat-fertige-sosen-von-mama","8":"product_tag-basilikum-sauce","9":"product_tag-fertige-sossen-2","10":"product_tag-fertige-sossen-von-mama","12":"first","13":"instock","14":"taxable","15":"shipping-taxable","16":"purchasable","17":"product-type-simple"},"_links":{"self":[{"href":"https:\/\/shop.mamasugo.it\/de\/wp-json\/wp\/v2\/product\/4441","targetHints":{"allow":["GET"]}}],"collection":[{"href":"https:\/\/shop.mamasugo.it\/de\/wp-json\/wp\/v2\/product"}],"about":[{"href":"https:\/\/shop.mamasugo.it\/de\/wp-json\/wp\/v2\/types\/product"}],"wp:featuredmedia":[{"embeddable":true,"href":"https:\/\/shop.mamasugo.it\/de\/wp-json\/wp\/v2\/media\/4274"}],"wp:attachment":[{"href":"https:\/\/shop.mamasugo.it\/de\/wp-json\/wp\/v2\/media?parent=4441"}],"wp:term":[{"taxonomy":"product_brand","embeddable":true,"href":"https:\/\/shop.mamasugo.it\/de\/wp-json\/wp\/v2\/product_brand?post=4441"},{"taxonomy":"product_cat","embeddable":true,"href":"https:\/\/shop.mamasugo.it\/de\/wp-json\/wp\/v2\/product_cat?post=4441"},{"taxonomy":"product_tag","embeddable":true,"href":"https:\/\/shop.mamasugo.it\/de\/wp-json\/wp\/v2\/product_tag?post=4441"}],"curies":[{"name":"wp","href":"https:\/\/api.w.org\/{rel}","templated":true}]}}