{"id":4430,"date":"2025-04-22T14:00:44","date_gmt":"2025-04-22T14:00:44","guid":{"rendered":"https:\/\/shop.mamasugo.it\/prodotto\/mama-basilikum-sauce-einzelportionen-5x70g-italienischer-geschmack-100-natuerlich-und-glutenfrei\/"},"modified":"2025-04-22T14:00:44","modified_gmt":"2025-04-22T14:00:44","slug":"mama-basilikum-sauce-einzelportionen-5x70g-italienischer-geschmack-100-natuerlich-und-glutenfrei","status":"publish","type":"product","link":"https:\/\/shop.mamasugo.it\/de\/prodotto\/mama-basilikum-sauce-einzelportionen-5x70g-italienischer-geschmack-100-natuerlich-und-glutenfrei\/","title":{"rendered":"Mam\u00e0 Basilikum-Sauce Einzelportionen 5x70g | Italienischer Geschmack, 100% Nat\u00fcrlich und Glutenfrei"},"content":{"rendered":"<h3 data-start=\"265\" data-end=\"360\"><strong>Mam\u00e0 Basilikum-Sauce Einzelportionen 5x70g \u2013 Italienischer Geschmack, 100% Nat\u00fcrlich und Glutenfrei<\/strong><\/h3>\n<p data-start=\"362\" data-end=\"717\">Entdecke die <strong data-start=\"372\" data-end=\"397\">Mam\u00e0 Basilikum-Sauce<\/strong>, die fertige W\u00fcrze, die den ganzen Geschmack der <strong data-start=\"469\" data-end=\"501\">traditionellen italienischen K\u00fcche<\/strong> in einem praktischen und cleveren Format auf deinen Tisch bringt.<br data-start=\"538\" data-end=\"541\">Hergestellt mit <strong data-start=\"556\" data-end=\"596\">italienischem Tomatenmark (69,8%)<\/strong>, <strong data-start=\"598\" data-end=\"615\">Oliven\u00f6l<\/strong> und <strong data-start=\"618\" data-end=\"639\">nat\u00fcrlichem Basilikum<\/strong>, ist diese Sauce perfekt f\u00fcr alle, die gerne gut essen, auch wenn sie wenig Zeit haben.<\/p>\n<p data-start=\"719\" data-end=\"951\">Jede Packung enth\u00e4lt <strong data-start=\"744\" data-end=\"778\">5 praktische Einzelportionen \u00e0 70g<\/strong>, ideal f\u00fcr schnelle Pasta, ein leichtes Gericht oder ein kreatives Rezept.<br data-start=\"848\" data-end=\"851\">\u00d6ffnen und genie\u00dfen: Du hast eine duftende, authentische und k\u00f6stliche Sauce wie hausgemacht.<\/p>\n<hr data-start=\"953\" data-end=\"956\">\n<h3 data-start=\"958\" data-end=\"1003\">\u2764\ufe0f <strong>Warum du die Mam\u00e0 Basilikum-Sauce lieben wirst<\/strong><\/h3>\n<p data-start=\"1005\" data-end=\"1651\">\u2705 <strong data-start=\"1007\" data-end=\"1035\">Authentischer und frischer Geschmack<\/strong> \u2013 Zubereitet mit italienischem Tomatenmark, Kr\u00e4utern und Basilikum\u00f6l f\u00fcr einen unwiderstehlichen Duft.<br data-start=\"1146\" data-end=\"1149\">\u2705 <strong data-start=\"1151\" data-end=\"1168\">100% nat\u00fcrlich<\/strong> \u2013 Ohne Farbstoffe, ohne k\u00fcnstliche Aromen und ohne Konservierungsstoffe. Nur authentische Zutaten.<br data-start=\"1258\" data-end=\"1261\">\u2705 <g id=\"gid_2\">F\u00fcr alle geeignet<\/g> \u2013 Glutenfrei, laktosefrei, vegan und frei von Allergenen. Perfekt f\u00fcr Menschen mit Unvertr\u00e4glichkeiten oder die eine pflanzliche Ern\u00e4hrung befolgen.<br data-start=\"1404\" data-end=\"1407\">\u2705 <strong data-start=\"1409\" data-end=\"1428\">Praktisches Format<\/strong> \u2013 5 Einzelportionsbeutel \u00e0 70g, ideal f\u00fcr eine schnelle Mahlzeit, im B\u00fcro, auf Reisen oder um Verschwendung zu vermeiden.<br data-start=\"1535\" data-end=\"1538\">\u2705 <strong data-start=\"1540\" data-end=\"1557\">Made in Italy<\/strong> \u2013 Mit all der Liebe und Qualit\u00e4t von Mam\u00e0, Synonym f\u00fcr Tradition und Leidenschaft f\u00fcr gutes Essen.  <\/p>\n<hr data-start=\"1653\" data-end=\"1656\">\n<h3 data-start=\"1658\" data-end=\"1711\"><strong>\u200d Ausgew\u00e4hlte Zutaten, ausgewogenes Rezept<\/strong><\/h3>\n<p data-start=\"1713\" data-end=\"1833\">Jeder L\u00f6ffel Mam\u00e0 Basilikum-Sauce ist ein Konzentrat aus Einfachheit und Geschmack.<br data-start=\"1793\" data-end=\"1796\">Die Hauptzutaten umfassen:<\/p>\n<ul data-start=\"1835\" data-end=\"2095\">\n<li data-start=\"1835\" data-end=\"1870\">\n<p data-start=\"1837\" data-end=\"1870\"><strong data-start=\"1837\" data-end=\"1868\">Tomatenmark (69,8%)<\/strong><\/p>\n<\/li>\n<li data-start=\"1871\" data-end=\"1928\">\n<p data-start=\"1873\" data-end=\"1928\"><strong data-start=\"1873\" data-end=\"1890\">Oliven\u00f6l<\/strong> und <strong data-start=\"1893\" data-end=\"1926\">mit Basilikum aromatisiertes \u00d6l<\/strong><\/p>\n<\/li>\n<li data-start=\"1929\" data-end=\"1984\">\n<p data-start=\"1931\" data-end=\"1984\"><strong data-start=\"1931\" data-end=\"1982\">Knoblauch, Zwiebel, Karotte, Lauch und nat\u00fcrliche Gew\u00fcrze<\/strong><\/p>\n<\/li>\n<li data-start=\"1985\" data-end=\"2056\">\n<p data-start=\"1987\" data-end=\"2056\"><strong data-start=\"1987\" data-end=\"2016\">Getrocknete Tomatenflocken<\/strong> und <strong data-start=\"2019\" data-end=\"2054\">nat\u00fcrliche Aromen von gemischtem Gem\u00fcse<\/strong><\/p>\n<\/li>\n<li data-start=\"2057\" data-end=\"2095\">\n<p data-start=\"2059\" data-end=\"2095\"><strong data-start=\"2059\" data-end=\"2093\">Keine k\u00fcnstlichen Zutaten<\/strong><\/p>\n<\/li>\n<\/ul>\n<p data-start=\"2097\" data-end=\"2192\">Das Ergebnis? Eine duftende, ausgewogene und samtige Sauce, die nach Zuhause und italienischer Sonne schmeckt. <\/p>\n<hr data-start=\"2194\" data-end=\"2197\">\n<h3 data-start=\"2199\" data-end=\"2232\">\u2728 <strong>Perfekt f\u00fcr jeden Anlass<\/strong><\/h3>\n<p data-start=\"2234\" data-end=\"2351\">Das Einzelportionsformat ist die ideale L\u00f6sung f\u00fcr alle, die eine immer frische und gebrauchsfertige Sauce wollen.<br data-start=\"2333\" data-end=\"2336\">Es ist perfekt f\u00fcr:<\/p>\n<p data-start=\"2353\" data-end=\"2763\"> <strong data-start=\"2356\" data-end=\"2376\">Ein schnelles Mittagessen<\/strong> \u2013 Erw\u00e4rme die Sauce und w\u00fcrze deine Pasta in weniger als 2 Minuten.<br data-start=\"2438\" data-end=\"2441\"> <strong data-start=\"2444\" data-end=\"2463\">Leichte Rezepte<\/strong> \u2013 F\u00fcge sie zu Gem\u00fcse, H\u00fclsenfr\u00fcchten oder Getreide f\u00fcr einen Hauch mediterranen Geschmacks hinzu.<br data-start=\"2541\" data-end=\"2544\"> <strong data-start=\"2547\" data-end=\"2574\">Auf Reisen oder im B\u00fcro<\/strong> \u2013 Nimm sie \u00fcberall mit hin, ohne K\u00fchlschrank oder komplizierte Zubereitungen.<br data-start=\"2650\" data-end=\"2653\">\u200d\u200d <strong data-start=\"2662\" data-end=\"2691\">Richtige Portionen f\u00fcr alle<\/strong> \u2013 Keine Verschwendung, nur Geschmack. Ideal f\u00fcr Singles, Familien oder Studenten. <\/p>\n<hr data-start=\"2765\" data-end=\"2768\">\n<h3 data-start=\"2770\" data-end=\"2812\"><strong>Gluten-, laktose- und allergenfrei<\/strong><\/h3>\n<p data-start=\"2814\" data-end=\"3051\">Mam\u00e0 denkt an alle: Diese Sauce ist <strong data-start=\"2848\" data-end=\"2877\">zertifiziert glutenfrei<\/strong>, <strong data-start=\"2879\" data-end=\"2897\">laktosefrei<\/strong>, <strong data-start=\"2899\" data-end=\"2909\">vegan<\/strong> und <strong data-start=\"2912\" data-end=\"2938\">frei von h\u00e4ufigen Allergenen<\/strong>.<br data-start=\"2939\" data-end=\"2942\">Ein vielseitiges und sicheres Produkt f\u00fcr alle, die gute, gesunde Lebensmittel suchen, die jede Ern\u00e4hrungsanforderung respektieren.<\/p>\n<hr data-start=\"3053\" data-end=\"3056\">\n<h3 data-start=\"3058\" data-end=\"3085\"><strong>Qualit\u00e4t mit Mam\u00e0-Siegel<\/strong><\/h3>\n<p data-start=\"3087\" data-end=\"3444\">Die Marke <strong data-start=\"3098\" data-end=\"3106\">Mam\u00e0<\/strong> steht f\u00fcr italienische Tradition und Liebe zum Detail.<br data-start=\"3167\" data-end=\"3170\">Jede Sauce wird mit <strong data-start=\"3197\" data-end=\"3228\">hochwertigen Zutaten<\/strong> hergestellt, nach einfachen aber geschmacksreichen Rezepten, genau wie die hausgemachten.<br data-start=\"3309\" data-end=\"3312\">Mit Mam\u00e0 bringst du die Authentizit\u00e4t eines italienischen Gerichts auf den Tisch, das in einem Augenblick fertig ist, mit der Sicherheit eines gesunden und zertifizierten Produkts.<\/p>\n<hr data-start=\"3446\" data-end=\"3449\">\n<h3 data-start=\"3451\" data-end=\"3471\"><strong>Produktdaten<\/strong><\/h3>\n<ul data-start=\"3472\" data-end=\"3722\">\n<li data-start=\"3472\" data-end=\"3507\">\n<p data-start=\"3474\" data-end=\"3507\"><strong data-start=\"3474\" data-end=\"3483\">Name:<\/strong> Mam\u00e0 Basilikum-Sauce<\/p>\n<\/li>\n<li data-start=\"3508\" data-end=\"3555\">\n<p data-start=\"3510\" data-end=\"3555\"><strong data-start=\"3510\" data-end=\"3522\">Format:<\/strong> 5x70g (Gesamtnettogewicht 240g)<\/p>\n<\/li>\n<li data-start=\"3556\" data-end=\"3610\">\n<p data-start=\"3558\" data-end=\"3610\"><strong data-start=\"3558\" data-end=\"3608\">Glutenfrei, laktosefrei, allergenfrei<\/strong><\/p>\n<\/li>\n<li data-start=\"3611\" data-end=\"3648\">\n<p data-start=\"3613\" data-end=\"3648\"><strong data-start=\"3613\" data-end=\"3646\">Geeignet f\u00fcr Veganer und Vegetarier<\/strong><\/p>\n<\/li>\n<li data-start=\"3649\" data-end=\"3672\">\n<p data-start=\"3651\" data-end=\"3672\"><strong data-start=\"3651\" data-end=\"3663\">Herkunft:<\/strong> Italien<\/p>\n<\/li>\n<li data-start=\"3673\" data-end=\"3722\">\n<p data-start=\"3675\" data-end=\"3722\"><strong data-start=\"3675\" data-end=\"3693\">Lagerung:<\/strong> k\u00fchl und trocken<\/p>\n<\/li>\n<\/ul>\n<hr data-start=\"3724\" data-end=\"3727\">\n<h3 data-start=\"3729\" data-end=\"3768\"><strong>Genie\u00dfe Italien, wo immer du bist<\/strong><\/h3>\n<p data-start=\"3770\" data-end=\"4010\">Mit der <strong data-start=\"3777\" data-end=\"3815\">Mam\u00e0 Basilikum-Sauce Einzelportion<\/strong> kannst du den Geschmack der italienischen K\u00fcche \u00fcberall hin mitnehmen: nach Hause, zur Arbeit oder auf Reisen.<br data-start=\"3902\" data-end=\"3905\">Eine gute, authentische und praktische Sauce \u2014 perfekt f\u00fcr alle, die auch an den hektischsten Tagen gut essen wollen.<\/p>\n<p data-start=\"4012\" data-end=\"4097\">\u00d6ffne den Beutel und koste den Geschmack der Einfachheit mit <strong data-start=\"4081\" data-end=\"4089\">Mam\u00e0<\/strong>-Siegel.<\/p>\n","protected":false},"excerpt":{"rendered":"<p data-start=\"362\" data-end=\"717\">Entdecke die <strong data-start=\"372\" data-end=\"397\">Mam\u00e0 Basilikum-Sauce<\/strong>, die fertige W\u00fcrze, die den ganzen Geschmack der <strong data-start=\"469\" data-end=\"501\">traditionellen italienischen K\u00fcche<\/strong> in einem praktischen und cleveren Format auf deinen Tisch bringt.<br data-start=\"538\" data-end=\"541\">Hergestellt mit <strong data-start=\"556\" data-end=\"596\">italienischem Tomatenmark (69,8%)<\/strong>, <strong data-start=\"598\" data-end=\"615\">Oliven\u00f6l<\/strong> und <strong data-start=\"618\" data-end=\"639\">nat\u00fcrlichem Basilikum<\/strong>, ist diese Sauce perfekt f\u00fcr alle, die gerne gut essen, auch wenn sie wenig Zeit haben.<\/p>\n<p data-start=\"719\" data-end=\"951\">Jede Packung enth\u00e4lt <strong data-start=\"744\" data-end=\"778\">5 praktische Einzelportionen \u00e0 70g<\/strong>, ideal f\u00fcr schnelle Pasta, ein leichtes Gericht oder ein kreatives Rezept.<br data-start=\"848\" data-end=\"851\">\u00d6ffnen und genie\u00dfen: Du hast eine duftende, authentische und k\u00f6stliche Sauce wie hausgemacht.<\/p>\n","protected":false},"featured_media":4393,"template":"","meta":[],"product_brand":[],"product_cat":[98,96],"product_tag":[204,205,159,154],"class_list":{"0":"post-4430","1":"product","2":"type-product","3":"status-publish","4":"has-post-thumbnail","6":"product_cat-einzelpackung","7":"product_cat-fertige-sosen-von-mama","8":"product_tag-basilikum-sauce","9":"product_tag-basilikum-sauce-mama","10":"product_tag-fertige-sossen-2","11":"product_tag-fertige-sossen-von-mama","13":"first","14":"instock","15":"taxable","16":"shipping-taxable","17":"purchasable","18":"product-type-simple"},"_links":{"self":[{"href":"https:\/\/shop.mamasugo.it\/de\/wp-json\/wp\/v2\/product\/4430","targetHints":{"allow":["GET"]}}],"collection":[{"href":"https:\/\/shop.mamasugo.it\/de\/wp-json\/wp\/v2\/product"}],"about":[{"href":"https:\/\/shop.mamasugo.it\/de\/wp-json\/wp\/v2\/types\/product"}],"wp:featuredmedia":[{"embeddable":true,"href":"https:\/\/shop.mamasugo.it\/de\/wp-json\/wp\/v2\/media\/4393"}],"wp:attachment":[{"href":"https:\/\/shop.mamasugo.it\/de\/wp-json\/wp\/v2\/media?parent=4430"}],"wp:term":[{"taxonomy":"product_brand","embeddable":true,"href":"https:\/\/shop.mamasugo.it\/de\/wp-json\/wp\/v2\/product_brand?post=4430"},{"taxonomy":"product_cat","embeddable":true,"href":"https:\/\/shop.mamasugo.it\/de\/wp-json\/wp\/v2\/product_cat?post=4430"},{"taxonomy":"product_tag","embeddable":true,"href":"https:\/\/shop.mamasugo.it\/de\/wp-json\/wp\/v2\/product_tag?post=4430"}],"curies":[{"name":"wp","href":"https:\/\/api.w.org\/{rel}","templated":true}]}}