{"id":4386,"date":"2023-10-06T21:20:44","date_gmt":"2023-10-06T21:20:44","guid":{"rendered":"https:\/\/shop.mamasugo.it\/prodotto\/mama-probierbox-einzelportionssaucen-alle-5-geschmacksrichtungen-genuss-frische-und-bequemlichkeit\/"},"modified":"2023-10-06T21:20:44","modified_gmt":"2023-10-06T21:20:44","slug":"mama-probierbox-einzelportionssaucen-alle-5-geschmacksrichtungen-genuss-frische-und-bequemlichkeit","status":"publish","type":"product","link":"https:\/\/shop.mamasugo.it\/de\/prodotto\/mama-probierbox-einzelportionssaucen-alle-5-geschmacksrichtungen-genuss-frische-und-bequemlichkeit\/","title":{"rendered":"Mam\u00e0 Probierbox Einzelportionssaucen \u2013 Alle 5 Geschmacksrichtungen | Genuss, Frische und Bequemlichkeit"},"content":{"rendered":"<h3 data-start=\"190\" data-end=\"294\"><strong>Mam\u00e0 Probierbox Einzelportionssaucen \u2013 Packung 25x70g Alle 5 Geschmacksrichtungen | Genuss, Frische und Bequemlichkeit<\/strong><\/h3>\n<p data-start=\"296\" data-end=\"674\">Entdecke den <strong data-start=\"306\" data-end=\"349\">Genuss authentischer italienischer K\u00fcche<\/strong> mit der <strong data-start=\"357\" data-end=\"401\">Mam\u00e0 Probierbox Einzelportionssaucen<\/strong>, ein Paket f\u00fcr alle, die gerne experimentieren und jeden Tag eine andere So\u00dfe genie\u00dfen m\u00f6chten.<br data-start=\"493\" data-end=\"496\">Diese exklusive Box enth\u00e4lt <strong data-start=\"525\" data-end=\"565\">alle 5 beliebtesten Mam\u00e0-Geschmacksrichtungen<\/strong> in praktischen 70g-Einzelportionsbeuteln, perfekt zum Probieren, Kombinieren und Kreieren einzigartiger und leckerer Gerichte.<\/p>\n<p data-start=\"676\" data-end=\"964\">Mit dieser Box wird jede Mahlzeit zu einer Reise durch die Aromen der italienischen Tradition: vom frischen <strong data-start=\"773\" data-end=\"793\">Basilikum-Sugo<\/strong>, zur cremigen <strong data-start=\"806\" data-end=\"829\">Paprika-Pecorino-So\u00dfe<\/strong>, \u00fcber die pikante <strong data-start=\"856\" data-end=\"874\">Arrabbiata<\/strong>, bis hin zum eleganten <strong data-start=\"894\" data-end=\"913\">Tr\u00fcffel-Sugo<\/strong> und dem duftenden <strong data-start=\"929\" data-end=\"961\">Basilikumpesto mit Zitrone<\/strong>.<\/p>\n<hr data-start=\"966\" data-end=\"969\">\n<h3 data-start=\"971\" data-end=\"1021\"><strong>Warum die Mam\u00e0 Probierbox w\u00e4hlen<\/strong><\/h3>\n<p data-start=\"1023\" data-end=\"1488\">\u2705 <strong data-start=\"1025\" data-end=\"1060\">Probiere alle 5 Mam\u00e0-Geschmacksrichtungen<\/strong> \u2013 Entdecke die beliebtesten Sorten in einem einzigen Paket.<br data-start=\"1108\" data-end=\"1111\">\u2705 <strong data-start=\"1113\" data-end=\"1145\">Praktisches Einzelportionsformat<\/strong> \u2013 70g-Beutel f\u00fcr stets frische und fertige Mahlzeiten.<br data-start=\"1197\" data-end=\"1200\">\u2705 <strong data-start=\"1202\" data-end=\"1241\">Gluten-, laktose- und allergenfrei<\/strong> \u2013 Perfekt f\u00fcr alle.<br data-start=\"1263\" data-end=\"1266\">\u2705 <strong data-start=\"1268\" data-end=\"1300\">100 % nat\u00fcrliche Zutaten<\/strong> \u2013 Ohne Farb-, Konservierungs- oder k\u00fcnstliche Aromastoffe.<br data-start=\"1352\" data-end=\"1355\">\u2705 <strong data-start=\"1357\" data-end=\"1380\">Praktisch und vielseitig<\/strong> \u2013 Ideal f\u00fcr Zuhause, B\u00fcro oder Reisen.<br data-start=\"1417\" data-end=\"1420\">\u2705 <strong data-start=\"1422\" data-end=\"1439\">Made in Italy<\/strong> \u2013 Italienische Qualit\u00e4t und Leidenschaft in jedem Beutel.<\/p>\n<hr data-start=\"1490\" data-end=\"1493\">\n<h3 data-start=\"1495\" data-end=\"1522\"><strong>Die 5 enthaltenen Geschmacksrichtungen<\/strong><\/h3>\n<ol data-start=\"1524\" data-end=\"2005\">\n<li data-start=\"1524\" data-end=\"1616\">\n<p data-start=\"1527\" data-end=\"1616\"><strong data-start=\"1527\" data-end=\"1547\">Basilikum-Sugo<\/strong> \u2013 S\u00fc\u00dfe der Tomatenpassata und frischer Basilikumduft.<\/p>\n<\/li>\n<li data-start=\"1617\" data-end=\"1728\">\n<p data-start=\"1620\" data-end=\"1728\"><strong data-start=\"1620\" data-end=\"1648\">Paprika-Pecorino-So\u00dfe<\/strong> \u2013 Die perfekte Mischung aus der S\u00fc\u00dfe von Paprika und der W\u00fcrze des italienischen Pecorino.<\/p>\n<\/li>\n<li data-start=\"1729\" data-end=\"1819\">\n<p data-start=\"1732\" data-end=\"1819\"><strong data-start=\"1732\" data-end=\"1755\">Arrabbiata-Sugo<\/strong> \u2013 Pikant und aromatisch, perfekt f\u00fcr alle, die eine kr\u00e4ftige Note lieben.<\/p>\n<\/li>\n<li data-start=\"1820\" data-end=\"1913\">\n<p data-start=\"1823\" data-end=\"1913\"><strong data-start=\"1823\" data-end=\"1842\">Tr\u00fcffel-Sugo<\/strong> \u2013 Elegant und raffiniert, mit dem intensiven Duft des italienischen Tr\u00fcffels.<\/p>\n<\/li>\n<li data-start=\"1914\" data-end=\"2005\">\n<p data-start=\"1917\" data-end=\"2005\"><strong data-start=\"1917\" data-end=\"1949\">Basilikumpesto mit Zitrone<\/strong> \u2013 Frisch, cremig und duftend, mit einer zitrusartigen Note.<\/p>\n<\/li>\n<\/ol>\n<p data-start=\"2007\" data-end=\"2133\">Jede Geschmacksrichtung ist in 70g-Beuteln verpackt, was <strong data-start=\"2064\" data-end=\"2090\">Frische und Bequemlichkeit<\/strong> garantiert: \u00d6ffne nur, was du brauchst, ohne Verschwendung.<\/p>\n<hr data-start=\"2135\" data-end=\"2138\">\n<h3 data-start=\"2140\" data-end=\"2165\"><strong>Anwendung<\/strong><\/h3>\n<p data-start=\"2167\" data-end=\"2258\">Die <strong data-start=\"2170\" data-end=\"2214\">Mam\u00e0 Probierbox Einzelportionssaucen<\/strong> ist perfekt, um neue Gerichte auszuprobieren:<\/p>\n<p data-start=\"2260\" data-end=\"2616\"> <strong data-start=\"2263\" data-end=\"2279\">Mit Pasta<\/strong> \u2013 Von Spaghetti \u00fcber Penne, Fusilli oder Tagliatelle, jede So\u00dfe verfeinert das Gericht mit ihrem einzigartigen Aroma.<br data-start=\"2377\" data-end=\"2380\"> <strong data-start=\"2383\" data-end=\"2408\">Auf Pizza und Bruschetta<\/strong> \u2013 Ein Beutel f\u00fcr einen Gourmet-Touch.<br data-start=\"2444\" data-end=\"2447\"> <strong data-start=\"2450\" data-end=\"2491\">F\u00fcr kalte Gerichte oder Nudelsalate<\/strong> \u2013 Perfekt mit Getreide, H\u00fclsenfr\u00fcchten und Gem\u00fcse.<br data-start=\"2533\" data-end=\"2536\"> <strong data-start=\"2539\" data-end=\"2572\">F\u00fcr Hauptgerichte und Beilagen<\/strong> \u2013 Fertige So\u00dfe f\u00fcr Fleisch, Fisch oder Gem\u00fcse.<\/p>\n<hr data-start=\"2711\" data-end=\"2714\">\n<h3 data-start=\"2716\" data-end=\"2760\"><strong>Gluten-, laktose- und allergenfrei<\/strong><\/h3>\n<p data-start=\"2762\" data-end=\"2980\">Die <strong data-start=\"2765\" data-end=\"2790\">Mam\u00e0 Probierbox<\/strong> ist <strong data-start=\"2793\" data-end=\"2810\">glutenfrei<\/strong>, <strong data-start=\"2812\" data-end=\"2830\">laktosefrei<\/strong> und <strong data-start=\"2833\" data-end=\"2862\">frei von g\u00e4ngigen Allergenen<\/strong>, ideal f\u00fcr alle, die eine gesunde, nat\u00fcrliche und leckere Mahlzeit w\u00fcnschen, ohne auf den Genuss einer authentischen So\u00dfe zu verzichten.<\/p>\n<p data-start=\"2982\" data-end=\"3133\">Die Einzelportionsbeutel garantieren <strong data-start=\"3017\" data-end=\"3056\">Bequemlichkeit, Frische und null Verschwendung<\/strong>!<\/p>\n<hr data-start=\"3135\" data-end=\"3138\">\n<h3 data-start=\"3140\" data-end=\"3192\"><strong>Mam\u00e0 Qualit\u00e4t \u2013 Die ganze italienische Tradition<\/strong><\/h3>\n<p data-start=\"3194\" data-end=\"3520\">Jeder Beutel enth\u00e4lt <strong data-start=\"3217\" data-end=\"3253\">sorgf\u00e4ltig ausgew\u00e4hlte Zutaten<\/strong> und eine schonende Verarbeitung, die Geschmack, Aroma und Farbe intakt h\u00e4lt.<br data-start=\"3325\" data-end=\"3328\">Die <strong data-start=\"3331\" data-end=\"3375\">Mam\u00e0 Probierbox Einzelportionssaucen<\/strong> ist ideal f\u00fcr alle, die alle Geschmacksrichtungen probieren, ihre Vorlieben entdecken und <strong data-start=\"3479\" data-end=\"3517\">leckere, schnelle und authentische Gerichte<\/strong> auf den Tisch bringen m\u00f6chten.<\/p>\n<hr data-start=\"3522\" data-end=\"3525\">\n<h3 data-start=\"3527\" data-end=\"3549\"><strong>Produktdaten<\/strong><\/h3>\n<ul data-start=\"3551\" data-end=\"3905\">\n<li data-start=\"3551\" data-end=\"3605\">\n<p data-start=\"3553\" data-end=\"3605\"><strong data-start=\"3553\" data-end=\"3562\">Name:<\/strong> Mam\u00e0 Probierbox Einzelportionssaucen<\/p>\n<\/li>\n<li data-start=\"3606\" data-end=\"3678\">\n<p data-start=\"3608\" data-end=\"3678\"><strong data-start=\"3608\" data-end=\"3622\">Inhalt:<\/strong> 5 verschiedene Geschmacksrichtungen \u00d7 70g-Beutel = insgesamt 25 Beutel<\/p>\n<\/li>\n<li data-start=\"3679\" data-end=\"3722\">\n<p data-start=\"3681\" data-end=\"3722\"><strong data-start=\"3681\" data-end=\"3720\">Gluten-, laktose- und allergenfrei<\/strong><\/p>\n<\/li>\n<li data-start=\"3723\" data-end=\"3792\">\n<p data-start=\"3725\" data-end=\"3792\"><strong data-start=\"3725\" data-end=\"3790\">Mit Tomatenpassata, Oliven\u00f6l und nat\u00fcrlichen Zutaten<\/strong><\/p>\n<\/li>\n<li data-start=\"3793\" data-end=\"3816\">\n<p data-start=\"3795\" data-end=\"3816\"><strong data-start=\"3795\" data-end=\"3807\">Herkunft:<\/strong> Italien<\/p>\n<\/li>\n<li data-start=\"3817\" data-end=\"3866\">\n<p data-start=\"3819\" data-end=\"3866\"><strong data-start=\"3819\" data-end=\"3837\">Lagerung:<\/strong> k\u00fchl und trocken<\/p>\n<\/li>\n<li data-start=\"3867\" data-end=\"3905\">\n<p data-start=\"3869\" data-end=\"3905\"><strong data-start=\"3869\" data-end=\"3884\">Anwendung:<\/strong> einfach \u00fcbergie\u00dfen<\/p>\n<\/li>\n<\/ul>\n<hr data-start=\"3907\" data-end=\"3910\">\n<h3 data-start=\"3912\" data-end=\"3947\"><strong>Ganz Italien in einer Box<\/strong><\/h3>\n<p data-start=\"3949\" data-end=\"4222\">Mit der <strong data-start=\"3956\" data-end=\"4000\">Mam\u00e0 Probierbox Einzelportionssaucen<\/strong> kannst du jeden Tag eine andere Geschmacksrichtung genie\u00dfen und <strong data-start=\"4065\" data-end=\"4133\">Frische, Bequemlichkeit und den authentischen Geschmack der italienischen K\u00fcche<\/strong> auf den Tisch bringen.<br data-start=\"4134\" data-end=\"4137\">\u00d6ffne und genie\u00dfe \u2013 mit <strong data-start=\"4164\" data-end=\"4172\">Mam\u00e0<\/strong> wird jede Mahlzeit zu einem einzigartigen Erlebnis.<\/p>\n","protected":false},"excerpt":{"rendered":"<p data-start=\"296\" data-end=\"674\">Entdecke den <strong data-start=\"306\" data-end=\"349\">Genuss authentischer italienischer K\u00fcche<\/strong> mit der <strong data-start=\"357\" data-end=\"401\">Mam\u00e0 Probierbox Einzelportionssaucen<\/strong>, ein Paket f\u00fcr alle, die gerne experimentieren und jeden Tag eine andere So\u00dfe genie\u00dfen m\u00f6chten.<br data-start=\"493\" data-end=\"496\">Diese exklusive Box enth\u00e4lt <strong data-start=\"525\" data-end=\"565\">alle 5 beliebtesten Mam\u00e0-Geschmacksrichtungen<\/strong> in praktischen 70g-Einzelportionsbeuteln, perfekt zum Probieren, Kombinieren und Kreieren einzigartiger und leckerer Gerichte.<\/p>\n<p data-start=\"676\" data-end=\"964\">Mit dieser Box wird jede Mahlzeit zu einer Reise durch die Aromen der italienischen Tradition: vom frischen <strong data-start=\"773\" data-end=\"793\">Basilikum-Sugo<\/strong>, zur cremigen <strong data-start=\"806\" data-end=\"829\">Paprika-Pecorino-So\u00dfe<\/strong>, \u00fcber die pikante <strong data-start=\"856\" data-end=\"874\">Arrabbiata<\/strong>, bis hin zum eleganten <strong data-start=\"894\" data-end=\"913\">Tr\u00fcffel-Sugo<\/strong> und dem duftenden <strong data-start=\"929\" data-end=\"961\">Basilikumpesto mit Zitrone<\/strong>.<\/p>\n","protected":false},"featured_media":4388,"template":"","meta":[],"product_brand":[],"product_cat":[97,96],"product_tag":[134,139,129,198],"class_list":{"0":"post-4386","1":"product","2":"type-product","3":"status-publish","4":"has-post-thumbnail","6":"product_cat-bundle","7":"product_cat-fertige-sosen-von-mama","8":"product_tag-mama-fertige-sosen","9":"product_tag-sosen","10":"product_tag-sosen-mama","11":"product_tag-verkostungsbox","13":"first","14":"instock","15":"taxable","16":"shipping-taxable","17":"purchasable","18":"product-type-simple"},"_links":{"self":[{"href":"https:\/\/shop.mamasugo.it\/de\/wp-json\/wp\/v2\/product\/4386","targetHints":{"allow":["GET"]}}],"collection":[{"href":"https:\/\/shop.mamasugo.it\/de\/wp-json\/wp\/v2\/product"}],"about":[{"href":"https:\/\/shop.mamasugo.it\/de\/wp-json\/wp\/v2\/types\/product"}],"wp:featuredmedia":[{"embeddable":true,"href":"https:\/\/shop.mamasugo.it\/de\/wp-json\/wp\/v2\/media\/4388"}],"wp:attachment":[{"href":"https:\/\/shop.mamasugo.it\/de\/wp-json\/wp\/v2\/media?parent=4386"}],"wp:term":[{"taxonomy":"product_brand","embeddable":true,"href":"https:\/\/shop.mamasugo.it\/de\/wp-json\/wp\/v2\/product_brand?post=4386"},{"taxonomy":"product_cat","embeddable":true,"href":"https:\/\/shop.mamasugo.it\/de\/wp-json\/wp\/v2\/product_cat?post=4386"},{"taxonomy":"product_tag","embeddable":true,"href":"https:\/\/shop.mamasugo.it\/de\/wp-json\/wp\/v2\/product_tag?post=4386"}],"curies":[{"name":"wp","href":"https:\/\/api.w.org\/{rel}","templated":true}]}}