{"id":4349,"date":"2025-04-22T14:26:07","date_gmt":"2025-04-22T14:26:07","guid":{"rendered":"https:\/\/shop.mamasugo.it\/prodotto\/mama-basilikum-pesto-mit-zitrone-packung-15x70g-frische-geschmack-und-bequemlichkeit\/"},"modified":"2025-04-22T14:26:07","modified_gmt":"2025-04-22T14:26:07","slug":"mama-basilikum-pesto-mit-zitrone-packung-15x70g-frische-geschmack-und-bequemlichkeit","status":"publish","type":"product","link":"https:\/\/shop.mamasugo.it\/de\/prodotto\/mama-basilikum-pesto-mit-zitrone-packung-15x70g-frische-geschmack-und-bequemlichkeit\/","title":{"rendered":"Mam\u00e0 Basilikum-Pesto mit Zitrone \u2013 Packung 15x70g | Frische, Geschmack und Bequemlichkeit"},"content":{"rendered":"<h3 data-start=\"252\" data-end=\"355\"> <strong>Mam\u00e0 Basilikum-Pesto mit Zitrone \u2013 Packung mit 3 Einheiten \u00e0 5x70g | Frische, Geschmack und Bequemlichkeit<\/strong><\/h3>\n<p data-start=\"357\" data-end=\"676\">Entdecke den authentischen Geschmack des <strong data-start=\"390\" data-end=\"408\">italienischen Pestos<\/strong> neu, mit einer frischen und \u00fcberraschenden Note dank des <strong data-start=\"454\" data-end=\"491\">Mam\u00e0 Basilikum-Pestos mit Zitrone<\/strong>.<br data-start=\"492\" data-end=\"495\">Eine einzigartige und raffinierte W\u00fcrze, entstanden aus der Begegnung von <strong data-start=\"554\" data-end=\"573\">frischem Basilikum<\/strong> und dem <strong data-start=\"579\" data-end=\"610\">zitrusartigen Duft der Zitrone<\/strong>, perfekt, um jedem Gericht einen Hauch von Leichtigkeit und Frische zu verleihen.<\/p>\n<p data-start=\"678\" data-end=\"970\">Die <strong data-start=\"681\" data-end=\"705\">3er-Packung<\/strong>, jede mit <strong data-start=\"720\" data-end=\"740\">5 Beuteln \u00e0 70g<\/strong>, bietet <strong data-start=\"748\" data-end=\"774\">insgesamt 15 Einzelportionen<\/strong>, ideal f\u00fcr alle, die immer eine frische, gesunde und gebrauchsfertige W\u00fcrze zur Hand haben m\u00f6chten.<br data-start=\"872\" data-end=\"875\">Perfekt f\u00fcr schnelle Mahlzeiten, Mittagessen im B\u00fcro oder um die italienische K\u00fcche \u00fcberall zu genie\u00dfen.<\/p>\n<hr data-start=\"972\" data-end=\"975\">\n<h3 data-start=\"977\" data-end=\"1033\"><strong> Warum du Mam\u00e0 Basilikum-Pesto mit Zitrone lieben wirst<\/strong><\/h3>\n<p data-start=\"1035\" data-end=\"1667\">\u2705 <strong data-start=\"1037\" data-end=\"1065\">Frischer und aromatischer Geschmack<\/strong> \u2013 Italienischer Basilikum und nat\u00fcrliche Zitrone in einer unwiderstehlichen Mischung.<br data-start=\"1128\" data-end=\"1131\">\u2705 <strong data-start=\"1133\" data-end=\"1168\">Gluten- und allergenfrei<\/strong> \u2013 F\u00fcr alle geeignet, auch f\u00fcr Menschen mit speziellen Ern\u00e4hrungsbed\u00fcrfnissen.<br data-start=\"1223\" data-end=\"1226\">\u2705 <strong data-start=\"1228\" data-end=\"1257\">100 % nat\u00fcrliche Zutaten<\/strong> \u2013 Ohne Farb-, Konservierungs- oder k\u00fcnstliche Aromastoffe.<br data-start=\"1309\" data-end=\"1312\">\u2705 <strong data-start=\"1314\" data-end=\"1346\">Praktisches Einzelportionsformat<\/strong> \u2013 70g-Beutel, immer frisch und bereit.<br data-start=\"1389\" data-end=\"1392\">\u2705 <strong data-start=\"1394\" data-end=\"1418\">3er-Packung<\/strong> \u2013 Insgesamt 15 Portionen: Bequemlichkeit und Frische in jedem Beutel.<br data-start=\"1479\" data-end=\"1482\">\u2705 <strong data-start=\"1484\" data-end=\"1504\">Vegan und leicht<\/strong> \u2013 Perfekt f\u00fcr alle, die sich pflanzlich ern\u00e4hren.<br data-start=\"1561\" data-end=\"1564\">\u2705 <strong data-start=\"1566\" data-end=\"1583\">Hergestellt in Italien<\/strong> \u2013 Ausgew\u00e4hlte Zutaten und handwerkliche Verarbeitung f\u00fcr h\u00f6chste Qualit\u00e4t.<\/p>\n<hr data-start=\"1669\" data-end=\"1672\">\n<h3 data-start=\"1674\" data-end=\"1716\"> <strong>Ausgew\u00e4hlte und nat\u00fcrliche Zutaten<\/strong><\/h3>\n<p data-start=\"1718\" data-end=\"1816\">Das <strong data-start=\"1721\" data-end=\"1758\">Mam\u00e0 Basilikum-Pesto mit Zitrone<\/strong> entsteht aus der Harmonie einfacher und nat\u00fcrlicher Zutaten:<\/p>\n<ul data-start=\"1818\" data-end=\"2020\">\n<li data-start=\"1818\" data-end=\"1850\">\n<p data-start=\"1820\" data-end=\"1850\"><strong data-start=\"1820\" data-end=\"1848\">Frischer italienischer Basilikum<\/strong><\/p>\n<\/li>\n<li data-start=\"1851\" data-end=\"1899\">\n<p data-start=\"1853\" data-end=\"1899\"><strong data-start=\"1853\" data-end=\"1897\">Oliven\u00f6l und Sonnenblumen\u00f6l<\/strong><\/p>\n<\/li>\n<li data-start=\"1900\" data-end=\"1941\">\n<p data-start=\"1902\" data-end=\"1941\"><strong data-start=\"1902\" data-end=\"1939\">Nat\u00fcrlicher Zitronensaft und -schale<\/strong><\/p>\n<\/li>\n<li data-start=\"1942\" data-end=\"1983\">\n<p data-start=\"1944\" data-end=\"1983\"><strong data-start=\"1944\" data-end=\"1981\">Nat\u00fcrliche Kr\u00e4uter und Gew\u00fcrze<\/strong><\/p>\n<\/li>\n<li data-start=\"1984\" data-end=\"2020\">\n<p data-start=\"1986\" data-end=\"2020\"><strong data-start=\"1986\" data-end=\"2018\">Meersalz und Pflanzenfasern<\/strong><\/p>\n<\/li>\n<\/ul>\n<p data-start=\"2022\" data-end=\"2169\">Kein K\u00e4se, keine Milchprodukte, kein Gluten \u2013 nur pflanzliche und nat\u00fcrliche Zutaten, ausgewogen f\u00fcr einen frischen, cremigen und aromatischen Geschmack.<\/p>\n<hr data-start=\"2171\" data-end=\"2174\">\n<h3 data-start=\"2176\" data-end=\"2201\"> <strong>Wie du es verwendest<\/strong><\/h3>\n<p data-start=\"2203\" data-end=\"2297\">Das <strong data-start=\"2206\" data-end=\"2243\">Mam\u00e0 Basilikum-Pesto mit Zitrone<\/strong> ist extrem vielseitig und in wenigen Sekunden fertig:<\/p>\n<p data-start=\"2299\" data-end=\"2708\"> <strong data-start=\"2302\" data-end=\"2318\">Mit Pasta<\/strong> \u2013 Trofie, Fusilli, Spaghetti oder Linguine: eine perfekte Kombination aus Frische und Cremigkeit.<br data-start=\"2412\" data-end=\"2415\"> <strong data-start=\"2418\" data-end=\"2459\">In Getreide- oder Nudelsalaten<\/strong> \u2013 F\u00fcge einen L\u00f6ffel hinzu f\u00fcr einen intensiven und aromatischen Geschmack.<br data-start=\"2517\" data-end=\"2520\"> <strong data-start=\"2523\" data-end=\"2551\">Auf Crostini oder Bruschetta<\/strong> \u2013 Ideal f\u00fcr leichte und leckere Aperitifs.<br data-start=\"2594\" data-end=\"2597\"> <strong data-start=\"2600\" data-end=\"2633\">Mit Fisch oder gegrilltem Gem\u00fcse<\/strong> \u2013 Die Zitrone unterstreicht die Zartheit des Fisches und die S\u00fc\u00dfe des Gem\u00fcses.<\/p>\n<p data-start=\"2710\" data-end=\"2780\">Einfach den Beutel \u00f6ffnen, umr\u00fchren und dein Gourmet-Gericht ist fertig.<\/p>\n<hr data-start=\"2782\" data-end=\"2785\">\n<h3 data-start=\"2787\" data-end=\"2831\"> <strong>Gluten-, laktose- und allergenfrei<\/strong><\/h3>\n<p data-start=\"2833\" data-end=\"3136\">Das <strong data-start=\"2836\" data-end=\"2873\">Mam\u00e0 Basilikum-Pesto mit Zitrone<\/strong> ist vollst\u00e4ndig <strong data-start=\"2890\" data-end=\"2907\">glutenfrei<\/strong>, <strong data-start=\"2909\" data-end=\"2927\">laktosefrei<\/strong> und <strong data-start=\"2930\" data-end=\"2959\">frei von g\u00e4ngigen Allergenen<\/strong>, gedacht f\u00fcr alle, die eine leckere, nat\u00fcrliche und sichere Mahlzeit w\u00fcnschen.<br data-start=\"3022\" data-end=\"3025\">Die 70g-Einzelportionsbeutel garantieren <strong data-start=\"3069\" data-end=\"3108\">Bequemlichkeit, Frische und null Verschwendung<\/strong>: \u00d6ffne nur, was du brauchst.<\/p>\n<hr data-start=\"3138\" data-end=\"3141\">\n<h3 data-start=\"3143\" data-end=\"3191\"> <strong>Mam\u00e0 Qualit\u00e4t \u2013 Tradition und Innovation<\/strong><\/h3>\n<p data-start=\"3193\" data-end=\"3511\">Mam\u00e0 w\u00e4hlt jede Zutat sorgf\u00e4ltig aus und produziert ihre Pestos nach bester italienischer Tradition.<br data-start=\"3298\" data-end=\"3301\">Der <strong data-start=\"3304\" data-end=\"3323\">frische Basilikum<\/strong> wird bei niedriger Temperatur verarbeitet, um Aroma und Farbe zu bewahren, w\u00e4hrend die <strong data-start=\"3401\" data-end=\"3420\">nat\u00fcrliche Zitrone<\/strong> eine frische und leichte Note verleiht, perfekt f\u00fcr alle, die mediterrane, aber moderne Geschm\u00e4cker lieben.<\/p>\n<p data-start=\"3513\" data-end=\"3653\">Jede Portion birgt die Leidenschaft f\u00fcr gute K\u00fcche und die Liebe zu authentischen Geschm\u00e4ckern und bietet Bequemlichkeit und Genuss in einem einzigen Produkt.<\/p>\n<hr data-start=\"3655\" data-end=\"3658\">\n<h3 data-start=\"3660\" data-end=\"3682\"> <strong>Produktdaten<\/strong><\/h3>\n<ul data-start=\"3684\" data-end=\"4024\">\n<li data-start=\"3684\" data-end=\"3731\">\n<p data-start=\"3686\" data-end=\"3731\"><strong data-start=\"3686\" data-end=\"3695\">Name:<\/strong> Mam\u00e0 Basilikum-Pesto mit Zitrone<\/p>\n<\/li>\n<li data-start=\"3732\" data-end=\"3780\">\n<p data-start=\"3734\" data-end=\"3780\"><strong data-start=\"3734\" data-end=\"3765\">Einzelpackungsformat:<\/strong> 5x70g (350g)<\/p>\n<\/li>\n<li data-start=\"3781\" data-end=\"3843\">\n<p data-start=\"3783\" data-end=\"3843\"><strong data-start=\"3783\" data-end=\"3799\">Gesamtpackung:<\/strong> 3 Packungen = 15 Beutel (insgesamt 1.050 g)<\/p>\n<\/li>\n<li data-start=\"3844\" data-end=\"3887\">\n<p data-start=\"3846\" data-end=\"3887\"><strong data-start=\"3846\" data-end=\"3885\">Gluten-, laktose- und allergenfrei<\/strong><\/p>\n<\/li>\n<li data-start=\"3888\" data-end=\"3902\">\n<p data-start=\"3890\" data-end=\"3902\"><strong data-start=\"3890\" data-end=\"3900\">Vegan<\/strong><\/p>\n<\/li>\n<li data-start=\"3903\" data-end=\"3926\">\n<p data-start=\"3905\" data-end=\"3926\"><strong data-start=\"3905\" data-end=\"3917\">Herkunft:<\/strong> Italien<\/p>\n<\/li>\n<li data-start=\"3927\" data-end=\"3976\">\n<p data-start=\"3929\" data-end=\"3976\"><strong data-start=\"3929\" data-end=\"3947\">Lagerung:<\/strong> k\u00fchl und trocken<\/p>\n<\/li>\n<li data-start=\"3977\" data-end=\"4024\">\n<p data-start=\"3979\" data-end=\"4024\"><strong data-start=\"3979\" data-end=\"3994\">Anwendung:<\/strong> \u00f6ffnen, umr\u00fchren und genie\u00dfen<\/p>\n<\/li>\n<\/ul>\n<hr data-start=\"4026\" data-end=\"4029\">\n<h3 data-start=\"4031\" data-end=\"4080\"> <strong>Frische und Bequemlichkeit in jedem Beutel<\/strong><\/h3>\n<p data-start=\"4082\" data-end=\"4378\">Mit dem <strong data-start=\"4089\" data-end=\"4152\">Mam\u00e0 Basilikum-Pesto mit Zitrone 3er-Pack Einzelportionen<\/strong>, bringst du eine nat\u00fcrliche, frische und aromatische W\u00fcrze auf den Tisch, die jede Mahlzeit zu einem besonderen Moment macht.<br data-start=\"4270\" data-end=\"4273\">\u00d6ffne, r\u00fchre um und genie\u00dfe \u2013 mit <strong data-start=\"4301\" data-end=\"4309\">Mam\u00e0<\/strong> wird jedes Gericht zu einer kleinen Reise in den italienischen Geschmack. <\/p>\n","protected":false},"excerpt":{"rendered":"<p><b>Packung mit 3 Einheiten \u00e0 5 Einzelportionen zu je 55 Gramm (insgesamt 15 Einzelportionen)<\/b><\/p>\n<p>Decke dich ein mit den <b>15 Einzelportionen<\/b> unseres Gourmet-Pestos. Jede Einzelportion ein Hauch von Zitrusfrische: Unser Basilikum-Pesto mit Zitrone ist leicht, allergenfrei und perfekt f\u00fcr jede Gelegenheit. Immer griffbereit, um Vorspeisen, Salate oder Hauptgerichte mit einer einzigartigen und innovativen Note zu verfeinern.  <\/p>\n<p>Die Verbindung des intensiven Duftes von <b>Basilikum<\/b> und der zitrusartigen Note der <b>Zitrone<\/b> verleiht deinen Gerichten eine einzigartige Note, perfekt zum W\u00fcrzen von Pasta, zum Verfeinern eines Getreidesalats oder um einem Gourmet-Sandwich Charakter zu verleihen.<br \/>\nAuch hervorragend als Sauce f\u00fcr Hauptgerichte mit Fleisch oder Fisch, oder zum Bestreichen von Crostini und Bruschetta f\u00fcr einen \u00fcberraschenden Aperitif.<\/p>\n","protected":false},"featured_media":4350,"template":"","meta":[],"product_brand":[],"product_cat":[100,96],"product_tag":[169,159,199],"class_list":{"0":"post-4349","1":"product","2":"type-product","3":"status-publish","4":"has-post-thumbnail","6":"product_cat-3er-pack","7":"product_cat-fertige-sosen-von-mama","8":"product_tag-15er-pack","9":"product_tag-fertige-sossen-2","10":"product_tag-fertiges-pesto","12":"first","13":"instock","14":"taxable","15":"shipping-taxable","16":"purchasable","17":"product-type-simple"},"_links":{"self":[{"href":"https:\/\/shop.mamasugo.it\/de\/wp-json\/wp\/v2\/product\/4349","targetHints":{"allow":["GET"]}}],"collection":[{"href":"https:\/\/shop.mamasugo.it\/de\/wp-json\/wp\/v2\/product"}],"about":[{"href":"https:\/\/shop.mamasugo.it\/de\/wp-json\/wp\/v2\/types\/product"}],"wp:featuredmedia":[{"embeddable":true,"href":"https:\/\/shop.mamasugo.it\/de\/wp-json\/wp\/v2\/media\/4350"}],"wp:attachment":[{"href":"https:\/\/shop.mamasugo.it\/de\/wp-json\/wp\/v2\/media?parent=4349"}],"wp:term":[{"taxonomy":"product_brand","embeddable":true,"href":"https:\/\/shop.mamasugo.it\/de\/wp-json\/wp\/v2\/product_brand?post=4349"},{"taxonomy":"product_cat","embeddable":true,"href":"https:\/\/shop.mamasugo.it\/de\/wp-json\/wp\/v2\/product_cat?post=4349"},{"taxonomy":"product_tag","embeddable":true,"href":"https:\/\/shop.mamasugo.it\/de\/wp-json\/wp\/v2\/product_tag?post=4349"}],"curies":[{"name":"wp","href":"https:\/\/api.w.org\/{rel}","templated":true}]}}