{"id":4313,"date":"2025-05-14T08:05:56","date_gmt":"2025-05-14T08:05:56","guid":{"rendered":"https:\/\/shop.mamasugo.it\/basilikum-sauce\/"},"modified":"2025-11-18T09:18:38","modified_gmt":"2025-11-18T09:18:38","slug":"basilikum-sauce","status":"publish","type":"page","link":"https:\/\/shop.mamasugo.it\/de\/basilikum-sauce\/","title":{"rendered":"Basilikum-Sauce"},"content":{"rendered":"\n\n\t<section class=\"section\" id=\"section_755067941\">\n\t\t<div class=\"section-bg fill\" >\n\t\t\t<img loading=\"lazy\" decoding=\"async\" width=\"1600\" height=\"1600\" src=\"https:\/\/shop.mamasugo.it\/wp-content\/uploads\/2023\/10\/spaghetti-sugo-basilico.webp\" class=\"bg attachment-original size-original\" alt=\"\" \/>\t\t\t\t\t\t\n\t\t\t\n\n\t\t<\/div>\n\n\t\t\n\n\t\t<div class=\"section-content relative\">\n\t\t\t\n\n\t<div id=\"gap-45834400\" class=\"gap-element clearfix\" style=\"display:block; height:auto;\">\n\t\t\n<style>\n#gap-45834400 {\n  padding-top: 50px;\n}\n<\/style>\n\t<\/div>\n\t\n\n<div class=\"row align-middle align-center\"  id=\"row-1183855644\">\n\n\n\t<div id=\"col-2015108038\" class=\"col medium-8 small-12 large-8\"  >\n\t\t\t\t<div class=\"col-inner text-center\"  >\n\t\t\t\n\t\t\t\n\n\t<div id=\"text-1425896009\" class=\"text\">\n\t\t\n\n<h1 style=\"text-align: center; text-shadow: 0em 0.1em 0.1em rgba(0, 0, 0, 0.4);\"><strong>Die Basilikum-Sauce Mam\u00e0: Einfachheit, die \u00fcberzeugt<\/strong><\/h1>\n\t\t\n<style>\n#text-1425896009 {\n  font-size: 2rem;\n  color: rgb(255, 255, 255);\n}\n#text-1425896009 > * {\n  color: rgb(255, 255, 255);\n}\n<\/style>\n\t<\/div>\n\t\n\t<div id=\"gap-646764017\" class=\"gap-element clearfix\" style=\"display:block; height:auto;\">\n\t\t\n<style>\n#gap-646764017 {\n  padding-top: 10px;\n}\n<\/style>\n\t<\/div>\n\t\n\n\t<div id=\"text-1665840338\" class=\"text\">\n\t\t\n\n<p style=\"text-shadow: 0em 0.1em 0.1em rgba(0, 0, 0, 0.4);\"><strong>Reife Tomaten und frisches Basilikum in einem klassischen Rezept, in wenigen Minuten fertig. Der Geschmack der italienischen K\u00fcche in einer praktischen Einzelportion. <\/strong><\/p>\n\t\t\n<style>\n#text-1665840338 {\n  font-size: 1.2rem;\n  text-align: center;\n  color: rgb(255, 255, 255);\n}\n#text-1665840338 > * {\n  color: rgb(255, 255, 255);\n}\n<\/style>\n\t<\/div>\n\t\n\t<div id=\"gap-1514431578\" class=\"gap-element clearfix\" style=\"display:block; height:auto;\">\n\t\t\n<style>\n#gap-1514431578 {\n  padding-top: 30px;\n}\n<\/style>\n\t<\/div>\n\t\n\n<a href=\"https:\/\/shop.mamasugo.it\/prodotto\/sugo-al-basilico\/\" class=\"button secondary reveal-icon\"  style=\"border-radius:99px;\">\n\t\t<span>Jetzt kaufen<\/span>\n\t<i class=\"icon-angle-right\" aria-hidden=\"true\" ><\/i><\/a>\n\n\n<a href=\"https:\/\/shop.mamasugo.it\/prodotto\/box-degustazione-mama\/\" class=\"button white reveal-icon\"  style=\"border-radius:99px;\">\n\t\t<span>Entdecke die Box mit 15 Portionen<\/span>\n\t<i class=\"icon-angle-right\" aria-hidden=\"true\" ><\/i><\/a>\n\n\n\n\t\t<\/div>\n\t\t\t\t\t<\/div>\n\n\t\n\n<\/div>\n\t<div id=\"gap-2146623557\" class=\"gap-element clearfix\" style=\"display:block; height:auto;\">\n\t\t\n<style>\n#gap-2146623557 {\n  padding-top: 20px;\n}\n<\/style>\n\t<\/div>\n\t\n\n\n\t\t<\/div>\n\n\t\t\n<style>\n#section_755067941 {\n  padding-top: 0px;\n  padding-bottom: 0px;\n}\n#section_755067941 .section-bg img {\n  object-position: 50% 50%;\n}\n<\/style>\n\t<\/section>\n\t\n<div class=\"row row-large align-middle align-center\"  id=\"row-191492835\">\n\n\n\t<div id=\"col-975493315\" class=\"col medium-6 small-12 large-6\"  >\n\t\t\t\t<div class=\"col-inner\"  >\n\t\t\t\n\t\t\t\n\n\t<div class=\"img has-hover x md-x lg-x y md-y lg-y\" id=\"image_1614189840\">\n\t\t\t\t\t\t\t\t<div class=\"img-inner dark\" >\n\t\t\t<img loading=\"lazy\" decoding=\"async\" width=\"800\" height=\"800\" src=\"https:\/\/shop.mamasugo.it\/wp-content\/uploads\/2023\/09\/basilico-buste.jpg\" class=\"attachment-original size-original\" alt=\"\" srcset=\"https:\/\/shop.mamasugo.it\/wp-content\/uploads\/2023\/09\/basilico-buste.jpg 800w, https:\/\/shop.mamasugo.it\/wp-content\/uploads\/2023\/09\/basilico-buste-100x100.jpg 100w, https:\/\/shop.mamasugo.it\/wp-content\/uploads\/2023\/09\/basilico-buste-510x510.jpg 510w, https:\/\/shop.mamasugo.it\/wp-content\/uploads\/2023\/09\/basilico-buste-300x300.jpg 300w, https:\/\/shop.mamasugo.it\/wp-content\/uploads\/2023\/09\/basilico-buste-150x150.jpg 150w, https:\/\/shop.mamasugo.it\/wp-content\/uploads\/2023\/09\/basilico-buste-768x768.jpg 768w, https:\/\/shop.mamasugo.it\/wp-content\/uploads\/2023\/09\/basilico-buste-480x480.jpg 480w\" sizes=\"auto, (max-width: 800px) 100vw, 800px\" \/>\t\t\t\t\t\t\n\t\t\t\t\t<\/div>\n\t\t\t\t\t\t\t\t\n<style>\n#image_1614189840 {\n  width: 100%;\n}\n<\/style>\n\t<\/div>\n\t\n\n\n\t\t<\/div>\n\t\t\t\t\t<\/div>\n\n\t\n\n\t<div id=\"col-1873824159\" class=\"col medium-6 small-12 large-6\"  >\n\t\t\t\t<div class=\"col-inner\"  >\n\t\t\t\n\t\t\t\n\n\t<div id=\"text-1194803323\" class=\"text\">\n\t\t\n\n<h2><strong>Der zeitlose Klassiker der italienischen K\u00fcche, wie zu Hause gemacht<\/strong><\/h2>\n\t\t\n<style>\n#text-1194803323 {\n  font-size: 1.7rem;\n  color: #c92c39;\n}\n#text-1194803323 > * {\n  color: #c92c39;\n}\n<\/style>\n\t<\/div>\n\t\n\t<div id=\"gap-77424292\" class=\"gap-element clearfix\" style=\"display:block; height:auto;\">\n\t\t\n<style>\n#gap-77424292 {\n  padding-top: 20px;\n}\n<\/style>\n\t<\/div>\n\t\n\n<p>Unsere Basilikum-Sauce entsteht aus wenigen einfachen und echten Zutaten: frische Tomaten, duftender Basilikum, eine Prise Salz und viel Liebe.<\/p>\n<p>Es ist der Klassiker, der nie langweilig wird, ideal f\u00fcr alle, die authentische Geschm\u00e4cker lieben und Italien an den Tisch bringen m\u00f6chten, wo immer sie sich befinden.<\/p>\n\n\t\t<\/div>\n\t\t\t\t\t<\/div>\n\n\t\n\n<\/div>\n<div class=\"row row-large align-middle align-center\"  id=\"row-1883031239\">\n\n\n\t<div id=\"col-1434841360\" class=\"col medium-6 small-12 large-6\"  >\n\t\t\t\t<div class=\"col-inner\"  >\n\t\t\t\n\t\t\t\n\n\t<div id=\"text-178345516\" class=\"text\">\n\t\t\n\n<h2><strong>Warum du unsere Basilikum-Sauce lieben wirst<\/strong><\/h2>\n\t\t\n<style>\n#text-178345516 {\n  font-size: 1.7rem;\n  color: #c92c39;\n}\n#text-178345516 > * {\n  color: #c92c39;\n}\n<\/style>\n\t<\/div>\n\t\n\t<div id=\"gap-1148221018\" class=\"gap-element clearfix\" style=\"display:block; height:auto;\">\n\t\t\n<style>\n#gap-1148221018 {\n  padding-top: 20px;\n}\n<\/style>\n\t<\/div>\n\t\n\n\n\t\t<div class=\"icon-box featured-box icon-box-left text-left\"  >\n\t\t\t\t\t<div class=\"icon-box-img\" style=\"width: 25px\">\n\t\t\t\t<div class=\"icon\">\n\t\t\t\t\t<div class=\"icon-inner\" >\n\t\t\t\t\t\t<img loading=\"lazy\" decoding=\"async\" width=\"50\" height=\"50\" src=\"https:\/\/shop.mamasugo.it\/wp-content\/uploads\/2025\/09\/mama_sugo_icona_naturale.png\" class=\"attachment-medium size-medium\" alt=\"\" \/>\t\t\t\t\t<\/div>\n\t\t\t\t<\/div>\n\t\t\t<\/div>\n\t\t\t\t<div class=\"icon-box-text last-reset\">\n\t\t\t\t\t\t\t\t\t\n\n<p style=\"margin-bottom: 0px; margin-top: 3px;\">Frische Tomaten und italienischer Basilikum<\/p>\n\n\t\t<\/div>\n\t<\/div>\n\t\n\t\n\t<div id=\"gap-1722108524\" class=\"gap-element clearfix\" style=\"display:block; height:auto;\">\n\t\t\n<style>\n#gap-1722108524 {\n  padding-top: 10px;\n}\n<\/style>\n\t<\/div>\n\t\n\n\n\t\t<div class=\"icon-box featured-box icon-box-left text-left\"  >\n\t\t\t\t\t<div class=\"icon-box-img\" style=\"width: 25px\">\n\t\t\t\t<div class=\"icon\">\n\t\t\t\t\t<div class=\"icon-inner\" >\n\t\t\t\t\t\t<img loading=\"lazy\" decoding=\"async\" width=\"50\" height=\"50\" src=\"https:\/\/shop.mamasugo.it\/wp-content\/uploads\/2025\/09\/mama_sugo_icona_naturale.png\" class=\"attachment-medium size-medium\" alt=\"\" \/>\t\t\t\t\t<\/div>\n\t\t\t\t<\/div>\n\t\t\t<\/div>\n\t\t\t\t<div class=\"icon-box-text last-reset\">\n\t\t\t\t\t\t\t\t\t\n\n<p style=\"margin-bottom: 0px; margin-top: 3px;\">100 % nat\u00fcrlich, ohne Konservierungsstoffe<\/p>\n\n\t\t<\/div>\n\t<\/div>\n\t\n\t\n\t<div id=\"gap-872002148\" class=\"gap-element clearfix\" style=\"display:block; height:auto;\">\n\t\t\n<style>\n#gap-872002148 {\n  padding-top: 10px;\n}\n<\/style>\n\t<\/div>\n\t\n\n\n\t\t<div class=\"icon-box featured-box icon-box-left text-left\"  >\n\t\t\t\t\t<div class=\"icon-box-img\" style=\"width: 25px\">\n\t\t\t\t<div class=\"icon\">\n\t\t\t\t\t<div class=\"icon-inner\" >\n\t\t\t\t\t\t<img loading=\"lazy\" decoding=\"async\" width=\"50\" height=\"50\" src=\"https:\/\/shop.mamasugo.it\/wp-content\/uploads\/2025\/09\/mama_sugo_icona_naturale.png\" class=\"attachment-medium size-medium\" alt=\"\" \/>\t\t\t\t\t<\/div>\n\t\t\t\t<\/div>\n\t\t\t<\/div>\n\t\t\t\t<div class=\"icon-box-text last-reset\">\n\t\t\t\t\t\t\t\t\t\n\n<p style=\"margin-bottom: 0px; margin-top: 3px;\">In wenigen Minuten fertig<\/p>\n\n\t\t<\/div>\n\t<\/div>\n\t\n\t\n\t<div id=\"gap-1205446405\" class=\"gap-element clearfix\" style=\"display:block; height:auto;\">\n\t\t\n<style>\n#gap-1205446405 {\n  padding-top: 10px;\n}\n<\/style>\n\t<\/div>\n\t\n\n\n\t\t<div class=\"icon-box featured-box icon-box-left text-left\"  >\n\t\t\t\t\t<div class=\"icon-box-img\" style=\"width: 25px\">\n\t\t\t\t<div class=\"icon\">\n\t\t\t\t\t<div class=\"icon-inner\" >\n\t\t\t\t\t\t<img loading=\"lazy\" decoding=\"async\" width=\"50\" height=\"50\" src=\"https:\/\/shop.mamasugo.it\/wp-content\/uploads\/2025\/09\/mama_sugo_icona_naturale.png\" class=\"attachment-medium size-medium\" alt=\"\" \/>\t\t\t\t\t<\/div>\n\t\t\t\t<\/div>\n\t\t\t<\/div>\n\t\t\t\t<div class=\"icon-box-text last-reset\">\n\t\t\t\t\t\t\t\t\t\n\n<p style=\"margin-bottom: 0px; margin-top: 3px;\">Vielseitig: f\u00fcr Pasta, Bruschetta, Risotto und Hauptgerichte<\/p>\n\n\t\t<\/div>\n\t<\/div>\n\t\n\t\n\t<div id=\"gap-1516641459\" class=\"gap-element clearfix\" style=\"display:block; height:auto;\">\n\t\t\n<style>\n#gap-1516641459 {\n  padding-top: 10px;\n}\n<\/style>\n\t<\/div>\n\t\n\n\n\t\t<div class=\"icon-box featured-box icon-box-left text-left\"  >\n\t\t\t\t\t<div class=\"icon-box-img\" style=\"width: 25px\">\n\t\t\t\t<div class=\"icon\">\n\t\t\t\t\t<div class=\"icon-inner\" >\n\t\t\t\t\t\t<img loading=\"lazy\" decoding=\"async\" width=\"50\" height=\"50\" src=\"https:\/\/shop.mamasugo.it\/wp-content\/uploads\/2025\/09\/mama_sugo_icona_naturale.png\" class=\"attachment-medium size-medium\" alt=\"\" \/>\t\t\t\t\t<\/div>\n\t\t\t\t<\/div>\n\t\t\t<\/div>\n\t\t\t\t<div class=\"icon-box-text last-reset\">\n\t\t\t\t\t\t\t\t\t\n\n<p style=\"margin-bottom: 0px; margin-top: 3px;\">Einzelportionen-Format: weniger Verschwendung, mehr Geschmack<\/p>\n\n\t\t<\/div>\n\t<\/div>\n\t\n\t\n\t<div id=\"gap-2011474577\" class=\"gap-element clearfix\" style=\"display:block; height:auto;\">\n\t\t\n<style>\n#gap-2011474577 {\n  padding-top: 10px;\n}\n<\/style>\n\t<\/div>\n\t\n\n\n\t\t<div class=\"icon-box featured-box icon-box-left text-left\"  >\n\t\t\t\t\t<div class=\"icon-box-img\" style=\"width: 25px\">\n\t\t\t\t<div class=\"icon\">\n\t\t\t\t\t<div class=\"icon-inner\" >\n\t\t\t\t\t\t<img loading=\"lazy\" decoding=\"async\" width=\"50\" height=\"50\" src=\"https:\/\/shop.mamasugo.it\/wp-content\/uploads\/2025\/09\/mama_sugo_icona_naturale.png\" class=\"attachment-medium size-medium\" alt=\"\" \/>\t\t\t\t\t<\/div>\n\t\t\t\t<\/div>\n\t\t\t<\/div>\n\t\t\t\t<div class=\"icon-box-text last-reset\">\n\t\t\t\t\t\t\t\t\t\n\n<p style=\"margin-bottom: 0px; margin-top: 3px;\">\nErh\u00e4ltlich in 5er-Packung oder Box mit 25 Portionen<\/p>\n\n\t\t<\/div>\n\t<\/div>\n\t\n\t\n\n\t\t<\/div>\n\t\t\t\t\t<\/div>\n\n\t\n\n\t<div id=\"col-859236251\" class=\"col medium-6 small-12 large-6 small-col-first\"  >\n\t\t\t\t<div class=\"col-inner\"  >\n\t\t\t\n\t\t\t\n\n\t<div class=\"img has-hover x md-x lg-x y md-y lg-y\" id=\"image_929064656\">\n\t\t\t\t\t\t\t\t<div class=\"img-inner dark\" >\n\t\t\t<img loading=\"lazy\" decoding=\"async\" width=\"800\" height=\"800\" src=\"https:\/\/shop.mamasugo.it\/wp-content\/uploads\/2025\/04\/basilico-15.jpg\" class=\"attachment-original size-original\" alt=\"\" srcset=\"https:\/\/shop.mamasugo.it\/wp-content\/uploads\/2025\/04\/basilico-15.jpg 800w, https:\/\/shop.mamasugo.it\/wp-content\/uploads\/2025\/04\/basilico-15-100x100.jpg 100w, https:\/\/shop.mamasugo.it\/wp-content\/uploads\/2025\/04\/basilico-15-510x510.jpg 510w, https:\/\/shop.mamasugo.it\/wp-content\/uploads\/2025\/04\/basilico-15-300x300.jpg 300w, https:\/\/shop.mamasugo.it\/wp-content\/uploads\/2025\/04\/basilico-15-150x150.jpg 150w, https:\/\/shop.mamasugo.it\/wp-content\/uploads\/2025\/04\/basilico-15-768x768.jpg 768w, https:\/\/shop.mamasugo.it\/wp-content\/uploads\/2025\/04\/basilico-15-480x480.jpg 480w\" sizes=\"auto, (max-width: 800px) 100vw, 800px\" \/>\t\t\t\t\t\t\n\t\t\t\t\t<\/div>\n\t\t\t\t\t\t\t\t\n<style>\n#image_929064656 {\n  width: 100%;\n}\n<\/style>\n\t<\/div>\n\t\n\n\n\t\t<\/div>\n\t\t\t\t\t<\/div>\n\n\t\n\n<\/div>\n\n\t<section class=\"section\" id=\"section_321889326\">\n\t\t<div class=\"section-bg fill\" >\n\t\t\t<img loading=\"lazy\" decoding=\"async\" width=\"2000\" height=\"2000\" src=\"https:\/\/shop.mamasugo.it\/wp-content\/uploads\/2025\/04\/shopquad.jpg\" class=\"bg attachment-original size-original\" alt=\"\" \/>\t\t\t\t\t\t\n\t\t\t\n\n\t\t<\/div>\n\n\t\t\n\n\t\t<div class=\"section-content relative\">\n\t\t\t\n\n\t<div id=\"gap-1192128382\" class=\"gap-element clearfix\" style=\"display:block; height:auto;\">\n\t\t\n<style>\n#gap-1192128382 {\n  padding-top: 30px;\n}\n<\/style>\n\t<\/div>\n\t\n\n<div class=\"row align-middle align-center\"  id=\"row-2012103418\">\n\n\n\t<div id=\"col-695488584\" class=\"col medium-9 small-12 large-9\"  >\n\t\t\t\t<div class=\"col-inner\"  >\n\t\t\t\n\t\t\t\n\n\t<div id=\"text-134769772\" class=\"text\">\n\t\t\n\n<h2><strong>Eine Sauce, tausend Rezepte<br><\/strong><\/h2>\n\t\t\n<style>\n#text-134769772 {\n  font-size: 1.7rem;\n  text-align: center;\n  color: #c92c39;\n}\n#text-134769772 > * {\n  color: #c92c39;\n}\n<\/style>\n\t<\/div>\n\t\n\t<div id=\"gap-77041217\" class=\"gap-element clearfix\" style=\"display:block; height:auto;\">\n\t\t\n<style>\n#gap-77041217 {\n  padding-top: 20px;\n}\n<\/style>\n\t<\/div>\n\t\n\n\t<div id=\"text-79744920\" class=\"text\">\n\t\t\n\n<p>Perfekt f\u00fcr einen Teller dampfender Spaghetti, k\u00f6stlich auf knuspriger Bruschetta, \u00fcberraschend zu gegrilltem Fleisch oder Gem\u00fcse.<\/p>\n<p>Unsere Basilikum-Sauce ist daf\u00fcr gedacht, deine Kreativit\u00e4t in der K\u00fcche zu begleiten, auch wenn du wenig Zeit hast.<\/p>\n\t\t\n<style>\n#text-79744920 {\n  text-align: center;\n}\n<\/style>\n\t<\/div>\n\t\n\n\t\t<\/div>\n\t\t\t\t\t<\/div>\n\n\t\n\n\t<div id=\"col-666628974\" class=\"col small-12 large-12\"  >\n\t\t\t\t<div class=\"col-inner\"  >\n\t\t\t\n\t\t\t\n\n\n  \n    <div class=\"row large-columns-4 medium-columns-2 small-columns-1\" >\n  <div class=\"gallery-col col\" >\n          <div class=\"col-inner\">\n            <a class=\"image-lightbox lightbox-gallery\" href=\"https:\/\/shop.mamasugo.it\/wp-content\/uploads\/2025\/04\/pasta-pomodoro.jpg\" title=\"\">            <div class=\"box has-hover gallery-box box-none\">\n              <div class=\"box-image image-zoom image-cover\" style=\"padding-top:100%;\">\n                <img loading=\"lazy\" decoding=\"async\" width=\"200\" height=\"300\" src=\"https:\/\/shop.mamasugo.it\/wp-content\/uploads\/2025\/04\/pasta-pomodoro-200x300.jpg\" class=\"attachment-medium size-medium\" alt=\"\" ids=\"4269,4270,4271,4272\" style=\"none\" lightbox_image_size=\"original\" columns__sm=\"1\" columns__md=\"2\" image_height=\"100%\" image_hover=\"zoom\" srcset=\"https:\/\/shop.mamasugo.it\/wp-content\/uploads\/2025\/04\/pasta-pomodoro-200x300.jpg 200w, https:\/\/shop.mamasugo.it\/wp-content\/uploads\/2025\/04\/pasta-pomodoro-510x765.jpg 510w, https:\/\/shop.mamasugo.it\/wp-content\/uploads\/2025\/04\/pasta-pomodoro-480x720.jpg 480w, https:\/\/shop.mamasugo.it\/wp-content\/uploads\/2025\/04\/pasta-pomodoro.jpg 667w\" sizes=\"auto, (max-width: 200px) 100vw, 200px\" \/>                                                              <\/div>\n              <div class=\"box-text text-left\" >\n                 <p><\/p>\n              <\/div>\n            <\/div>\n            <\/a>          <\/div>\n         <\/div><div class=\"gallery-col col\" >\n          <div class=\"col-inner\">\n            <a class=\"image-lightbox lightbox-gallery\" href=\"https:\/\/shop.mamasugo.it\/wp-content\/uploads\/2025\/04\/pasta.jpg\" title=\"\">            <div class=\"box has-hover gallery-box box-none\">\n              <div class=\"box-image image-zoom image-cover\" style=\"padding-top:100%;\">\n                <img loading=\"lazy\" decoding=\"async\" width=\"200\" height=\"300\" src=\"https:\/\/shop.mamasugo.it\/wp-content\/uploads\/2025\/04\/pasta-200x300.jpg\" class=\"attachment-medium size-medium\" alt=\"\" ids=\"4269,4270,4271,4272\" style=\"none\" lightbox_image_size=\"original\" columns__sm=\"1\" columns__md=\"2\" image_height=\"100%\" image_hover=\"zoom\" srcset=\"https:\/\/shop.mamasugo.it\/wp-content\/uploads\/2025\/04\/pasta-200x300.jpg 200w, https:\/\/shop.mamasugo.it\/wp-content\/uploads\/2025\/04\/pasta-510x765.jpg 510w, https:\/\/shop.mamasugo.it\/wp-content\/uploads\/2025\/04\/pasta-480x720.jpg 480w, https:\/\/shop.mamasugo.it\/wp-content\/uploads\/2025\/04\/pasta.jpg 667w\" sizes=\"auto, (max-width: 200px) 100vw, 200px\" \/>                                                              <\/div>\n              <div class=\"box-text text-left\" >\n                 <p><\/p>\n              <\/div>\n            <\/div>\n            <\/a>          <\/div>\n         <\/div><div class=\"gallery-col col\" >\n          <div class=\"col-inner\">\n            <a class=\"image-lightbox lightbox-gallery\" href=\"https:\/\/shop.mamasugo.it\/wp-content\/uploads\/2025\/04\/sugo-casa.jpg\" title=\"\">            <div class=\"box has-hover gallery-box box-none\">\n              <div class=\"box-image image-zoom image-cover\" style=\"padding-top:100%;\">\n                <img loading=\"lazy\" decoding=\"async\" width=\"300\" height=\"168\" src=\"https:\/\/shop.mamasugo.it\/wp-content\/uploads\/2025\/04\/sugo-casa-300x168.jpg\" class=\"attachment-medium size-medium\" alt=\"\" ids=\"4269,4270,4271,4272\" style=\"none\" lightbox_image_size=\"original\" columns__sm=\"1\" columns__md=\"2\" image_height=\"100%\" image_hover=\"zoom\" srcset=\"https:\/\/shop.mamasugo.it\/wp-content\/uploads\/2025\/04\/sugo-casa-300x168.jpg 300w, https:\/\/shop.mamasugo.it\/wp-content\/uploads\/2025\/04\/sugo-casa-510x286.jpg 510w, https:\/\/shop.mamasugo.it\/wp-content\/uploads\/2025\/04\/sugo-casa-768x430.jpg 768w, https:\/\/shop.mamasugo.it\/wp-content\/uploads\/2025\/04\/sugo-casa-980x549.jpg 980w, https:\/\/shop.mamasugo.it\/wp-content\/uploads\/2025\/04\/sugo-casa-480x269.jpg 480w, https:\/\/shop.mamasugo.it\/wp-content\/uploads\/2025\/04\/sugo-casa.jpg 1000w\" sizes=\"auto, (max-width: 300px) 100vw, 300px\" \/>                                                              <\/div>\n              <div class=\"box-text text-left\" >\n                 <p><\/p>\n              <\/div>\n            <\/div>\n            <\/a>          <\/div>\n         <\/div><div class=\"gallery-col col\" >\n          <div class=\"col-inner\">\n            <a class=\"image-lightbox lightbox-gallery\" href=\"https:\/\/shop.mamasugo.it\/wp-content\/uploads\/2023\/10\/penne-arrabbiata-sugo.webp\" title=\"\">            <div class=\"box has-hover gallery-box box-none\">\n              <div class=\"box-image image-zoom image-cover\" style=\"padding-top:100%;\">\n                <img loading=\"lazy\" decoding=\"async\" width=\"300\" height=\"300\" src=\"https:\/\/shop.mamasugo.it\/wp-content\/uploads\/2023\/10\/penne-arrabbiata-sugo-300x300.webp\" class=\"attachment-medium size-medium\" alt=\"\" ids=\"4269,4270,4271,4272\" style=\"none\" lightbox_image_size=\"original\" columns__sm=\"1\" columns__md=\"2\" image_height=\"100%\" image_hover=\"zoom\" srcset=\"https:\/\/shop.mamasugo.it\/wp-content\/uploads\/2023\/10\/penne-arrabbiata-sugo-300x300.webp 300w, https:\/\/shop.mamasugo.it\/wp-content\/uploads\/2023\/10\/penne-arrabbiata-sugo-100x100.webp 100w, https:\/\/shop.mamasugo.it\/wp-content\/uploads\/2023\/10\/penne-arrabbiata-sugo-1000x1000.webp 1000w, https:\/\/shop.mamasugo.it\/wp-content\/uploads\/2023\/10\/penne-arrabbiata-sugo-1024x1024.webp 1024w, https:\/\/shop.mamasugo.it\/wp-content\/uploads\/2023\/10\/penne-arrabbiata-sugo-150x150.webp 150w, https:\/\/shop.mamasugo.it\/wp-content\/uploads\/2023\/10\/penne-arrabbiata-sugo-768x768.webp 768w, https:\/\/shop.mamasugo.it\/wp-content\/uploads\/2023\/10\/penne-arrabbiata-sugo-1536x1536.webp 1536w, https:\/\/shop.mamasugo.it\/wp-content\/uploads\/2023\/10\/penne-arrabbiata-sugo-1080x1080.webp 1080w, https:\/\/shop.mamasugo.it\/wp-content\/uploads\/2023\/10\/penne-arrabbiata-sugo-1280x1280.webp 1280w, https:\/\/shop.mamasugo.it\/wp-content\/uploads\/2023\/10\/penne-arrabbiata-sugo-980x980.webp 980w, https:\/\/shop.mamasugo.it\/wp-content\/uploads\/2023\/10\/penne-arrabbiata-sugo-480x480.webp 480w, https:\/\/shop.mamasugo.it\/wp-content\/uploads\/2023\/10\/penne-arrabbiata-sugo.webp 1600w\" sizes=\"auto, (max-width: 300px) 100vw, 300px\" \/>                                                              <\/div>\n              <div class=\"box-text text-left\" >\n                 <p><\/p>\n              <\/div>\n            <\/div>\n            <\/a>          <\/div>\n         <\/div><\/div>\n\n\n\t\t<\/div>\n\t\t\t\t\t<\/div>\n\n\t\n\n\t<div id=\"col-688820224\" class=\"col medium-7 small-12 large-7\"  >\n\t\t\t\t<div class=\"col-inner text-left\"  >\n\t\t\t\n\t\t\t\n\n\t<div id=\"text-701158508\" class=\"text\">\n\t\t\n\n<h2><strong>Wie viel m\u00f6chtest du? W\u00e4hle das perfekte Format f\u00fcr dich <\/strong><\/h2>\n\t\t\n<style>\n#text-701158508 {\n  font-size: 1.7rem;\n  text-align: left;\n  color: rgb(0, 0, 0);\n}\n#text-701158508 > * {\n  color: rgb(0, 0, 0);\n}\n<\/style>\n\t<\/div>\n\t\n\t<div id=\"gap-1525791864\" class=\"gap-element clearfix\" style=\"display:block; height:auto;\">\n\t\t\n<style>\n#gap-1525791864 {\n  padding-top: 20px;\n}\n<\/style>\n\t<\/div>\n\t\n\n\n\t\t<div class=\"icon-box featured-box icon-box-left text-left\"  >\n\t\t\t\t\t<div class=\"icon-box-img\" style=\"width: 25px\">\n\t\t\t\t<div class=\"icon\">\n\t\t\t\t\t<div class=\"icon-inner\" >\n\t\t\t\t\t\t<img loading=\"lazy\" decoding=\"async\" width=\"50\" height=\"50\" src=\"https:\/\/shop.mamasugo.it\/wp-content\/uploads\/2025\/09\/mama_sugo_icona_naturale.png\" class=\"attachment-medium size-medium\" alt=\"\" \/>\t\t\t\t\t<\/div>\n\t\t\t\t<\/div>\n\t\t\t<\/div>\n\t\t\t\t<div class=\"icon-box-text last-reset\">\n\t\t\t\t\t\t\t\t\t\n\n<p style=\"margin-bottom: 0px; margin-top: 3px;\">\n5er-Packung mit Einzelportionen \u00e0 55 g: ideal f\u00fcr kleine Haushalte oder den t\u00e4glichen Gebrauch<\/p>\n\n\n\t\t<\/div>\n\t<\/div>\n\t\n\t\n\t<div id=\"gap-1942038279\" class=\"gap-element clearfix\" style=\"display:block; height:auto;\">\n\t\t\n<style>\n#gap-1942038279 {\n  padding-top: 10px;\n}\n<\/style>\n\t<\/div>\n\t\n\n\n\t\t<div class=\"icon-box featured-box icon-box-left text-left\"  >\n\t\t\t\t\t<div class=\"icon-box-img\" style=\"width: 25px\">\n\t\t\t\t<div class=\"icon\">\n\t\t\t\t\t<div class=\"icon-inner\" >\n\t\t\t\t\t\t<img loading=\"lazy\" decoding=\"async\" width=\"50\" height=\"50\" src=\"https:\/\/shop.mamasugo.it\/wp-content\/uploads\/2025\/09\/mama_sugo_icona_naturale.png\" class=\"attachment-medium size-medium\" alt=\"\" \/>\t\t\t\t\t<\/div>\n\t\t\t\t<\/div>\n\t\t\t<\/div>\n\t\t\t\t<div class=\"icon-box-text last-reset\">\n\t\t\t\t\t\t\t\t\t\n\n<p style=\"margin-bottom: 0px; margin-top: 3px;\">\nBox mit 3 Packungen (15 Portionen insgesamt): der perfekte Vorrat f\u00fcr alle, die diese Sauce lieben und sie immer griffbereit haben m\u00f6chten<\/p>\n\n\n\t\t<\/div>\n\t<\/div>\n\t\n\t\n\t<div id=\"gap-1154550782\" class=\"gap-element clearfix\" style=\"display:block; height:auto;\">\n\t\t\n<style>\n#gap-1154550782 {\n  padding-top: 20px;\n}\n<\/style>\n\t<\/div>\n\t\n\n<a href=\"https:\/\/shop.mamasugo.it\/de\/wagen\/?add-to-cart=208\" class=\"button secondary reveal-icon\"  style=\"border-radius:99px;\">\n\t\t<span>In den Warenkorb<\/span>\n\t<i class=\"icon-angle-right\" aria-hidden=\"true\" ><\/i><\/a>\n\n\n\n\t\t<\/div>\n\t\t\t\t\t<\/div>\n\n\t\n\n<\/div>\n\n\t\t<\/div>\n\n\t\t\n<style>\n#section_321889326 {\n  padding-top: 0px;\n  padding-bottom: 0px;\n}\n#section_321889326 .section-bg img {\n  object-position: 50% 50%;\n}\n<\/style>\n\t<\/section>\n\t\n\n","protected":false},"excerpt":{"rendered":"","protected":false},"author":2,"featured_media":0,"parent":0,"menu_order":0,"comment_status":"closed","ping_status":"closed","template":"page-blank.php","meta":{"footnotes":""},"class_list":["post-4313","page","type-page","status-publish","hentry"],"_links":{"self":[{"href":"https:\/\/shop.mamasugo.it\/de\/wp-json\/wp\/v2\/pages\/4313","targetHints":{"allow":["GET"]}}],"collection":[{"href":"https:\/\/shop.mamasugo.it\/de\/wp-json\/wp\/v2\/pages"}],"about":[{"href":"https:\/\/shop.mamasugo.it\/de\/wp-json\/wp\/v2\/types\/page"}],"author":[{"embeddable":true,"href":"https:\/\/shop.mamasugo.it\/de\/wp-json\/wp\/v2\/users\/2"}],"replies":[{"embeddable":true,"href":"https:\/\/shop.mamasugo.it\/de\/wp-json\/wp\/v2\/comments?post=4313"}],"version-history":[{"count":2,"href":"https:\/\/shop.mamasugo.it\/de\/wp-json\/wp\/v2\/pages\/4313\/revisions"}],"predecessor-version":[{"id":4315,"href":"https:\/\/shop.mamasugo.it\/de\/wp-json\/wp\/v2\/pages\/4313\/revisions\/4315"}],"wp:attachment":[{"href":"https:\/\/shop.mamasugo.it\/de\/wp-json\/wp\/v2\/media?parent=4313"}],"curies":[{"name":"wp","href":"https:\/\/api.w.org\/{rel}","templated":true}]}}