{"id":4092,"date":"2025-04-17T13:53:27","date_gmt":"2025-04-17T13:53:27","guid":{"rendered":"https:\/\/shop.mamasugo.it\/rueckgabe-und-erstattungsrichtlinien\/"},"modified":"2025-11-17T13:36:06","modified_gmt":"2025-11-17T13:36:06","slug":"rueckgabe-und-erstattungsrichtlinien","status":"publish","type":"page","link":"https:\/\/shop.mamasugo.it\/de\/rueckgabe-und-erstattungsrichtlinien\/","title":{"rendered":"R\u00fcckgabe- und Erstattungsrichtlinien"},"content":{"rendered":"\n\t<div id=\"gap-1064624014\" class=\"gap-element clearfix\" style=\"display:block; height:auto;\">\n\t\t\n<style>\n#gap-1064624014 {\n  padding-top: 30px;\n}\n<\/style>\n\t<\/div>\n\t\n\n<div class=\"row\"  id=\"row-2005317687\">\n\n\n\t<div id=\"col-543381880\" class=\"col small-12 large-12\"  >\n\t\t\t\t<div class=\"col-inner\"  >\n\t\t\t\n\t\t\t\n\n\t<div id=\"text-2363539269\" class=\"text\">\n\t\t\n\n<h1><strong>R\u00fcckgabe- und Erstattungsrichtlinien<\/p>\n<p><\/strong><\/h1>\n\t\t\n<style>\n#text-2363539269 {\n  font-size: 1.7rem;\n  color: #c92c39;\n}\n#text-2363539269 > * {\n  color: #c92c39;\n}\n<\/style>\n\t<\/div>\n\t\n\t<div id=\"gap-2003563325\" class=\"gap-element clearfix\" style=\"display:block; height:auto;\">\n\t\t\n<style>\n#gap-2003563325 {\n  padding-top: 20px;\n}\n<\/style>\n\t<\/div>\n\t\n\n\t<div id=\"text-2882422376\" class=\"text note-legali\">\n\t\t\n\n<p>Die Zufriedenheit unserer Kunden hat f\u00fcr Frutteto Italia Srl oberste Priorit\u00e4t. Aus diesem Grund bieten wir eine <strong>einfache, transparente und kostenlose R\u00fcckgabepolitik<\/strong> an. <\/p>\n<p><strong>Versandkosten<\/strong><\/p>\n<p>Die Standardlieferkosten betragen: 6,90 Euro f\u00fcr Bestellungen bis zu 20,90 Euro; Kostenlos f\u00fcr Bestellungen \u00fcber 20,90 Euro.<\/p>\n<p>Um Lieferzeiten und -kosten zu optimieren, entscheidet der Verk\u00e4ufer nach eigenem Ermessen, mit welchem Kurier die bestellte Ware versendet wird.<\/p>\n<p>Der Kurier ist normalerweise nicht verpflichtet, die Ware bis zur Wohnungst\u00fcr zu liefern, sondern nur bis zur Bordsteinkante des Empf\u00e4ngers.<\/p>\n<p>Sendungen sind nicht versichert.<\/p>\n<p><strong>R\u00fcckgabefrist<\/strong><\/p>\n<p>Sie haben <strong>15 Tage Zeit<\/strong> ab dem Lieferdatum, um einen oder mehrere Artikel zur\u00fcckzugeben, die Sie auf unserem Marktplatz gekauft haben.<\/p>\n<p><strong>R\u00fccksendekosten<\/strong><\/p>\n<p>Die R\u00fccksendung ist <strong>v\u00f6llig kostenlos<\/strong>. F\u00fcr die R\u00fccksendung des Produkts werden Ihnen keine Kosten berechnet. <\/p>\n<p><strong>R\u00fccksendeverfahren<\/strong><\/p>\n<ol>\n<li><strong>Kontaktieren Sie uns<\/strong> \u00fcber unseren Kundenservice und geben Sie die Bestellnummer und das Produkt an, das Sie zur\u00fccksenden m\u00f6chten.<\/li>\n<li>Wir senden Ihnen <strong>innerhalb von 24 Stunden<\/strong> einen <strong>vorbezahlten Frachtbrief<\/strong> zur Verwendung f\u00fcr die R\u00fccksendung.<\/li>\n<li>Bereiten Sie das Paket mit dem unbesch\u00e4digten und unbenutzten Produkt in der Originalverpackung vor, einschlie\u00dflich Zubeh\u00f6r oder Handb\u00fccher.<\/li>\n<li><strong>Geben Sie das Paket<\/strong> dem in der Frachtbrief angegebenen Kurier.<\/li>\n<\/ol>\n<p><strong>Bearbeitungszeiten<\/strong><\/p>\n<p>Sobald die R\u00fccksendung in unseren Lagern eingegangen ist, <strong>bearbeiten wir den Fall innerhalb von 2 Werktagen<\/strong>. Die R\u00fcckerstattung erfolgt mit der gleichen Zahlungsmethode, die beim Kauf verwendet wurde. <\/p>\n<p><strong>R\u00fcckgabebedingungen<\/strong><\/p>\n<ul>\n<li>Die Produkte m\u00fcssen <strong>unbesch\u00e4digt, unbenutzt und in der Originalverpackung<\/strong> zur\u00fcckgegeben werden.<\/li>\n<li>R\u00fccksendungen von besch\u00e4digten, gebrauchten oder ohne Originalverpackung zur\u00fcckgesendeten Produkten werden nicht akzeptiert, au\u00dfer im Falle von M\u00e4ngeln oder Nichtkonformit\u00e4t.<\/li>\n<\/ul>\n<p>Bei Fragen oder Hilfestellungen steht Ihnen unser <strong>Kundenservice jederzeit zur Verf\u00fcgung<\/strong>, um Sie in jeder Phase des Prozesses zu begleiten.<\/p>\n\t\t\t<\/div>\n\t\n\n\t\t<\/div>\n\t\t\t\t\t<\/div>\n\n\t\n\n<\/div>\n\t<div id=\"gap-153913187\" class=\"gap-element clearfix\" style=\"display:block; height:auto;\">\n\t\t\n<style>\n#gap-153913187 {\n  padding-top: 30px;\n}\n<\/style>\n\t<\/div>\n\t\n\n\n","protected":false},"excerpt":{"rendered":"","protected":false},"author":1,"featured_media":0,"parent":0,"menu_order":0,"comment_status":"closed","ping_status":"closed","template":"page-blank.php","meta":{"footnotes":""},"class_list":["post-4092","page","type-page","status-publish","hentry"],"_links":{"self":[{"href":"https:\/\/shop.mamasugo.it\/de\/wp-json\/wp\/v2\/pages\/4092","targetHints":{"allow":["GET"]}}],"collection":[{"href":"https:\/\/shop.mamasugo.it\/de\/wp-json\/wp\/v2\/pages"}],"about":[{"href":"https:\/\/shop.mamasugo.it\/de\/wp-json\/wp\/v2\/types\/page"}],"author":[{"embeddable":true,"href":"https:\/\/shop.mamasugo.it\/de\/wp-json\/wp\/v2\/users\/1"}],"replies":[{"embeddable":true,"href":"https:\/\/shop.mamasugo.it\/de\/wp-json\/wp\/v2\/comments?post=4092"}],"version-history":[{"count":1,"href":"https:\/\/shop.mamasugo.it\/de\/wp-json\/wp\/v2\/pages\/4092\/revisions"}],"predecessor-version":[{"id":4093,"href":"https:\/\/shop.mamasugo.it\/de\/wp-json\/wp\/v2\/pages\/4092\/revisions\/4093"}],"wp:attachment":[{"href":"https:\/\/shop.mamasugo.it\/de\/wp-json\/wp\/v2\/media?parent=4092"}],"curies":[{"name":"wp","href":"https:\/\/api.w.org\/{rel}","templated":true}]}}