{"id":4066,"date":"2025-05-09T11:43:16","date_gmt":"2025-05-09T11:43:16","guid":{"rendered":"https:\/\/shop.mamasugo.it\/faq\/"},"modified":"2025-11-17T12:51:09","modified_gmt":"2025-11-17T12:51:09","slug":"faq","status":"publish","type":"page","link":"https:\/\/shop.mamasugo.it\/de\/faq\/","title":{"rendered":"FAQ"},"content":{"rendered":"\n\t<div id=\"gap-1407422909\" class=\"gap-element clearfix\" style=\"display:block; height:auto;\">\n\t\t\n<style>\n#gap-1407422909 {\n  padding-top: 30px;\n}\n<\/style>\n\t<\/div>\n\t\n\n<div class=\"row\"  id=\"row-1829598297\">\n\n\n\t<div id=\"col-122378394\" class=\"col small-12 large-12\"  >\n\t\t\t\t<div class=\"col-inner\"  >\n\t\t\t\n\t\t\t\n\n\t<div id=\"text-1902776490\" class=\"text\">\n\t\t\n\n<h1><strong>H\u00e4ufige Fragen<\/strong><\/h1>\n\t\t\n<style>\n#text-1902776490 {\n  font-size: 1.7rem;\n  color: #c92c39;\n}\n#text-1902776490 > * {\n  color: #c92c39;\n}\n<\/style>\n\t<\/div>\n\t\n\t<div id=\"gap-1999668433\" class=\"gap-element clearfix\" style=\"display:block; height:auto;\">\n\t\t\n<style>\n#gap-1999668433 {\n  padding-top: 20px;\n}\n<\/style>\n\t<\/div>\n\t\n\n<div class=\"accordion\">\n\n\t<div id=\"accordion-3580789142\" class=\"accordion-item\">\n\t\t<a id=\"accordion-3580789142-label\" class=\"accordion-title plain\" href=\"#accordion-item-f\u00fcr-wen-sind-die-mam\u00e0-saucen-gedacht?\" aria-expanded=\"false\" aria-controls=\"accordion-3580789142-content\" >\n\t\t\t<button class=\"toggle\" aria-label=\"Umschalten\"><i class=\"icon-angle-down\"><\/i><\/button>\n\t\t\t<span>F\u00fcr wen sind die Mam\u00e0-Saucen gedacht?<\/span>\n\t\t<\/a>\n\t\t<div id=\"accordion-3580789142-content\" class=\"accordion-inner\" aria-labelledby=\"accordion-3580789142-label\" >\n\t\t\t\n\n<p>Sie eignen sich perfekt f\u00fcr alle, besonders f\u00fcr diejenigen, die wenig Zeit haben:<span class=\"Apple-converted-space\">&nbsp;<\/span><\/p>\n<ul>\n<li>f\u00fcr Arbeitnehmer mit einer kurzen Mittagspause<span class=\"Apple-converted-space\">&nbsp;<\/span><\/li>\n<li>f\u00fcr Reisende, da sie leicht zu transportieren sind<\/li>\n<li>f\u00fcr ausw\u00e4rtige Studenten oder solche im Ausland, die nicht auf den Geschmack der Heimat verzichten wollen<\/li>\n<li>f\u00fcr Alleinlebende, um Verschwendung zu vermeiden und jeden Tag den Geschmack zu wechseln.<\/li>\n<\/ul>\n\n\t\t<\/div>\n\t<\/div>\n\t\n\t<div id=\"accordion-1501884775\" class=\"accordion-item\">\n\t\t<a id=\"accordion-1501884775-label\" class=\"accordion-title plain\" href=\"#accordion-item-kann-ich-sie-essen,-wenn-ich-z\u00f6liakie-habe,-vegan-bin-oder-gegen-etwas-allergisch-bin?\" aria-expanded=\"false\" aria-controls=\"accordion-1501884775-content\" >\n\t\t\t<button class=\"toggle\" aria-label=\"Umschalten\"><i class=\"icon-angle-down\"><\/i><\/button>\n\t\t\t<span>Kann ich sie essen, wenn ich Z\u00f6liakie habe, vegan bin oder gegen etwas allergisch bin?<\/span>\n\t\t<\/a>\n\t\t<div id=\"accordion-1501884775-content\" class=\"accordion-inner\" aria-labelledby=\"accordion-1501884775-label\" >\n\t\t\t\n\n<p>Absolut ja! Unsere Saucen sind frei von den 14 Hauptallergenen gem\u00e4\u00df EU-Verordnung 1169\/2011, sowohl direkt als auch durch Kreuzkontamination (Gluten, Krebstiere, Eier, Fisch, Erdn\u00fcsse, Soja, Milch, Schalenfr\u00fcchte, Sellerie, Senf, Sesamsamen, Schwefeldioxid und Sulfite, Lupinen, Weichtiere) <\/p>\n\n\t\t<\/div>\n\t<\/div>\n\t\n\t<div id=\"accordion-343245288\" class=\"accordion-item\">\n\t\t<a id=\"accordion-343245288-label\" class=\"accordion-title plain\" href=\"#accordion-item-wie-viele-einzelportionen-sind-in-einer-packung-enthalten?\" aria-expanded=\"false\" aria-controls=\"accordion-343245288-content\" >\n\t\t\t<button class=\"toggle\" aria-label=\"Umschalten\"><i class=\"icon-angle-down\"><\/i><\/button>\n\t\t\t<span>Wie viele Einzelportionen sind in einer Packung enthalten?<\/span>\n\t\t<\/a>\n\t\t<div id=\"accordion-343245288-content\" class=\"accordion-inner\" aria-labelledby=\"accordion-343245288-label\" >\n\t\t\t\n\n<div class=\"et_pb_toggle et_pb_module et_pb_accordion_item et_pb_accordion_item_2 et_pb_toggle_open\">\n<div class=\"et_pb_toggle_content clearfix\">\n<p>In einer Packung sind 5 EINZELPORTIONEN enthalten<\/p>\n<\/div>\n<\/div>\n\n\t\t<\/div>\n\t<\/div>\n\t\n\t<div id=\"accordion-306391841\" class=\"accordion-item\">\n\t\t<a id=\"accordion-306391841-label\" class=\"accordion-title plain\" href=\"#accordion-item-wie-viele-gramm-nudeln-reichen-f\u00fcr-eine-einzelportion?\" aria-expanded=\"false\" aria-controls=\"accordion-306391841-content\" >\n\t\t\t<button class=\"toggle\" aria-label=\"Umschalten\"><i class=\"icon-angle-down\"><\/i><\/button>\n\t\t\t<span>Wie viele Gramm Nudeln reichen f\u00fcr eine Einzelportion?<\/span>\n\t\t<\/a>\n\t\t<div id=\"accordion-306391841-content\" class=\"accordion-inner\" aria-labelledby=\"accordion-306391841-label\" >\n\t\t\t\n\n<div class=\"et_pb_toggle et_pb_module et_pb_accordion_item et_pb_accordion_item_3 et_pb_toggle_open\">\n<div class=\"et_pb_toggle_content clearfix\">\n<p>Die empfohlene ideale Nudelportion f\u00fcr eine Einzelportion betr\u00e4gt 100 Gramm. Nat\u00fcrlich variiert das Ergebnis je nach individuellem Bedarf. <\/p>\n<\/div>\n<\/div>\n\n\t\t<\/div>\n\t<\/div>\n\t\n\t<div id=\"accordion-3938144730\" class=\"accordion-item\">\n\t\t<a id=\"accordion-3938144730-label\" class=\"accordion-title plain\" href=\"#accordion-item-muss-ich-die-so\u00dfe-vorher-kochen?\" aria-expanded=\"false\" aria-controls=\"accordion-3938144730-content\" >\n\t\t\t<button class=\"toggle\" aria-label=\"Umschalten\"><i class=\"icon-angle-down\"><\/i><\/button>\n\t\t\t<span>Muss ich die So\u00dfe vorher kochen?<\/span>\n\t\t<\/a>\n\t\t<div id=\"accordion-3938144730-content\" class=\"accordion-inner\" aria-labelledby=\"accordion-3938144730-label\" >\n\t\t\t\n\n<p>Nein! Einfach die Einzelportion \u00f6ffnen und direkt \u00fcber die abgetropften Nudeln geben (wir empfehlen auch, einen Schuss Kochwasser hinzuzuf\u00fcgen) und umr\u00fchren.<\/p>\n\n\t\t<\/div>\n\t<\/div>\n\t\n\t<div id=\"accordion-2719619429\" class=\"accordion-item\">\n\t\t<a id=\"accordion-2719619429-label\" class=\"accordion-title plain\" href=\"#accordion-item-kann-ich-sie-auch-f\u00fcr-etwas-anderes-als-pasta-verwenden?\" aria-expanded=\"false\" aria-controls=\"accordion-2719619429-content\" >\n\t\t\t<button class=\"toggle\" aria-label=\"Umschalten\"><i class=\"icon-angle-down\"><\/i><\/button>\n\t\t\t<span>Kann ich sie auch f\u00fcr etwas anderes als Pasta verwenden?<\/span>\n\t\t<\/a>\n\t\t<div id=\"accordion-2719619429-content\" class=\"accordion-inner\" aria-labelledby=\"accordion-2719619429-label\" >\n\t\t\t\n\n<div id=\"main-content\">\n<article id=\"post-3316\" class=\"post-3316 page type-page status-publish hentry\">\n<div class=\"entry-content\">\n<div class=\"et-l et-l--post\">\n<div class=\"et_builder_inner_content et_pb_gutters3\">\n<div class=\"et_pb_section et_pb_section_0 et_section_regular\">\n<div class=\"et_pb_row et_pb_row_0\">\n<div class=\"et_pb_column et_pb_column_4_4 et_pb_column_0 et_pb_css_mix_blend_mode_passthrough et-last-child\">\n<div class=\"et_pb_module et_pb_accordion et_pb_accordion_0\">\n<div class=\"et_pb_toggle et_pb_module et_pb_accordion_item et_pb_accordion_item_5 et_pb_toggle_open\">\n<div class=\"et_pb_toggle_content clearfix\">\n<p>Absolut ja! Sie ist auch perfekt f\u00fcr Pizza, Bruschetta, Fleisch, als So\u00dfe oder in allen Rezepten, wo du normalerweise Tomaten verwenden w\u00fcrdest, mit dem Vorteil, kein ganzes Glas \u00f6ffnen zu m\u00fcssen. <\/p>\n<\/div>\n<\/div>\n<\/div>\n<\/div>\n<\/div>\n<\/div>\n<\/div>\n<\/div>\n<\/div>\n<\/article>\n<\/div>\n\n\t\t<\/div>\n\t<\/div>\n\t\n\n<\/div>\n\n\t\t<\/div>\n\t\t\t\t\t<\/div>\n\n\t\n\n<\/div>\n\t<div id=\"gap-1916566383\" class=\"gap-element clearfix\" style=\"display:block; height:auto;\">\n\t\t\n<style>\n#gap-1916566383 {\n  padding-top: 30px;\n}\n<\/style>\n\t<\/div>\n\t\n\n\n","protected":false},"excerpt":{"rendered":"","protected":false},"author":2,"featured_media":0,"parent":0,"menu_order":0,"comment_status":"closed","ping_status":"closed","template":"page-blank.php","meta":{"footnotes":""},"class_list":["post-4066","page","type-page","status-publish","hentry"],"_links":{"self":[{"href":"https:\/\/shop.mamasugo.it\/de\/wp-json\/wp\/v2\/pages\/4066","targetHints":{"allow":["GET"]}}],"collection":[{"href":"https:\/\/shop.mamasugo.it\/de\/wp-json\/wp\/v2\/pages"}],"about":[{"href":"https:\/\/shop.mamasugo.it\/de\/wp-json\/wp\/v2\/types\/page"}],"author":[{"embeddable":true,"href":"https:\/\/shop.mamasugo.it\/de\/wp-json\/wp\/v2\/users\/2"}],"replies":[{"embeddable":true,"href":"https:\/\/shop.mamasugo.it\/de\/wp-json\/wp\/v2\/comments?post=4066"}],"version-history":[{"count":1,"href":"https:\/\/shop.mamasugo.it\/de\/wp-json\/wp\/v2\/pages\/4066\/revisions"}],"predecessor-version":[{"id":4067,"href":"https:\/\/shop.mamasugo.it\/de\/wp-json\/wp\/v2\/pages\/4066\/revisions\/4067"}],"wp:attachment":[{"href":"https:\/\/shop.mamasugo.it\/de\/wp-json\/wp\/v2\/media?parent=4066"}],"curies":[{"name":"wp","href":"https:\/\/api.w.org\/{rel}","templated":true}]}}